{"id":7377,"date":"2025-09-08T09:10:53","date_gmt":"2025-09-08T07:10:53","guid":{"rendered":"https:\/\/izmf-salzburg.at\/?page_id=7377"},"modified":"2025-09-08T09:13:59","modified_gmt":"2025-09-08T07:13:59","slug":"imareal-2","status":"publish","type":"page","link":"https:\/\/geschichte-studium.at\/izmf\/en\/imareal-2\/","title":{"rendered":"IMAREAL"},"content":{"rendered":"<section class=\"wpb-content-wrapper\"><p>[vc_row][vc_column][vc_column_text]<\/p>\n<p>The <a href=\"https:\/\/www.imareal.sbg.ac.at\/\" target=\"_blank\" rel=\"noopener\"><strong>Institute for Medieval and Early Modern Material Culture<\/strong><\/a> (IMAREAL) is a cultural studies research institute of the University of Salzburg located in Krems\/Danube. In our research we focus on subjects of material culture addressing the manifold interactions between people and the material world in a historical perspective (12th to 17th century).<\/p>\n<p>Pursuing this profile, the IMAREAL has been the only academic facility of this kind ever since its foundation in 1969. Since 2012, the institute forms a part of the University of Salzburg. It is additionally financed through a basic funding of Lower Austria and Krems.<\/p>\n<p><strong>Grasping the meaning of things<\/strong><\/p>\n<p>Our main focus is on things and their different contexts. We are interested in the practices in which they take part thus making sense to people.<\/p>\n<p><strong>Seizing materiality<\/strong><\/p>\n<p>It is only when using them that people experience the properties of materials. We investigate the knowledge about materials that was stored by choosing them, working on them and symbolising them.<\/p>\n<p><strong>Practising interdisciplinarity<\/strong><\/p>\n<p>Objects and materials were handed down as material objects, in texts, or in images. This is why our research involves many disciplines connecting the different perspectives and methods from archaeology, German studies, historical science and art history.<\/p>\n<p><strong>Unleashing the potential of the digital<\/strong><\/p>\n<p>We develop digital technologies and methods and apply them to open up new ways for research and knowledge transfer in cultural studies.<\/p>\n<p><strong>Benefiting from networks<\/strong><\/p>\n<p>The IMAREAL is part of the Interdisciplinary Centre for the Middle Ages and the Early Modern Period of the University of Salzburg. We are in direct exchange with colleagues from different departments and integrate the latest research results on material culture in teaching. In addition to our international connections, we greatly benefit from our location in Krems and the research environment in Lower Austria where we put theories and methods to the test.<\/p>\n<p><strong>Head of Project:<\/strong> PD Dr. Elisabeth Gruber<\/p>\n<p><strong>Publications of the IMAREAL:<\/strong><\/p>\n<p><a href=\"https:\/\/memo.imareal.sbg.ac.at\/\" target=\"_blank\" rel=\"noopener\">Journal MEMO<\/a><\/p>\n<p><a href=\"https:\/\/www.imareal.sbg.ac.at\/publikationen-uebersicht\/formate\/\" target=\"_blank\" rel=\"noopener\">Journal Formate<\/a><\/p>\n<p>[\/vc_column_text][\/vc_column][\/vc_row]<\/p>\n<\/section>","protected":false},"excerpt":{"rendered":"<p>[vc_row][vc_column][vc_column_text] The Institute for Medieval and Early Modern Material Culture (IMAREAL) is a cultural studies research&#8230;<\/p>\n","protected":false},"author":27,"featured_media":7374,"parent":0,"menu_order":0,"comment_status":"closed","ping_status":"closed","template":"","meta":{"_bbp_topic_count":0,"_bbp_reply_count":0,"_bbp_total_topic_count":0,"_bbp_total_reply_count":0,"_bbp_voice_count":0,"_bbp_anonymous_reply_count":0,"_bbp_topic_count_hidden":0,"_bbp_reply_count_hidden":0,"_bbp_forum_subforum_count":0},"yoast_head":"<!-- This site is optimized with the Yoast SEO plugin v20.2.1 - https:\/\/yoast.com\/wordpress\/plugins\/seo\/ -->\n<title>IMAREAL - IZMF - Interdisziplin\u00e4res Zentrum f\u00fcr Mittelalter und Fr\u00fchneuzeit<\/title>\n<meta name=\"robots\" content=\"index, follow, max-snippet:-1, max-image-preview:large, max-video-preview:-1\" \/>\n<link rel=\"canonical\" href=\"https:\/\/geschichte-studium.at\/izmf\/en\/imareal-2\/\" \/>\n<meta property=\"og:locale\" content=\"de_DE\" \/>\n<meta property=\"og:type\" content=\"article\" \/>\n<meta property=\"og:title\" content=\"IMAREAL - IZMF - Interdisziplin\u00e4res Zentrum f\u00fcr Mittelalter und Fr\u00fchneuzeit\" \/>\n<meta property=\"og:description\" content=\"[vc_row][vc_column][vc_column_text] The Institute for Medieval and Early Modern Material Culture (IMAREAL) is a cultural studies research...\" \/>\n<meta property=\"og:url\" content=\"https:\/\/geschichte-studium.at\/izmf\/en\/imareal-2\/\" \/>\n<meta property=\"og:site_name\" content=\"IZMF - Interdisziplin\u00e4res Zentrum f\u00fcr Mittelalter und Fr\u00fchneuzeit\" \/>\n<meta property=\"article:modified_time\" content=\"2025-09-08T07:13:59+00:00\" \/>\n<meta property=\"og:image\" content=\"https:\/\/izmf-salzburg.at\/wp-content\/uploads\/2025\/09\/IMAREAL_Institut-fuer-Realienkunde-des-Mittelalters-und-der-fruehen-Neuzeit-.png\" \/>\n\t<meta property=\"og:image:width\" content=\"2126\" \/>\n\t<meta property=\"og:image:height\" content=\"1004\" \/>\n\t<meta property=\"og:image:type\" content=\"image\/png\" \/>\n<meta name=\"twitter:card\" content=\"summary_large_image\" \/>\n<meta name=\"twitter:label1\" content=\"Gesch\u00e4tzte Lesezeit\" \/>\n\t<meta name=\"twitter:data1\" content=\"2\u00a0Minuten\" \/>\n<script type=\"application\/ld+json\" class=\"yoast-schema-graph\">{\"@context\":\"https:\/\/schema.org\",\"@graph\":[{\"@type\":\"WebPage\",\"@id\":\"https:\/\/geschichte-studium.at\/izmf\/en\/imareal-2\/\",\"url\":\"https:\/\/geschichte-studium.at\/izmf\/en\/imareal-2\/\",\"name\":\"IMAREAL - IZMF - Interdisziplin\u00e4res Zentrum f\u00fcr Mittelalter und Fr\u00fchneuzeit\",\"isPartOf\":{\"@id\":\"https:\/\/geschichte-studium.at\/izmf\/#website\"},\"datePublished\":\"2025-09-08T07:10:53+00:00\",\"dateModified\":\"2025-09-08T07:13:59+00:00\",\"breadcrumb\":{\"@id\":\"https:\/\/geschichte-studium.at\/izmf\/en\/imareal-2\/#breadcrumb\"},\"inLanguage\":\"de\",\"potentialAction\":[{\"@type\":\"ReadAction\",\"target\":[\"https:\/\/geschichte-studium.at\/izmf\/en\/imareal-2\/\"]}]},{\"@type\":\"BreadcrumbList\",\"@id\":\"https:\/\/geschichte-studium.at\/izmf\/en\/imareal-2\/#breadcrumb\",\"itemListElement\":[{\"@type\":\"ListItem\",\"position\":1,\"name\":\"Startseite\",\"item\":\"https:\/\/izmf-salzburg.at\/\"},{\"@type\":\"ListItem\",\"position\":2,\"name\":\"IMAREAL\"}]},{\"@type\":\"WebSite\",\"@id\":\"https:\/\/geschichte-studium.at\/izmf\/#website\",\"url\":\"https:\/\/geschichte-studium.at\/izmf\/\",\"name\":\"IZMF - Interdisziplin\u00e4res Zentrum f\u00fcr Mittelalter und Fr\u00fchneuzeit\",\"description\":\"\",\"publisher\":{\"@id\":\"https:\/\/geschichte-studium.at\/izmf\/#organization\"},\"potentialAction\":[{\"@type\":\"SearchAction\",\"target\":{\"@type\":\"EntryPoint\",\"urlTemplate\":\"https:\/\/geschichte-studium.at\/izmf\/?s={search_term_string}\"},\"query-input\":\"required name=search_term_string\"}],\"inLanguage\":\"de\"},{\"@type\":\"Organization\",\"@id\":\"https:\/\/geschichte-studium.at\/izmf\/#organization\",\"name\":\"IZMF - Interdisziplin\u00e4res Zentrum f\u00fcr Mittelalter und Fr\u00fchneuzeit\",\"url\":\"https:\/\/geschichte-studium.at\/izmf\/\",\"logo\":{\"@type\":\"ImageObject\",\"inLanguage\":\"de\",\"@id\":\"https:\/\/geschichte-studium.at\/izmf\/#\/schema\/logo\/image\/\",\"url\":\"https:\/\/izmf-salzburg.at\/wp-content\/uploads\/2020\/03\/LOGO_IZMF-1.png\",\"contentUrl\":\"https:\/\/izmf-salzburg.at\/wp-content\/uploads\/2020\/03\/LOGO_IZMF-1.png\",\"width\":2525,\"height\":1495,\"caption\":\"IZMF - Interdisziplin\u00e4res Zentrum f\u00fcr Mittelalter und Fr\u00fchneuzeit\"},\"image\":{\"@id\":\"https:\/\/geschichte-studium.at\/izmf\/#\/schema\/logo\/image\/\"},\"sameAs\":[\"https:\/\/www.instagram.com\/izmfunisalzburg\/\"]}]}<\/script>\n<!-- \/ Yoast SEO plugin. -->","yoast_head_json":{"title":"IMAREAL - IZMF - Interdisziplin\u00e4res Zentrum f\u00fcr Mittelalter und Fr\u00fchneuzeit","robots":{"index":"index","follow":"follow","max-snippet":"max-snippet:-1","max-image-preview":"max-image-preview:large","max-video-preview":"max-video-preview:-1"},"canonical":"https:\/\/geschichte-studium.at\/izmf\/en\/imareal-2\/","og_locale":"de_DE","og_type":"article","og_title":"IMAREAL - IZMF - Interdisziplin\u00e4res Zentrum f\u00fcr Mittelalter und Fr\u00fchneuzeit","og_description":"[vc_row][vc_column][vc_column_text] The Institute for Medieval and Early Modern Material Culture (IMAREAL) is a cultural studies research...","og_url":"https:\/\/geschichte-studium.at\/izmf\/en\/imareal-2\/","og_site_name":"IZMF - Interdisziplin\u00e4res Zentrum f\u00fcr Mittelalter und Fr\u00fchneuzeit","article_modified_time":"2025-09-08T07:13:59+00:00","og_image":[{"width":2126,"height":1004,"url":"https:\/\/izmf-salzburg.at\/wp-content\/uploads\/2025\/09\/IMAREAL_Institut-fuer-Realienkunde-des-Mittelalters-und-der-fruehen-Neuzeit-.png","type":"image\/png"}],"twitter_card":"summary_large_image","twitter_misc":{"Gesch\u00e4tzte Lesezeit":"2\u00a0Minuten"},"schema":{"@context":"https:\/\/schema.org","@graph":[{"@type":"WebPage","@id":"https:\/\/geschichte-studium.at\/izmf\/en\/imareal-2\/","url":"https:\/\/geschichte-studium.at\/izmf\/en\/imareal-2\/","name":"IMAREAL - IZMF - Interdisziplin\u00e4res Zentrum f\u00fcr Mittelalter und Fr\u00fchneuzeit","isPartOf":{"@id":"https:\/\/geschichte-studium.at\/izmf\/#website"},"datePublished":"2025-09-08T07:10:53+00:00","dateModified":"2025-09-08T07:13:59+00:00","breadcrumb":{"@id":"https:\/\/geschichte-studium.at\/izmf\/en\/imareal-2\/#breadcrumb"},"inLanguage":"de","potentialAction":[{"@type":"ReadAction","target":["https:\/\/geschichte-studium.at\/izmf\/en\/imareal-2\/"]}]},{"@type":"BreadcrumbList","@id":"https:\/\/geschichte-studium.at\/izmf\/en\/imareal-2\/#breadcrumb","itemListElement":[{"@type":"ListItem","position":1,"name":"Startseite","item":"https:\/\/izmf-salzburg.at\/"},{"@type":"ListItem","position":2,"name":"IMAREAL"}]},{"@type":"WebSite","@id":"https:\/\/geschichte-studium.at\/izmf\/#website","url":"https:\/\/geschichte-studium.at\/izmf\/","name":"IZMF - Interdisziplin\u00e4res Zentrum f\u00fcr Mittelalter und Fr\u00fchneuzeit","description":"","publisher":{"@id":"https:\/\/geschichte-studium.at\/izmf\/#organization"},"potentialAction":[{"@type":"SearchAction","target":{"@type":"EntryPoint","urlTemplate":"https:\/\/geschichte-studium.at\/izmf\/?s={search_term_string}"},"query-input":"required name=search_term_string"}],"inLanguage":"de"},{"@type":"Organization","@id":"https:\/\/geschichte-studium.at\/izmf\/#organization","name":"IZMF - Interdisziplin\u00e4res Zentrum f\u00fcr Mittelalter und Fr\u00fchneuzeit","url":"https:\/\/geschichte-studium.at\/izmf\/","logo":{"@type":"ImageObject","inLanguage":"de","@id":"https:\/\/geschichte-studium.at\/izmf\/#\/schema\/logo\/image\/","url":"https:\/\/izmf-salzburg.at\/wp-content\/uploads\/2020\/03\/LOGO_IZMF-1.png","contentUrl":"https:\/\/izmf-salzburg.at\/wp-content\/uploads\/2020\/03\/LOGO_IZMF-1.png","width":2525,"height":1495,"caption":"IZMF - Interdisziplin\u00e4res Zentrum f\u00fcr Mittelalter und Fr\u00fchneuzeit"},"image":{"@id":"https:\/\/geschichte-studium.at\/izmf\/#\/schema\/logo\/image\/"},"sameAs":["https:\/\/www.instagram.com\/izmfunisalzburg\/"]}]}},"_links":{"self":[{"href":"https:\/\/geschichte-studium.at\/izmf\/wp-json\/wp\/v2\/pages\/7377"}],"collection":[{"href":"https:\/\/geschichte-studium.at\/izmf\/wp-json\/wp\/v2\/pages"}],"about":[{"href":"https:\/\/geschichte-studium.at\/izmf\/wp-json\/wp\/v2\/types\/page"}],"author":[{"embeddable":true,"href":"https:\/\/geschichte-studium.at\/izmf\/wp-json\/wp\/v2\/users\/27"}],"replies":[{"embeddable":true,"href":"https:\/\/geschichte-studium.at\/izmf\/wp-json\/wp\/v2\/comments?post=7377"}],"version-history":[{"count":2,"href":"https:\/\/geschichte-studium.at\/izmf\/wp-json\/wp\/v2\/pages\/7377\/revisions"}],"predecessor-version":[{"id":7380,"href":"https:\/\/geschichte-studium.at\/izmf\/wp-json\/wp\/v2\/pages\/7377\/revisions\/7380"}],"wp:featuredmedia":[{"embeddable":true,"href":"https:\/\/geschichte-studium.at\/izmf\/wp-json\/wp\/v2\/media\/7374"}],"wp:attachment":[{"href":"https:\/\/geschichte-studium.at\/izmf\/wp-json\/wp\/v2\/media?parent=7377"}],"curies":[{"name":"wp","href":"https:\/\/api.w.org\/{rel}","templated":true}]}}