{"id":7329,"date":"2025-07-09T11:30:59","date_gmt":"2025-07-09T09:30:59","guid":{"rendered":"https:\/\/izmf-salzburg.at\/?page_id=7329"},"modified":"2025-07-09T11:33:53","modified_gmt":"2025-07-09T09:33:53","slug":"kooperationen","status":"publish","type":"page","link":"https:\/\/geschichte-studium.at\/izmf\/kooperationen\/","title":{"rendered":"Kooperationen"},"content":{"rendered":"<section class=\"wpb-content-wrapper\"><p>[vc_row][vc_column][vc_column_text]<\/p>\n<div id=\"c1170040\" class=\"csc-default\">\n<p>Kooperation und Interdisziplinarit\u00e4t sind wichtige Schlagworte f\u00fcr das IZMF. Digital Humanities bringen Wissenschaftler*innen zusammen, umfassen einschl\u00e4gige Ressourcen und Forschungsprojekte und stehen im Austausch mit den verantwortlichen Forschungseinrichtungen und Initiativen zu Forschungsdatenmanagement und -infrastrukturen.<\/p>\n<p>In diesem Sinne wollen wir im Folgenden auf Funktionen, Kooperationen und institutionelle Netzwerke der am DH-Schwerpunkt beteiligten Personen und Projekte aufmerksam machen.<\/p>\n<\/div>\n<p>[\/vc_column_text][\/vc_column][\/vc_row][vc_row][vc_column]<section style=\"background-color:#115740;\" id=\"single-69d29aaa0e918\" class=\"header-single vertical-flex m0 image-bg  scrolled-no-hide parallax pt64 pb64\" style=\"\"><div  class=\"container vertical-flex-column item-content \"><div class=\"row\"><div class=\"standard-slide col-md-10 col-md-offset-1 col-sm-12 text-center\"><h1 class=\"heading-title-exbold\">Kooperationspartner<\/h1><div class=\"heading-content\"><\/div>\n                <\/div><\/div><\/div><script type=\"text\/javascript\">jQuery(document).ready(function(){jQuery('head').append('<style type=\"text\/css\" id=\"tlg-custom-css-single-69d29aaa0e918\">#single-69d29aaa0e918 .background-content{transition:none;-webkit-transition:none;-moz-transition:none; background-repeat: no-repeat!important;background-size: auto!important;background-position: top center!important; }@media ( max-width: 600px ) {#single-69d29aaa0e918 .background-content{ opacity:0.2; background-size: auto!important; } }#single-69d29aaa0e918 h1{text-shadow:none;color:#ffffff!important;}<\/style>');});<\/script><\/section>[\/vc_column][\/vc_row][vc_row css=&#8220;.vc_custom_1605006034758{background-color: #f0f0f0 !important;}&#8220;][vc_column]<div class=\"headings-title\"><div class=\"mb72 mb16 mb-xs-40 text-center\"><h5  class=\"widgettitle mb0\">VIRMA<\/h5><\/div><\/div>[vc_column_text]Taking approaches drawn from cultural studies and particularly from new cultural history, the network Materiality and Virtuality is dedicated to an interdisciplinary historically and anthropologically focused understanding of the interdependencies between virtual and material realities. Materiality and virtuality do not form an irreconcilable, binary opposition; rather, in our view, it is their productive interaction that produces the texture of meanings from which \u201crealities\u201d are made.<\/p>\n<p>We assume that people generate culture in ever new processes of negotiation in the interplay of virtuality and materiality: Be it because cultural imprints are only ideationally available and order, filter, or shape human perceptions of the physical world, or, on the other hand, these ordering performances in everyday interaction with materiality decisively shape virtually generated ideas.<\/p>\n<p>We proceed from the hypothesis that the mechanisms of productive entanglement of materiality and virtuality become particularly evident in times of intensified change, which are often experienced as times of crisis. Therefore, we are interested in two periods of fundamental transformations: the transition from the Middle Ages to the early modern period and the changes of the late 20th and early 21st century.<\/p>\n<p>The aim of our network is to conduct cross-cultural, interdisciplinary research on reciprocal interaction between materiality and virtuality and the associated fields of conflict. Our methodological goal is to develop methods and tools for working with material and immaterial sources, to generate innovations in disciplinary engagement with virtual research data, and to develop models for testing the usability of these configurations.[\/vc_column_text][\/vc_column][\/vc_row][vc_row][vc_column]<div class=\"headings-title\"><div class=\"mb72 mb16 mb-xs-40 text-center\"><h5  class=\"widgettitle mb0\">CLARIAH-AT<\/h5><\/div><\/div>[vc_column_text]<a href=\"https:\/\/clariah.at\/de\/\" target=\"_blank\" rel=\"noopener\"><strong>CLARIAH-AT<\/strong><\/a> ist das Konsortium jener \u00f6sterreichischen Hochschulen und Forschungsinstitutionen, das die \u00f6sterreichischen Aktivit\u00e4ten in den europ\u00e4ischen ESFRI Forschungsinfrastrukturen\u00a0<a href=\"https:\/\/www.clarin.eu\/\" target=\"_blank\" rel=\"noopener\">CLARIN\u00a0<\/a>(Common Language Resources and Technology Infrastructure) und\u00a0<a href=\"https:\/\/www.dariah.eu\/\" target=\"_blank\" rel=\"noopener\">DARIAH\u00a0<\/a>(Digital Research Infrastructure for the Arts and Humanities) koordiniert und vorantreibt.<\/p>\n<p>\u00d6sterreichische Forschende waren bereits in der Vorbereitungsphase in beiden Forschungsinfrastrukturen engagiert und haben in diesen sowohl auf lokaler als auch auf europ\u00e4ischer Ebene substantielle Beitr\u00e4ge geleistet. Durch die Unterst\u00fctzung des damaligen Bundesministeriums f\u00fcr Wissenschaft, Forschung und Wirtschaft konnte \u00d6sterreich in beiden Konsortien (CLARIN 2012, DARIAH 2014) Gr\u00fcndungsmitglied werden.[\/vc_column_text][\/vc_column][\/vc_row][vc_row css=&#8220;.vc_custom_1605005811222{background-color: #f0f0f0 !important;}&#8220;][vc_column]<div class=\"headings-title\"><div class=\"mb72 mb16 mb-xs-40 text-center\"><h5  class=\"widgettitle mb0\">Netzwerk Offenes Mittelalter<\/h5><\/div><\/div>[vc_column_text]<\/p>\n<div class=\"indent\">\n<p>Medi\u00e4vistische Forschungsgegenst\u00e4nde sind Teil des kulturellen Erbes. Dieses zu bewahren, zu erschlie\u00dfen, vielf\u00e4ltig zug\u00e4nglich zu machen und zu erforschen, geh\u00f6rt zu den zentralen Aufgaben von Medi\u00e4vist:innen. Digitale Ans\u00e4tze und Praktiken schaffen daf\u00fcr best\u00e4ndig neue M\u00f6glichkeiten, wodurch sich nach und nach auch der Modus der Forschung ver\u00e4ndert: Das<a href=\"https:\/\/offenesmittelalter.org\/\" target=\"_blank\" rel=\"noopener\"><strong> \u201eNetzwerk Offenes Mittelalter\u201c<\/strong><\/a> bietet qualifizierten Nachwuchswissenschaftler:innen eine interdisziplin\u00e4re Plattform, um einschl\u00e4gige bestehende Angebote der digitalen Medi\u00e4vistik mit innovativen Verfahren zu erschlie\u00dfen, diese Verfahren zu evaluieren und die Ressourcen gemeinsam exemplarisch zu erforschen. Ein besonderer Fokus liegt auf Linked-Open-Data-Verfahren. Mit ihnen sollen Qualit\u00e4t und Erschlie\u00dfungstiefe der Daten derart optimiert werden, dass sich neue Zug\u00e4nge auf die Forschungsgegenst\u00e4nde er\u00f6ffnen, die nicht nur nachhaltig erschlossen werden, sondern deren Kontextualisierung auch zu einem besseren Verst\u00e4ndnis der Daten beitr\u00e4gt.<br \/>\nIm Netzwerk sind Aufs\u00e4tze, Blogbeitr\u00e4ge und Poster zu gemeinsamen Arbeitsfeldern der digitalen Medi\u00e4vistik entstanden. Auf verschiedenen Netzwerkveranstaltungen tauschten sich die Mitglieder mit G\u00e4sten \u00fcber Standards, Erfahrungen und best practices zu den Themen \u201eText\u201c, \u201eDaten\u201c, \u201eObjekte\u201c und \u201eMethodenkritik\u201c aus. Derzeit wird ein Sammelband zur \u201eSchnittstelle Medi\u00e4vistik\u201c vorbereitet. Weitere Ergebnisse werden zudem in Form einer Bibliographie und einer Ressourcen- &amp; Methodensammlung f\u00fcr die Wissensplattform des Netzwerks aufbereitet.<\/p>\n<\/div>\n<p>[\/vc_column_text][\/vc_column][\/vc_row]<\/p>\n<\/section>","protected":false},"excerpt":{"rendered":"<p>[vc_row][vc_column][vc_column_text] Kooperation und Interdisziplinarit\u00e4t sind wichtige Schlagworte f\u00fcr das IZMF. Digital Humanities bringen Wissenschaftler*innen zusammen, umfassen&#8230;<\/p>\n","protected":false},"author":27,"featured_media":0,"parent":0,"menu_order":0,"comment_status":"closed","ping_status":"closed","template":"","meta":{"_bbp_topic_count":0,"_bbp_reply_count":0,"_bbp_total_topic_count":0,"_bbp_total_reply_count":0,"_bbp_voice_count":0,"_bbp_anonymous_reply_count":0,"_bbp_topic_count_hidden":0,"_bbp_reply_count_hidden":0,"_bbp_forum_subforum_count":0},"yoast_head":"<!-- This site is optimized with the Yoast SEO plugin v20.2.1 - https:\/\/yoast.com\/wordpress\/plugins\/seo\/ -->\n<title>Kooperationen - IZMF - Interdisziplin\u00e4res Zentrum f\u00fcr Mittelalter und Fr\u00fchneuzeit<\/title>\n<meta name=\"robots\" content=\"index, follow, max-snippet:-1, max-image-preview:large, max-video-preview:-1\" \/>\n<link rel=\"canonical\" href=\"https:\/\/geschichte-studium.at\/izmf\/kooperationen\/\" \/>\n<meta property=\"og:locale\" content=\"de_DE\" \/>\n<meta property=\"og:type\" content=\"article\" \/>\n<meta property=\"og:title\" content=\"Kooperationen - IZMF - Interdisziplin\u00e4res Zentrum f\u00fcr Mittelalter und Fr\u00fchneuzeit\" \/>\n<meta property=\"og:description\" content=\"[vc_row][vc_column][vc_column_text] Kooperation und Interdisziplinarit\u00e4t sind wichtige Schlagworte f\u00fcr das IZMF. Digital Humanities bringen Wissenschaftler*innen zusammen, umfassen...\" \/>\n<meta property=\"og:url\" content=\"https:\/\/geschichte-studium.at\/izmf\/kooperationen\/\" \/>\n<meta property=\"og:site_name\" content=\"IZMF - Interdisziplin\u00e4res Zentrum f\u00fcr Mittelalter und Fr\u00fchneuzeit\" \/>\n<meta property=\"article:modified_time\" content=\"2025-07-09T09:33:53+00:00\" \/>\n<meta name=\"twitter:card\" content=\"summary_large_image\" \/>\n<meta name=\"twitter:label1\" content=\"Gesch\u00e4tzte Lesezeit\" \/>\n\t<meta name=\"twitter:data1\" content=\"4\u00a0Minuten\" \/>\n<script type=\"application\/ld+json\" class=\"yoast-schema-graph\">{\"@context\":\"https:\/\/schema.org\",\"@graph\":[{\"@type\":\"WebPage\",\"@id\":\"https:\/\/geschichte-studium.at\/izmf\/kooperationen\/\",\"url\":\"https:\/\/geschichte-studium.at\/izmf\/kooperationen\/\",\"name\":\"Kooperationen - IZMF - Interdisziplin\u00e4res Zentrum f\u00fcr Mittelalter und Fr\u00fchneuzeit\",\"isPartOf\":{\"@id\":\"https:\/\/geschichte-studium.at\/izmf\/#website\"},\"datePublished\":\"2025-07-09T09:30:59+00:00\",\"dateModified\":\"2025-07-09T09:33:53+00:00\",\"breadcrumb\":{\"@id\":\"https:\/\/geschichte-studium.at\/izmf\/kooperationen\/#breadcrumb\"},\"inLanguage\":\"de\",\"potentialAction\":[{\"@type\":\"ReadAction\",\"target\":[\"https:\/\/geschichte-studium.at\/izmf\/kooperationen\/\"]}]},{\"@type\":\"BreadcrumbList\",\"@id\":\"https:\/\/geschichte-studium.at\/izmf\/kooperationen\/#breadcrumb\",\"itemListElement\":[{\"@type\":\"ListItem\",\"position\":1,\"name\":\"Startseite\",\"item\":\"https:\/\/izmf-salzburg.at\/\"},{\"@type\":\"ListItem\",\"position\":2,\"name\":\"Kooperationen\"}]},{\"@type\":\"WebSite\",\"@id\":\"https:\/\/geschichte-studium.at\/izmf\/#website\",\"url\":\"https:\/\/geschichte-studium.at\/izmf\/\",\"name\":\"IZMF - Interdisziplin\u00e4res Zentrum f\u00fcr Mittelalter und Fr\u00fchneuzeit\",\"description\":\"\",\"publisher\":{\"@id\":\"https:\/\/geschichte-studium.at\/izmf\/#organization\"},\"potentialAction\":[{\"@type\":\"SearchAction\",\"target\":{\"@type\":\"EntryPoint\",\"urlTemplate\":\"https:\/\/geschichte-studium.at\/izmf\/?s={search_term_string}\"},\"query-input\":\"required name=search_term_string\"}],\"inLanguage\":\"de\"},{\"@type\":\"Organization\",\"@id\":\"https:\/\/geschichte-studium.at\/izmf\/#organization\",\"name\":\"IZMF - Interdisziplin\u00e4res Zentrum f\u00fcr Mittelalter und Fr\u00fchneuzeit\",\"url\":\"https:\/\/geschichte-studium.at\/izmf\/\",\"logo\":{\"@type\":\"ImageObject\",\"inLanguage\":\"de\",\"@id\":\"https:\/\/geschichte-studium.at\/izmf\/#\/schema\/logo\/image\/\",\"url\":\"https:\/\/izmf-salzburg.at\/wp-content\/uploads\/2020\/03\/LOGO_IZMF-1.png\",\"contentUrl\":\"https:\/\/izmf-salzburg.at\/wp-content\/uploads\/2020\/03\/LOGO_IZMF-1.png\",\"width\":2525,\"height\":1495,\"caption\":\"IZMF - Interdisziplin\u00e4res Zentrum f\u00fcr Mittelalter und Fr\u00fchneuzeit\"},\"image\":{\"@id\":\"https:\/\/geschichte-studium.at\/izmf\/#\/schema\/logo\/image\/\"},\"sameAs\":[\"https:\/\/www.instagram.com\/izmfunisalzburg\/\"]}]}<\/script>\n<!-- \/ Yoast SEO plugin. -->","yoast_head_json":{"title":"Kooperationen - IZMF - Interdisziplin\u00e4res Zentrum f\u00fcr Mittelalter und Fr\u00fchneuzeit","robots":{"index":"index","follow":"follow","max-snippet":"max-snippet:-1","max-image-preview":"max-image-preview:large","max-video-preview":"max-video-preview:-1"},"canonical":"https:\/\/geschichte-studium.at\/izmf\/kooperationen\/","og_locale":"de_DE","og_type":"article","og_title":"Kooperationen - IZMF - Interdisziplin\u00e4res Zentrum f\u00fcr Mittelalter und Fr\u00fchneuzeit","og_description":"[vc_row][vc_column][vc_column_text] Kooperation und Interdisziplinarit\u00e4t sind wichtige Schlagworte f\u00fcr das IZMF. Digital Humanities bringen Wissenschaftler*innen zusammen, umfassen...","og_url":"https:\/\/geschichte-studium.at\/izmf\/kooperationen\/","og_site_name":"IZMF - Interdisziplin\u00e4res Zentrum f\u00fcr Mittelalter und Fr\u00fchneuzeit","article_modified_time":"2025-07-09T09:33:53+00:00","twitter_card":"summary_large_image","twitter_misc":{"Gesch\u00e4tzte Lesezeit":"4\u00a0Minuten"},"schema":{"@context":"https:\/\/schema.org","@graph":[{"@type":"WebPage","@id":"https:\/\/geschichte-studium.at\/izmf\/kooperationen\/","url":"https:\/\/geschichte-studium.at\/izmf\/kooperationen\/","name":"Kooperationen - IZMF - Interdisziplin\u00e4res Zentrum f\u00fcr Mittelalter und Fr\u00fchneuzeit","isPartOf":{"@id":"https:\/\/geschichte-studium.at\/izmf\/#website"},"datePublished":"2025-07-09T09:30:59+00:00","dateModified":"2025-07-09T09:33:53+00:00","breadcrumb":{"@id":"https:\/\/geschichte-studium.at\/izmf\/kooperationen\/#breadcrumb"},"inLanguage":"de","potentialAction":[{"@type":"ReadAction","target":["https:\/\/geschichte-studium.at\/izmf\/kooperationen\/"]}]},{"@type":"BreadcrumbList","@id":"https:\/\/geschichte-studium.at\/izmf\/kooperationen\/#breadcrumb","itemListElement":[{"@type":"ListItem","position":1,"name":"Startseite","item":"https:\/\/izmf-salzburg.at\/"},{"@type":"ListItem","position":2,"name":"Kooperationen"}]},{"@type":"WebSite","@id":"https:\/\/geschichte-studium.at\/izmf\/#website","url":"https:\/\/geschichte-studium.at\/izmf\/","name":"IZMF - Interdisziplin\u00e4res Zentrum f\u00fcr Mittelalter und Fr\u00fchneuzeit","description":"","publisher":{"@id":"https:\/\/geschichte-studium.at\/izmf\/#organization"},"potentialAction":[{"@type":"SearchAction","target":{"@type":"EntryPoint","urlTemplate":"https:\/\/geschichte-studium.at\/izmf\/?s={search_term_string}"},"query-input":"required name=search_term_string"}],"inLanguage":"de"},{"@type":"Organization","@id":"https:\/\/geschichte-studium.at\/izmf\/#organization","name":"IZMF - Interdisziplin\u00e4res Zentrum f\u00fcr Mittelalter und Fr\u00fchneuzeit","url":"https:\/\/geschichte-studium.at\/izmf\/","logo":{"@type":"ImageObject","inLanguage":"de","@id":"https:\/\/geschichte-studium.at\/izmf\/#\/schema\/logo\/image\/","url":"https:\/\/izmf-salzburg.at\/wp-content\/uploads\/2020\/03\/LOGO_IZMF-1.png","contentUrl":"https:\/\/izmf-salzburg.at\/wp-content\/uploads\/2020\/03\/LOGO_IZMF-1.png","width":2525,"height":1495,"caption":"IZMF - Interdisziplin\u00e4res Zentrum f\u00fcr Mittelalter und Fr\u00fchneuzeit"},"image":{"@id":"https:\/\/geschichte-studium.at\/izmf\/#\/schema\/logo\/image\/"},"sameAs":["https:\/\/www.instagram.com\/izmfunisalzburg\/"]}]}},"_links":{"self":[{"href":"https:\/\/geschichte-studium.at\/izmf\/wp-json\/wp\/v2\/pages\/7329"}],"collection":[{"href":"https:\/\/geschichte-studium.at\/izmf\/wp-json\/wp\/v2\/pages"}],"about":[{"href":"https:\/\/geschichte-studium.at\/izmf\/wp-json\/wp\/v2\/types\/page"}],"author":[{"embeddable":true,"href":"https:\/\/geschichte-studium.at\/izmf\/wp-json\/wp\/v2\/users\/27"}],"replies":[{"embeddable":true,"href":"https:\/\/geschichte-studium.at\/izmf\/wp-json\/wp\/v2\/comments?post=7329"}],"version-history":[{"count":3,"href":"https:\/\/geschichte-studium.at\/izmf\/wp-json\/wp\/v2\/pages\/7329\/revisions"}],"predecessor-version":[{"id":7332,"href":"https:\/\/geschichte-studium.at\/izmf\/wp-json\/wp\/v2\/pages\/7329\/revisions\/7332"}],"wp:attachment":[{"href":"https:\/\/geschichte-studium.at\/izmf\/wp-json\/wp\/v2\/media?parent=7329"}],"curies":[{"name":"wp","href":"https:\/\/api.w.org\/{rel}","templated":true}]}}