{"id":7260,"date":"2025-06-30T10:11:31","date_gmt":"2025-06-30T08:11:31","guid":{"rendered":"https:\/\/izmf-salzburg.at\/?page_id=7260"},"modified":"2025-09-29T08:56:29","modified_gmt":"2025-09-29T06:56:29","slug":"dh-helpdesk","status":"publish","type":"page","link":"https:\/\/geschichte-studium.at\/izmf\/dh-helpdesk\/","title":{"rendered":"DH Helpdesk"},"content":{"rendered":"<section class=\"wpb-content-wrapper\"><p>[vc_row][vc_column][vc_column_text]Die Universit\u00e4t Salzburg bietet eine breite Palette von Lehrveranstaltungen, Datensch\u00e4tzen, Forschungsprojekten und Forschungsinfrastrukturen im Bereich der DH an. Im Rahmen der beiden gro\u00dfen Infrastrukturprojekte <a href=\"https:\/\/www.ditah.at\/\">DiTAH (2022\u20132024)<\/a> und <a href=\"https:\/\/www.dhinfra.at\/\">DHInfra (2023\u20132026)<\/a> arbeiten Geisteswissenschaftler:innen der gesellschaftswissenschaftlichen Fakult\u00e4t (GW) und der kulturwissenschaftlichen Fakult\u00e4t (KW) mit Informatiker:innen von der Fakult\u00e4t f\u00fcr Digitale und Analytische Wissenschaften (DAS) in Lehre und Forschung eng zusammen. Diese interdisziplin\u00e4re Herangehensweise auf Basis der drei S\u00e4ulen \u201eInfrastruktur\u201c, \u201eMethoden und Tools\u201c und \u201eWissenstransfer\u201c erm\u00f6glicht es, komplexe Forschungsfragen zu bearbeiten und innovative L\u00f6sungen zu entwickeln, die der Vermittlung und dem Ausbau digitaler Kompetenzen, der Anwendung computergest\u00fctzter Methoden und dem Aufbau von Infrastrukturen und Serviceangeboten an diesen drei Fakult\u00e4ten dienen.<\/p>\n<p>An der Universit\u00e4t Salzburg wird derzeit ein <strong>DH Helpdesk<\/strong> als fakult\u00e4ts\u00fcbergreifender, zentraler Service f\u00fcr und eine aktive Schnittstelle zu Forschenden, Lehrenden und Fachbereichen der Universit\u00e4t sowie zu externen Partner*innen, DH-Akteur*innen und Dienstleister*innen aufgebaut. Seine Arbeitsfelder liegen im Bereich der Koordination, Beratung und Kooperation. Seine Aufgaben umfassen:<\/p>\n<ol>\n<li style=\"list-style-type: none;\">\n<ol>\n<li>das breite, interdisziplin\u00e4re DH-Angebot der Universit\u00e4t Salzburg intern und extern sichtbar zu machen.<\/li>\n<li>die DH-Aktivit\u00e4ten intern &amp; extern zu vernetzen sowie Synergieeffekte zu bundesweiten oder \u00f6sterreichweiten Aktivit\u00e4ten &amp; Initiativen zu nutzen &amp; zu schaffen.<\/li>\n<li>laufende &amp; neue DH-Forschungsprojekte zu beraten &amp; zu begleiten.<\/li>\n<li>in der Lehre einen aktiven Wissenstransfer zu betreiben &amp; DH-Schl\u00fcsselkompetenzen am Standort Salzburg aufzubauen.<\/li>\n<li>strategisch in verschiedenen Taskforces &amp; AGs der Universit\u00e4t Salzburg an den Themen Digitalisierung, Forschungsinfrastruktur &amp; Forschungsdatenmanagement mitzuarbeiten.<\/li>\n<\/ol>\n<\/li>\n<\/ol>\n<p>Seit 2020 treibt die AG Digital Humanities die digitalen Agenden der Universit\u00e4t voran und ber\u00e4t besonders beim Aufbau des DH Helpdesk. Ihre Mitglieder aus den Fachbereichen Geschichte, Germanistik, Kunst-, Musik- &amp; Tanzwissenschaft sowie Informatik bringen ihre Expertise aus komplexen DH-Projekten wie <a href=\"https:\/\/hohensalzburg.digital\/\">Hohensalzburg Digital<\/a>, <a href=\"https:\/\/www.inventaria.at\/\">INVENTARIA<\/a>, <a href=\"https:\/\/www.imareal.sbg.ac.at\/imareal-projekte\/kiki\/\">KIKI<\/a> oder <a href=\"https:\/\/www.stefanzweig.digital\/\">Stefan Zweig Digital<\/a> sowie aus dem Betrieb fachspezifischer Forschungsinfrastrukturen der Universit\u00e4t wie der <a href=\"https:\/\/mhdbdb.sbg.ac.at\/\">Mittelhochdeutschen Begriffsdatenbank<\/a>, der Bilddatenbank <a href=\"https:\/\/realonline.imareal.sbg.ac.at\/\">REALonline<\/a>, der <a href=\"http:\/\/noeburgen.imareal.sbg.ac.at\/\">Nieder\u00f6sterreichischen Burgendatenbank<\/a>, den beiden realienkundlichen Online-Ressourcen <a href=\"https:\/\/item.imareal.sbg.ac.at\/\">ITEM<\/a> und <a href=\"http:\/\/raumordnungen.imareal.sbg.ac.at\/\">RaumOrdnungen<\/a> und anderen ein. Gleichzeitig sollen gerade die in den Fachbereichen durch diese Projekte und genutzten Infrastrukturen verfolgten Forschungs- &amp; Entwicklungsthemen wie Datenkuratierung, Datenintegration und Datenextraktion, Datenanalyse und Datenvisualisierung, semantische Annotation und Wissensmodellierung, Bildannotation und Computer Vision und viele mehr vom Beratungs- &amp; Serviceangebot des DH Helpdesk profitieren.<\/p>\n<p><img decoding=\"async\" loading=\"lazy\" class=\"aligncenter wp-image-7385 size-full\" src=\"https:\/\/izmf-salzburg.at\/wp-content\/uploads\/2025\/09\/Folie1.jpeg\" alt=\"\" width=\"720\" height=\"405\" srcset=\"https:\/\/geschichte-studium.at\/izmf\/wp-content\/uploads\/2025\/09\/Folie1.jpeg 720w, https:\/\/geschichte-studium.at\/izmf\/wp-content\/uploads\/2025\/09\/Folie1-300x169.jpeg 300w\" sizes=\"(max-width: 720px) 100vw, 720px\" \/><\/p>\n<p>Kontakt:\u00a0Dr.<sup>in<\/sup> Karoline Dominika D\u00f6ring (<a href=\"https:\/\/www.plus.ac.at\/geschichte\/der-fachbereich\/personen\/doring_karoline_dominika\/\">IZMF \/ FB Geschichte<\/a>)<\/p>\n<p><a href=\"mailto:karolinedominika.doering@plus.ac.at\">karolinedominika.doering@plus.ac.at<\/a> [\/vc_row][\/vc_column][\/vc_column_text]<\/p>\n<\/section>","protected":false},"excerpt":{"rendered":"<p>[vc_row][vc_column][vc_column_text]Die Universit\u00e4t Salzburg bietet eine breite Palette von Lehrveranstaltungen, Datensch\u00e4tzen, Forschungsprojekten und Forschungsinfrastrukturen im Bereich der&#8230;<\/p>\n","protected":false},"author":27,"featured_media":0,"parent":0,"menu_order":0,"comment_status":"closed","ping_status":"closed","template":"","meta":{"_bbp_topic_count":0,"_bbp_reply_count":0,"_bbp_total_topic_count":0,"_bbp_total_reply_count":0,"_bbp_voice_count":0,"_bbp_anonymous_reply_count":0,"_bbp_topic_count_hidden":0,"_bbp_reply_count_hidden":0,"_bbp_forum_subforum_count":0},"yoast_head":"<!-- This site is optimized with the Yoast SEO plugin v20.2.1 - https:\/\/yoast.com\/wordpress\/plugins\/seo\/ -->\n<title>DH Helpdesk - IZMF - Interdisziplin\u00e4res Zentrum f\u00fcr Mittelalter und Fr\u00fchneuzeit<\/title>\n<meta name=\"robots\" content=\"index, follow, max-snippet:-1, max-image-preview:large, max-video-preview:-1\" \/>\n<link rel=\"canonical\" href=\"https:\/\/geschichte-studium.at\/izmf\/dh-helpdesk\/\" \/>\n<meta property=\"og:locale\" content=\"de_DE\" \/>\n<meta property=\"og:type\" content=\"article\" \/>\n<meta property=\"og:title\" content=\"DH Helpdesk - IZMF - Interdisziplin\u00e4res Zentrum f\u00fcr Mittelalter und Fr\u00fchneuzeit\" \/>\n<meta property=\"og:description\" content=\"[vc_row][vc_column][vc_column_text]Die Universit\u00e4t Salzburg bietet eine breite Palette von Lehrveranstaltungen, Datensch\u00e4tzen, Forschungsprojekten und Forschungsinfrastrukturen im Bereich der...\" \/>\n<meta property=\"og:url\" content=\"https:\/\/geschichte-studium.at\/izmf\/dh-helpdesk\/\" \/>\n<meta property=\"og:site_name\" content=\"IZMF - Interdisziplin\u00e4res Zentrum f\u00fcr Mittelalter und Fr\u00fchneuzeit\" \/>\n<meta property=\"article:modified_time\" content=\"2025-09-29T06:56:29+00:00\" \/>\n<meta property=\"og:image\" content=\"https:\/\/izmf-salzburg.at\/wp-content\/uploads\/2025\/09\/Folie1.jpeg\" \/>\n<meta name=\"twitter:card\" content=\"summary_large_image\" \/>\n<meta name=\"twitter:label1\" content=\"Gesch\u00e4tzte Lesezeit\" \/>\n\t<meta name=\"twitter:data1\" content=\"3\u00a0Minuten\" \/>\n<script type=\"application\/ld+json\" class=\"yoast-schema-graph\">{\"@context\":\"https:\/\/schema.org\",\"@graph\":[{\"@type\":\"WebPage\",\"@id\":\"https:\/\/geschichte-studium.at\/izmf\/dh-helpdesk\/\",\"url\":\"https:\/\/geschichte-studium.at\/izmf\/dh-helpdesk\/\",\"name\":\"DH Helpdesk - IZMF - Interdisziplin\u00e4res Zentrum f\u00fcr Mittelalter und Fr\u00fchneuzeit\",\"isPartOf\":{\"@id\":\"https:\/\/geschichte-studium.at\/izmf\/#website\"},\"datePublished\":\"2025-06-30T08:11:31+00:00\",\"dateModified\":\"2025-09-29T06:56:29+00:00\",\"breadcrumb\":{\"@id\":\"https:\/\/geschichte-studium.at\/izmf\/dh-helpdesk\/#breadcrumb\"},\"inLanguage\":\"de\",\"potentialAction\":[{\"@type\":\"ReadAction\",\"target\":[\"https:\/\/geschichte-studium.at\/izmf\/dh-helpdesk\/\"]}]},{\"@type\":\"BreadcrumbList\",\"@id\":\"https:\/\/geschichte-studium.at\/izmf\/dh-helpdesk\/#breadcrumb\",\"itemListElement\":[{\"@type\":\"ListItem\",\"position\":1,\"name\":\"Startseite\",\"item\":\"https:\/\/izmf-salzburg.at\/\"},{\"@type\":\"ListItem\",\"position\":2,\"name\":\"DH Helpdesk\"}]},{\"@type\":\"WebSite\",\"@id\":\"https:\/\/geschichte-studium.at\/izmf\/#website\",\"url\":\"https:\/\/geschichte-studium.at\/izmf\/\",\"name\":\"IZMF - Interdisziplin\u00e4res Zentrum f\u00fcr Mittelalter und Fr\u00fchneuzeit\",\"description\":\"\",\"publisher\":{\"@id\":\"https:\/\/geschichte-studium.at\/izmf\/#organization\"},\"potentialAction\":[{\"@type\":\"SearchAction\",\"target\":{\"@type\":\"EntryPoint\",\"urlTemplate\":\"https:\/\/geschichte-studium.at\/izmf\/?s={search_term_string}\"},\"query-input\":\"required name=search_term_string\"}],\"inLanguage\":\"de\"},{\"@type\":\"Organization\",\"@id\":\"https:\/\/geschichte-studium.at\/izmf\/#organization\",\"name\":\"IZMF - Interdisziplin\u00e4res Zentrum f\u00fcr Mittelalter und Fr\u00fchneuzeit\",\"url\":\"https:\/\/geschichte-studium.at\/izmf\/\",\"logo\":{\"@type\":\"ImageObject\",\"inLanguage\":\"de\",\"@id\":\"https:\/\/geschichte-studium.at\/izmf\/#\/schema\/logo\/image\/\",\"url\":\"https:\/\/izmf-salzburg.at\/wp-content\/uploads\/2020\/03\/LOGO_IZMF-1.png\",\"contentUrl\":\"https:\/\/izmf-salzburg.at\/wp-content\/uploads\/2020\/03\/LOGO_IZMF-1.png\",\"width\":2525,\"height\":1495,\"caption\":\"IZMF - Interdisziplin\u00e4res Zentrum f\u00fcr Mittelalter und Fr\u00fchneuzeit\"},\"image\":{\"@id\":\"https:\/\/geschichte-studium.at\/izmf\/#\/schema\/logo\/image\/\"},\"sameAs\":[\"https:\/\/www.instagram.com\/izmfunisalzburg\/\"]}]}<\/script>\n<!-- \/ Yoast SEO plugin. -->","yoast_head_json":{"title":"DH Helpdesk - IZMF - Interdisziplin\u00e4res Zentrum f\u00fcr Mittelalter und Fr\u00fchneuzeit","robots":{"index":"index","follow":"follow","max-snippet":"max-snippet:-1","max-image-preview":"max-image-preview:large","max-video-preview":"max-video-preview:-1"},"canonical":"https:\/\/geschichte-studium.at\/izmf\/dh-helpdesk\/","og_locale":"de_DE","og_type":"article","og_title":"DH Helpdesk - IZMF - Interdisziplin\u00e4res Zentrum f\u00fcr Mittelalter und Fr\u00fchneuzeit","og_description":"[vc_row][vc_column][vc_column_text]Die Universit\u00e4t Salzburg bietet eine breite Palette von Lehrveranstaltungen, Datensch\u00e4tzen, Forschungsprojekten und Forschungsinfrastrukturen im Bereich der...","og_url":"https:\/\/geschichte-studium.at\/izmf\/dh-helpdesk\/","og_site_name":"IZMF - Interdisziplin\u00e4res Zentrum f\u00fcr Mittelalter und Fr\u00fchneuzeit","article_modified_time":"2025-09-29T06:56:29+00:00","og_image":[{"url":"https:\/\/izmf-salzburg.at\/wp-content\/uploads\/2025\/09\/Folie1.jpeg"}],"twitter_card":"summary_large_image","twitter_misc":{"Gesch\u00e4tzte Lesezeit":"3\u00a0Minuten"},"schema":{"@context":"https:\/\/schema.org","@graph":[{"@type":"WebPage","@id":"https:\/\/geschichte-studium.at\/izmf\/dh-helpdesk\/","url":"https:\/\/geschichte-studium.at\/izmf\/dh-helpdesk\/","name":"DH Helpdesk - IZMF - Interdisziplin\u00e4res Zentrum f\u00fcr Mittelalter und Fr\u00fchneuzeit","isPartOf":{"@id":"https:\/\/geschichte-studium.at\/izmf\/#website"},"datePublished":"2025-06-30T08:11:31+00:00","dateModified":"2025-09-29T06:56:29+00:00","breadcrumb":{"@id":"https:\/\/geschichte-studium.at\/izmf\/dh-helpdesk\/#breadcrumb"},"inLanguage":"de","potentialAction":[{"@type":"ReadAction","target":["https:\/\/geschichte-studium.at\/izmf\/dh-helpdesk\/"]}]},{"@type":"BreadcrumbList","@id":"https:\/\/geschichte-studium.at\/izmf\/dh-helpdesk\/#breadcrumb","itemListElement":[{"@type":"ListItem","position":1,"name":"Startseite","item":"https:\/\/izmf-salzburg.at\/"},{"@type":"ListItem","position":2,"name":"DH Helpdesk"}]},{"@type":"WebSite","@id":"https:\/\/geschichte-studium.at\/izmf\/#website","url":"https:\/\/geschichte-studium.at\/izmf\/","name":"IZMF - Interdisziplin\u00e4res Zentrum f\u00fcr Mittelalter und Fr\u00fchneuzeit","description":"","publisher":{"@id":"https:\/\/geschichte-studium.at\/izmf\/#organization"},"potentialAction":[{"@type":"SearchAction","target":{"@type":"EntryPoint","urlTemplate":"https:\/\/geschichte-studium.at\/izmf\/?s={search_term_string}"},"query-input":"required name=search_term_string"}],"inLanguage":"de"},{"@type":"Organization","@id":"https:\/\/geschichte-studium.at\/izmf\/#organization","name":"IZMF - Interdisziplin\u00e4res Zentrum f\u00fcr Mittelalter und Fr\u00fchneuzeit","url":"https:\/\/geschichte-studium.at\/izmf\/","logo":{"@type":"ImageObject","inLanguage":"de","@id":"https:\/\/geschichte-studium.at\/izmf\/#\/schema\/logo\/image\/","url":"https:\/\/izmf-salzburg.at\/wp-content\/uploads\/2020\/03\/LOGO_IZMF-1.png","contentUrl":"https:\/\/izmf-salzburg.at\/wp-content\/uploads\/2020\/03\/LOGO_IZMF-1.png","width":2525,"height":1495,"caption":"IZMF - Interdisziplin\u00e4res Zentrum f\u00fcr Mittelalter und Fr\u00fchneuzeit"},"image":{"@id":"https:\/\/geschichte-studium.at\/izmf\/#\/schema\/logo\/image\/"},"sameAs":["https:\/\/www.instagram.com\/izmfunisalzburg\/"]}]}},"_links":{"self":[{"href":"https:\/\/geschichte-studium.at\/izmf\/wp-json\/wp\/v2\/pages\/7260"}],"collection":[{"href":"https:\/\/geschichte-studium.at\/izmf\/wp-json\/wp\/v2\/pages"}],"about":[{"href":"https:\/\/geschichte-studium.at\/izmf\/wp-json\/wp\/v2\/types\/page"}],"author":[{"embeddable":true,"href":"https:\/\/geschichte-studium.at\/izmf\/wp-json\/wp\/v2\/users\/27"}],"replies":[{"embeddable":true,"href":"https:\/\/geschichte-studium.at\/izmf\/wp-json\/wp\/v2\/comments?post=7260"}],"version-history":[{"count":6,"href":"https:\/\/geschichte-studium.at\/izmf\/wp-json\/wp\/v2\/pages\/7260\/revisions"}],"predecessor-version":[{"id":7386,"href":"https:\/\/geschichte-studium.at\/izmf\/wp-json\/wp\/v2\/pages\/7260\/revisions\/7386"}],"wp:attachment":[{"href":"https:\/\/geschichte-studium.at\/izmf\/wp-json\/wp\/v2\/media?parent=7260"}],"curies":[{"name":"wp","href":"https:\/\/api.w.org\/{rel}","templated":true}]}}