{"id":6687,"date":"2024-04-25T08:36:45","date_gmt":"2024-04-25T06:36:45","guid":{"rendered":"https:\/\/izmf-salzburg.at\/?page_id=6687"},"modified":"2025-09-08T09:54:40","modified_gmt":"2025-09-08T07:54:40","slug":"mhdbdb","status":"publish","type":"page","link":"https:\/\/geschichte-studium.at\/izmf\/mhdbdb\/","title":{"rendered":""},"content":{"rendered":"<section class=\"wpb-content-wrapper\"><p>[vc_row][vc_column][vc_column_text]<\/p>\n<p>Die <a href=\"https:\/\/mhdbdb.plus.ac.at\/#\/\" target=\"_blank\" rel=\"noopener\"><strong>Mittelhochdeutsche Begriffsdatenbank<\/strong><\/a> (MHDBDB) gilt seit den fr\u00fchen 1970er Jahren als wegweisendes Leuchtturmprojekt an der Schnittstelle von \u00e4lterer deutscher Literaturwissenschaft und Digital Humanities. Verankert am Interdisziplin\u00e4ren Zentrum f\u00fcr Mittelalter- und Fr\u00fchneuzeitforschung (IZMF) der Universit\u00e4t Salzburg und in enger Kooperation mit Einrichtungen wie dem Institut f\u00fcr Realienkunde des Mittelalters und der Fr\u00fchneuzeit (IMAREAL), b\u00fcndelt sie philologische Kompetenz mit moderner Informationstechnologie. Herzst\u00fcck der Datenbank ist ein onomasiologisch konzipiertes W\u00f6rterbuch, dessen hierarchisch organisiertes Begriffssystem jede im Korpus belegte Lemmaform einer pr\u00e4zisen, kontextabh\u00e4ngigen Bedeutung zuordnet. Dadurch lassen sich nicht nur Wort- oder Zeichenketten, sondern ebenso komplexe semantische, narratologische und morpho-syntaktische Fragestellungen untersuchen.<\/p>\n<p>Das zugrunde liegende Referenzkorpus umfasst gegenw\u00e4rtig rund 10,7 Millionen Tokens aus 666 Editionen unterschiedlichster Gattungen; es deckt den Zeitraum von etwa 1050 bis 1600 ab, spiegelt verschiedene Variet\u00e4ten und Sprachr\u00e4ume wider und wird als kontrolliertes Monitorkorpus kontinuierlich erweitert. S\u00e4mtliche Texte sind linguistisch vorerschlossen \u2013 tokenisiert, lemmatisiert, POS-getaggt und partiell disambiguiert \u2013 und durch zus\u00e4tzliche Annotationsebenen wie grammatische Merkmale und reichhaltige Metadaten in ein Linked-Open-Data-\u00d6kosystem eingebettet. Im Zuge einer umfassenden, von <a href=\"https:\/\/clariah.at\/de\/\" target=\"_blank\" rel=\"noopener\">CLARIAH-AT<\/a> gef\u00f6rderten Migration (2016\u20132023) wurde das System auf eine Graph-Architektur umgestellt, ein neues Web-Frontend (Beta-Phase) implementiert und die M\u00f6glichkeiten der facettierten Suchmaschine deutlich erh\u00f6ht. Zugleich sind s\u00e4mtliche Volltexte samt semantischen Layern als TEI-XML \u00fcber GitHub frei zug\u00e4nglich, sodass Forschende mit geeigneten Tools auch abseits des grafischen Interfaces arbeiten k\u00f6nnen.<\/p>\n<p>Damit stellt die MHDBDB nicht nur ein einzigartiges Recherche- und Analyseinstrument f\u00fcr die mittelhochdeutsche Lexik dar, sondern fungiert auch als nachhaltige Forschungsinfrastruktur, deren offene Schnittstellen interdisziplin\u00e4re Projekte \u2013 von der Metaphernforschung \u00fcber diachrone Variet\u00e4tenstudien bis hin zur Erstellung digitaler Editionen \u2013 ma\u00dfgeblich unterst\u00fctzen.<\/p>\n<p><strong>Laufzeit:<\/strong> online seit 1992<\/p>\n<p><strong>Projektleitung:<\/strong> <a href=\"mailto: katharina.wachauer@plus.ac.at\">Dr.<sup>in<\/sup> Katharina Zeppezauer-Wachauer<\/a><\/p>\n<p><strong>Mitarbeiter:innen:<\/strong> <a href=\"mailto: alan.van-beek@plus.ac.at\">Dr. Alan van Beek;<\/a>\u00a0<a href=\"mailto: julia.hintersteiner@plus.ac.at\">Julia Hintersteiner MA<\/a><\/p>\n<p><a href=\"https:\/\/www.zotero.org\/groups\/5043625\/mittelhochdeutsche_begriffsdatenbank\/library\" target=\"_blank\" rel=\"noopener\"><strong>Zu den Publikationen der MHDBDB.<\/strong><\/a><\/p>\n<p>[\/vc_column_text][\/vc_column][\/vc_row]<\/p>\n<\/section>","protected":false},"excerpt":{"rendered":"<p>[vc_row][vc_column][vc_column_text] Die Mittelhochdeutsche Begriffsdatenbank (MHDBDB) gilt seit den fr\u00fchen 1970er Jahren als wegweisendes Leuchtturmprojekt an der&#8230;<\/p>\n","protected":false},"author":7,"featured_media":7254,"parent":0,"menu_order":0,"comment_status":"closed","ping_status":"closed","template":"","meta":{"_bbp_topic_count":0,"_bbp_reply_count":0,"_bbp_total_topic_count":0,"_bbp_total_reply_count":0,"_bbp_voice_count":0,"_bbp_anonymous_reply_count":0,"_bbp_topic_count_hidden":0,"_bbp_reply_count_hidden":0,"_bbp_forum_subforum_count":0},"yoast_head":"<!-- This site is optimized with the Yoast SEO plugin v20.2.1 - https:\/\/yoast.com\/wordpress\/plugins\/seo\/ -->\n<title>- IZMF - Interdisziplin\u00e4res Zentrum f\u00fcr Mittelalter und Fr\u00fchneuzeit<\/title>\n<meta name=\"robots\" content=\"index, follow, max-snippet:-1, max-image-preview:large, max-video-preview:-1\" \/>\n<link rel=\"canonical\" href=\"https:\/\/geschichte-studium.at\/izmf\/mhdbdb\/\" \/>\n<meta property=\"og:locale\" content=\"de_DE\" \/>\n<meta property=\"og:type\" content=\"article\" \/>\n<meta property=\"og:title\" content=\"- IZMF - Interdisziplin\u00e4res Zentrum f\u00fcr Mittelalter und Fr\u00fchneuzeit\" \/>\n<meta property=\"og:description\" content=\"[vc_row][vc_column][vc_column_text] Die Mittelhochdeutsche Begriffsdatenbank (MHDBDB) gilt seit den fr\u00fchen 1970er Jahren als wegweisendes Leuchtturmprojekt an der...\" \/>\n<meta property=\"og:url\" content=\"https:\/\/geschichte-studium.at\/izmf\/mhdbdb\/\" \/>\n<meta property=\"og:site_name\" content=\"IZMF - Interdisziplin\u00e4res Zentrum f\u00fcr Mittelalter und Fr\u00fchneuzeit\" \/>\n<meta property=\"article:modified_time\" content=\"2025-09-08T07:54:40+00:00\" \/>\n<meta property=\"og:image\" content=\"https:\/\/izmf-salzburg.at\/wp-content\/uploads\/2025\/06\/LOGO_MHDBD_final_A0-scaled.jpg\" \/>\n\t<meta property=\"og:image:width\" content=\"2560\" \/>\n\t<meta property=\"og:image:height\" content=\"732\" \/>\n\t<meta property=\"og:image:type\" content=\"image\/jpeg\" \/>\n<meta name=\"twitter:card\" content=\"summary_large_image\" \/>\n<meta name=\"twitter:label1\" content=\"Gesch\u00e4tzte Lesezeit\" \/>\n\t<meta name=\"twitter:data1\" content=\"2\u00a0Minuten\" \/>\n<script type=\"application\/ld+json\" class=\"yoast-schema-graph\">{\"@context\":\"https:\/\/schema.org\",\"@graph\":[{\"@type\":\"WebPage\",\"@id\":\"https:\/\/geschichte-studium.at\/izmf\/mhdbdb\/\",\"url\":\"https:\/\/geschichte-studium.at\/izmf\/mhdbdb\/\",\"name\":\"- IZMF - Interdisziplin\u00e4res Zentrum f\u00fcr Mittelalter und Fr\u00fchneuzeit\",\"isPartOf\":{\"@id\":\"https:\/\/geschichte-studium.at\/izmf\/#website\"},\"datePublished\":\"2024-04-25T06:36:45+00:00\",\"dateModified\":\"2025-09-08T07:54:40+00:00\",\"inLanguage\":\"de\",\"potentialAction\":[{\"@type\":\"ReadAction\",\"target\":[\"https:\/\/geschichte-studium.at\/izmf\/mhdbdb\/\"]}]},{\"@type\":\"WebSite\",\"@id\":\"https:\/\/geschichte-studium.at\/izmf\/#website\",\"url\":\"https:\/\/geschichte-studium.at\/izmf\/\",\"name\":\"IZMF - Interdisziplin\u00e4res Zentrum f\u00fcr Mittelalter und Fr\u00fchneuzeit\",\"description\":\"\",\"publisher\":{\"@id\":\"https:\/\/geschichte-studium.at\/izmf\/#organization\"},\"potentialAction\":[{\"@type\":\"SearchAction\",\"target\":{\"@type\":\"EntryPoint\",\"urlTemplate\":\"https:\/\/geschichte-studium.at\/izmf\/?s={search_term_string}\"},\"query-input\":\"required name=search_term_string\"}],\"inLanguage\":\"de\"},{\"@type\":\"Organization\",\"@id\":\"https:\/\/geschichte-studium.at\/izmf\/#organization\",\"name\":\"IZMF - Interdisziplin\u00e4res Zentrum f\u00fcr Mittelalter und Fr\u00fchneuzeit\",\"url\":\"https:\/\/geschichte-studium.at\/izmf\/\",\"logo\":{\"@type\":\"ImageObject\",\"inLanguage\":\"de\",\"@id\":\"https:\/\/geschichte-studium.at\/izmf\/#\/schema\/logo\/image\/\",\"url\":\"https:\/\/izmf-salzburg.at\/wp-content\/uploads\/2020\/03\/LOGO_IZMF-1.png\",\"contentUrl\":\"https:\/\/izmf-salzburg.at\/wp-content\/uploads\/2020\/03\/LOGO_IZMF-1.png\",\"width\":2525,\"height\":1495,\"caption\":\"IZMF - Interdisziplin\u00e4res Zentrum f\u00fcr Mittelalter und Fr\u00fchneuzeit\"},\"image\":{\"@id\":\"https:\/\/geschichte-studium.at\/izmf\/#\/schema\/logo\/image\/\"},\"sameAs\":[\"https:\/\/www.instagram.com\/izmfunisalzburg\/\"]}]}<\/script>\n<!-- \/ Yoast SEO plugin. -->","yoast_head_json":{"title":"- IZMF - Interdisziplin\u00e4res Zentrum f\u00fcr Mittelalter und Fr\u00fchneuzeit","robots":{"index":"index","follow":"follow","max-snippet":"max-snippet:-1","max-image-preview":"max-image-preview:large","max-video-preview":"max-video-preview:-1"},"canonical":"https:\/\/geschichte-studium.at\/izmf\/mhdbdb\/","og_locale":"de_DE","og_type":"article","og_title":"- IZMF - Interdisziplin\u00e4res Zentrum f\u00fcr Mittelalter und Fr\u00fchneuzeit","og_description":"[vc_row][vc_column][vc_column_text] Die Mittelhochdeutsche Begriffsdatenbank (MHDBDB) gilt seit den fr\u00fchen 1970er Jahren als wegweisendes Leuchtturmprojekt an der...","og_url":"https:\/\/geschichte-studium.at\/izmf\/mhdbdb\/","og_site_name":"IZMF - Interdisziplin\u00e4res Zentrum f\u00fcr Mittelalter und Fr\u00fchneuzeit","article_modified_time":"2025-09-08T07:54:40+00:00","og_image":[{"width":2560,"height":732,"url":"https:\/\/izmf-salzburg.at\/wp-content\/uploads\/2025\/06\/LOGO_MHDBD_final_A0-scaled.jpg","type":"image\/jpeg"}],"twitter_card":"summary_large_image","twitter_misc":{"Gesch\u00e4tzte Lesezeit":"2\u00a0Minuten"},"schema":{"@context":"https:\/\/schema.org","@graph":[{"@type":"WebPage","@id":"https:\/\/geschichte-studium.at\/izmf\/mhdbdb\/","url":"https:\/\/geschichte-studium.at\/izmf\/mhdbdb\/","name":"- IZMF - Interdisziplin\u00e4res Zentrum f\u00fcr Mittelalter und Fr\u00fchneuzeit","isPartOf":{"@id":"https:\/\/geschichte-studium.at\/izmf\/#website"},"datePublished":"2024-04-25T06:36:45+00:00","dateModified":"2025-09-08T07:54:40+00:00","inLanguage":"de","potentialAction":[{"@type":"ReadAction","target":["https:\/\/geschichte-studium.at\/izmf\/mhdbdb\/"]}]},{"@type":"WebSite","@id":"https:\/\/geschichte-studium.at\/izmf\/#website","url":"https:\/\/geschichte-studium.at\/izmf\/","name":"IZMF - Interdisziplin\u00e4res Zentrum f\u00fcr Mittelalter und Fr\u00fchneuzeit","description":"","publisher":{"@id":"https:\/\/geschichte-studium.at\/izmf\/#organization"},"potentialAction":[{"@type":"SearchAction","target":{"@type":"EntryPoint","urlTemplate":"https:\/\/geschichte-studium.at\/izmf\/?s={search_term_string}"},"query-input":"required name=search_term_string"}],"inLanguage":"de"},{"@type":"Organization","@id":"https:\/\/geschichte-studium.at\/izmf\/#organization","name":"IZMF - Interdisziplin\u00e4res Zentrum f\u00fcr Mittelalter und Fr\u00fchneuzeit","url":"https:\/\/geschichte-studium.at\/izmf\/","logo":{"@type":"ImageObject","inLanguage":"de","@id":"https:\/\/geschichte-studium.at\/izmf\/#\/schema\/logo\/image\/","url":"https:\/\/izmf-salzburg.at\/wp-content\/uploads\/2020\/03\/LOGO_IZMF-1.png","contentUrl":"https:\/\/izmf-salzburg.at\/wp-content\/uploads\/2020\/03\/LOGO_IZMF-1.png","width":2525,"height":1495,"caption":"IZMF - Interdisziplin\u00e4res Zentrum f\u00fcr Mittelalter und Fr\u00fchneuzeit"},"image":{"@id":"https:\/\/geschichte-studium.at\/izmf\/#\/schema\/logo\/image\/"},"sameAs":["https:\/\/www.instagram.com\/izmfunisalzburg\/"]}]}},"_links":{"self":[{"href":"https:\/\/geschichte-studium.at\/izmf\/wp-json\/wp\/v2\/pages\/6687"}],"collection":[{"href":"https:\/\/geschichte-studium.at\/izmf\/wp-json\/wp\/v2\/pages"}],"about":[{"href":"https:\/\/geschichte-studium.at\/izmf\/wp-json\/wp\/v2\/types\/page"}],"author":[{"embeddable":true,"href":"https:\/\/geschichte-studium.at\/izmf\/wp-json\/wp\/v2\/users\/7"}],"replies":[{"embeddable":true,"href":"https:\/\/geschichte-studium.at\/izmf\/wp-json\/wp\/v2\/comments?post=6687"}],"version-history":[{"count":9,"href":"https:\/\/geschichte-studium.at\/izmf\/wp-json\/wp\/v2\/pages\/6687\/revisions"}],"predecessor-version":[{"id":7383,"href":"https:\/\/geschichte-studium.at\/izmf\/wp-json\/wp\/v2\/pages\/6687\/revisions\/7383"}],"wp:featuredmedia":[{"embeddable":true,"href":"https:\/\/geschichte-studium.at\/izmf\/wp-json\/wp\/v2\/media\/7254"}],"wp:attachment":[{"href":"https:\/\/geschichte-studium.at\/izmf\/wp-json\/wp\/v2\/media?parent=6687"}],"curies":[{"name":"wp","href":"https:\/\/api.w.org\/{rel}","templated":true}]}}