{"id":6331,"date":"2024-02-06T09:20:26","date_gmt":"2024-02-06T08:20:26","guid":{"rendered":"https:\/\/izmf-salzburg.at\/?page_id=6331"},"modified":"2024-02-06T09:25:09","modified_gmt":"2024-02-06T08:25:09","slug":"topic-archive","status":"publish","type":"page","link":"https:\/\/geschichte-studium.at\/izmf\/en\/topic-archive\/","title":{"rendered":"Topic &#8211; Archive"},"content":{"rendered":"<section class=\"wpb-content-wrapper\"><p>[vc_row][vc_column]<div class=\"headings-title\"><div class=\"mb72 mb16 mb-xs-40 text-center\"><h5  class=\"widgettitle mb0\">Topic<\/h5><div  class=\"widgetsubtitle\">Materia narrata - Materia narrandi. Mediality, materiality and dynamics of 'great' narratives.<\/div><\/div><\/div>[vc_column_text]Narratives are fundamental constituents of social identities: within communities, they create traditions for a stabilizing effect, while in transformative cultural contexts they act as media of socio-cultural change, sometimes even as catalyst of these processes. Since the mediality of narratives is only generated through their active passing on or the associated perception contexts, the performative settings, including their actors, must always be taken into account for an understanding of the meaning of narratives. Performances of passing on offer the potential of reinterpreting traditional narratives, so that new narratives can trigger not only changes but also the new or reinterpretation of traditional content and forms of passing on. Not only human beings as actors, but also material objects that carry material information pass on narratives. Materials and forms not only \u201cframe\u201d these narrative settings, but shape them through their specific properties in the sense of media potentials and limitations: These translation services thus represent an essential research potential when it comes to the question of how narratives are (can be) passed on intermedially and how materiality, but also the media setting of the information carrier, influenced the latter.<\/p>\n<p>The\u00a0<strong>aim<\/strong>\u00a0of the central topic therefore is to explore the interaction between narrative, chosen medium (text, image, music, etc.) of the material information carrier and its performative embedding\/translation. The integrative effect of narratives shall be examined with research work concentrating on references to existing narratives, persons or ritualized actions and the objects related to them.<\/p>\n<p>The<strong>\u00a0methodological approaches<\/strong>\u00a0are\u00a0<strong>diachronic<\/strong>\u00a0as long-term effects of change between narratives and media settings shall be investigated to live up to the long duration. They are\u00a0<strong>intermedial<\/strong>\u00a0because the formal and content-related consequences of media changes for narratives represent an important topic, and they are\u00a0<strong>interdisciplinary<\/strong>\u00a0because only cross-source and cross-disciplinary approaches to the variety of narrative traditions and hence the complexity of the topic allow for an adequate exploration.<\/p>\n<p><strong>The following questions are in the focus of the topic:<\/strong><\/p>\n<ul>\n<li>What is the relationship between media settings, actors and the selection of objects in a concrete narrative passing on?<\/li>\n<li>How do changes in media (genres) and material information carriers affect the narrative? (keywords: translation, materiality and mediality)<\/li>\n<li>What interactions can be observed between the various media, information carriers and their performative embedding, in which directions do the influences go? (keyword: intermediality)<\/li>\n<li>What role do material objects play in the narratives?<\/li>\n<\/ul>\n<p><strong>Following subtopics are explored:<\/strong><\/p>\n<ul>\n<li>Important religious texts as narratives (Christianity, Judaism, possibly also Islam)<\/li>\n<li>Ancient Narratives<\/li>\n<li>Urbanity as a narrative<\/li>\n<\/ul>\n<\/div>\n<\/div>\n<p>[\/vc_column_text][\/vc_column][\/vc_row]<\/p>\n<\/section>","protected":false},"excerpt":{"rendered":"<p>[vc_row][vc_column][vc_column_text]Narratives are fundamental constituents of social identities: within communities, they create traditions for a stabilizing effect,&#8230;<\/p>\n","protected":false},"author":7,"featured_media":0,"parent":0,"menu_order":0,"comment_status":"closed","ping_status":"closed","template":"","meta":{"_bbp_topic_count":0,"_bbp_reply_count":0,"_bbp_total_topic_count":0,"_bbp_total_reply_count":0,"_bbp_voice_count":0,"_bbp_anonymous_reply_count":0,"_bbp_topic_count_hidden":0,"_bbp_reply_count_hidden":0,"_bbp_forum_subforum_count":0},"yoast_head":"<!-- This site is optimized with the Yoast SEO plugin v20.2.1 - https:\/\/yoast.com\/wordpress\/plugins\/seo\/ -->\n<title>Topic - Archive - IZMF - Interdisziplin\u00e4res Zentrum f\u00fcr Mittelalter und Fr\u00fchneuzeit<\/title>\n<meta name=\"robots\" content=\"index, follow, max-snippet:-1, max-image-preview:large, max-video-preview:-1\" \/>\n<link rel=\"canonical\" href=\"https:\/\/geschichte-studium.at\/izmf\/en\/topic-archive\/\" \/>\n<meta property=\"og:locale\" content=\"de_DE\" \/>\n<meta property=\"og:type\" content=\"article\" \/>\n<meta property=\"og:title\" content=\"Topic - Archive - IZMF - Interdisziplin\u00e4res Zentrum f\u00fcr Mittelalter und Fr\u00fchneuzeit\" \/>\n<meta property=\"og:description\" content=\"[vc_row][vc_column][vc_column_text]Narratives are fundamental constituents of social identities: within communities, they create traditions for a stabilizing effect,...\" \/>\n<meta property=\"og:url\" content=\"https:\/\/geschichte-studium.at\/izmf\/en\/topic-archive\/\" \/>\n<meta property=\"og:site_name\" content=\"IZMF - Interdisziplin\u00e4res Zentrum f\u00fcr Mittelalter und Fr\u00fchneuzeit\" \/>\n<meta property=\"article:modified_time\" content=\"2024-02-06T08:25:09+00:00\" \/>\n<meta name=\"twitter:card\" content=\"summary_large_image\" \/>\n<meta name=\"twitter:label1\" content=\"Gesch\u00e4tzte Lesezeit\" \/>\n\t<meta name=\"twitter:data1\" content=\"3\u00a0Minuten\" \/>\n<script type=\"application\/ld+json\" class=\"yoast-schema-graph\">{\"@context\":\"https:\/\/schema.org\",\"@graph\":[{\"@type\":\"WebPage\",\"@id\":\"https:\/\/geschichte-studium.at\/izmf\/en\/topic-archive\/\",\"url\":\"https:\/\/geschichte-studium.at\/izmf\/en\/topic-archive\/\",\"name\":\"Topic - Archive - IZMF - Interdisziplin\u00e4res Zentrum f\u00fcr Mittelalter und Fr\u00fchneuzeit\",\"isPartOf\":{\"@id\":\"https:\/\/geschichte-studium.at\/izmf\/#website\"},\"datePublished\":\"2024-02-06T08:20:26+00:00\",\"dateModified\":\"2024-02-06T08:25:09+00:00\",\"breadcrumb\":{\"@id\":\"https:\/\/geschichte-studium.at\/izmf\/en\/topic-archive\/#breadcrumb\"},\"inLanguage\":\"de\",\"potentialAction\":[{\"@type\":\"ReadAction\",\"target\":[\"https:\/\/geschichte-studium.at\/izmf\/en\/topic-archive\/\"]}]},{\"@type\":\"BreadcrumbList\",\"@id\":\"https:\/\/geschichte-studium.at\/izmf\/en\/topic-archive\/#breadcrumb\",\"itemListElement\":[{\"@type\":\"ListItem\",\"position\":1,\"name\":\"Startseite\",\"item\":\"https:\/\/izmf-salzburg.at\/\"},{\"@type\":\"ListItem\",\"position\":2,\"name\":\"Topic &#8211; Archive\"}]},{\"@type\":\"WebSite\",\"@id\":\"https:\/\/geschichte-studium.at\/izmf\/#website\",\"url\":\"https:\/\/geschichte-studium.at\/izmf\/\",\"name\":\"IZMF - Interdisziplin\u00e4res Zentrum f\u00fcr Mittelalter und Fr\u00fchneuzeit\",\"description\":\"\",\"publisher\":{\"@id\":\"https:\/\/geschichte-studium.at\/izmf\/#organization\"},\"potentialAction\":[{\"@type\":\"SearchAction\",\"target\":{\"@type\":\"EntryPoint\",\"urlTemplate\":\"https:\/\/geschichte-studium.at\/izmf\/?s={search_term_string}\"},\"query-input\":\"required name=search_term_string\"}],\"inLanguage\":\"de\"},{\"@type\":\"Organization\",\"@id\":\"https:\/\/geschichte-studium.at\/izmf\/#organization\",\"name\":\"IZMF - Interdisziplin\u00e4res Zentrum f\u00fcr Mittelalter und Fr\u00fchneuzeit\",\"url\":\"https:\/\/geschichte-studium.at\/izmf\/\",\"logo\":{\"@type\":\"ImageObject\",\"inLanguage\":\"de\",\"@id\":\"https:\/\/geschichte-studium.at\/izmf\/#\/schema\/logo\/image\/\",\"url\":\"https:\/\/izmf-salzburg.at\/wp-content\/uploads\/2020\/03\/LOGO_IZMF-1.png\",\"contentUrl\":\"https:\/\/izmf-salzburg.at\/wp-content\/uploads\/2020\/03\/LOGO_IZMF-1.png\",\"width\":2525,\"height\":1495,\"caption\":\"IZMF - Interdisziplin\u00e4res Zentrum f\u00fcr Mittelalter und Fr\u00fchneuzeit\"},\"image\":{\"@id\":\"https:\/\/geschichte-studium.at\/izmf\/#\/schema\/logo\/image\/\"},\"sameAs\":[\"https:\/\/www.instagram.com\/izmfunisalzburg\/\"]}]}<\/script>\n<!-- \/ Yoast SEO plugin. -->","yoast_head_json":{"title":"Topic - Archive - IZMF - Interdisziplin\u00e4res Zentrum f\u00fcr Mittelalter und Fr\u00fchneuzeit","robots":{"index":"index","follow":"follow","max-snippet":"max-snippet:-1","max-image-preview":"max-image-preview:large","max-video-preview":"max-video-preview:-1"},"canonical":"https:\/\/geschichte-studium.at\/izmf\/en\/topic-archive\/","og_locale":"de_DE","og_type":"article","og_title":"Topic - Archive - IZMF - Interdisziplin\u00e4res Zentrum f\u00fcr Mittelalter und Fr\u00fchneuzeit","og_description":"[vc_row][vc_column][vc_column_text]Narratives are fundamental constituents of social identities: within communities, they create traditions for a stabilizing effect,...","og_url":"https:\/\/geschichte-studium.at\/izmf\/en\/topic-archive\/","og_site_name":"IZMF - Interdisziplin\u00e4res Zentrum f\u00fcr Mittelalter und Fr\u00fchneuzeit","article_modified_time":"2024-02-06T08:25:09+00:00","twitter_card":"summary_large_image","twitter_misc":{"Gesch\u00e4tzte Lesezeit":"3\u00a0Minuten"},"schema":{"@context":"https:\/\/schema.org","@graph":[{"@type":"WebPage","@id":"https:\/\/geschichte-studium.at\/izmf\/en\/topic-archive\/","url":"https:\/\/geschichte-studium.at\/izmf\/en\/topic-archive\/","name":"Topic - Archive - IZMF - Interdisziplin\u00e4res Zentrum f\u00fcr Mittelalter und Fr\u00fchneuzeit","isPartOf":{"@id":"https:\/\/geschichte-studium.at\/izmf\/#website"},"datePublished":"2024-02-06T08:20:26+00:00","dateModified":"2024-02-06T08:25:09+00:00","breadcrumb":{"@id":"https:\/\/geschichte-studium.at\/izmf\/en\/topic-archive\/#breadcrumb"},"inLanguage":"de","potentialAction":[{"@type":"ReadAction","target":["https:\/\/geschichte-studium.at\/izmf\/en\/topic-archive\/"]}]},{"@type":"BreadcrumbList","@id":"https:\/\/geschichte-studium.at\/izmf\/en\/topic-archive\/#breadcrumb","itemListElement":[{"@type":"ListItem","position":1,"name":"Startseite","item":"https:\/\/izmf-salzburg.at\/"},{"@type":"ListItem","position":2,"name":"Topic &#8211; Archive"}]},{"@type":"WebSite","@id":"https:\/\/geschichte-studium.at\/izmf\/#website","url":"https:\/\/geschichte-studium.at\/izmf\/","name":"IZMF - Interdisziplin\u00e4res Zentrum f\u00fcr Mittelalter und Fr\u00fchneuzeit","description":"","publisher":{"@id":"https:\/\/geschichte-studium.at\/izmf\/#organization"},"potentialAction":[{"@type":"SearchAction","target":{"@type":"EntryPoint","urlTemplate":"https:\/\/geschichte-studium.at\/izmf\/?s={search_term_string}"},"query-input":"required name=search_term_string"}],"inLanguage":"de"},{"@type":"Organization","@id":"https:\/\/geschichte-studium.at\/izmf\/#organization","name":"IZMF - Interdisziplin\u00e4res Zentrum f\u00fcr Mittelalter und Fr\u00fchneuzeit","url":"https:\/\/geschichte-studium.at\/izmf\/","logo":{"@type":"ImageObject","inLanguage":"de","@id":"https:\/\/geschichte-studium.at\/izmf\/#\/schema\/logo\/image\/","url":"https:\/\/izmf-salzburg.at\/wp-content\/uploads\/2020\/03\/LOGO_IZMF-1.png","contentUrl":"https:\/\/izmf-salzburg.at\/wp-content\/uploads\/2020\/03\/LOGO_IZMF-1.png","width":2525,"height":1495,"caption":"IZMF - Interdisziplin\u00e4res Zentrum f\u00fcr Mittelalter und Fr\u00fchneuzeit"},"image":{"@id":"https:\/\/geschichte-studium.at\/izmf\/#\/schema\/logo\/image\/"},"sameAs":["https:\/\/www.instagram.com\/izmfunisalzburg\/"]}]}},"_links":{"self":[{"href":"https:\/\/geschichte-studium.at\/izmf\/wp-json\/wp\/v2\/pages\/6331"}],"collection":[{"href":"https:\/\/geschichte-studium.at\/izmf\/wp-json\/wp\/v2\/pages"}],"about":[{"href":"https:\/\/geschichte-studium.at\/izmf\/wp-json\/wp\/v2\/types\/page"}],"author":[{"embeddable":true,"href":"https:\/\/geschichte-studium.at\/izmf\/wp-json\/wp\/v2\/users\/7"}],"replies":[{"embeddable":true,"href":"https:\/\/geschichte-studium.at\/izmf\/wp-json\/wp\/v2\/comments?post=6331"}],"version-history":[{"count":2,"href":"https:\/\/geschichte-studium.at\/izmf\/wp-json\/wp\/v2\/pages\/6331\/revisions"}],"predecessor-version":[{"id":6335,"href":"https:\/\/geschichte-studium.at\/izmf\/wp-json\/wp\/v2\/pages\/6331\/revisions\/6335"}],"wp:attachment":[{"href":"https:\/\/geschichte-studium.at\/izmf\/wp-json\/wp\/v2\/media?parent=6331"}],"curies":[{"name":"wp","href":"https:\/\/api.w.org\/{rel}","templated":true}]}}