{"id":5193,"date":"2020-09-29T17:14:35","date_gmt":"2020-09-29T15:14:35","guid":{"rendered":"https:\/\/izmf.sbg.ac.at\/?page_id=4738"},"modified":"2026-02-24T12:09:48","modified_gmt":"2026-02-24T11:09:48","slug":"management-of-the-centre","status":"publish","type":"page","link":"https:\/\/geschichte-studium.at\/izmf\/en\/management-of-the-centre\/","title":{"rendered":"Management"},"content":{"rendered":"<section class=\"wpb-content-wrapper\"><p>[vc_row tlg_padding=&#8220;pt0 pb0&#8243;][vc_column][vc_column_text]<\/p>\n<p style=\"text-align: right;\"><span style=\"color: #999999;\">\u00a9 Michael Brauer.<\/span><\/p>\n<p>[\/vc_column_text][\/vc_column][\/vc_row][vc_row css=&#8220;.vc_custom_1605092898082{background-color: #f0f0f0 !important;}&#8220;][vc_column]<div class=\"headings-title\"><div class=\"mb72 mb16 mb-xs-40 text-center\"><h5  class=\"widgettitle mb0\">Head<\/h5><\/div><\/div>[vc_single_image image=&#8220;4760&#8243; img_size=&#8220;full&#8220; alignment=&#8220;center&#8220;][vc_column_text]<\/p>\n<div id=\"c41672\" class=\"csc-default\">\n<p style=\"text-align: center;\">Univ.-Prof. Mag. Dr. Christina ANTENHOFER, Department of History<\/p>\n<\/div>\n<div id=\"c89755\" class=\"csc-default\">\n<ul class=\"content-list\">\n<li style=\"text-align: center;\"><a tabindex=\"402\" title=\"Reference to external page: more information about Prof. Antenhofer\" href=\"https:\/\/www.plus.ac.at\/geschichte\/der-fachbereich\/personen\/antenhofer-christina\/\">more information about Prof. Antenhofer<\/a><\/li>\n<\/ul>\n<\/div>\n<p>[\/vc_column_text][\/vc_column][\/vc_row][vc_row][vc_column]<div class=\"headings-title\"><div class=\"mb72 mb16 mb-xs-40 text-center\"><h5  class=\"widgettitle mb0\">Deputy Head<\/h5><\/div><\/div>[vc_single_image image=&#8220;4765&#8243; img_size=&#8220;347 x 347&#8243; alignment=&#8220;center&#8220;][vc_column_text]<\/p>\n<div id=\"c1157839\" class=\"csc-default\">\n<p style=\"text-align: center;\">Univ.-Prof. Mag. Dr. Manfred KERN, Department of German Studies<\/p>\n<\/div>\n<div id=\"c1157840\" class=\"csc-default\">\n<ul class=\"content-list\">\n<li style=\"text-align: center;\"><a tabindex=\"403\" title=\"Reference to external page: more information about Prof. Kern\" href=\"https:\/\/www.plus.ac.at\/germanistik\/der-fachbereich\/mitarbeiterinnen\/kern-manfred\/\">more information about Prof. Kern<\/a><\/li>\n<\/ul>\n<\/div>\n<p>[\/vc_column_text][\/vc_column][\/vc_row][vc_row css=&#8220;.vc_custom_1605092876897{background-color: #f0f0f0 !important;}&#8220;][vc_column]<div class=\"headings-title\"><div class=\"mb72 mb16 mb-xs-40 text-center\"><h5  class=\"widgettitle mb0\">Deputy Head<\/h5><\/div><\/div>[vc_single_image image=&#8220;4767&#8243; img_size=&#8220;347 x 347&#8243; alignment=&#8220;center&#8220;][vc_column_text]<\/p>\n<div id=\"c41674\" class=\"csc-default\">\n<p style=\"text-align: center;\">Ap. Prof. MMag.<sup>\u00a0<\/sup>Dr. Elisabeth GRUBER, Institute for Medieval and Early Modern Material Culture (IMAREAL), Krems<\/p>\n<\/div>\n<div id=\"c89757\" class=\"csc-default\">\n<ul class=\"content-list\">\n<li style=\"text-align: center;\"><a tabindex=\"405\" title=\"Reference to external page: more information about Dr. Gruber\" href=\"https:\/\/www.imareal.sbg.ac.at\/team\/elisabeth-gruber\/\" target=\"_blank\" rel=\"noopener noreferrer\">more information about Prof. Gruber<\/a><\/li>\n<\/ul>\n<\/div>\n<p>[\/vc_column_text][\/vc_column][\/vc_row][vc_row][vc_column]<div class=\"headings-title\"><div class=\"mb72 mb16 mb-xs-40 text-center\"><h5  class=\"widgettitle mb0\">Deputy Head<\/h5><\/div><\/div>[vc_single_image image=&#8220;4769&#8243; img_size=&#8220;347 x 347&#8243; alignment=&#8220;center&#8220;][vc_column_text]<\/p>\n<div id=\"c1091943\" class=\"csc-default\">\n<p style=\"text-align: center;\">Univ.-Prof. Dr. Alexander ZERFASS, Department of Practical Theology at the Catholic Theological Faculty<\/p>\n<\/div>\n<div id=\"c1091944\" class=\"csc-default\">\n<ul class=\"content-list\">\n<li style=\"text-align: center;\"><a tabindex=\"406\" title=\"more information about Prof. Zerfa\u00df\" href=\"https:\/\/www.plus.ac.at\/praktische-theologie\/faecher-unseres-fachbereichs\/liturgiewissenschaft-und-sakramententheologie\/wir-ueber-uns\/\">more information about Prof. Zerfa\u00df<\/a><\/li>\n<\/ul>\n<\/div>\n<p>[\/vc_column_text][\/vc_column][\/vc_row][vc_row css=&#8220;.vc_custom_1707214144752{background-color: #f0f0f0 !important;}&#8220;][vc_column]<div class=\"headings-title\"><div class=\"mb72 mb16 mb-xs-40 text-center\"><h5  class=\"widgettitle mb0\">Management Assistant<\/h5><\/div><\/div>[vc_column_text]<\/p>\n<div id=\"c1072930\" class=\"csc-default\">\n<p style=\"text-align: center;\">Cornelia Herner BEd, IZMF<\/p>\n<p style=\"text-align: center;\">Erzabt-Klotz-Stra\u00dfe 1<br \/>\n5020 Salzburg<br \/>\nRoom 2.226<\/p>\n<p style=\"text-align: center;\">Phone.: +43 662 8044 4338<br \/>\nE-mail: <a href=\"mailto:cornelia.herner@plus.ac.at\">cornelia.herner@plus.ac.at<\/a><\/p>\n<\/div>\n<p>[\/vc_column_text][\/vc_column][\/vc_row]<\/p>\n<\/section>","protected":false},"excerpt":{"rendered":"<p>[vc_row tlg_padding=&#8220;pt0 pb0&#8243;][vc_column][vc_column_text] \u00a9 Michael Brauer. [\/vc_column_text][\/vc_column][\/vc_row][vc_row css=&#8220;.vc_custom_1605092898082{background-color: #f0f0f0 !important;}&#8220;][vc_column][vc_single_image image=&#8220;4760&#8243; img_size=&#8220;full&#8220; alignment=&#8220;center&#8220;][vc_column_text] Univ.-Prof. Mag. Dr&#8230;.<\/p>\n","protected":false},"author":3,"featured_media":5199,"parent":0,"menu_order":0,"comment_status":"closed","ping_status":"closed","template":"","meta":{"_bbp_topic_count":0,"_bbp_reply_count":0,"_bbp_total_topic_count":0,"_bbp_total_reply_count":0,"_bbp_voice_count":0,"_bbp_anonymous_reply_count":0,"_bbp_topic_count_hidden":0,"_bbp_reply_count_hidden":0,"_bbp_forum_subforum_count":0},"yoast_head":"<!-- This site is optimized with the Yoast SEO plugin v20.2.1 - https:\/\/yoast.com\/wordpress\/plugins\/seo\/ -->\n<title>Management - IZMF - Interdisziplin\u00e4res Zentrum f\u00fcr Mittelalter und Fr\u00fchneuzeit<\/title>\n<meta name=\"robots\" content=\"index, follow, max-snippet:-1, max-image-preview:large, max-video-preview:-1\" \/>\n<link rel=\"canonical\" href=\"https:\/\/geschichte-studium.at\/izmf\/en\/management-of-the-centre\/\" \/>\n<meta property=\"og:locale\" content=\"de_DE\" \/>\n<meta property=\"og:type\" content=\"article\" \/>\n<meta property=\"og:title\" content=\"Management - IZMF - Interdisziplin\u00e4res Zentrum f\u00fcr Mittelalter und Fr\u00fchneuzeit\" \/>\n<meta property=\"og:description\" content=\"[vc_row tlg_padding=&#8220;pt0 pb0&#8243;][vc_column][vc_column_text] \u00a9 Michael Brauer. [\/vc_column_text][\/vc_column][\/vc_row][vc_row css=&#8220;.vc_custom_1605092898082{background-color: #f0f0f0 !important;}&#8220;][vc_column][vc_single_image image=&#8220;4760&#8243; img_size=&#8220;full&#8220; alignment=&#8220;center&#8220;][vc_column_text] Univ.-Prof. Mag. Dr....\" \/>\n<meta property=\"og:url\" content=\"https:\/\/geschichte-studium.at\/izmf\/en\/management-of-the-centre\/\" \/>\n<meta property=\"og:site_name\" content=\"IZMF - Interdisziplin\u00e4res Zentrum f\u00fcr Mittelalter und Fr\u00fchneuzeit\" \/>\n<meta property=\"article:modified_time\" content=\"2026-02-24T11:09:48+00:00\" \/>\n<meta property=\"og:image\" content=\"https:\/\/izmf-salzburg.at\/wp-content\/uploads\/2020\/11\/DSP-2020-WEB-10-1024x683.png\" \/>\n\t<meta property=\"og:image:width\" content=\"1024\" \/>\n\t<meta property=\"og:image:height\" content=\"683\" \/>\n\t<meta property=\"og:image:type\" content=\"image\/png\" \/>\n<meta name=\"twitter:card\" content=\"summary_large_image\" \/>\n<meta name=\"twitter:label1\" content=\"Gesch\u00e4tzte Lesezeit\" \/>\n\t<meta name=\"twitter:data1\" content=\"1\u00a0Minute\" \/>\n<script type=\"application\/ld+json\" class=\"yoast-schema-graph\">{\"@context\":\"https:\/\/schema.org\",\"@graph\":[{\"@type\":\"WebPage\",\"@id\":\"https:\/\/geschichte-studium.at\/izmf\/en\/management-of-the-centre\/\",\"url\":\"https:\/\/geschichte-studium.at\/izmf\/en\/management-of-the-centre\/\",\"name\":\"Management - IZMF - Interdisziplin\u00e4res Zentrum f\u00fcr Mittelalter und Fr\u00fchneuzeit\",\"isPartOf\":{\"@id\":\"https:\/\/geschichte-studium.at\/izmf\/#website\"},\"datePublished\":\"2020-09-29T15:14:35+00:00\",\"dateModified\":\"2026-02-24T11:09:48+00:00\",\"breadcrumb\":{\"@id\":\"https:\/\/geschichte-studium.at\/izmf\/en\/management-of-the-centre\/#breadcrumb\"},\"inLanguage\":\"de\",\"potentialAction\":[{\"@type\":\"ReadAction\",\"target\":[\"https:\/\/geschichte-studium.at\/izmf\/en\/management-of-the-centre\/\"]}]},{\"@type\":\"BreadcrumbList\",\"@id\":\"https:\/\/geschichte-studium.at\/izmf\/en\/management-of-the-centre\/#breadcrumb\",\"itemListElement\":[{\"@type\":\"ListItem\",\"position\":1,\"name\":\"Startseite\",\"item\":\"https:\/\/izmf-salzburg.at\/\"},{\"@type\":\"ListItem\",\"position\":2,\"name\":\"Management\"}]},{\"@type\":\"WebSite\",\"@id\":\"https:\/\/geschichte-studium.at\/izmf\/#website\",\"url\":\"https:\/\/geschichte-studium.at\/izmf\/\",\"name\":\"IZMF - Interdisziplin\u00e4res Zentrum f\u00fcr Mittelalter und Fr\u00fchneuzeit\",\"description\":\"\",\"publisher\":{\"@id\":\"https:\/\/geschichte-studium.at\/izmf\/#organization\"},\"potentialAction\":[{\"@type\":\"SearchAction\",\"target\":{\"@type\":\"EntryPoint\",\"urlTemplate\":\"https:\/\/geschichte-studium.at\/izmf\/?s={search_term_string}\"},\"query-input\":\"required name=search_term_string\"}],\"inLanguage\":\"de\"},{\"@type\":\"Organization\",\"@id\":\"https:\/\/geschichte-studium.at\/izmf\/#organization\",\"name\":\"IZMF - Interdisziplin\u00e4res Zentrum f\u00fcr Mittelalter und Fr\u00fchneuzeit\",\"url\":\"https:\/\/geschichte-studium.at\/izmf\/\",\"logo\":{\"@type\":\"ImageObject\",\"inLanguage\":\"de\",\"@id\":\"https:\/\/geschichte-studium.at\/izmf\/#\/schema\/logo\/image\/\",\"url\":\"https:\/\/izmf-salzburg.at\/wp-content\/uploads\/2020\/03\/LOGO_IZMF-1.png\",\"contentUrl\":\"https:\/\/izmf-salzburg.at\/wp-content\/uploads\/2020\/03\/LOGO_IZMF-1.png\",\"width\":2525,\"height\":1495,\"caption\":\"IZMF - Interdisziplin\u00e4res Zentrum f\u00fcr Mittelalter und Fr\u00fchneuzeit\"},\"image\":{\"@id\":\"https:\/\/geschichte-studium.at\/izmf\/#\/schema\/logo\/image\/\"},\"sameAs\":[\"https:\/\/www.instagram.com\/izmfunisalzburg\/\"]}]}<\/script>\n<!-- \/ Yoast SEO plugin. -->","yoast_head_json":{"title":"Management - IZMF - Interdisziplin\u00e4res Zentrum f\u00fcr Mittelalter und Fr\u00fchneuzeit","robots":{"index":"index","follow":"follow","max-snippet":"max-snippet:-1","max-image-preview":"max-image-preview:large","max-video-preview":"max-video-preview:-1"},"canonical":"https:\/\/geschichte-studium.at\/izmf\/en\/management-of-the-centre\/","og_locale":"de_DE","og_type":"article","og_title":"Management - IZMF - Interdisziplin\u00e4res Zentrum f\u00fcr Mittelalter und Fr\u00fchneuzeit","og_description":"[vc_row tlg_padding=&#8220;pt0 pb0&#8243;][vc_column][vc_column_text] \u00a9 Michael Brauer. [\/vc_column_text][\/vc_column][\/vc_row][vc_row css=&#8220;.vc_custom_1605092898082{background-color: #f0f0f0 !important;}&#8220;][vc_column][vc_single_image image=&#8220;4760&#8243; img_size=&#8220;full&#8220; alignment=&#8220;center&#8220;][vc_column_text] Univ.-Prof. Mag. Dr....","og_url":"https:\/\/geschichte-studium.at\/izmf\/en\/management-of-the-centre\/","og_site_name":"IZMF - Interdisziplin\u00e4res Zentrum f\u00fcr Mittelalter und Fr\u00fchneuzeit","article_modified_time":"2026-02-24T11:09:48+00:00","og_image":[{"width":1024,"height":683,"url":"https:\/\/izmf-salzburg.at\/wp-content\/uploads\/2020\/11\/DSP-2020-WEB-10-1024x683.png","type":"image\/png"}],"twitter_card":"summary_large_image","twitter_misc":{"Gesch\u00e4tzte Lesezeit":"1\u00a0Minute"},"schema":{"@context":"https:\/\/schema.org","@graph":[{"@type":"WebPage","@id":"https:\/\/geschichte-studium.at\/izmf\/en\/management-of-the-centre\/","url":"https:\/\/geschichte-studium.at\/izmf\/en\/management-of-the-centre\/","name":"Management - IZMF - Interdisziplin\u00e4res Zentrum f\u00fcr Mittelalter und Fr\u00fchneuzeit","isPartOf":{"@id":"https:\/\/geschichte-studium.at\/izmf\/#website"},"datePublished":"2020-09-29T15:14:35+00:00","dateModified":"2026-02-24T11:09:48+00:00","breadcrumb":{"@id":"https:\/\/geschichte-studium.at\/izmf\/en\/management-of-the-centre\/#breadcrumb"},"inLanguage":"de","potentialAction":[{"@type":"ReadAction","target":["https:\/\/geschichte-studium.at\/izmf\/en\/management-of-the-centre\/"]}]},{"@type":"BreadcrumbList","@id":"https:\/\/geschichte-studium.at\/izmf\/en\/management-of-the-centre\/#breadcrumb","itemListElement":[{"@type":"ListItem","position":1,"name":"Startseite","item":"https:\/\/izmf-salzburg.at\/"},{"@type":"ListItem","position":2,"name":"Management"}]},{"@type":"WebSite","@id":"https:\/\/geschichte-studium.at\/izmf\/#website","url":"https:\/\/geschichte-studium.at\/izmf\/","name":"IZMF - Interdisziplin\u00e4res Zentrum f\u00fcr Mittelalter und Fr\u00fchneuzeit","description":"","publisher":{"@id":"https:\/\/geschichte-studium.at\/izmf\/#organization"},"potentialAction":[{"@type":"SearchAction","target":{"@type":"EntryPoint","urlTemplate":"https:\/\/geschichte-studium.at\/izmf\/?s={search_term_string}"},"query-input":"required name=search_term_string"}],"inLanguage":"de"},{"@type":"Organization","@id":"https:\/\/geschichte-studium.at\/izmf\/#organization","name":"IZMF - Interdisziplin\u00e4res Zentrum f\u00fcr Mittelalter und Fr\u00fchneuzeit","url":"https:\/\/geschichte-studium.at\/izmf\/","logo":{"@type":"ImageObject","inLanguage":"de","@id":"https:\/\/geschichte-studium.at\/izmf\/#\/schema\/logo\/image\/","url":"https:\/\/izmf-salzburg.at\/wp-content\/uploads\/2020\/03\/LOGO_IZMF-1.png","contentUrl":"https:\/\/izmf-salzburg.at\/wp-content\/uploads\/2020\/03\/LOGO_IZMF-1.png","width":2525,"height":1495,"caption":"IZMF - Interdisziplin\u00e4res Zentrum f\u00fcr Mittelalter und Fr\u00fchneuzeit"},"image":{"@id":"https:\/\/geschichte-studium.at\/izmf\/#\/schema\/logo\/image\/"},"sameAs":["https:\/\/www.instagram.com\/izmfunisalzburg\/"]}]}},"_links":{"self":[{"href":"https:\/\/geschichte-studium.at\/izmf\/wp-json\/wp\/v2\/pages\/5193"}],"collection":[{"href":"https:\/\/geschichte-studium.at\/izmf\/wp-json\/wp\/v2\/pages"}],"about":[{"href":"https:\/\/geschichte-studium.at\/izmf\/wp-json\/wp\/v2\/types\/page"}],"author":[{"embeddable":true,"href":"https:\/\/geschichte-studium.at\/izmf\/wp-json\/wp\/v2\/users\/3"}],"replies":[{"embeddable":true,"href":"https:\/\/geschichte-studium.at\/izmf\/wp-json\/wp\/v2\/comments?post=5193"}],"version-history":[{"count":17,"href":"https:\/\/geschichte-studium.at\/izmf\/wp-json\/wp\/v2\/pages\/5193\/revisions"}],"predecessor-version":[{"id":7527,"href":"https:\/\/geschichte-studium.at\/izmf\/wp-json\/wp\/v2\/pages\/5193\/revisions\/7527"}],"wp:featuredmedia":[{"embeddable":true,"href":"https:\/\/geschichte-studium.at\/izmf\/wp-json\/wp\/v2\/media\/5199"}],"wp:attachment":[{"href":"https:\/\/geschichte-studium.at\/izmf\/wp-json\/wp\/v2\/media?parent=5193"}],"curies":[{"name":"wp","href":"https:\/\/api.w.org\/{rel}","templated":true}]}}