{"id":5176,"date":"2020-09-29T16:01:40","date_gmt":"2020-09-29T14:01:40","guid":{"rendered":"https:\/\/izmf.sbg.ac.at\/?page_id=4724"},"modified":"2020-11-16T12:29:27","modified_gmt":"2020-11-16T11:29:27","slug":"publications-of-mhdbdb","status":"publish","type":"page","link":"https:\/\/geschichte-studium.at\/izmf\/en\/publications-of-mhdbdb\/","title":{"rendered":"MHDBDB Publications"},"content":{"rendered":"<section class=\"wpb-content-wrapper\"><p>[vc_row][vc_column]<div class=\"headings-title\"><div class=\"mb72 mb16 mb-xs-40 text-center\"><h5  class=\"widgettitle mb0\">Neidhart and the Neidhart songs<\/h5><\/div><\/div>[vc_column_text]<\/p>\n<div id=\"c1170042\" class=\"csc-default\">\n<div id=\"c1048258\" class=\"csc-default\">\n<div class=\"images\"><img decoding=\"async\" loading=\"lazy\" class=\"alignleft\" title=\"Picture: &quot;Neidhart Manual&quot;\" src=\"https:\/\/www.uni-salzburg.at\/typo3temp\/pics\/512fPhl24DL_SX328_BO1_204_203_200__9f4e5e5cfb.jpg\" alt=\"Picture: &quot;Neidhart Manual&quot;\" width=\"330\" height=\"499\" \/><\/div>\n<\/div>\n<\/div>\n<div id=\"c1170042\" class=\"csc-default\">\n<div id=\"c1048257\" class=\"csc-default\">\n<p><strong>The already announced handbook on the medieval singer poet Neidhart, published by de Gruyter by Margarete Springeth and Franz Viktor Spechtler, with the collaboration of Katharina Zeppezauer-Wachauer, is expected to be published in December 2017 (ISBN: 978-3-11-033406-7).\u00a0<\/strong><\/p>\n<p>In addition to Walther von der Vogelweide, Neidhart is regarded as one of the most original, successful and effective songwriters of the German-speaking Middle Ages. Under his name, a rich lyrical oeuvre has been handed down to us. The handbook takes stock of the current state of research on the author and his work from a historical, literary, linguistic, musicological, reception and art-historical perspective.<\/p>\n<p>The volume contains the following contributions:<\/p>\n<ul class=\"content-list\">\n<li>Key words (Dieter K\u00fchn, Cologne)<\/li>\n<li>The Roemisch riche and the South-Eastern Alps in the time of Neidhart (Birgit Wiedl, St. P\u00f6lten)<\/li>\n<li>Neidhart: An author and his story (Ingrid Bennewitz, Bamberg)<\/li>\n<li>Neidhart: &#8218;Minnesang&#8216; and &#8218;Autobiography&#8216; (Volker Mertens, Berlin)<\/li>\n<li>The Tradition of the Neidhart Songs (Ingrid Bennewitz)<\/li>\n<li>Tradition, Edition and Interpretation (Annette Hoppe, Aachen)<\/li>\n<li>Neidhart: Basics of Research (Ursula Schulze, Berlin)<\/li>\n<li>Basic themes of Neidhart&#8217;s songs (Ursula Schulze)<\/li>\n<li>Neidhart: Typology of Songs (Anna Kathrin Bleuler, Salzburg)<\/li>\n<li>Linguistic analyses of the Neidhart songs (Nine Miedema, Saarbr\u00fccken)<\/li>\n<li>The Sounds of the Neidhart songs (Horst Brunner, W\u00fcrzburg)<\/li>\n<li>The melody tradition of Neidhart, with a concordance to the tradition of the Neidhart songs (Marc Lewon, Basel)<\/li>\n<li>Modern recording of Neidhart songs (Martin Schubert, D\u00fcsseldorf)<\/li>\n<li>Neidhart in the context of The Middle High German and European love poetry of the 12th to 15th centuries (Claudia H\u00e4ndl, Genova)<\/li>\n<li>Literary Neidhart reception in German-speaking countries (J\u00f6rn Bockmann, Flensburg)<\/li>\n<li>Modern Neidhart Reception: Dieter K\u00fchn (Sigrid Neureiter, Vienna)<\/li>\n<li>German translations of Neidhart&#8217;s songs (Anna Kathrin Bleuler)<\/li>\n<li>The poet Neidhart in anglofonic research \u2013 a stranger in English-speaking philology? (Albrecht Classen, Tuscon\/Arizona)<\/li>\n<li>The Italian Neidhart Reception (Barbara Sasse Tateo, Bari)<\/li>\n<li>The swaybook Neithart Fuchs (Erhard J\u00f6st, Heilbronn)<\/li>\n<li>The Neidhartspiele (Andrea Grafetst\u00e4tter, Boulogne-sur-Mer)<\/li>\n<li>On the Neidhart iconography (Elisabeth Vavra, Krems)<\/li>\n<li>Epilogue (Karin Garulli-Ebner, Arese\/ Milan)<\/li>\n<li>General bibliography on Neidhart and discography Neidhart in the Middle High German Term Database (MHDBDB). Register of facts (Daniel Schlager, Margarete Springeth, Katharina Zeppezauer-Wachauer)<\/li>\n<\/ul>\n<p>The handbook is dedicated to the memory of Ulrich M\u00fcller.<\/p>\n<\/div>\n<\/div>\n<p>[\/vc_column_text][\/vc_column][\/vc_row][vc_row css=&#8220;.vc_custom_1605092563605{background-color: #f0f0f0 !important;}&#8220;][vc_column]<div class=\"headings-title\"><div class=\"mb72 mb16 mb-xs-40 text-center\"><h5  class=\"widgettitle mb0\">Interdisciplinary cookbook research<\/h5><\/div><\/div>[vc_column_text]<\/p>\n<div id=\"c1091282\" class=\"csc-default\">\n<div class=\"images\"><img decoding=\"async\" loading=\"lazy\" class=\"alignleft\" title=\"Publication &quot;Cookbook Research interdisciplinary&quot;\" src=\"https:\/\/www.uni-salzburg.at\/typo3temp\/pics\/kochbuchforschung-interdisziplinaer_9783902666536__8ee4968a58.jpg\" alt=\"Publication &quot;Cookbook Research interdisciplinary&quot;\" width=\"294\" height=\"528\" \/><\/div>\n<\/div>\n<div id=\"c1091281\" class=\"csc-default\">\n<p><strong>Andrea Hofmeister-Winter (eds.): Cookbook research interdisciplinary. Contributions from the culinary history conferences in Melk 2015 and Seckau 2016. Unipress Verlag, 2017. (Grazer Medievistic Writings: Sources and Studies. Volume 1) (ISBN: 978-3-902666-53-6).<\/strong><\/p>\n<p>In it from the MHDBDB team: Katharina Zeppezauer-Wachauer: &#8222;\u00dbf w\u00ee\u0292en tuochen&#8220; and &#8222;\u00fbf ungewaschen secken&#8220;. From the search and finding of arranged panels and anti-tables in the German-language literature of the Middle Ages with the help of the MHDBDB, p. 195-216.<\/p>\n<p>On The Thu., 23.11.2017, a book presentation took place at the University of Graz, followed by a cooking demonstration and tasting of recipes from the collection, prepared by the team of the Sparkling Science project &#8222;Near Middle Ages. Historical cuisine and dietetics between the Orient and the Occident&#8220; and staff of the Open Laboratory of the University of Graz.<\/p>\n<\/div>\n<p>[\/vc_column_text][\/vc_column][\/vc_row][vc_row][vc_column]<div class=\"headings-title\"><div class=\"mb72 mb16 mb-xs-40 text-center\"><h5  class=\"widgettitle mb0\">From the dark to the colorful Middle Ages<\/h5><\/div><\/div>[vc_column_text]<\/p>\n<div id=\"c1091291\" class=\"csc-default\">\n<div class=\"images\"><img decoding=\"async\" loading=\"lazy\" class=\"alignleft\" title=\"Publication &quot;From the dark to the colourful Middle Ages&quot;\" src=\"https:\/\/www.uni-salzburg.at\/typo3temp\/pics\/finsteres_buntes_mittelalter_5b6e4c7767.jpg\" alt=\"Publication &quot;From the dark to the colourful Middle Ages&quot;\" width=\"240\" height=\"341\" \/><\/div>\n<\/div>\n<div><\/div>\n<div id=\"c1091290\" class=\"csc-default\">\n<p><strong>Volker Gall\u00e9 \/ Nibelungenlied-Gesellschaft Worms (eds.): From the dark to the colourful Middle Ages. Scientific Symposium of the Nibelungenlied Society and the City of Worms from 16 to 18 October 2015 at the Worms Cultural and Conference Centre. Worms: Wormser Verlag 2017 (ISBN: 978-3-944380-54-4).<\/strong><\/p>\n<p>In it from the MHDBDB team: Katharina Zeppezauer-Wachauer: The taste of the Middle Ages. Semantized food worlds in the popular cultural medieval reception, p. 171-193.<\/p>\n<\/div>\n<p>[\/vc_column_text][\/vc_column][\/vc_row]<\/p>\n<\/section>","protected":false},"excerpt":{"rendered":"<p>[vc_row][vc_column][vc_column_text] The already announced handbook on the medieval singer poet Neidhart, published by de Gruyter by&#8230;<\/p>\n","protected":false},"author":3,"featured_media":0,"parent":0,"menu_order":0,"comment_status":"closed","ping_status":"closed","template":"","meta":{"_bbp_topic_count":0,"_bbp_reply_count":0,"_bbp_total_topic_count":0,"_bbp_total_reply_count":0,"_bbp_voice_count":0,"_bbp_anonymous_reply_count":0,"_bbp_topic_count_hidden":0,"_bbp_reply_count_hidden":0,"_bbp_forum_subforum_count":0},"yoast_head":"<!-- This site is optimized with the Yoast SEO plugin v20.2.1 - https:\/\/yoast.com\/wordpress\/plugins\/seo\/ -->\n<title>MHDBDB Publications - IZMF - Interdisziplin\u00e4res Zentrum f\u00fcr Mittelalter und Fr\u00fchneuzeit<\/title>\n<meta name=\"robots\" content=\"index, follow, max-snippet:-1, max-image-preview:large, max-video-preview:-1\" \/>\n<link rel=\"canonical\" href=\"https:\/\/geschichte-studium.at\/izmf\/en\/publications-of-mhdbdb\/\" \/>\n<meta property=\"og:locale\" content=\"de_DE\" \/>\n<meta property=\"og:type\" content=\"article\" \/>\n<meta property=\"og:title\" content=\"MHDBDB Publications - IZMF - Interdisziplin\u00e4res Zentrum f\u00fcr Mittelalter und Fr\u00fchneuzeit\" \/>\n<meta property=\"og:description\" content=\"[vc_row][vc_column][vc_column_text] The already announced handbook on the medieval singer poet Neidhart, published by de Gruyter by...\" \/>\n<meta property=\"og:url\" content=\"https:\/\/geschichte-studium.at\/izmf\/en\/publications-of-mhdbdb\/\" \/>\n<meta property=\"og:site_name\" content=\"IZMF - Interdisziplin\u00e4res Zentrum f\u00fcr Mittelalter und Fr\u00fchneuzeit\" \/>\n<meta property=\"article:modified_time\" content=\"2020-11-16T11:29:27+00:00\" \/>\n<meta property=\"og:image\" content=\"https:\/\/www.uni-salzburg.at\/typo3temp\/pics\/512fPhl24DL_SX328_BO1_204_203_200__9f4e5e5cfb.jpg\" \/>\n<meta name=\"twitter:card\" content=\"summary_large_image\" \/>\n<meta name=\"twitter:label1\" content=\"Gesch\u00e4tzte Lesezeit\" \/>\n\t<meta name=\"twitter:data1\" content=\"3\u00a0Minuten\" \/>\n<script type=\"application\/ld+json\" class=\"yoast-schema-graph\">{\"@context\":\"https:\/\/schema.org\",\"@graph\":[{\"@type\":\"WebPage\",\"@id\":\"https:\/\/geschichte-studium.at\/izmf\/en\/publications-of-mhdbdb\/\",\"url\":\"https:\/\/geschichte-studium.at\/izmf\/en\/publications-of-mhdbdb\/\",\"name\":\"MHDBDB Publications - IZMF - Interdisziplin\u00e4res Zentrum f\u00fcr Mittelalter und Fr\u00fchneuzeit\",\"isPartOf\":{\"@id\":\"https:\/\/geschichte-studium.at\/izmf\/#website\"},\"datePublished\":\"2020-09-29T14:01:40+00:00\",\"dateModified\":\"2020-11-16T11:29:27+00:00\",\"breadcrumb\":{\"@id\":\"https:\/\/geschichte-studium.at\/izmf\/en\/publications-of-mhdbdb\/#breadcrumb\"},\"inLanguage\":\"de\",\"potentialAction\":[{\"@type\":\"ReadAction\",\"target\":[\"https:\/\/geschichte-studium.at\/izmf\/en\/publications-of-mhdbdb\/\"]}]},{\"@type\":\"BreadcrumbList\",\"@id\":\"https:\/\/geschichte-studium.at\/izmf\/en\/publications-of-mhdbdb\/#breadcrumb\",\"itemListElement\":[{\"@type\":\"ListItem\",\"position\":1,\"name\":\"Startseite\",\"item\":\"https:\/\/izmf-salzburg.at\/\"},{\"@type\":\"ListItem\",\"position\":2,\"name\":\"MHDBDB Publications\"}]},{\"@type\":\"WebSite\",\"@id\":\"https:\/\/geschichte-studium.at\/izmf\/#website\",\"url\":\"https:\/\/geschichte-studium.at\/izmf\/\",\"name\":\"IZMF - Interdisziplin\u00e4res Zentrum f\u00fcr Mittelalter und Fr\u00fchneuzeit\",\"description\":\"\",\"publisher\":{\"@id\":\"https:\/\/geschichte-studium.at\/izmf\/#organization\"},\"potentialAction\":[{\"@type\":\"SearchAction\",\"target\":{\"@type\":\"EntryPoint\",\"urlTemplate\":\"https:\/\/geschichte-studium.at\/izmf\/?s={search_term_string}\"},\"query-input\":\"required name=search_term_string\"}],\"inLanguage\":\"de\"},{\"@type\":\"Organization\",\"@id\":\"https:\/\/geschichte-studium.at\/izmf\/#organization\",\"name\":\"IZMF - Interdisziplin\u00e4res Zentrum f\u00fcr Mittelalter und Fr\u00fchneuzeit\",\"url\":\"https:\/\/geschichte-studium.at\/izmf\/\",\"logo\":{\"@type\":\"ImageObject\",\"inLanguage\":\"de\",\"@id\":\"https:\/\/geschichte-studium.at\/izmf\/#\/schema\/logo\/image\/\",\"url\":\"https:\/\/izmf-salzburg.at\/wp-content\/uploads\/2020\/03\/LOGO_IZMF-1.png\",\"contentUrl\":\"https:\/\/izmf-salzburg.at\/wp-content\/uploads\/2020\/03\/LOGO_IZMF-1.png\",\"width\":2525,\"height\":1495,\"caption\":\"IZMF - Interdisziplin\u00e4res Zentrum f\u00fcr Mittelalter und Fr\u00fchneuzeit\"},\"image\":{\"@id\":\"https:\/\/geschichte-studium.at\/izmf\/#\/schema\/logo\/image\/\"},\"sameAs\":[\"https:\/\/www.instagram.com\/izmfunisalzburg\/\"]}]}<\/script>\n<!-- \/ Yoast SEO plugin. -->","yoast_head_json":{"title":"MHDBDB Publications - IZMF - Interdisziplin\u00e4res Zentrum f\u00fcr Mittelalter und Fr\u00fchneuzeit","robots":{"index":"index","follow":"follow","max-snippet":"max-snippet:-1","max-image-preview":"max-image-preview:large","max-video-preview":"max-video-preview:-1"},"canonical":"https:\/\/geschichte-studium.at\/izmf\/en\/publications-of-mhdbdb\/","og_locale":"de_DE","og_type":"article","og_title":"MHDBDB Publications - IZMF - Interdisziplin\u00e4res Zentrum f\u00fcr Mittelalter und Fr\u00fchneuzeit","og_description":"[vc_row][vc_column][vc_column_text] The already announced handbook on the medieval singer poet Neidhart, published by de Gruyter by...","og_url":"https:\/\/geschichte-studium.at\/izmf\/en\/publications-of-mhdbdb\/","og_site_name":"IZMF - Interdisziplin\u00e4res Zentrum f\u00fcr Mittelalter und Fr\u00fchneuzeit","article_modified_time":"2020-11-16T11:29:27+00:00","og_image":[{"url":"https:\/\/www.uni-salzburg.at\/typo3temp\/pics\/512fPhl24DL_SX328_BO1_204_203_200__9f4e5e5cfb.jpg"}],"twitter_card":"summary_large_image","twitter_misc":{"Gesch\u00e4tzte Lesezeit":"3\u00a0Minuten"},"schema":{"@context":"https:\/\/schema.org","@graph":[{"@type":"WebPage","@id":"https:\/\/geschichte-studium.at\/izmf\/en\/publications-of-mhdbdb\/","url":"https:\/\/geschichte-studium.at\/izmf\/en\/publications-of-mhdbdb\/","name":"MHDBDB Publications - IZMF - Interdisziplin\u00e4res Zentrum f\u00fcr Mittelalter und Fr\u00fchneuzeit","isPartOf":{"@id":"https:\/\/geschichte-studium.at\/izmf\/#website"},"datePublished":"2020-09-29T14:01:40+00:00","dateModified":"2020-11-16T11:29:27+00:00","breadcrumb":{"@id":"https:\/\/geschichte-studium.at\/izmf\/en\/publications-of-mhdbdb\/#breadcrumb"},"inLanguage":"de","potentialAction":[{"@type":"ReadAction","target":["https:\/\/geschichte-studium.at\/izmf\/en\/publications-of-mhdbdb\/"]}]},{"@type":"BreadcrumbList","@id":"https:\/\/geschichte-studium.at\/izmf\/en\/publications-of-mhdbdb\/#breadcrumb","itemListElement":[{"@type":"ListItem","position":1,"name":"Startseite","item":"https:\/\/izmf-salzburg.at\/"},{"@type":"ListItem","position":2,"name":"MHDBDB Publications"}]},{"@type":"WebSite","@id":"https:\/\/geschichte-studium.at\/izmf\/#website","url":"https:\/\/geschichte-studium.at\/izmf\/","name":"IZMF - Interdisziplin\u00e4res Zentrum f\u00fcr Mittelalter und Fr\u00fchneuzeit","description":"","publisher":{"@id":"https:\/\/geschichte-studium.at\/izmf\/#organization"},"potentialAction":[{"@type":"SearchAction","target":{"@type":"EntryPoint","urlTemplate":"https:\/\/geschichte-studium.at\/izmf\/?s={search_term_string}"},"query-input":"required name=search_term_string"}],"inLanguage":"de"},{"@type":"Organization","@id":"https:\/\/geschichte-studium.at\/izmf\/#organization","name":"IZMF - Interdisziplin\u00e4res Zentrum f\u00fcr Mittelalter und Fr\u00fchneuzeit","url":"https:\/\/geschichte-studium.at\/izmf\/","logo":{"@type":"ImageObject","inLanguage":"de","@id":"https:\/\/geschichte-studium.at\/izmf\/#\/schema\/logo\/image\/","url":"https:\/\/izmf-salzburg.at\/wp-content\/uploads\/2020\/03\/LOGO_IZMF-1.png","contentUrl":"https:\/\/izmf-salzburg.at\/wp-content\/uploads\/2020\/03\/LOGO_IZMF-1.png","width":2525,"height":1495,"caption":"IZMF - Interdisziplin\u00e4res Zentrum f\u00fcr Mittelalter und Fr\u00fchneuzeit"},"image":{"@id":"https:\/\/geschichte-studium.at\/izmf\/#\/schema\/logo\/image\/"},"sameAs":["https:\/\/www.instagram.com\/izmfunisalzburg\/"]}]}},"_links":{"self":[{"href":"https:\/\/geschichte-studium.at\/izmf\/wp-json\/wp\/v2\/pages\/5176"}],"collection":[{"href":"https:\/\/geschichte-studium.at\/izmf\/wp-json\/wp\/v2\/pages"}],"about":[{"href":"https:\/\/geschichte-studium.at\/izmf\/wp-json\/wp\/v2\/types\/page"}],"author":[{"embeddable":true,"href":"https:\/\/geschichte-studium.at\/izmf\/wp-json\/wp\/v2\/users\/3"}],"replies":[{"embeddable":true,"href":"https:\/\/geschichte-studium.at\/izmf\/wp-json\/wp\/v2\/comments?post=5176"}],"version-history":[{"count":2,"href":"https:\/\/geschichte-studium.at\/izmf\/wp-json\/wp\/v2\/pages\/5176\/revisions"}],"predecessor-version":[{"id":5178,"href":"https:\/\/geschichte-studium.at\/izmf\/wp-json\/wp\/v2\/pages\/5176\/revisions\/5178"}],"wp:attachment":[{"href":"https:\/\/geschichte-studium.at\/izmf\/wp-json\/wp\/v2\/media?parent=5176"}],"curies":[{"name":"wp","href":"https:\/\/api.w.org\/{rel}","templated":true}]}}