{"id":5144,"date":"2020-09-29T13:59:22","date_gmt":"2020-09-29T11:59:22","guid":{"rendered":"https:\/\/izmf.sbg.ac.at\/?page_id=4642"},"modified":"2020-11-11T12:42:03","modified_gmt":"2020-11-11T11:42:03","slug":"dh-events-am-izmf","status":"publish","type":"page","link":"https:\/\/geschichte-studium.at\/izmf\/en\/dh-events-am-izmf\/","title":{"rendered":"DH Events"},"content":{"rendered":"<section class=\"wpb-content-wrapper\"><p>[vc_row][vc_column][vc_column_text]<\/p>\n<div id=\"c1170040\" class=\"csc-default\">\n<div id=\"c1170062\" class=\"csc-default\">\n<p><img decoding=\"async\" loading=\"lazy\" class=\"aligncenter\" title=\"Accessibility: Short description of the picture\" src=\"https:\/\/www.uni-salzburg.at\/uploads\/RTEmagicC_tablet-1632909_1920.jpg.jpg\" alt=\"Accessibility: Short description of the picture\" width=\"400\" height=\"266\" \/><\/p>\n<p>The IZMF supports the targeted organisation of workshops, conferences, training events, etc. on the topic &#8222;Digital Humanities as a Methodological Field&#8220;.<\/p>\n<p>We also make every effort to draw attention to appropriate offers to related institutions, provided we know about them in good time.<\/p>\n<\/div>\n<\/div>\n<p>[\/vc_column_text][\/vc_column][\/vc_row][vc_row][vc_column]<div class=\"tlg-spacer\" data-height=\"30\" data-height-tablet=\"15\" data-height-mobile=\"7\" style=\"clear:both;display:block;height:30px;width:32px; margin-top: -15px; margin-bottom: 15px; border-bottom: 1px solid #d6d6d6;\"><\/div>[\/vc_column][\/vc_row][vc_row][vc_column]<div class=\"headings-title\"><div class=\"mb72 mb16 mb-xs-40 text-center\"><h5  class=\"widgettitle mb0\">WORKSHOP: Transcribing, annotating, modeling. Perspectives on the processing of historical sources with DH methods<\/h5><\/div><\/div>[vc_column_text]<\/p>\n<div class=\"indent\">\n<div id=\"c1170066\" class=\"csc-default\">\n<p><a class=\"Zentrum\" tabindex=\"412\" title=\"For\" href=\"https:\/\/www.uni-salzburg.at\/fileadmin\/multimedia\/IZMS\"><img decoding=\"async\" loading=\"lazy\" class=\"alignleft\" title=\"Accessibility: Short description of the picture\" src=\"https:\/\/www.uni-salzburg.at\/uploads\/RTEmagicC_DH_Workshop_01.jpg.jpg\" alt=\"Accessibility: Short description of the picture\" width=\"229\" height=\"249\" \/><\/a>A Digital Humanities Workshop will take place at the University of Salzburg from the 27th to the 28th of November 2020. The aim is to familiarize advanced students and young scientists with the methods of the DH and to contribute to an Austria-wide networking in the field of DH. In particular, participants will be familiarized with the possibilities offered by digitally supported transcription and annotation of handwritten sources via transcribing. Transkribus is a platform for text recognition, layout analysis and structure recognition of historical documents. Since there is little time left in the curricula for concrete work on handwritten sources, this workshop is aimed as a two-day format at students at the advanced stage or young scientists who want to acquire more intensive knowledge in the processing of handwritten sources. In several units, experts for historical source processing and for DH give introductions to the transcription and annotation of sources as well as to the use of databases using the example of a corpus of castle inventories from the 15th-16th century. The workshop will also include an intensive course on 15th to early 20th century paleography.<\/p>\n<div id=\"c1167059\" class=\"csc-default\">\n<p>Registrations are made via a short letter of motivation for interest in the workshop, indication of previous knowledge and current state of study. For participants who need accommodation in Salzburg or travel expenses support, limited financial support options are available. If necessary, please indicate the need for financial support and give a brief reasoning. Please attach a CV in this case.<br \/>\n<strong>Registration deadline: <\/strong>30 June 2020<br \/>\nPlease register by mail to: silke.dopsch@sbg.ac.at<\/p>\n<\/div>\n<\/div>\n<\/div>\n<p>[\/vc_column_text][\/vc_column][\/vc_row][vc_row css=&#8220;.vc_custom_1605094651534{background-color: #f0f0f0 !important;}&#8220;][vc_column]<div class=\"headings-title\"><div class=\"mb72 mb16 mb-xs-40 text-center\"><h5  class=\"widgettitle mb0\">VIRTUAL CONFERENCE DAY: DHA go!es digital Day<\/h5><\/div><\/div>[vc_column_text]<\/p>\n<div id=\"c1170077\" class=\"csc-default\">\n<p>As a digital kick-off event for the <em>Digital Humanities Austria Conference 2020<\/em> (<a href=\"https:\/\/dha2020.acdh.oeaw.ac.at\/\">DHA2020<\/a>), which was postponed due to the Covid 19 crisis, dissenting the <em>DHA go!&#8217;s digital Day<\/em> will take place on <strong>25 September 2020<\/strong>, during which the projects funded by the \u00d6AW as part of the <em>go!digital next generation<\/em> programme will present their current progress.<\/p>\n<p>One of the projects presented is the IZMF project O<i>ntology of Narrativs of the Middle Ages<\/i> (<a class=\"extlink\" tabindex=\"405\" title=\"Link to external page\" href=\"http:\/\/onama.sbg.ac.at\/\" target=\"_blank\" rel=\"noopener noreferrer\">ONAMA<\/a>).<\/p>\n<p>These presentations are framed by a keynote and a roundtable with representatives of all the universities involved in the Austrian infrastructure consortium <a href=\"https:\/\/digital-humanities.at\/en\/dha\/clariah-at\">CLARIAH-AT<\/a> under the working title &#8222;Digital Transformation of the Austrian Humanities \u2013 now even faster?&#8220;.<\/p>\n<p>Contact: <a class=\"defaultmail\" tabindex=\"407\" title=\"Link to an email address\" href=\"https:\/\/www.uni-salzburg.at\/index.php?id=64505\">Katharina Zeppezauer-Wachauer<\/a><\/p>\n<\/div>\n<p>[\/vc_column_text][\/vc_column][\/vc_row][vc_row][vc_column]<div class=\"headings-title\"><div class=\"mb72 mb16 mb-xs-40 text-center\"><h5  class=\"widgettitle mb0\">ditact IT Summeruniversity: Doing Digital Humanities<\/h5><\/div><\/div>[vc_column_text]<\/p>\n<div id=\"c1170138\" class=\"csc-default\">\n<p><i><img decoding=\"async\" loading=\"lazy\" class=\"alignleft\" title=\"Accessibility: Short description of the picture\" src=\"https:\/\/www.uni-salzburg.at\/uploads\/RTEmagicC_ditact.PNG.PNG\" alt=\"Accessibility: Short description of the picture\" width=\"254\" height=\"94\" \/><\/i><\/p>\n<p><i>ditact_womens IT summer studies <\/i>from the University of Salzburg, 01.09.-12.09.2020<\/p>\n<p>Lina M. Zangerl (<a href=\"https:\/\/www.uni-salzburg.at\/index.php?id=72\">Literature Archive<\/a>) and Katharina Zeppezauer-Wachauer (<a href=\"https:\/\/www.uni-salzburg.at\/index.php?id=75\">MHDBDB<\/a>| IZMF) will give the half-day online introductory course &#8222;<a href=\"https:\/\/ditact.ac.at\/course\/1994-kurs-online-doing-digital-humanities\">Doing Digital Humanities<\/a>&#8220; on 07.09.2020. But we would also like to refer to numerous other recommended courses of the<i> ditact <\/i><em>Summeruniversity<\/em>, such as BASIC IT courses on Java, PHP, MySQL.<\/p>\n<p><strong>Registration<\/strong>: until 12.07.2020, after that remaining places<strong><br \/>\nCourse costs:<\/strong> \u20ac 25 &#8211; \u20ac 65 depending on course length (Doing Digital Humanities: \u20ac 25)<strong><br \/>\nProgram:<\/strong> <a href=\"https:\/\/ditact.ac.at\/event\/ditact-2020\/course\">https:\/\/ditact.ac.at\/event\/ditact-2020\/course<\/a><\/p>\n<\/div>\n<p>[\/vc_column_text][\/vc_column][\/vc_row][vc_row css=&#8220;.vc_custom_1605007446533{background-color: #f0f0f0 !important;}&#8220;][vc_column]<div class=\"headings-title\"><div class=\"mb72 mb16 mb-xs-40 text-center\"><h5  class=\"widgettitle mb0\">WORKSHOP: FileMaker Pro Advanced 17<\/h5><\/div><\/div>[vc_column_text]<\/p>\n<p id=\"c1170064\" class=\"csc-default\">A FileMaker workshop took place at the University of Salzburg on the 16th July 2020. The aim was to familiarize researchers at the University of Salzburg with the database program FileMaker Pro Advanced 17. In particular, knowledge and skills should be acquired for research ingesto archives and for working with large amounts of data and information with the help of the software. In this context, the participants were led by Ing. Dr.phil. Alexander Ringerthaler familiarized with the possibilities to manage data in databases and to generate his own database applications. The seminar was structured as an interactive workshop with practical exercises. Special concerns and wishes could be communicated to the speaker, whereby the course content was individually tailored to the participants.<\/p>\n<p>[\/vc_column_text][\/vc_column][\/vc_row][vc_row][vc_column]<div class=\"headings-title\"><div class=\"mb72 mb16 mb-xs-40 text-center\"><h5  class=\"widgettitle mb0\">+++ CANCELLED +++ LECTURE & WORKSHOP: Digital editing of medieval sources using the example of the project ``Cooking Recipes Of The Middle Ages``<\/h5><\/div><\/div>[vc_column_text]<\/p>\n<div id=\"c1170071\" class=\"csc-default\">\n<p><img decoding=\"async\" loading=\"lazy\" class=\"alignleft\" title=\"Cancelled\" src=\"https:\/\/www.uni-salzburg.at\/uploads\/RTEmagicC_ABGESAGT_Digitales_Edieren_mittelalterlicher_Quellen_Plakat_01.pdf.jpg\" alt=\"Cancelled\" width=\"161\" height=\"280\" \/><\/p>\n<p style=\"text-align: center;\"><strong>Due to the measures regarding the Corona virus, this lecture unfortunately has to be cancelled.<\/strong><\/p>\n<p style=\"text-align: center;\"><strong>We ask for your understanding and hope you stay healthy!<\/strong><\/p>\n<\/div>\n<p>[\/vc_column_text][\/vc_column][\/vc_row]<\/p>\n<\/section>","protected":false},"excerpt":{"rendered":"<p>[vc_row][vc_column][vc_column_text] The IZMF supports the targeted organisation of workshops, conferences, training events, etc. on the topic&#8230;<\/p>\n","protected":false},"author":3,"featured_media":0,"parent":0,"menu_order":0,"comment_status":"closed","ping_status":"closed","template":"","meta":{"_bbp_topic_count":0,"_bbp_reply_count":0,"_bbp_total_topic_count":0,"_bbp_total_reply_count":0,"_bbp_voice_count":0,"_bbp_anonymous_reply_count":0,"_bbp_topic_count_hidden":0,"_bbp_reply_count_hidden":0,"_bbp_forum_subforum_count":0},"yoast_head":"<!-- This site is optimized with the Yoast SEO plugin v20.2.1 - https:\/\/yoast.com\/wordpress\/plugins\/seo\/ -->\n<title>DH Events - IZMF - Interdisziplin\u00e4res Zentrum f\u00fcr Mittelalter und Fr\u00fchneuzeit<\/title>\n<meta name=\"robots\" content=\"index, follow, max-snippet:-1, max-image-preview:large, max-video-preview:-1\" \/>\n<link rel=\"canonical\" href=\"https:\/\/geschichte-studium.at\/izmf\/en\/dh-events-am-izmf\/\" \/>\n<meta property=\"og:locale\" content=\"de_DE\" \/>\n<meta property=\"og:type\" content=\"article\" \/>\n<meta property=\"og:title\" content=\"DH Events - IZMF - Interdisziplin\u00e4res Zentrum f\u00fcr Mittelalter und Fr\u00fchneuzeit\" \/>\n<meta property=\"og:description\" content=\"[vc_row][vc_column][vc_column_text] The IZMF supports the targeted organisation of workshops, conferences, training events, etc. on the topic...\" \/>\n<meta property=\"og:url\" content=\"https:\/\/geschichte-studium.at\/izmf\/en\/dh-events-am-izmf\/\" \/>\n<meta property=\"og:site_name\" content=\"IZMF - Interdisziplin\u00e4res Zentrum f\u00fcr Mittelalter und Fr\u00fchneuzeit\" \/>\n<meta property=\"article:modified_time\" content=\"2020-11-11T11:42:03+00:00\" \/>\n<meta property=\"og:image\" content=\"https:\/\/www.uni-salzburg.at\/uploads\/RTEmagicC_tablet-1632909_1920.jpg.jpg\" \/>\n<meta name=\"twitter:card\" content=\"summary_large_image\" \/>\n<meta name=\"twitter:label1\" content=\"Gesch\u00e4tzte Lesezeit\" \/>\n\t<meta name=\"twitter:data1\" content=\"4\u00a0Minuten\" \/>\n<script type=\"application\/ld+json\" class=\"yoast-schema-graph\">{\"@context\":\"https:\/\/schema.org\",\"@graph\":[{\"@type\":\"WebPage\",\"@id\":\"https:\/\/geschichte-studium.at\/izmf\/en\/dh-events-am-izmf\/\",\"url\":\"https:\/\/geschichte-studium.at\/izmf\/en\/dh-events-am-izmf\/\",\"name\":\"DH Events - IZMF - Interdisziplin\u00e4res Zentrum f\u00fcr Mittelalter und Fr\u00fchneuzeit\",\"isPartOf\":{\"@id\":\"https:\/\/geschichte-studium.at\/izmf\/#website\"},\"datePublished\":\"2020-09-29T11:59:22+00:00\",\"dateModified\":\"2020-11-11T11:42:03+00:00\",\"breadcrumb\":{\"@id\":\"https:\/\/geschichte-studium.at\/izmf\/en\/dh-events-am-izmf\/#breadcrumb\"},\"inLanguage\":\"de\",\"potentialAction\":[{\"@type\":\"ReadAction\",\"target\":[\"https:\/\/geschichte-studium.at\/izmf\/en\/dh-events-am-izmf\/\"]}]},{\"@type\":\"BreadcrumbList\",\"@id\":\"https:\/\/geschichte-studium.at\/izmf\/en\/dh-events-am-izmf\/#breadcrumb\",\"itemListElement\":[{\"@type\":\"ListItem\",\"position\":1,\"name\":\"Startseite\",\"item\":\"https:\/\/izmf-salzburg.at\/\"},{\"@type\":\"ListItem\",\"position\":2,\"name\":\"DH Events\"}]},{\"@type\":\"WebSite\",\"@id\":\"https:\/\/geschichte-studium.at\/izmf\/#website\",\"url\":\"https:\/\/geschichte-studium.at\/izmf\/\",\"name\":\"IZMF - Interdisziplin\u00e4res Zentrum f\u00fcr Mittelalter und Fr\u00fchneuzeit\",\"description\":\"\",\"publisher\":{\"@id\":\"https:\/\/geschichte-studium.at\/izmf\/#organization\"},\"potentialAction\":[{\"@type\":\"SearchAction\",\"target\":{\"@type\":\"EntryPoint\",\"urlTemplate\":\"https:\/\/geschichte-studium.at\/izmf\/?s={search_term_string}\"},\"query-input\":\"required name=search_term_string\"}],\"inLanguage\":\"de\"},{\"@type\":\"Organization\",\"@id\":\"https:\/\/geschichte-studium.at\/izmf\/#organization\",\"name\":\"IZMF - Interdisziplin\u00e4res Zentrum f\u00fcr Mittelalter und Fr\u00fchneuzeit\",\"url\":\"https:\/\/geschichte-studium.at\/izmf\/\",\"logo\":{\"@type\":\"ImageObject\",\"inLanguage\":\"de\",\"@id\":\"https:\/\/geschichte-studium.at\/izmf\/#\/schema\/logo\/image\/\",\"url\":\"https:\/\/izmf-salzburg.at\/wp-content\/uploads\/2020\/03\/LOGO_IZMF-1.png\",\"contentUrl\":\"https:\/\/izmf-salzburg.at\/wp-content\/uploads\/2020\/03\/LOGO_IZMF-1.png\",\"width\":2525,\"height\":1495,\"caption\":\"IZMF - Interdisziplin\u00e4res Zentrum f\u00fcr Mittelalter und Fr\u00fchneuzeit\"},\"image\":{\"@id\":\"https:\/\/geschichte-studium.at\/izmf\/#\/schema\/logo\/image\/\"},\"sameAs\":[\"https:\/\/www.instagram.com\/izmfunisalzburg\/\"]}]}<\/script>\n<!-- \/ Yoast SEO plugin. -->","yoast_head_json":{"title":"DH Events - IZMF - Interdisziplin\u00e4res Zentrum f\u00fcr Mittelalter und Fr\u00fchneuzeit","robots":{"index":"index","follow":"follow","max-snippet":"max-snippet:-1","max-image-preview":"max-image-preview:large","max-video-preview":"max-video-preview:-1"},"canonical":"https:\/\/geschichte-studium.at\/izmf\/en\/dh-events-am-izmf\/","og_locale":"de_DE","og_type":"article","og_title":"DH Events - IZMF - Interdisziplin\u00e4res Zentrum f\u00fcr Mittelalter und Fr\u00fchneuzeit","og_description":"[vc_row][vc_column][vc_column_text] The IZMF supports the targeted organisation of workshops, conferences, training events, etc. on the topic...","og_url":"https:\/\/geschichte-studium.at\/izmf\/en\/dh-events-am-izmf\/","og_site_name":"IZMF - Interdisziplin\u00e4res Zentrum f\u00fcr Mittelalter und Fr\u00fchneuzeit","article_modified_time":"2020-11-11T11:42:03+00:00","og_image":[{"url":"https:\/\/www.uni-salzburg.at\/uploads\/RTEmagicC_tablet-1632909_1920.jpg.jpg"}],"twitter_card":"summary_large_image","twitter_misc":{"Gesch\u00e4tzte Lesezeit":"4\u00a0Minuten"},"schema":{"@context":"https:\/\/schema.org","@graph":[{"@type":"WebPage","@id":"https:\/\/geschichte-studium.at\/izmf\/en\/dh-events-am-izmf\/","url":"https:\/\/geschichte-studium.at\/izmf\/en\/dh-events-am-izmf\/","name":"DH Events - IZMF - Interdisziplin\u00e4res Zentrum f\u00fcr Mittelalter und Fr\u00fchneuzeit","isPartOf":{"@id":"https:\/\/geschichte-studium.at\/izmf\/#website"},"datePublished":"2020-09-29T11:59:22+00:00","dateModified":"2020-11-11T11:42:03+00:00","breadcrumb":{"@id":"https:\/\/geschichte-studium.at\/izmf\/en\/dh-events-am-izmf\/#breadcrumb"},"inLanguage":"de","potentialAction":[{"@type":"ReadAction","target":["https:\/\/geschichte-studium.at\/izmf\/en\/dh-events-am-izmf\/"]}]},{"@type":"BreadcrumbList","@id":"https:\/\/geschichte-studium.at\/izmf\/en\/dh-events-am-izmf\/#breadcrumb","itemListElement":[{"@type":"ListItem","position":1,"name":"Startseite","item":"https:\/\/izmf-salzburg.at\/"},{"@type":"ListItem","position":2,"name":"DH Events"}]},{"@type":"WebSite","@id":"https:\/\/geschichte-studium.at\/izmf\/#website","url":"https:\/\/geschichte-studium.at\/izmf\/","name":"IZMF - Interdisziplin\u00e4res Zentrum f\u00fcr Mittelalter und Fr\u00fchneuzeit","description":"","publisher":{"@id":"https:\/\/geschichte-studium.at\/izmf\/#organization"},"potentialAction":[{"@type":"SearchAction","target":{"@type":"EntryPoint","urlTemplate":"https:\/\/geschichte-studium.at\/izmf\/?s={search_term_string}"},"query-input":"required name=search_term_string"}],"inLanguage":"de"},{"@type":"Organization","@id":"https:\/\/geschichte-studium.at\/izmf\/#organization","name":"IZMF - Interdisziplin\u00e4res Zentrum f\u00fcr Mittelalter und Fr\u00fchneuzeit","url":"https:\/\/geschichte-studium.at\/izmf\/","logo":{"@type":"ImageObject","inLanguage":"de","@id":"https:\/\/geschichte-studium.at\/izmf\/#\/schema\/logo\/image\/","url":"https:\/\/izmf-salzburg.at\/wp-content\/uploads\/2020\/03\/LOGO_IZMF-1.png","contentUrl":"https:\/\/izmf-salzburg.at\/wp-content\/uploads\/2020\/03\/LOGO_IZMF-1.png","width":2525,"height":1495,"caption":"IZMF - Interdisziplin\u00e4res Zentrum f\u00fcr Mittelalter und Fr\u00fchneuzeit"},"image":{"@id":"https:\/\/geschichte-studium.at\/izmf\/#\/schema\/logo\/image\/"},"sameAs":["https:\/\/www.instagram.com\/izmfunisalzburg\/"]}]}},"_links":{"self":[{"href":"https:\/\/geschichte-studium.at\/izmf\/wp-json\/wp\/v2\/pages\/5144"}],"collection":[{"href":"https:\/\/geschichte-studium.at\/izmf\/wp-json\/wp\/v2\/pages"}],"about":[{"href":"https:\/\/geschichte-studium.at\/izmf\/wp-json\/wp\/v2\/types\/page"}],"author":[{"embeddable":true,"href":"https:\/\/geschichte-studium.at\/izmf\/wp-json\/wp\/v2\/users\/3"}],"replies":[{"embeddable":true,"href":"https:\/\/geschichte-studium.at\/izmf\/wp-json\/wp\/v2\/comments?post=5144"}],"version-history":[{"count":2,"href":"https:\/\/geschichte-studium.at\/izmf\/wp-json\/wp\/v2\/pages\/5144\/revisions"}],"predecessor-version":[{"id":5147,"href":"https:\/\/geschichte-studium.at\/izmf\/wp-json\/wp\/v2\/pages\/5144\/revisions\/5147"}],"wp:attachment":[{"href":"https:\/\/geschichte-studium.at\/izmf\/wp-json\/wp\/v2\/media?parent=5144"}],"curies":[{"name":"wp","href":"https:\/\/api.w.org\/{rel}","templated":true}]}}