{"id":5087,"date":"2020-09-29T13:29:01","date_gmt":"2020-09-29T11:29:01","guid":{"rendered":"https:\/\/izmf.sbg.ac.at\/?page_id=4632"},"modified":"2025-12-18T14:42:20","modified_gmt":"2025-12-18T13:42:20","slug":"person-networks","status":"publish","type":"page","link":"https:\/\/geschichte-studium.at\/izmf\/en\/person-networks\/","title":{"rendered":"People &amp; Networks"},"content":{"rendered":"<section class=\"wpb-content-wrapper\"><p>[vc_row][vc_column][vc_column_text]<\/p>\n<div id=\"c1170040\" class=\"csc-default\">\n<p>Cooperation and multidisciplinarity are important keywords for the IZMF. Digital Humanities bring together scientists, include relevant resources and research projects, and are in constant exchange with the responsible research institutions and initiatives on research data management and infrastructures.<\/p>\n<p>With this in mind, we would like to highlight functions, cooperations and institutional networks of persons and projects participating in the DH focus.<\/p>\n<\/div>\n<p>[\/vc_column_text][\/vc_column][\/vc_row][vc_row][vc_column]<section style=\"background-color:#115740;\" id=\"single-69d272583b49f\" class=\"header-single vertical-flex m0 image-bg  scrolled-no-hide parallax pt64 pb64\" style=\"\"><div  class=\"container vertical-flex-column item-content \"><div class=\"row\"><div class=\"standard-slide col-md-10 col-md-offset-1 col-sm-12 text-center\"><h1 class=\"heading-title-exbold\">People in alphabetical order<\/h1><div class=\"heading-content\"><\/div>\n                <\/div><\/div><\/div><script type=\"text\/javascript\">jQuery(document).ready(function(){jQuery('head').append('<style type=\"text\/css\" id=\"tlg-custom-css-single-69d272583b49f\">#single-69d272583b49f .background-content{transition:none;-webkit-transition:none;-moz-transition:none; background-repeat: no-repeat!important;background-size: auto!important;background-position: top center!important; }@media ( max-width: 600px ) {#single-69d272583b49f .background-content{ opacity:0.2; background-size: auto!important; } }#single-69d272583b49f h1{text-shadow:none;color:#ffffff!important;}<\/style>');});<\/script><\/section>[\/vc_column][\/vc_row][vc_row css=&#8220;.vc_custom_1605006367526{background-color: #f0f0f0 !important;}&#8220;][vc_column]<div class=\"headings-title\"><div class=\"mb72 mb16 mb-xs-40 text-center\"><h5  class=\"widgettitle mb0\">Univ.Prof. MMag Dr. ANTENHOFER, Christina<\/h5><\/div><\/div>[vc_column_text]<\/p>\n<div id=\"c1170042\" class=\"csc-default\">\n<ul class=\"content-list\">\n<li><a href=\"https:\/\/www.uni-salzburg.at\/index.php?id=23297&amp;L=0\"><strong>Contact<\/strong><\/a><\/li>\n<li><strong>Function<\/strong>s: Professor at the Department of History, Head of IZMF<\/li>\n<li><strong>DH-Institutions &amp; Networks: <\/strong><em>I<\/em><i>nventories Network<\/i> (FB History, Univ. Salzburg)<\/li>\n<li><strong>DH Core Competencies:<\/strong> Digital Edition, Databases (FileMaker)<\/li>\n<li><a href=\"https:\/\/uni-salzburg.elsevierpure.com\/de\/persons\/christina-antenhofer-4\" target=\"_blank\" rel=\"noopener\"><strong>Research activities<\/strong><\/a><\/li>\n<\/ul>\n<\/div>\n<p>[\/vc_column_text][\/vc_column][\/vc_row][vc_row][vc_column]<div class=\"headings-title\"><div class=\"mb72 mb16 mb-xs-40 text-center\"><h5  class=\"widgettitle mb0\">Mag. Dr. D\u00d6RING, Karoline<\/h5><\/div><\/div>[vc_column_text]<\/p>\n<div id=\"c1170134\" class=\"csc-default\">\n<div class=\"indent\">\n<ul class=\"content-list\">\n<li><a href=\"https:\/\/www.plus.ac.at\/geschichte\/der-fachbereich\/personen\/doring_karoline_dominika\/\" target=\"_blank\" rel=\"noopener\"><strong>Contact<\/strong><\/a><\/li>\n<li><strong>Functions<\/strong>: Coordinator for DH activities at the IZMF<\/li>\n<li><strong>DH institutions and networks:<\/strong> <a href=\"https:\/\/uni-salzburg.elsevierpure.com\/de\/persons\/karoline-dominika-d%C3%B6ring\" target=\"_blank\" rel=\"noopener\">Science blog \u2018Middle Ages. Interdisciplinary Research and Reception History\u2019<\/a>; Network <a href=\"https:\/\/offenesmittelalter.org\/\" target=\"_blank\" rel=\"noopener\">\u2018Open Middle Ages\u2019<\/a>; <a href=\"https:\/\/clariah.at\/en\/\" target=\"_blank\" rel=\"noopener\">CLARIAH-AT<\/a><\/li>\n<li><strong>DH Core Competencie<\/strong>s: Science blogging, science communication, networking<\/li>\n<li><a href=\"https:\/\/uni-salzburg.elsevierpure.com\/de\/persons\/karoline-dominika-d%C3%B6ring\" target=\"_blank\" rel=\"noopener\"><strong>Research activities<\/strong><\/a><\/li>\n<\/ul>\n<\/div>\n<\/div>\n<p>[\/vc_column_text][\/vc_column][\/vc_row][vc_row css=&#8220;.vc_custom_1605006293434{background-color: #f0f0f0 !important;}&#8220;][vc_column]<div class=\"headings-title\"><div class=\"mb72 mb16 mb-xs-40 text-center\"><h5  class=\"widgettitle mb0\">F\u00c4RBERB\u00d6CK, Peter, Bakk. techn. MA<\/h5><\/div><\/div>[vc_column_text]<\/p>\n<div class=\"indent\">\n<ul class=\"content-list\">\n<li><a href=\"https:\/\/www.imareal.sbg.ac.at\/team\/peter-faerberboeck\/\" target=\"_blank\" rel=\"noopener\"><strong>Contact<\/strong><\/a><\/li>\n<li><strong>Functions:\u00a0<\/strong>Senior Scientist at <a href=\"https:\/\/www.imareal.sbg.ac.at\/team\/isabella-nicka\/\" target=\"_blank\" rel=\"noopener\">IMAREAL<\/a>\/Department of History, Coordinator of the DH Working Group at IZMF, Project Team Member in the DHinfra Infrastructure Project, IT Support for Digital Humanities at IMAREAL<\/li>\n<li><strong>DH-Institutions &amp; Networks:\u00a0<\/strong>Member of the Games Working Group at DHd, member of the Applied Generative AI Working Group at DHd, member of the Tools &amp; Methods Working Group at CLARIAH-AT, Open Middle Ages Network<\/li>\n<li><strong>DH Core Competencies<\/strong>: Generative AI, data modelling with graph technologies, DH methods in game studies<br \/>\nResearch activities<\/li>\n<li><a href=\"https:\/\/uni-salzburg.elsevierpure.com\/de\/persons\/peter-f%C3%A4rberb%C3%B6ck\" target=\"_blank\" rel=\"noopener\"><strong>Research activities<\/strong><\/a><\/li>\n<\/ul>\n<\/div>\n<p>[\/vc_column_text][\/vc_column][\/vc_row][vc_row][vc_column]<div class=\"headings-title\"><div class=\"mb72 mb16 mb-xs-40 text-center\"><h5  class=\"widgettitle mb0\">Mag. Dr. NICKA, Isabella<\/h5><\/div><\/div>[vc_column_text]<\/p>\n<ul>\n<li><a href=\"https:\/\/www.imareal.sbg.ac.at\/team\/isabella-nicka\/\" target=\"_blank\" rel=\"noopener\"><strong>Contact<\/strong><\/a><\/li>\n<li><strong>Functions<\/strong>: Senior Scientist at <a href=\"https:\/\/www.imareal.sbg.ac.at\/\" target=\"_blank\" rel=\"noopener\">IMAREAL<\/a>\/Department of Art, Music and Dance Studies, History, Co-Project Manager <a href=\"https:\/\/www.imareal.sbg.ac.at\/projekte\/realonline\/\" target=\"_blank\" rel=\"noopener\">REALonline<\/a>, Co-Project Manager <a href=\"http:\/\/onama.sbg.ac.at\" target=\"_blank\" rel=\"noopener\">ONAMA<\/a><\/li>\n<li><strong>DH-Institutions &amp; Networks<\/strong>: AK Digital Art History, DArtHist Austria, AG Digital Medieval Studies, AG Graph Technologies<\/li>\n<li><strong>DH Core Competencies<\/strong>: Data modelling and visualisation with graph technologies | Image annotation | Analysis of medieval visual media as motif networks<\/li>\n<li><a href=\"https:\/\/uni-salzburg.elsevierpure.com\/de\/persons\/isabella-nicka-4\" target=\"_blank\" rel=\"noopener\"><strong>Research activities<\/strong><\/a><\/li>\n<\/ul>\n<p>[\/vc_column_text][\/vc_column][\/vc_row][vc_row css=&#8220;.vc_custom_1752061817238{background-color: #f0f0f0 !important;}&#8220;][vc_column]<div class=\"headings-title\"><div class=\"mb72 mb16 mb-xs-40 text-center\"><h5  class=\"widgettitle mb0\">Associate Professor Dr.-Ing. Sch\u00e4ler, Martin<\/h5><\/div><\/div>[vc_column_text]<\/p>\n<ul>\n<li><a href=\"https:\/\/dbresearch.uni-salzburg.at\/people\/schaeler\" target=\"_blank\" rel=\"noopener\"><strong>Contact<\/strong><\/a><\/li>\n<li><strong>Functions<\/strong>: Associate Professor in the Department of Computer Science<\/li>\n<li><strong>DH-Institutions &amp; Networks<\/strong>: <a href=\"https:\/\/eur05.safelinks.protection.outlook.com\/?url=https%3A%2F%2Fwww.dhinfra.at%2F&amp;data=05%7C02%7Ccornelia.herner%40plus.ac.at%7Ca45d7324228a4624b30108de3d55fd78%7C158a941a576e4e87993db2eab8526e50%7C1%7C0%7C639015636686226404%7CUnknown%7CTWFpbGZsb3d8eyJFbXB0eU1hcGkiOnRydWUsIlYiOiIwLjAuMDAwMCIsIlAiOiJXaW4zMiIsIkFOIjoiTWFpbCIsIldUIjoyfQ%3D%3D%7C0%7C%7C%7C&amp;sdata=x8Tbz8Z8p6ziRs8ydyMFrtZZsqIru6eZgTYd1%2F76F9I%3D&amp;reserved=0\">DHInfra Link<\/a>, Database Research Cluster (<a href=\"https:\/\/forschungsinfrastruktur.bmfwf.gv.at\/de\/fi\/database-research-cluster_3914\">https:\/\/forschungsinfrastruktur.bmfwf.gv.at\/de\/fi\/database-research-cluster_3914<\/a> &amp; <u><a id=\"OWAb40a24ee-b7bb-ac39-24c7-ca703e6be6ca\" class=\"OWAAutoLink\" title=\"https:\/\/eur05.safelinks.protection.outlook.com\/?url=https%3A%2F%2Fdbresearch.uni-salzburg.at%2Fcore-facility%2F&amp;data=05%7C02%7Ccornelia.herner%40plus.ac.at%7Ca45d7324228a4624b30108de3d55fd78%7C158a941a576e4e87993db2eab8526e50%7C1%7C0%7C639015636686261018%7CUnknown%7CTWFpbGZsb3d8eyJFbXB0eU1hcGkiOnRydWUsIlYiOiIwLjAuMDAwMCIsIlAiOiJXaW4zMiIsIkFOIjoiTWFpbCIsIldUIjoyfQ%3D%3D%7C0%7C%7C%7C&amp;sdata=ESN5jZtjZDKKqHt6a%2BYlrqwyNjvmCjsGu%2FwttjKgVzg%3D&amp;reserved=0\" contenteditable=\"false\" href=\"https:\/\/eur05.safelinks.protection.outlook.com\/?url=https%3A%2F%2Fdbresearch.uni-salzburg.at%2Fcore-facility%2F&amp;data=05%7C02%7Ccornelia.herner%40plus.ac.at%7Ca45d7324228a4624b30108de3d55fd78%7C158a941a576e4e87993db2eab8526e50%7C1%7C0%7C639015636686261018%7CUnknown%7CTWFpbGZsb3d8eyJFbXB0eU1hcGkiOnRydWUsIlYiOiIwLjAuMDAwMCIsIlAiOiJXaW4zMiIsIkFOIjoiTWFpbCIsIldUIjoyfQ%3D%3D%7C0%7C%7C%7C&amp;sdata=ESN5jZtjZDKKqHt6a%2BYlrqwyNjvmCjsGu%2FwttjKgVzg%3D&amp;reserved=0\">https:\/\/dbresearch.uni-salzburg.at\/core-facility\/<\/a>)<\/u><\/li>\n<li><strong>DH-Core Competencies<\/strong>: Data modeling, database optimization, computing and storage infrastructure<\/li>\n<li><a href=\"https:\/\/uni-salzburg.elsevierpure.com\/de\/persons\/martin-sch%C3%A4ler\" target=\"_blank\" rel=\"noopener\"><strong>Research activities<\/strong><\/a><\/li>\n<\/ul>\n<p>[\/vc_column_text][\/vc_column][\/vc_row][vc_row css=&#8220;.vc_custom_1751270364484{background-colour: #ffffff !important;}&#8220;][vc_column]<div class=\"headings-title\"><div class=\"mb72 mb16 mb-xs-40 text-center\"><h5  class=\"widgettitle mb0\">Dr. van Beek, Alan, MA<\/h5><\/div><\/div>[vc_column_text]<\/p>\n<ul>\n<li><a href=\"mailto:alan.van-beek@plus.ac.at\"><strong>Contact<\/strong><\/a><\/li>\n<li><strong>Functions<\/strong>: Senior Scientist at the Department of German Studies \/ MHDBDB<\/li>\n<li><strong>DH-Institutions &amp; Networks:<\/strong> Working Group <em data-start=\"46\" data-end=\"76\" data-is-only-node=\"\">Humanities and Digital Games<\/em>, German Higher Education Forum on Digitalization, DFG Network <em data-start=\"139\" data-end=\"157\">Open Middle Ages<\/em><\/li>\n<li><strong>DH-Core Competencies<\/strong>: Digital and data literacy, computational literary studies, research data management, science communicatio<\/li>\n<li><a href=\"https:\/\/uni-salzburg.elsevierpure.com\/de\/persons\/alan-van-beek\" target=\"_blank\" rel=\"noopener\"><strong>Research activities<\/strong><\/a><\/li>\n<\/ul>\n<p>[\/vc_column_text][\/vc_column][\/vc_row][vc_row css=&#8220;.vc_custom_1752061833793{background-color: #f0f0f0 !important;}&#8220;][vc_column]<div class=\"headings-title\"><div class=\"mb72 mb16 mb-xs-40 text-center\"><h5  class=\"widgettitle mb0\">Zangerl, Lina Maria, MA<\/h5><\/div><\/div>[vc_column_text]<\/p>\n<ul>\n<li><a href=\"https:\/\/www.plus.ac.at\/literaturarchiv-salzburg\/das-literaturarchiv\/team\/\" target=\"_blank\" rel=\"noopener\"><strong>Contact<\/strong><\/a><\/li>\n<li><strong>Functions<\/strong>: Senior Scientist at the Stefan Zweig Haus | Literary Archive Salzburg, Head of the DH-project <a title=\"https:\/\/eur05.safelinks.protection.outlook.com\/?url=http%3A%2F%2Fwww.stefanzweig.digital%2F&amp;data=05%7C02%7Ccornelia.herner%40plus.ac.at%7Cd0445ddfaed94523f23508de3bc2334c%7C158a941a576e4e87993db2eab8526e50%7C1%7C0%7C639013902436223366%7CUnknown%7CTWFpbGZsb3d8eyJFbXB0eU1hcGkiOnRydWUsIlYiOiIwLjAuMDAwMCIsIlAiOiJXaW4zMiIsIkFOIjoiTWFpbCIsIldUIjoyfQ%3D%3D%7C0%7C%7C%7C&amp;sdata=h7QeEWQ7XwmPUXdkcWihzrJDA1xZ16CMI9b8ralSeRA%3D&amp;reserved=0\" contenteditable=\"false\" href=\"https:\/\/eur05.safelinks.protection.outlook.com\/?url=http%3A%2F%2Fwww.stefanzweig.digital%2F&amp;data=05%7C02%7Ccornelia.herner%40plus.ac.at%7Cd0445ddfaed94523f23508de3bc2334c%7C158a941a576e4e87993db2eab8526e50%7C1%7C0%7C639013902436223366%7CUnknown%7CTWFpbGZsb3d8eyJFbXB0eU1hcGkiOnRydWUsIlYiOiIwLjAuMDAwMCIsIlAiOiJXaW4zMiIsIkFOIjoiTWFpbCIsIldUIjoyfQ%3D%3D%7C0%7C%7C%7C&amp;sdata=h7QeEWQ7XwmPUXdkcWihzrJDA1xZ16CMI9b8ralSeRA%3D&amp;reserved=0\">www.stefanzweig.digital<\/a><\/li>\n<li><strong>DH-Institutions &amp; Networks:<\/strong> Member of the <i>Competence Network Digital Edition<\/i><em>\u00a0<\/em>(<a href=\"https:\/\/www.digitale-edition.at\/\">KONDE<\/a>),\u00a0<a href=\"https:\/\/clariah.at\/de\/\">CLARIAH-AT<\/a><\/li>\n<li><strong>DH-Core Competencies:<\/strong> <span style=\"font-size: 1rem;\">Virtual estate reconstruction, data management, interface between Digital Humanities (DH) and GLAM institutions<\/span><\/li>\n<li><a href=\"https:\/\/uni-salzburg.elsevierpure.com\/de\/persons\/lina-maria-zangerl-4\" target=\"_blank\" rel=\"noopener\"><strong>Research activities<\/strong><\/a><\/li>\n<\/ul>\n<p>[\/vc_column_text][\/vc_column][\/vc_row][vc_row][vc_column]<div class=\"headings-title\"><div class=\"mb72 mb16 mb-xs-40 text-center\"><h5  class=\"widgettitle mb0\">Mag. Dr. ZEPPEZAUER-WACHAUER, Katharina, MA<\/h5><\/div><\/div>[vc_column_text]<\/p>\n<ul>\n<li><a href=\"https:\/\/www.uni-salzburg.at\/index.php?id=64505\"><strong>Contact<\/strong><\/a><\/li>\n<li><strong>Functions: <\/strong>Coordinator of the <a href=\"https:\/\/www.uni-salzburg.at\/index.php?id=75\">MHDBDB<\/a>, Senior Scientist at the Department of German Studies, representative of the University of Salzburg at the infrastructure consortium <a href=\"https:\/\/digital-humanities.at\/en\/dha\/clariah-at\">CLARIAH-AT<\/a>, coordinator of the project <a href=\"http:\/\/onama.sbg.ac.at\/\">ONAMA<\/a>, coordinator of the<i> AG DH at the <\/i>IZMF, member of the development team of <a href=\"https:\/\/dhplus.sbg.ac.at\/\">dhPLUS<\/a> (DH repository of Univ. Salzburg)<\/li>\n<li><strong>DH-Institutions and Networks: <\/strong>Member of <em>Digi<\/em><i>tal Humanities Austria <\/i>(<a href=\"https:\/\/digital-humanities.at\/de\">DHA<\/a>), Member of the Steering Board of <a href=\"https:\/\/digital-humanities.at\/en\/dha\/clariah-at\">CLARIAH-AT<\/a>, Member of the <i>Competence Network Digital Edition<\/i> (<a class=\"extlink\" tabindex=\"438\" title=\"Link to external page\" href=\"http:\/\/www.digitale-edition.at\/\" target=\"_blank\" rel=\"noopener noreferrer\">KONDE<\/a>)<\/li>\n<li><strong>DH Core Competencies<\/strong>: Semantic Text Annotation (TEI and Stand-off Markup, Ontologies), Linked Open Data Strategies<\/li>\n<li><a href=\"https:\/\/uni-salzburg.elsevierpure.com\/de\/persons\/katharina-zeppezauer-wachauer-4\" target=\"_blank\" rel=\"noopener\"><strong>Research activities<\/strong><\/a><\/li>\n<\/ul>\n<p>[\/vc_column_text][\/vc_column][\/vc_row]<\/p>\n<\/section>","protected":false},"excerpt":{"rendered":"<p>[vc_row][vc_column][vc_column_text] Cooperation and multidisciplinarity are important keywords for the IZMF. Digital Humanities bring together scientists, include&#8230;<\/p>\n","protected":false},"author":3,"featured_media":0,"parent":0,"menu_order":0,"comment_status":"closed","ping_status":"closed","template":"","meta":{"_bbp_topic_count":0,"_bbp_reply_count":0,"_bbp_total_topic_count":0,"_bbp_total_reply_count":0,"_bbp_voice_count":0,"_bbp_anonymous_reply_count":0,"_bbp_topic_count_hidden":0,"_bbp_reply_count_hidden":0,"_bbp_forum_subforum_count":0},"yoast_head":"<!-- This site is optimized with the Yoast SEO plugin v20.2.1 - https:\/\/yoast.com\/wordpress\/plugins\/seo\/ -->\n<title>People &amp; Networks - IZMF - Interdisziplin\u00e4res Zentrum f\u00fcr Mittelalter und Fr\u00fchneuzeit<\/title>\n<meta name=\"robots\" content=\"index, follow, max-snippet:-1, max-image-preview:large, max-video-preview:-1\" \/>\n<link rel=\"canonical\" href=\"https:\/\/geschichte-studium.at\/izmf\/en\/person-networks\/\" \/>\n<meta property=\"og:locale\" content=\"de_DE\" \/>\n<meta property=\"og:type\" content=\"article\" \/>\n<meta property=\"og:title\" content=\"People &amp; Networks - IZMF - Interdisziplin\u00e4res Zentrum f\u00fcr Mittelalter und Fr\u00fchneuzeit\" \/>\n<meta property=\"og:description\" content=\"[vc_row][vc_column][vc_column_text] Cooperation and multidisciplinarity are important keywords for the IZMF. Digital Humanities bring together scientists, include...\" \/>\n<meta property=\"og:url\" content=\"https:\/\/geschichte-studium.at\/izmf\/en\/person-networks\/\" \/>\n<meta property=\"og:site_name\" content=\"IZMF - Interdisziplin\u00e4res Zentrum f\u00fcr Mittelalter und Fr\u00fchneuzeit\" \/>\n<meta property=\"article:modified_time\" content=\"2025-12-18T13:42:20+00:00\" \/>\n<meta name=\"twitter:card\" content=\"summary_large_image\" \/>\n<meta name=\"twitter:label1\" content=\"Gesch\u00e4tzte Lesezeit\" \/>\n\t<meta name=\"twitter:data1\" content=\"4\u00a0Minuten\" \/>\n<script type=\"application\/ld+json\" class=\"yoast-schema-graph\">{\"@context\":\"https:\/\/schema.org\",\"@graph\":[{\"@type\":\"WebPage\",\"@id\":\"https:\/\/geschichte-studium.at\/izmf\/en\/person-networks\/\",\"url\":\"https:\/\/geschichte-studium.at\/izmf\/en\/person-networks\/\",\"name\":\"People &amp; Networks - IZMF - Interdisziplin\u00e4res Zentrum f\u00fcr Mittelalter und Fr\u00fchneuzeit\",\"isPartOf\":{\"@id\":\"https:\/\/geschichte-studium.at\/izmf\/#website\"},\"datePublished\":\"2020-09-29T11:29:01+00:00\",\"dateModified\":\"2025-12-18T13:42:20+00:00\",\"breadcrumb\":{\"@id\":\"https:\/\/geschichte-studium.at\/izmf\/en\/person-networks\/#breadcrumb\"},\"inLanguage\":\"de\",\"potentialAction\":[{\"@type\":\"ReadAction\",\"target\":[\"https:\/\/geschichte-studium.at\/izmf\/en\/person-networks\/\"]}]},{\"@type\":\"BreadcrumbList\",\"@id\":\"https:\/\/geschichte-studium.at\/izmf\/en\/person-networks\/#breadcrumb\",\"itemListElement\":[{\"@type\":\"ListItem\",\"position\":1,\"name\":\"Startseite\",\"item\":\"https:\/\/izmf-salzburg.at\/\"},{\"@type\":\"ListItem\",\"position\":2,\"name\":\"People &amp; Networks\"}]},{\"@type\":\"WebSite\",\"@id\":\"https:\/\/geschichte-studium.at\/izmf\/#website\",\"url\":\"https:\/\/geschichte-studium.at\/izmf\/\",\"name\":\"IZMF - Interdisziplin\u00e4res Zentrum f\u00fcr Mittelalter und Fr\u00fchneuzeit\",\"description\":\"\",\"publisher\":{\"@id\":\"https:\/\/geschichte-studium.at\/izmf\/#organization\"},\"potentialAction\":[{\"@type\":\"SearchAction\",\"target\":{\"@type\":\"EntryPoint\",\"urlTemplate\":\"https:\/\/geschichte-studium.at\/izmf\/?s={search_term_string}\"},\"query-input\":\"required name=search_term_string\"}],\"inLanguage\":\"de\"},{\"@type\":\"Organization\",\"@id\":\"https:\/\/geschichte-studium.at\/izmf\/#organization\",\"name\":\"IZMF - Interdisziplin\u00e4res Zentrum f\u00fcr Mittelalter und Fr\u00fchneuzeit\",\"url\":\"https:\/\/geschichte-studium.at\/izmf\/\",\"logo\":{\"@type\":\"ImageObject\",\"inLanguage\":\"de\",\"@id\":\"https:\/\/geschichte-studium.at\/izmf\/#\/schema\/logo\/image\/\",\"url\":\"https:\/\/izmf-salzburg.at\/wp-content\/uploads\/2020\/03\/LOGO_IZMF-1.png\",\"contentUrl\":\"https:\/\/izmf-salzburg.at\/wp-content\/uploads\/2020\/03\/LOGO_IZMF-1.png\",\"width\":2525,\"height\":1495,\"caption\":\"IZMF - Interdisziplin\u00e4res Zentrum f\u00fcr Mittelalter und Fr\u00fchneuzeit\"},\"image\":{\"@id\":\"https:\/\/geschichte-studium.at\/izmf\/#\/schema\/logo\/image\/\"},\"sameAs\":[\"https:\/\/www.instagram.com\/izmfunisalzburg\/\"]}]}<\/script>\n<!-- \/ Yoast SEO plugin. -->","yoast_head_json":{"title":"People &amp; Networks - IZMF - Interdisziplin\u00e4res Zentrum f\u00fcr Mittelalter und Fr\u00fchneuzeit","robots":{"index":"index","follow":"follow","max-snippet":"max-snippet:-1","max-image-preview":"max-image-preview:large","max-video-preview":"max-video-preview:-1"},"canonical":"https:\/\/geschichte-studium.at\/izmf\/en\/person-networks\/","og_locale":"de_DE","og_type":"article","og_title":"People &amp; Networks - IZMF - Interdisziplin\u00e4res Zentrum f\u00fcr Mittelalter und Fr\u00fchneuzeit","og_description":"[vc_row][vc_column][vc_column_text] Cooperation and multidisciplinarity are important keywords for the IZMF. Digital Humanities bring together scientists, include...","og_url":"https:\/\/geschichte-studium.at\/izmf\/en\/person-networks\/","og_site_name":"IZMF - Interdisziplin\u00e4res Zentrum f\u00fcr Mittelalter und Fr\u00fchneuzeit","article_modified_time":"2025-12-18T13:42:20+00:00","twitter_card":"summary_large_image","twitter_misc":{"Gesch\u00e4tzte Lesezeit":"4\u00a0Minuten"},"schema":{"@context":"https:\/\/schema.org","@graph":[{"@type":"WebPage","@id":"https:\/\/geschichte-studium.at\/izmf\/en\/person-networks\/","url":"https:\/\/geschichte-studium.at\/izmf\/en\/person-networks\/","name":"People &amp; Networks - IZMF - Interdisziplin\u00e4res Zentrum f\u00fcr Mittelalter und Fr\u00fchneuzeit","isPartOf":{"@id":"https:\/\/geschichte-studium.at\/izmf\/#website"},"datePublished":"2020-09-29T11:29:01+00:00","dateModified":"2025-12-18T13:42:20+00:00","breadcrumb":{"@id":"https:\/\/geschichte-studium.at\/izmf\/en\/person-networks\/#breadcrumb"},"inLanguage":"de","potentialAction":[{"@type":"ReadAction","target":["https:\/\/geschichte-studium.at\/izmf\/en\/person-networks\/"]}]},{"@type":"BreadcrumbList","@id":"https:\/\/geschichte-studium.at\/izmf\/en\/person-networks\/#breadcrumb","itemListElement":[{"@type":"ListItem","position":1,"name":"Startseite","item":"https:\/\/izmf-salzburg.at\/"},{"@type":"ListItem","position":2,"name":"People &amp; Networks"}]},{"@type":"WebSite","@id":"https:\/\/geschichte-studium.at\/izmf\/#website","url":"https:\/\/geschichte-studium.at\/izmf\/","name":"IZMF - Interdisziplin\u00e4res Zentrum f\u00fcr Mittelalter und Fr\u00fchneuzeit","description":"","publisher":{"@id":"https:\/\/geschichte-studium.at\/izmf\/#organization"},"potentialAction":[{"@type":"SearchAction","target":{"@type":"EntryPoint","urlTemplate":"https:\/\/geschichte-studium.at\/izmf\/?s={search_term_string}"},"query-input":"required name=search_term_string"}],"inLanguage":"de"},{"@type":"Organization","@id":"https:\/\/geschichte-studium.at\/izmf\/#organization","name":"IZMF - Interdisziplin\u00e4res Zentrum f\u00fcr Mittelalter und Fr\u00fchneuzeit","url":"https:\/\/geschichte-studium.at\/izmf\/","logo":{"@type":"ImageObject","inLanguage":"de","@id":"https:\/\/geschichte-studium.at\/izmf\/#\/schema\/logo\/image\/","url":"https:\/\/izmf-salzburg.at\/wp-content\/uploads\/2020\/03\/LOGO_IZMF-1.png","contentUrl":"https:\/\/izmf-salzburg.at\/wp-content\/uploads\/2020\/03\/LOGO_IZMF-1.png","width":2525,"height":1495,"caption":"IZMF - Interdisziplin\u00e4res Zentrum f\u00fcr Mittelalter und Fr\u00fchneuzeit"},"image":{"@id":"https:\/\/geschichte-studium.at\/izmf\/#\/schema\/logo\/image\/"},"sameAs":["https:\/\/www.instagram.com\/izmfunisalzburg\/"]}]}},"_links":{"self":[{"href":"https:\/\/geschichte-studium.at\/izmf\/wp-json\/wp\/v2\/pages\/5087"}],"collection":[{"href":"https:\/\/geschichte-studium.at\/izmf\/wp-json\/wp\/v2\/pages"}],"about":[{"href":"https:\/\/geschichte-studium.at\/izmf\/wp-json\/wp\/v2\/types\/page"}],"author":[{"embeddable":true,"href":"https:\/\/geschichte-studium.at\/izmf\/wp-json\/wp\/v2\/users\/3"}],"replies":[{"embeddable":true,"href":"https:\/\/geschichte-studium.at\/izmf\/wp-json\/wp\/v2\/comments?post=5087"}],"version-history":[{"count":14,"href":"https:\/\/geschichte-studium.at\/izmf\/wp-json\/wp\/v2\/pages\/5087\/revisions"}],"predecessor-version":[{"id":7484,"href":"https:\/\/geschichte-studium.at\/izmf\/wp-json\/wp\/v2\/pages\/5087\/revisions\/7484"}],"wp:attachment":[{"href":"https:\/\/geschichte-studium.at\/izmf\/wp-json\/wp\/v2\/media?parent=5087"}],"curies":[{"name":"wp","href":"https:\/\/api.w.org\/{rel}","templated":true}]}}