{"id":5063,"date":"2020-09-29T13:04:12","date_gmt":"2020-09-29T11:04:12","guid":{"rendered":"https:\/\/izmf.sbg.ac.at\/?page_id=4622"},"modified":"2025-06-24T12:32:44","modified_gmt":"2025-06-24T10:32:44","slug":"digital-humanities-at-izmf","status":"publish","type":"page","link":"https:\/\/geschichte-studium.at\/izmf\/en\/digital-humanities-at-izmf\/","title":{"rendered":"Digital Humanities"},"content":{"rendered":"<section class=\"wpb-content-wrapper\"><p>[vc_row][vc_column][vc_column_text]The IZMF offers researchers engaged in digital humanities a platform to exchange interests and experience, to cooperate in interdisciplinary research initiatives and to support third-party acquisitions.<\/p>\n<p>With the integration of the <strong>Institute for Medieval and Early Modern Material Culture (<\/strong><a href=\"http:\/\/www.imareal.sbg.ac.at\"><strong>IMAREAL<\/strong><\/a><strong>) <\/strong>in Krems in 2012 and the <strong>\u201cMiddle High German Conceptual Database\u201d (<\/strong><a href=\"https:\/\/www.uni-salzburg.at\/index.php?id=75\"><strong>MHDBDB<\/strong><\/a><strong>)<\/strong> supervised by the University of Salzburg since 2004 and incorporated in 2016, the focus of Digital Humanities is based on two research institutions that are experienced in digital applications. New initiatives, events and expanded teaching facilities are constantly being launched with the aim of promoting digital humanites on all levels.<\/p>\n<p>For further information see the <a href=\"https:\/\/izmf-salzburg.at\/digital-humanities-am-izmf\/\"><strong>german version of this site<\/strong><\/a>.[\/vc_column_text][\/vc_column][\/vc_row]<\/p>\n<\/section>","protected":false},"excerpt":{"rendered":"<p>[vc_row][vc_column][vc_column_text]The IZMF offers researchers engaged in digital humanities a platform to exchange interests and experience, to&#8230;<\/p>\n","protected":false},"author":3,"featured_media":0,"parent":0,"menu_order":0,"comment_status":"closed","ping_status":"closed","template":"","meta":{"_bbp_topic_count":0,"_bbp_reply_count":0,"_bbp_total_topic_count":0,"_bbp_total_reply_count":0,"_bbp_voice_count":0,"_bbp_anonymous_reply_count":0,"_bbp_topic_count_hidden":0,"_bbp_reply_count_hidden":0,"_bbp_forum_subforum_count":0},"yoast_head":"<!-- This site is optimized with the Yoast SEO plugin v20.2.1 - https:\/\/yoast.com\/wordpress\/plugins\/seo\/ -->\n<title>Digital Humanities - IZMF - Interdisziplin\u00e4res Zentrum f\u00fcr Mittelalter und Fr\u00fchneuzeit<\/title>\n<meta name=\"robots\" content=\"index, follow, max-snippet:-1, max-image-preview:large, max-video-preview:-1\" \/>\n<link rel=\"canonical\" href=\"https:\/\/geschichte-studium.at\/izmf\/en\/digital-humanities-at-izmf\/\" \/>\n<meta property=\"og:locale\" content=\"de_DE\" \/>\n<meta property=\"og:type\" content=\"article\" \/>\n<meta property=\"og:title\" content=\"Digital Humanities - IZMF - Interdisziplin\u00e4res Zentrum f\u00fcr Mittelalter und Fr\u00fchneuzeit\" \/>\n<meta property=\"og:description\" content=\"[vc_row][vc_column][vc_column_text]The IZMF offers researchers engaged in digital humanities a platform to exchange interests and experience, to...\" \/>\n<meta property=\"og:url\" content=\"https:\/\/geschichte-studium.at\/izmf\/en\/digital-humanities-at-izmf\/\" \/>\n<meta property=\"og:site_name\" content=\"IZMF - Interdisziplin\u00e4res Zentrum f\u00fcr Mittelalter und Fr\u00fchneuzeit\" \/>\n<meta property=\"article:modified_time\" content=\"2025-06-24T10:32:44+00:00\" \/>\n<meta name=\"twitter:card\" content=\"summary_large_image\" \/>\n<meta name=\"twitter:label1\" content=\"Gesch\u00e4tzte Lesezeit\" \/>\n\t<meta name=\"twitter:data1\" content=\"1\u00a0Minute\" \/>\n<script type=\"application\/ld+json\" class=\"yoast-schema-graph\">{\"@context\":\"https:\/\/schema.org\",\"@graph\":[{\"@type\":\"WebPage\",\"@id\":\"https:\/\/geschichte-studium.at\/izmf\/en\/digital-humanities-at-izmf\/\",\"url\":\"https:\/\/geschichte-studium.at\/izmf\/en\/digital-humanities-at-izmf\/\",\"name\":\"Digital Humanities - IZMF - Interdisziplin\u00e4res Zentrum f\u00fcr Mittelalter und Fr\u00fchneuzeit\",\"isPartOf\":{\"@id\":\"https:\/\/geschichte-studium.at\/izmf\/#website\"},\"datePublished\":\"2020-09-29T11:04:12+00:00\",\"dateModified\":\"2025-06-24T10:32:44+00:00\",\"breadcrumb\":{\"@id\":\"https:\/\/geschichte-studium.at\/izmf\/en\/digital-humanities-at-izmf\/#breadcrumb\"},\"inLanguage\":\"de\",\"potentialAction\":[{\"@type\":\"ReadAction\",\"target\":[\"https:\/\/geschichte-studium.at\/izmf\/en\/digital-humanities-at-izmf\/\"]}]},{\"@type\":\"BreadcrumbList\",\"@id\":\"https:\/\/geschichte-studium.at\/izmf\/en\/digital-humanities-at-izmf\/#breadcrumb\",\"itemListElement\":[{\"@type\":\"ListItem\",\"position\":1,\"name\":\"Startseite\",\"item\":\"https:\/\/izmf-salzburg.at\/\"},{\"@type\":\"ListItem\",\"position\":2,\"name\":\"Digital Humanities\"}]},{\"@type\":\"WebSite\",\"@id\":\"https:\/\/geschichte-studium.at\/izmf\/#website\",\"url\":\"https:\/\/geschichte-studium.at\/izmf\/\",\"name\":\"IZMF - Interdisziplin\u00e4res Zentrum f\u00fcr Mittelalter und Fr\u00fchneuzeit\",\"description\":\"\",\"publisher\":{\"@id\":\"https:\/\/geschichte-studium.at\/izmf\/#organization\"},\"potentialAction\":[{\"@type\":\"SearchAction\",\"target\":{\"@type\":\"EntryPoint\",\"urlTemplate\":\"https:\/\/geschichte-studium.at\/izmf\/?s={search_term_string}\"},\"query-input\":\"required name=search_term_string\"}],\"inLanguage\":\"de\"},{\"@type\":\"Organization\",\"@id\":\"https:\/\/geschichte-studium.at\/izmf\/#organization\",\"name\":\"IZMF - Interdisziplin\u00e4res Zentrum f\u00fcr Mittelalter und Fr\u00fchneuzeit\",\"url\":\"https:\/\/geschichte-studium.at\/izmf\/\",\"logo\":{\"@type\":\"ImageObject\",\"inLanguage\":\"de\",\"@id\":\"https:\/\/geschichte-studium.at\/izmf\/#\/schema\/logo\/image\/\",\"url\":\"https:\/\/izmf-salzburg.at\/wp-content\/uploads\/2020\/03\/LOGO_IZMF-1.png\",\"contentUrl\":\"https:\/\/izmf-salzburg.at\/wp-content\/uploads\/2020\/03\/LOGO_IZMF-1.png\",\"width\":2525,\"height\":1495,\"caption\":\"IZMF - Interdisziplin\u00e4res Zentrum f\u00fcr Mittelalter und Fr\u00fchneuzeit\"},\"image\":{\"@id\":\"https:\/\/geschichte-studium.at\/izmf\/#\/schema\/logo\/image\/\"},\"sameAs\":[\"https:\/\/www.instagram.com\/izmfunisalzburg\/\"]}]}<\/script>\n<!-- \/ Yoast SEO plugin. -->","yoast_head_json":{"title":"Digital Humanities - IZMF - Interdisziplin\u00e4res Zentrum f\u00fcr Mittelalter und Fr\u00fchneuzeit","robots":{"index":"index","follow":"follow","max-snippet":"max-snippet:-1","max-image-preview":"max-image-preview:large","max-video-preview":"max-video-preview:-1"},"canonical":"https:\/\/geschichte-studium.at\/izmf\/en\/digital-humanities-at-izmf\/","og_locale":"de_DE","og_type":"article","og_title":"Digital Humanities - IZMF - Interdisziplin\u00e4res Zentrum f\u00fcr Mittelalter und Fr\u00fchneuzeit","og_description":"[vc_row][vc_column][vc_column_text]The IZMF offers researchers engaged in digital humanities a platform to exchange interests and experience, to...","og_url":"https:\/\/geschichte-studium.at\/izmf\/en\/digital-humanities-at-izmf\/","og_site_name":"IZMF - Interdisziplin\u00e4res Zentrum f\u00fcr Mittelalter und Fr\u00fchneuzeit","article_modified_time":"2025-06-24T10:32:44+00:00","twitter_card":"summary_large_image","twitter_misc":{"Gesch\u00e4tzte Lesezeit":"1\u00a0Minute"},"schema":{"@context":"https:\/\/schema.org","@graph":[{"@type":"WebPage","@id":"https:\/\/geschichte-studium.at\/izmf\/en\/digital-humanities-at-izmf\/","url":"https:\/\/geschichte-studium.at\/izmf\/en\/digital-humanities-at-izmf\/","name":"Digital Humanities - IZMF - Interdisziplin\u00e4res Zentrum f\u00fcr Mittelalter und Fr\u00fchneuzeit","isPartOf":{"@id":"https:\/\/geschichte-studium.at\/izmf\/#website"},"datePublished":"2020-09-29T11:04:12+00:00","dateModified":"2025-06-24T10:32:44+00:00","breadcrumb":{"@id":"https:\/\/geschichte-studium.at\/izmf\/en\/digital-humanities-at-izmf\/#breadcrumb"},"inLanguage":"de","potentialAction":[{"@type":"ReadAction","target":["https:\/\/geschichte-studium.at\/izmf\/en\/digital-humanities-at-izmf\/"]}]},{"@type":"BreadcrumbList","@id":"https:\/\/geschichte-studium.at\/izmf\/en\/digital-humanities-at-izmf\/#breadcrumb","itemListElement":[{"@type":"ListItem","position":1,"name":"Startseite","item":"https:\/\/izmf-salzburg.at\/"},{"@type":"ListItem","position":2,"name":"Digital Humanities"}]},{"@type":"WebSite","@id":"https:\/\/geschichte-studium.at\/izmf\/#website","url":"https:\/\/geschichte-studium.at\/izmf\/","name":"IZMF - Interdisziplin\u00e4res Zentrum f\u00fcr Mittelalter und Fr\u00fchneuzeit","description":"","publisher":{"@id":"https:\/\/geschichte-studium.at\/izmf\/#organization"},"potentialAction":[{"@type":"SearchAction","target":{"@type":"EntryPoint","urlTemplate":"https:\/\/geschichte-studium.at\/izmf\/?s={search_term_string}"},"query-input":"required name=search_term_string"}],"inLanguage":"de"},{"@type":"Organization","@id":"https:\/\/geschichte-studium.at\/izmf\/#organization","name":"IZMF - Interdisziplin\u00e4res Zentrum f\u00fcr Mittelalter und Fr\u00fchneuzeit","url":"https:\/\/geschichte-studium.at\/izmf\/","logo":{"@type":"ImageObject","inLanguage":"de","@id":"https:\/\/geschichte-studium.at\/izmf\/#\/schema\/logo\/image\/","url":"https:\/\/izmf-salzburg.at\/wp-content\/uploads\/2020\/03\/LOGO_IZMF-1.png","contentUrl":"https:\/\/izmf-salzburg.at\/wp-content\/uploads\/2020\/03\/LOGO_IZMF-1.png","width":2525,"height":1495,"caption":"IZMF - Interdisziplin\u00e4res Zentrum f\u00fcr Mittelalter und Fr\u00fchneuzeit"},"image":{"@id":"https:\/\/geschichte-studium.at\/izmf\/#\/schema\/logo\/image\/"},"sameAs":["https:\/\/www.instagram.com\/izmfunisalzburg\/"]}]}},"_links":{"self":[{"href":"https:\/\/geschichte-studium.at\/izmf\/wp-json\/wp\/v2\/pages\/5063"}],"collection":[{"href":"https:\/\/geschichte-studium.at\/izmf\/wp-json\/wp\/v2\/pages"}],"about":[{"href":"https:\/\/geschichte-studium.at\/izmf\/wp-json\/wp\/v2\/types\/page"}],"author":[{"embeddable":true,"href":"https:\/\/geschichte-studium.at\/izmf\/wp-json\/wp\/v2\/users\/3"}],"replies":[{"embeddable":true,"href":"https:\/\/geschichte-studium.at\/izmf\/wp-json\/wp\/v2\/comments?post=5063"}],"version-history":[{"count":6,"href":"https:\/\/geschichte-studium.at\/izmf\/wp-json\/wp\/v2\/pages\/5063\/revisions"}],"predecessor-version":[{"id":7276,"href":"https:\/\/geschichte-studium.at\/izmf\/wp-json\/wp\/v2\/pages\/5063\/revisions\/7276"}],"wp:attachment":[{"href":"https:\/\/geschichte-studium.at\/izmf\/wp-json\/wp\/v2\/media?parent=5063"}],"curies":[{"name":"wp","href":"https:\/\/api.w.org\/{rel}","templated":true}]}}