{"id":5059,"date":"2020-09-29T12:54:29","date_gmt":"2020-09-29T10:54:29","guid":{"rendered":"https:\/\/izmf.sbg.ac.at\/?page_id=4617"},"modified":"2024-02-06T09:27:00","modified_gmt":"2024-02-06T08:27:00","slug":"topic","status":"publish","type":"page","link":"https:\/\/geschichte-studium.at\/izmf\/en\/topic\/","title":{"rendered":"Topic"},"content":{"rendered":"<section class=\"wpb-content-wrapper\"><p>[vc_row][vc_column][vc_column_text]<img decoding=\"async\" class=\"aligncenter lazy-loaded\" src=\"https:\/\/virma.hypotheses.org\/files\/2022\/11\/Logo-Virma-RGB.jpg\" data-lazy-type=\"image\" data-src=\"https:\/\/virma.hypotheses.org\/files\/2022\/11\/Logo-Virma-RGB.jpg\" \/><\/p>\n<p>Taking approaches drawn from cultural studies and particularly from new cultural history, the network Materiality and Virtuality is dedicated to an interdisciplinary historically and anthropologically focused understanding of the interdependencies between virtual and material realities. Materiality and virtuality do not form an irreconcilable, binary opposition; rather, in our view, it is their productive interaction that produces the texture of meanings from which \u201crealities\u201d are made.<\/p>\n<p>We assume that people generate culture in ever new processes of negotiation in the interplay of virtuality and materiality: Be it because cultural imprints are only ideationally available and order, filter, or shape human perceptions of the physical world, or, on the other hand, these ordering performances in everyday interaction with materiality decisively shape virtually generated ideas.<\/p>\n<p>We proceed from the hypothesis that the mechanisms of productive entanglement of materiality and virtuality become particularly evident in times of intensified change, which are often experienced as times of crisis. Therefore, we are interested in two periods of fundamental transformations: the transition from the Middle Ages to the early modern period and the changes of the late 20th and early 21st century.<\/p>\n<p>The aim of our network is to conduct cross-cultural, interdisciplinary research on reciprocal interaction between materiality and virtuality and the associated fields of conflict. Our methodological goal is to develop methods and tools for working with material and immaterial sources, to generate innovations in disciplinary engagement with virtual research data, and to develop models for testing the usability of these configurations.<\/p>\n<figure class=\"wp-block-image size-large\"><img decoding=\"async\" loading=\"lazy\" class=\"wp-image-66 lazy-loaded\" src=\"https:\/\/virma.hypotheses.org\/files\/2022\/11\/logoleiste-500x76.jpg\" sizes=\"(max-width: 500px) 100vw, 500px\" srcset=\"https:\/\/virma.hypotheses.org\/files\/2022\/11\/logoleiste-500x76.jpg 500w, https:\/\/virma.hypotheses.org\/files\/2022\/11\/logoleiste-300x46.jpg 300w, https:\/\/virma.hypotheses.org\/files\/2022\/11\/logoleiste-768x117.jpg 768w, https:\/\/virma.hypotheses.org\/files\/2022\/11\/logoleiste-1536x234.jpg 1536w, https:\/\/virma.hypotheses.org\/files\/2022\/11\/logoleiste-2048x312.jpg 2048w, https:\/\/virma.hypotheses.org\/files\/2022\/11\/logoleiste-1568x239.jpg 1568w\" alt=\"\" width=\"500\" height=\"76\" data-lazy-type=\"image\" data-src=\"https:\/\/virma.hypotheses.org\/files\/2022\/11\/logoleiste-500x76.jpg\" data-srcset=\"\" \/><\/figure>\n<hr class=\"wp-block-separator has-alpha-channel-opacity\" \/>\n<h2 class=\"wp-block-heading\">Researcher<\/h2>\n<p>Univ.-Prof. Mag. Dr.\u00a0<a href=\"https:\/\/www.plus.ac.at\/geschichte\/der-fachbereich\/personen\/antenhofer-christina\" target=\"_blank\" rel=\"noreferrer noopener\">Christina Antenhofer<\/a><a href=\"https:\/\/www.plus.ac.at\/geschichte\/der-fachbereich\/personen\/antenhofer-christina\/\" target=\"_blank\" rel=\"noreferrer noopener\">\u00a0<\/a>| University of Salzburg<\/p>\n<p>Dr.<a href=\"https:\/\/www.imareal.sbg.ac.at\/team\/elisabeth-gruber\/\" target=\"_blank\" rel=\"noreferrer noopener\">\u00a0Gruber Elisabeth<\/a>\u00a0| University of Salzburg<\/p>\n<p>Univ.-Prof. Dr.\u00a0<a href=\"https:\/\/www.plus.ac.at\/geschichte\/der-fachbereich\/personen\/kuehberger-christoph\/\" target=\"_blank\" rel=\"noreferrer noopener\">K\u00fchberger Christoph<\/a>\u00a0| University of Salzburg<\/p>\n<p>Univ.-Prof. Dr.\u00a0<a href=\"https:\/\/www.plus.ac.at\/germanistik\/der-fachbereich\/mitarbeiterinnen\/kern-manfred\/\" target=\"_blank\" rel=\"noreferrer noopener\">Kern Manfred<\/a>\u00a0| University of Salzburg<\/p>\n<p>Univ.-Prof. Dr.\u00a0<a href=\"https:\/\/www.plus.ac.at\/geschichte\/der-fachbereich\/personen\/strohmeyer-arno\/\" target=\"_blank\" rel=\"noreferrer noopener\">Arno Strohmeyer<\/a>\u00a0| Austrian Academy of Science<\/p>\n<p>Univ.-Prof. Dr.\u00a0<a href=\"https:\/\/online.uni-graz.at\/kfu_online\/wbforschungsportal.cbshowportal?pPersonNr=80075\" target=\"_blank\" rel=\"noreferrer noopener\">Georg Vogeler<\/a>\u00a0| University of Graz<\/p>\n<p>Univ.-Prof. Dr.\u00a0<a href=\"https:\/\/euroethnologie.univie.ac.at\/institut\/personal\/wissenschaftliches-personal\/brigitta-schmidt-lauber\/\" target=\"_blank\" rel=\"noreferrer noopener\">Brigitta Schmidt-Lauber<\/a>\u00a0| University of Vienna<\/p>\n<p>Univ.-Prof. Dr.\u00a0<a href=\"https:\/\/www.ifk.ac.at\/index.php\/prof-in-dr-in-karin-harrasser.html\" target=\"_blank\" rel=\"noreferrer noopener\">Karin Harrasser<\/a>\u00a0| University of Art and Design Linz<\/p>\n<hr class=\"wp-block-separator has-alpha-channel-opacity\" \/>\n<p>Univ.-Doz. PD MMag.\u00a0Dr.<a href=\"https:\/\/www.plus.ac.at\/geschichte\/der-fachbereich\/personen\/ammerer-heinrich\/\" target=\"_blank\" rel=\"noreferrer noopener\">\u00a0Heinrich Ammerer<\/a>\u00a0| University of Salzburg<\/p>\n<p>Univ.-Prof. Dipl. Ing.\u00a0<a href=\"https:\/\/dbresearch.uni-salzburg.at\/people\/augsten\" target=\"_blank\" rel=\"noreferrer noopener\">Nikolaus Augsten<\/a>, PhD | University of Salzburg<\/p>\n<p>Assoz. Prof. Dr.\u00a0<a href=\"https:\/\/www.plus.ac.at\/germanistik\/der-fachbereich\/mitarbeiterinnen\/bleuler-anna-kathrin\/\" target=\"_blank\" rel=\"noreferrer noopener\">Anna Kathrin Bleuler<\/a>\u00a0| University of Salzburg<\/p>\n<p>Assoz. Prof. Dr.\u00a0<a href=\"https:\/\/www.plus.ac.at\/geschichte\/der-fachbereich\/personen\/brauer-michael\/\" target=\"_blank\" rel=\"noreferrer noopener\">Brauer Michael<\/a>\u00a0| University of Salzburg<\/p>\n<p>Univ.-Prof. Dr.\u00a0<a href=\"https:\/\/fakzen-thks.univie.ac.at\/ueber-uns\/mitarbeiterinnen\/demantowsky-marko\/\" target=\"_blank\" rel=\"noreferrer noopener\">Marko Demantowsky<\/a>\u00a0| University of Vienna<\/p>\n<p>Mag. Dr. Bakk.rer.nat. Dr.h.c. Univ.-Doz.<a href=\"https:\/\/www.plus.ac.at\/bibelwissenschaft-und-kirchengeschichte\/der-fachbereich\/das-team\/jasmine-dum-tragut\/\" target=\"_blank\" rel=\"noreferrer noopener\">\u00a0Jasmine Dum-Tragut<\/a>\u00a0| University of Salzburg<\/p>\n<p>Ass.-Prof. Dr.\u00a0<a href=\"https:\/\/euroethnologie.univie.ac.at\/institut\/personal\/wissenschaftliches-personal\/bernhard-fuchs\/\" target=\"_blank\" rel=\"noreferrer noopener\">Bernhard Fuchs<\/a>\u00a0| University of Vienna<\/p>\n<p>Univ.-Prof. Dr.\u00a0<a href=\"https:\/\/geschichte.uni-graz.at\/de\/geschichtsdidaktik\/forschung\/aktuelle-publikationen\/heuer-christian-univ.-prof.-dr.\/\" target=\"_blank\" rel=\"noreferrer noopener\">Christian Heuer<\/a>\u00a0| University of Graz<\/p>\n<p>Dr.in\u00a0<a href=\"https:\/\/www.imareal.sbg.ac.at\/team\/isabella-nicka\/\" target=\"_blank\" rel=\"noreferrer noopener\">Isabella Nicka<\/a>\u00a0| University of Salzburg<\/p>\n<p>Dr.in\u00a0<a href=\"https:\/\/www.relational-knowledge.net\/contact\" target=\"_blank\" rel=\"noreferrer noopener\">Sarah Kolb<\/a>\u00a0| University of Art and Design Linz<\/p>\n<p>Dr.\u00a0<a href=\"https:\/\/www.oeaw.ac.at\/en\/ihb\/people\/kurz-stephan\" target=\"_blank\" rel=\"noreferrer noopener\">Stephan Kurz<\/a>\u00a0| Austrian Academy of Science<\/p>\n<p>Dr.<a href=\"https:\/\/www.imareal.sbg.ac.at\/team\/thomas-kuehtreiber\/\" target=\"_blank\" rel=\"noreferrer noopener\">\u00a0Thomas K\u00fchtreiber<\/a>\u00a0| University of Salzburg<\/p>\n<p>Assoz.-Prof. Mag. Dr.\u00a0<a href=\"https:\/\/www.plus.ac.at\/altertumswissenschaften\/der-fachbereich\/personen\/klassische-philologie-2\/kreuz-gottfried\/\" target=\"_blank\" rel=\"noreferrer noopener\">Gottfried E. Kreuz<\/a>\u00a0| University of Salzburg<\/p>\n<p>MMag. Dr.in\u00a0<a href=\"https:\/\/online.uni-graz.at\/kfu_online\/wbforschungsportal.cbshowportal?pPersonNr=111668\" target=\"_blank\" rel=\"noreferrer noopener\">Sarah Lang<\/a>\u00a0| University of Graz, B.A., M.A., M.A.<\/p>\n<p>Univ.-Prof. Dr.in\u00a0<a href=\"https:\/\/kunstuni-linz.at\/Jasmin-Mersmann.18610.0.html\" target=\"_blank\" rel=\"noreferrer noopener\">Jasmin Mersmann<\/a>\u00a0| University of Art and Design Linz<\/p>\n<p>Mag.a Dr.in\u00a0<a href=\"https:\/\/www.plus.ac.at\/geschichte\/der-fachbereich\/personen\/oetzel-lena\/\" target=\"_blank\" rel=\"noreferrer noopener\">Lena Oetzel<\/a>\u00a0| University of Salzburg<\/p>\n<p>Assist.-Prof. Dr.-Ing.\u00a0<a href=\"https:\/\/www.plus.ac.at\/fachbereich-informatik\/mitarbeiter\/assistenzprofessoren\/assist-prof-dr-ing-martin-schaeler\/\" target=\"_blank\" rel=\"noreferrer noopener\">Martin Sch\u00e4ler<\/a>\u00a0| University of Salzburg<\/p>\n<p>Dr.in\u00a0<a href=\"https:\/\/www.imareal.sbg.ac.at\/team\/heike-schlie\/\" target=\"_blank\" rel=\"noreferrer noopener\">Heike Schlie<\/a>\u00a0| University of Salzburg<\/p>\n<p>Univ.-Prof. Dr.\u00a0<a href=\"https:\/\/www.plus.ac.at\/altertumswissenschaften\/der-fachbereich\/personen\/archaeologie\/sokolicek-alexander\/\" target=\"_blank\" rel=\"noreferrer noopener\">Alexander Sokolicek<\/a>\u00a0| University of Salzburg<\/p>\n<p>Assoz. Univ.-Prof.<sup>in<\/sup>\u00a0Mag.<sup>a<\/sup>\u00a0Dr.<sup>in<\/sup>\u00a0<a href=\"https:\/\/www.jku.at\/institut-fuer-neuere-geschichte-und-zeitgeschichte\/ueber-uns\/team\/team\/assoz-univ-profin-maga-drin-regina-thumser-woehs\" target=\"_blank\" rel=\"noreferrer noopener\" data-type=\"URL\" data-id=\"https:\/\/www.jku.at\/institut-fuer-neuere-geschichte-und-zeitgeschichte\/ueber-uns\/team\/team\/assoz-univ-profin-maga-drin-regina-thumser-woehs\">Regina Thumser-W\u00f6hs<\/a>\u00a0| Johannes Kepler University, Linz<\/p>\n<p>The VIRMA conference took place from September 19-21, 2023 in Krems an der Donau. You can find more information here: https:\/\/virma.hypotheses.org\/materiality-and-virtuality-2023.<\/p>\n<p>The conference was advertised on HSozKult and a conference report was also written.<\/p>\n<p>Prof. Dr.\u00a0<a href=\"https:\/\/wavelab.at\/member-uhl.shtml\" target=\"_blank\" rel=\"noreferrer noopener\">Andreas Uhl<\/a>\u00a0| University of Salzburg<\/p>\n<p>Univ.-Prof. Dr.\u00a0<a href=\"https:\/\/www.plus.ac.at\/praktische-theologie\/mitarbeiter_innen\/wissenschaftliche-universitaetsbedienstete\/liturgiewissenschaft-und-sakramententheologie\/univ-prof-dr-alexander-zerfass\/\" data-type=\"URL\" data-id=\"https:\/\/www.plus.ac.at\/praktische-theologie\/mitarbeiter_innen\/wissenschaftliche-universitaetsbedienstete\/liturgiewissenschaft-und-sakramententheologie\/univ-prof-dr-alexander-zerfass\/\">Alexander Zerfa\u00df<\/a>\u00a0| University of Salzburg<\/p>\n<p>Ass. Prof.\u00a0<a href=\"https:\/\/online.uni-graz.at\/kfu_online\/visitenkarte.show_vcard?pPersonenId=B32437D994DAE754&amp;pPersonenGruppe=3\" target=\"_blank\" rel=\"noreferrer noopener\">Chiara Zuanni<\/a>, PhD | University of Graz<\/p>\n<h2 class=\"wp-block-heading\">Partner<\/h2>\n<p>DALME\u00a0<a href=\"https:\/\/dalme.org\/\" target=\"_blank\" rel=\"noreferrer noopener\">Documentary Archeology of Late Medieval Europe<\/a>, Harvard University\/Geogetown University<\/p>\n<p><a href=\"https:\/\/mobilityofobjectsacrossboundaries.wordpress.com\/\" target=\"_blank\" rel=\"noreferrer noopener\">Mobility of Objects Across Boundaries<\/a>, 1100-1700; University of Chester, The Open University<\/p>\n<p><a href=\"https:\/\/www.matters-of-activity.de\/en\/\" target=\"_blank\" rel=\"noreferrer noopener\">Matters of Activity<\/a>, Excellenzcluster Berlin[\/vc_column_text][\/vc_column][\/vc_row]<\/p>\n<\/section>","protected":false},"excerpt":{"rendered":"<p>[vc_row][vc_column][vc_column_text] Taking approaches drawn from cultural studies and particularly from new cultural history, the network Materiality&#8230;<\/p>\n","protected":false},"author":3,"featured_media":0,"parent":0,"menu_order":0,"comment_status":"closed","ping_status":"closed","template":"","meta":{"_bbp_topic_count":0,"_bbp_reply_count":0,"_bbp_total_topic_count":0,"_bbp_total_reply_count":0,"_bbp_voice_count":0,"_bbp_anonymous_reply_count":0,"_bbp_topic_count_hidden":0,"_bbp_reply_count_hidden":0,"_bbp_forum_subforum_count":0},"yoast_head":"<!-- This site is optimized with the Yoast SEO plugin v20.2.1 - https:\/\/yoast.com\/wordpress\/plugins\/seo\/ -->\n<title>Topic - IZMF - Interdisziplin\u00e4res Zentrum f\u00fcr Mittelalter und Fr\u00fchneuzeit<\/title>\n<meta name=\"robots\" content=\"index, follow, max-snippet:-1, max-image-preview:large, max-video-preview:-1\" \/>\n<link rel=\"canonical\" href=\"https:\/\/geschichte-studium.at\/izmf\/en\/topic\/\" \/>\n<meta property=\"og:locale\" content=\"de_DE\" \/>\n<meta property=\"og:type\" content=\"article\" \/>\n<meta property=\"og:title\" content=\"Topic - IZMF - Interdisziplin\u00e4res Zentrum f\u00fcr Mittelalter und Fr\u00fchneuzeit\" \/>\n<meta property=\"og:description\" content=\"[vc_row][vc_column][vc_column_text] Taking approaches drawn from cultural studies and particularly from new cultural history, the network Materiality...\" \/>\n<meta property=\"og:url\" content=\"https:\/\/geschichte-studium.at\/izmf\/en\/topic\/\" \/>\n<meta property=\"og:site_name\" content=\"IZMF - Interdisziplin\u00e4res Zentrum f\u00fcr Mittelalter und Fr\u00fchneuzeit\" \/>\n<meta property=\"article:modified_time\" content=\"2024-02-06T08:27:00+00:00\" \/>\n<meta property=\"og:image\" content=\"https:\/\/virma.hypotheses.org\/files\/2022\/11\/Logo-Virma-RGB.jpg\" \/>\n<meta name=\"twitter:card\" content=\"summary_large_image\" \/>\n<meta name=\"twitter:label1\" content=\"Gesch\u00e4tzte Lesezeit\" \/>\n\t<meta name=\"twitter:data1\" content=\"4\u00a0Minuten\" \/>\n<script type=\"application\/ld+json\" class=\"yoast-schema-graph\">{\"@context\":\"https:\/\/schema.org\",\"@graph\":[{\"@type\":\"WebPage\",\"@id\":\"https:\/\/geschichte-studium.at\/izmf\/en\/topic\/\",\"url\":\"https:\/\/geschichte-studium.at\/izmf\/en\/topic\/\",\"name\":\"Topic - IZMF - Interdisziplin\u00e4res Zentrum f\u00fcr Mittelalter und Fr\u00fchneuzeit\",\"isPartOf\":{\"@id\":\"https:\/\/geschichte-studium.at\/izmf\/#website\"},\"datePublished\":\"2020-09-29T10:54:29+00:00\",\"dateModified\":\"2024-02-06T08:27:00+00:00\",\"breadcrumb\":{\"@id\":\"https:\/\/geschichte-studium.at\/izmf\/en\/topic\/#breadcrumb\"},\"inLanguage\":\"de\",\"potentialAction\":[{\"@type\":\"ReadAction\",\"target\":[\"https:\/\/geschichte-studium.at\/izmf\/en\/topic\/\"]}]},{\"@type\":\"BreadcrumbList\",\"@id\":\"https:\/\/geschichte-studium.at\/izmf\/en\/topic\/#breadcrumb\",\"itemListElement\":[{\"@type\":\"ListItem\",\"position\":1,\"name\":\"Startseite\",\"item\":\"https:\/\/izmf-salzburg.at\/\"},{\"@type\":\"ListItem\",\"position\":2,\"name\":\"Topic\"}]},{\"@type\":\"WebSite\",\"@id\":\"https:\/\/geschichte-studium.at\/izmf\/#website\",\"url\":\"https:\/\/geschichte-studium.at\/izmf\/\",\"name\":\"IZMF - Interdisziplin\u00e4res Zentrum f\u00fcr Mittelalter und Fr\u00fchneuzeit\",\"description\":\"\",\"publisher\":{\"@id\":\"https:\/\/geschichte-studium.at\/izmf\/#organization\"},\"potentialAction\":[{\"@type\":\"SearchAction\",\"target\":{\"@type\":\"EntryPoint\",\"urlTemplate\":\"https:\/\/geschichte-studium.at\/izmf\/?s={search_term_string}\"},\"query-input\":\"required name=search_term_string\"}],\"inLanguage\":\"de\"},{\"@type\":\"Organization\",\"@id\":\"https:\/\/geschichte-studium.at\/izmf\/#organization\",\"name\":\"IZMF - Interdisziplin\u00e4res Zentrum f\u00fcr Mittelalter und Fr\u00fchneuzeit\",\"url\":\"https:\/\/geschichte-studium.at\/izmf\/\",\"logo\":{\"@type\":\"ImageObject\",\"inLanguage\":\"de\",\"@id\":\"https:\/\/geschichte-studium.at\/izmf\/#\/schema\/logo\/image\/\",\"url\":\"https:\/\/izmf-salzburg.at\/wp-content\/uploads\/2020\/03\/LOGO_IZMF-1.png\",\"contentUrl\":\"https:\/\/izmf-salzburg.at\/wp-content\/uploads\/2020\/03\/LOGO_IZMF-1.png\",\"width\":2525,\"height\":1495,\"caption\":\"IZMF - Interdisziplin\u00e4res Zentrum f\u00fcr Mittelalter und Fr\u00fchneuzeit\"},\"image\":{\"@id\":\"https:\/\/geschichte-studium.at\/izmf\/#\/schema\/logo\/image\/\"},\"sameAs\":[\"https:\/\/www.instagram.com\/izmfunisalzburg\/\"]}]}<\/script>\n<!-- \/ Yoast SEO plugin. -->","yoast_head_json":{"title":"Topic - IZMF - Interdisziplin\u00e4res Zentrum f\u00fcr Mittelalter und Fr\u00fchneuzeit","robots":{"index":"index","follow":"follow","max-snippet":"max-snippet:-1","max-image-preview":"max-image-preview:large","max-video-preview":"max-video-preview:-1"},"canonical":"https:\/\/geschichte-studium.at\/izmf\/en\/topic\/","og_locale":"de_DE","og_type":"article","og_title":"Topic - IZMF - Interdisziplin\u00e4res Zentrum f\u00fcr Mittelalter und Fr\u00fchneuzeit","og_description":"[vc_row][vc_column][vc_column_text] Taking approaches drawn from cultural studies and particularly from new cultural history, the network Materiality...","og_url":"https:\/\/geschichte-studium.at\/izmf\/en\/topic\/","og_site_name":"IZMF - Interdisziplin\u00e4res Zentrum f\u00fcr Mittelalter und Fr\u00fchneuzeit","article_modified_time":"2024-02-06T08:27:00+00:00","og_image":[{"url":"https:\/\/virma.hypotheses.org\/files\/2022\/11\/Logo-Virma-RGB.jpg"}],"twitter_card":"summary_large_image","twitter_misc":{"Gesch\u00e4tzte Lesezeit":"4\u00a0Minuten"},"schema":{"@context":"https:\/\/schema.org","@graph":[{"@type":"WebPage","@id":"https:\/\/geschichte-studium.at\/izmf\/en\/topic\/","url":"https:\/\/geschichte-studium.at\/izmf\/en\/topic\/","name":"Topic - IZMF - Interdisziplin\u00e4res Zentrum f\u00fcr Mittelalter und Fr\u00fchneuzeit","isPartOf":{"@id":"https:\/\/geschichte-studium.at\/izmf\/#website"},"datePublished":"2020-09-29T10:54:29+00:00","dateModified":"2024-02-06T08:27:00+00:00","breadcrumb":{"@id":"https:\/\/geschichte-studium.at\/izmf\/en\/topic\/#breadcrumb"},"inLanguage":"de","potentialAction":[{"@type":"ReadAction","target":["https:\/\/geschichte-studium.at\/izmf\/en\/topic\/"]}]},{"@type":"BreadcrumbList","@id":"https:\/\/geschichte-studium.at\/izmf\/en\/topic\/#breadcrumb","itemListElement":[{"@type":"ListItem","position":1,"name":"Startseite","item":"https:\/\/izmf-salzburg.at\/"},{"@type":"ListItem","position":2,"name":"Topic"}]},{"@type":"WebSite","@id":"https:\/\/geschichte-studium.at\/izmf\/#website","url":"https:\/\/geschichte-studium.at\/izmf\/","name":"IZMF - Interdisziplin\u00e4res Zentrum f\u00fcr Mittelalter und Fr\u00fchneuzeit","description":"","publisher":{"@id":"https:\/\/geschichte-studium.at\/izmf\/#organization"},"potentialAction":[{"@type":"SearchAction","target":{"@type":"EntryPoint","urlTemplate":"https:\/\/geschichte-studium.at\/izmf\/?s={search_term_string}"},"query-input":"required name=search_term_string"}],"inLanguage":"de"},{"@type":"Organization","@id":"https:\/\/geschichte-studium.at\/izmf\/#organization","name":"IZMF - Interdisziplin\u00e4res Zentrum f\u00fcr Mittelalter und Fr\u00fchneuzeit","url":"https:\/\/geschichte-studium.at\/izmf\/","logo":{"@type":"ImageObject","inLanguage":"de","@id":"https:\/\/geschichte-studium.at\/izmf\/#\/schema\/logo\/image\/","url":"https:\/\/izmf-salzburg.at\/wp-content\/uploads\/2020\/03\/LOGO_IZMF-1.png","contentUrl":"https:\/\/izmf-salzburg.at\/wp-content\/uploads\/2020\/03\/LOGO_IZMF-1.png","width":2525,"height":1495,"caption":"IZMF - Interdisziplin\u00e4res Zentrum f\u00fcr Mittelalter und Fr\u00fchneuzeit"},"image":{"@id":"https:\/\/geschichte-studium.at\/izmf\/#\/schema\/logo\/image\/"},"sameAs":["https:\/\/www.instagram.com\/izmfunisalzburg\/"]}]}},"_links":{"self":[{"href":"https:\/\/geschichte-studium.at\/izmf\/wp-json\/wp\/v2\/pages\/5059"}],"collection":[{"href":"https:\/\/geschichte-studium.at\/izmf\/wp-json\/wp\/v2\/pages"}],"about":[{"href":"https:\/\/geschichte-studium.at\/izmf\/wp-json\/wp\/v2\/types\/page"}],"author":[{"embeddable":true,"href":"https:\/\/geschichte-studium.at\/izmf\/wp-json\/wp\/v2\/users\/3"}],"replies":[{"embeddable":true,"href":"https:\/\/geschichte-studium.at\/izmf\/wp-json\/wp\/v2\/comments?post=5059"}],"version-history":[{"count":6,"href":"https:\/\/geschichte-studium.at\/izmf\/wp-json\/wp\/v2\/pages\/5059\/revisions"}],"predecessor-version":[{"id":6337,"href":"https:\/\/geschichte-studium.at\/izmf\/wp-json\/wp\/v2\/pages\/5059\/revisions\/6337"}],"wp:attachment":[{"href":"https:\/\/geschichte-studium.at\/izmf\/wp-json\/wp\/v2\/media?parent=5059"}],"curies":[{"name":"wp","href":"https:\/\/api.w.org\/{rel}","templated":true}]}}