{"id":5018,"date":"2020-09-29T18:41:32","date_gmt":"2020-09-29T16:41:32","guid":{"rendered":"https:\/\/izmf.sbg.ac.at\/?page_id=4826"},"modified":"2024-12-11T11:05:59","modified_gmt":"2024-12-11T10:05:59","slug":"phd-students","status":"publish","type":"page","link":"https:\/\/geschichte-studium.at\/izmf\/en\/phd-students\/","title":{"rendered":"PhD students"},"content":{"rendered":"<section class=\"wpb-content-wrapper\"><p>[vc_row][vc_column][vc_column_text]<\/p>\n<table class=\"contenttable\" summary=\"DSP BioM: Overview of dissertation projects\">\n<thead>\n<tr>\n<th class=\"even\">Phd candidates<\/th>\n<th class=\"even\">Title<\/th>\n<th class=\"even\">Department<\/th>\n<\/tr>\n<\/thead>\n<tbody>\n<tr>\n<td class=\"even\"><a href=\"https:\/\/izmf-salzburg.at\/en\/dissertation-projects\/#Linda-Beutel-Thurow\">Linda Beutel-Thurow<\/a><\/td>\n<td class=\"even\"><em>Naming poetics of Middle High German epic. An analysis of the use of names, antonomasias and epithets in selected texts of the german-speaking Middle Ages.<\/em><\/td>\n<td class=\"even\">German Studies<\/td>\n<\/tr>\n<tr>\n<td class=\"even\" rowspan=\"1\"><a class=\"default\" tabindex=\"416\" title=\"Link zu interner Seite\" href=\"https:\/\/izmf-salzburg.at\/en\/dissertation-projects\/#Walter-Brandstaetter\" target=\"_self\" rel=\"noopener noreferrer\">Walter Brandst\u00e4tter<\/a><\/td>\n<td class=\"even\" rowspan=\"1\"><i><em>Item ainen hochen cassten mit vier th\u00fcren\u2026 <\/em>Inventories as sources for the reconstruction of early modern living, working and living conditions using the example of Hohensalzburg Fortress<\/i><\/td>\n<td class=\"even\" rowspan=\"1\">History<\/td>\n<\/tr>\n<tr>\n<td class=\"even\"><a href=\"https:\/\/izmf-salzburg.at\/en\/dissertation-projects\/#Peter-Bruckner\">Peter Bruckner<\/a><\/td>\n<td class=\"even\"><em>De ridiculis et stultissimis fabulis Iudeorum. Lateinische Talmudpolemiken bei Petrus<\/em><\/td>\n<td class=\"even\">Classical Philology \/ Latin<\/td>\n<\/tr>\n<tr>\n<td><a href=\"https:\/\/izmf-salzburg.at\/en\/dissertation-projects\/#Flurina-Camenisch\">Flurina Camenisch<\/a><\/td>\n<td class=\"even\"><em>Loans, Correspondence, Conflicts: Cross-Border aristocratic relations and transregional entanglements in Late Medieval &#8222;Graub\u00fcnden&#8220;<\/em><\/td>\n<td class=\"even\">History<\/td>\n<\/tr>\n<tr>\n<td class=\"even\"><a href=\"https:\/\/izmf-salzburg.at\/en\/dissertation-projects\/#Peter-Faerberboeck\">Peter F\u00e4rberb\u00f6ck<\/a><\/td>\n<td class=\"even\"><em>Witchcraft and Magic in Digital Games<\/em><\/td>\n<td class=\"even\">History<\/td>\n<\/tr>\n<tr>\n<td class=\"even\" rowspan=\"1\"><a href=\"https:\/\/izmf-salzburg.at\/en\/dissertation-projects\/#Simon-Kuhn\">Simon Kuhn<\/a><\/td>\n<td class=\"even\" rowspan=\"1\"><i>The monastic long-distance possessions of Spital am Pyhrn in Wachau<\/i><\/td>\n<td class=\"even\" rowspan=\"1\">History<\/td>\n<\/tr>\n<tr>\n<td class=\"even\" rowspan=\"1\"><a href=\"https:\/\/izmf-salzburg.at\/en\/dissertation-projects\/#Florian-Mayr\">Florian Mayr<\/a><\/td>\n<td class=\"even\" rowspan=\"1\"><i>The daily prayers of Advent in the Missale Romanum 1970<\/i><\/td>\n<td class=\"even\" rowspan=\"1\">Religious Studies<\/td>\n<\/tr>\n<tr>\n<td class=\"even\" rowspan=\"1\"><a class=\"default\" tabindex=\"412\" title=\"Link zu interner Seite\" href=\"https:\/\/izmf-salzburg.at\/en\/dissertation-projects\/#Mina-Miyamoto\" target=\"_self\" rel=\"noopener noreferrer\"> Mina Miyamoto <\/a><\/td>\n<td class=\"even\" rowspan=\"1\"><i>Precious textiles as curtains in medieval manuscripts<\/i><\/td>\n<td class=\"even\" rowspan=\"1\">Arthistory<\/td>\n<\/tr>\n<tr>\n<td class=\"even\" rowspan=\"1\"><a class=\"default\" tabindex=\"412\" title=\"Link zu interner Seite\" href=\"https:\/\/izmf-salzburg.at\/en\/dissertation-projects\/#Marius-Mueller\" target=\"_self\" rel=\"noopener noreferrer\">Marius M\u00fcller<\/a><\/td>\n<td class=\"even\" rowspan=\"1\"><i>Maritime networks: The French East India Company between trade contacts, knowledge generation and intercultural diplomacy (1664-1788)<\/i><\/td>\n<td class=\"even\" rowspan=\"1\">History<\/td>\n<\/tr>\n<tr>\n<td class=\"even\" rowspan=\"1\"><a class=\"default\" tabindex=\"412\" href=\"https:\/\/izmf-salzburg.at\/en\/dissertation-projects\/#Anna-Petutschnig\">Anna Petutschnig<\/a><\/td>\n<td class=\"even\" rowspan=\"1\"><i>Ideas of fatherhood in the late medieval aristocracy<\/i><\/td>\n<td class=\"even\" rowspan=\"1\">Medieval History<\/td>\n<\/tr>\n<tr>\n<td class=\"even\" rowspan=\"1\"><a title=\"Melanie Salvenmoser\" href=\"https:\/\/izmf-salzburg.at\/en\/dissertation-projects\/#Melanie-Salvenmoser\">Melanie Salvenmoser<\/a><\/td>\n<td class=\"even\" rowspan=\"1\"><em>The depiction of sieges in Ottokar von der Gaal&#8217;s &#8222;Styrian rhyming chronicle&#8220;.<\/em><\/td>\n<td class=\"even\" rowspan=\"1\">German Studies<\/td>\n<\/tr>\n<tr>\n<td class=\"even\" rowspan=\"1\"><a class=\"default\" tabindex=\"416\" title=\"Link zu interner Seite\" href=\"https:\/\/izmf-salzburg.at\/en\/dissertation-projects\/#Benjamin-Maria-Stockmaier\" target=\"_self\" rel=\"noopener noreferrer\">Benjamin Maria Stockmaier<\/a><\/td>\n<td class=\"even\" rowspan=\"1\"><i>Basileis: Kingmakers and kings. Investigations into kingship in Hellenism<\/i><\/td>\n<td class=\"even\" rowspan=\"1\">Classical Studies<\/td>\n<\/tr>\n<tr>\n<td class=\"even\" rowspan=\"1\"><a class=\"default\" tabindex=\"416\" title=\"Link zu interner Seite\" href=\"https:\/\/izmf-salzburg.at\/en\/dissertation-projects\/#Anton-Strobl\" target=\"_self\" rel=\"noopener noreferrer\">Anton Strobl<\/a><\/td>\n<td class=\"even\" rowspan=\"1\"><i>Edition project on the famous works of Emperor Maximilian I (Latin autobiographical fragments and derivatives)<\/i><\/td>\n<td class=\"even\" rowspan=\"1\">History<\/td>\n<\/tr>\n<tr>\n<td class=\"even\" rowspan=\"1\"><a class=\"default\" tabindex=\"416\" title=\"Link zu interner Seite\" href=\"https:\/\/izmf-salzburg.at\/en\/dissertation-projects\/#Elisabeth-Tangerner\" target=\"_self\" rel=\"noopener noreferrer\">Elisabeth Tangerner<\/a><\/td>\n<td class=\"even\" rowspan=\"1\"><i>Sensory community. The Benedictine Abbey of Lambach in the Middle Ages from the perspective of sensory history.<\/i><\/td>\n<td class=\"even\" rowspan=\"1\">History<\/td>\n<\/tr>\n<tr>\n<td class=\"even\" rowspan=\"1\"><a class=\"default\" tabindex=\"416\" title=\"Link zu interner Seite\" href=\"https:\/\/izmf-salzburg.at\/en\/dissertation-projects\/#Angelika-Umfahrer-Schatzmann\" target=\"_self\" rel=\"noopener noreferrer\">Angelika Umfahrer-Schatzmann<\/a><\/td>\n<td class=\"even\" rowspan=\"1\"><i>The goldsmith and his craft as reflected in German-language literature of the Middle Ages.<\/i><\/td>\n<td class=\"even\" rowspan=\"1\">German Studies<\/td>\n<\/tr>\n<tr>\n<td class=\"even\" rowspan=\"1\"><a class=\"default\" tabindex=\"416\" title=\"Link zu interner Seite\" href=\"https:\/\/izmf-salzburg.at\/en\/dissertation-projects\/#Katrin-Unterberger\" target=\"_self\" rel=\"noopener noreferrer\">Katrin Unterberger<\/a><\/td>\n<td class=\"even\" rowspan=\"1\"><i>\u2018Diz was dem zw\u00eevelaere ein n\u00e2he g\u00eandiu swaere.\u2019 The tolerance of ambiguity in medieval texts.<\/i><\/td>\n<td class=\"even\" rowspan=\"1\">German Studies<\/td>\n<\/tr>\n<\/tbody>\n<\/table>\n<p><!--more--><!--more-->[\/vc_column_text][\/vc_column][\/vc_row][vc_row][vc_column][vc_column_text]<\/p>\n<table class=\"contenttable\" summary=\"DSP BioM: Overview of dissertation projects\">\n<thead>\n<tr>\n<th class=\"even\">Finished dissertations<\/th>\n<th class=\"even\">Title<\/th>\n<th class=\"even\">Department<\/th>\n<\/tr>\n<\/thead>\n<tbody>\n<tr>\n<td><a class=\"default\" tabindex=\"405\" title=\"Link zu interner Seite\" href=\"https:\/\/izmf-salzburg.at\/en\/dissertation-projects\/#Barbara-Denicolo\" target=\"_self\" rel=\"noopener noreferrer\"> Barbara Denicol\u00f2 <\/a><\/td>\n<td><i>&#8222;Von Speis zu kochen&#8220;. Cookbooks and recipe collections as sources for the cultural history of the late Middle Ages and the early modern period. Analysis &#8211; comparison.<\/i><\/td>\n<td>History<\/td>\n<\/tr>\n<tr>\n<td class=\"even\"><a class=\"default\" tabindex=\"406\" title=\"Link zu interner Seite\" href=\"https:\/\/izmf-salzburg.at\/en\/dissertation-projects\/#Nora-Grundtner\" target=\"_self\" rel=\"noopener noreferrer\">Nora Grundtner<\/a><\/td>\n<td class=\"even\"><i>Animal Skins &#8211; Human Carriers. Human-animal-analogies about material culture in Middle High German literature.<\/i><\/td>\n<td class=\"even\">German Studies<\/td>\n<\/tr>\n<tr>\n<td><a href=\"https:\/\/izmf-salzburg.at\/en\/dissertation-projects\/#Livia-Heilingbrunner\">Livia Heilingbrunner<\/a><\/td>\n<td><em>Heterodoxical impulses and methods from the disciplines of Archaeometry and Legal History for the historical sciences. Shown on the multidisciplinary case study of the Templars (Arnau de Torroja)<\/em><\/td>\n<td>History<\/td>\n<\/tr>\n<tr>\n<td class=\"even\" rowspan=\"1\"><a class=\"default\" tabindex=\"408\" title=\"Link zu interner Seite\" href=\"https:\/\/izmf-salzburg.at\/en\/dissertation-projects\/#David-Hobelleitner\" target=\"_self\" rel=\"noopener noreferrer\">David Hobelleitner <\/a><\/td>\n<td class=\"even\" rowspan=\"1\"><em><i>\u201eindubitanter efficitur sanctus.\u201c <\/i>Holy popes in Roman pictorial programs of the eleventh and twelfth centuries<\/em><\/td>\n<td class=\"even\" rowspan=\"1\">Arthistory<\/td>\n<\/tr>\n<tr>\n<td rowspan=\"1\"><a class=\"default\" tabindex=\"409\" title=\"Link zu interner Seite\" href=\"https:\/\/izmf-salzburg.at\/en\/dissertation-projects\/#Ruth-Isser\" target=\"_self\" rel=\"noopener noreferrer\"> Ruth Isser <\/a><\/td>\n<td rowspan=\"1\"><em>Eleanor of Scotland between agency and knowledge. A princess in the mirror of her time.<\/em><\/td>\n<td rowspan=\"1\">History<\/td>\n<\/tr>\n<tr>\n<td rowspan=\"1\"><a class=\"default\" tabindex=\"411\" title=\"Link zu interner Seite\" href=\"https:\/\/izmf-salzburg.at\/en\/dissertation-projects\/#Klara-Lindnerova\" target=\"_self\" rel=\"noopener noreferrer\">Klara Lindnerova <\/a><\/td>\n<td rowspan=\"1\"><i> Jan van Eyck and antiquity <\/i><\/td>\n<td rowspan=\"1\">Arthistory<\/td>\n<\/tr>\n<tr>\n<td rowspan=\"1\"><a class=\"default\" tabindex=\"413\" title=\"Link zu interner Seite\" href=\"https:\/\/izmf-salzburg.at\/en\/dissertation-projects\/#Tobias-Pamer\" target=\"_self\" rel=\"noopener noreferrer\"> Tobias Pamer <\/a><\/td>\n<td rowspan=\"1\"><em>Interwoven ties, aristocratic rule and princely power. The networks of Knighthood <\/em><em>between region and empire using the example of the Starkenberg family.<\/em><br \/>\n<em>13th-15th century<\/em><\/td>\n<td rowspan=\"1\">History<\/td>\n<\/tr>\n<tr>\n<td rowspan=\"1\"><a class=\"default\" tabindex=\"415\" title=\"Link zu interner Seite\" href=\"https:\/\/izmf-salzburg.at\/en\/dissertation-projects\/#Julia-Schoen\" target=\"_self\" rel=\"noopener noreferrer\">Julia Sch\u00f6n<\/a><\/td>\n<td rowspan=\"1\"><i>Holiness administered. How the monastery of Klosterneuburg and the Habsburgs dealt with the canonization of the Babenberg Leopold III.<\/i><\/td>\n<td rowspan=\"1\">IMAREAL\/ History<\/td>\n<\/tr>\n<tr>\n<td class=\"even\" rowspan=\"1\"><a class=\"default\" tabindex=\"416\" title=\"Link zu interner Seite\" href=\"https:\/\/izmf-salzburg.at\/en\/dissertation-projects\/#Manuel-Schwembacher\" target=\"_self\" rel=\"noopener noreferrer\">Manuel Schwembacher <\/a><\/td>\n<td class=\"even\" rowspan=\"1\"><i>Horti praeclari. Reflections and evocations of Eden in selected literary garden spaces of the Middle Ages. <\/i><\/td>\n<td class=\"even\" rowspan=\"1\">German Studies<\/td>\n<\/tr>\n<tr>\n<td rowspan=\"1\"><a class=\"default\" tabindex=\"417\" title=\"Link zu interner Seite\" href=\"https:\/\/izmf-salzburg.at\/en\/dissertation-projects\/#Martin-Seidler\" target=\"_self\" rel=\"noopener noreferrer\"> Martin Seidler <\/a><\/td>\n<td rowspan=\"1\"><i>Roman liturgies in Armenian religious orders. On the eucharistic celebration of the Bartholomites and Fratres Unitores: Presentation of the oldest sources and liturgical historical classification<\/i><\/td>\n<td rowspan=\"1\">Liturgics<\/td>\n<\/tr>\n<\/tbody>\n<\/table>\n<p>[\/vc_column_text][\/vc_column][\/vc_row][vc_row][vc_column][vc_column_text][\/vc_column_text][\/vc_column][\/vc_row]<\/p>\n<\/section>","protected":false},"excerpt":{"rendered":"<p>[vc_row][vc_column][vc_column_text] Phd candidates Title Department Linda Beutel-Thurow Naming poetics of Middle High German epic. An analysis&#8230;<\/p>\n","protected":false},"author":3,"featured_media":0,"parent":0,"menu_order":0,"comment_status":"closed","ping_status":"closed","template":"","meta":{"_bbp_topic_count":0,"_bbp_reply_count":0,"_bbp_total_topic_count":0,"_bbp_total_reply_count":0,"_bbp_voice_count":0,"_bbp_anonymous_reply_count":0,"_bbp_topic_count_hidden":0,"_bbp_reply_count_hidden":0,"_bbp_forum_subforum_count":0},"yoast_head":"<!-- This site is optimized with the Yoast SEO plugin v20.2.1 - https:\/\/yoast.com\/wordpress\/plugins\/seo\/ -->\n<title>PhD students - IZMF - Interdisziplin\u00e4res Zentrum f\u00fcr Mittelalter und Fr\u00fchneuzeit<\/title>\n<meta name=\"robots\" content=\"index, follow, max-snippet:-1, max-image-preview:large, max-video-preview:-1\" \/>\n<link rel=\"canonical\" href=\"https:\/\/geschichte-studium.at\/izmf\/en\/phd-students\/\" \/>\n<meta property=\"og:locale\" content=\"de_DE\" \/>\n<meta property=\"og:type\" content=\"article\" \/>\n<meta property=\"og:title\" content=\"PhD students - IZMF - Interdisziplin\u00e4res Zentrum f\u00fcr Mittelalter und Fr\u00fchneuzeit\" \/>\n<meta property=\"og:description\" content=\"[vc_row][vc_column][vc_column_text] Phd candidates Title Department Linda Beutel-Thurow Naming poetics of Middle High German epic. An analysis...\" \/>\n<meta property=\"og:url\" content=\"https:\/\/geschichte-studium.at\/izmf\/en\/phd-students\/\" \/>\n<meta property=\"og:site_name\" content=\"IZMF - Interdisziplin\u00e4res Zentrum f\u00fcr Mittelalter und Fr\u00fchneuzeit\" \/>\n<meta property=\"article:modified_time\" content=\"2024-12-11T10:05:59+00:00\" \/>\n<meta name=\"twitter:card\" content=\"summary_large_image\" \/>\n<meta name=\"twitter:label1\" content=\"Gesch\u00e4tzte Lesezeit\" \/>\n\t<meta name=\"twitter:data1\" content=\"3\u00a0Minuten\" \/>\n<script type=\"application\/ld+json\" class=\"yoast-schema-graph\">{\"@context\":\"https:\/\/schema.org\",\"@graph\":[{\"@type\":\"WebPage\",\"@id\":\"https:\/\/geschichte-studium.at\/izmf\/en\/phd-students\/\",\"url\":\"https:\/\/geschichte-studium.at\/izmf\/en\/phd-students\/\",\"name\":\"PhD students - IZMF - Interdisziplin\u00e4res Zentrum f\u00fcr Mittelalter und Fr\u00fchneuzeit\",\"isPartOf\":{\"@id\":\"https:\/\/geschichte-studium.at\/izmf\/#website\"},\"datePublished\":\"2020-09-29T16:41:32+00:00\",\"dateModified\":\"2024-12-11T10:05:59+00:00\",\"breadcrumb\":{\"@id\":\"https:\/\/geschichte-studium.at\/izmf\/en\/phd-students\/#breadcrumb\"},\"inLanguage\":\"de\",\"potentialAction\":[{\"@type\":\"ReadAction\",\"target\":[\"https:\/\/geschichte-studium.at\/izmf\/en\/phd-students\/\"]}]},{\"@type\":\"BreadcrumbList\",\"@id\":\"https:\/\/geschichte-studium.at\/izmf\/en\/phd-students\/#breadcrumb\",\"itemListElement\":[{\"@type\":\"ListItem\",\"position\":1,\"name\":\"Startseite\",\"item\":\"https:\/\/izmf-salzburg.at\/\"},{\"@type\":\"ListItem\",\"position\":2,\"name\":\"PhD students\"}]},{\"@type\":\"WebSite\",\"@id\":\"https:\/\/geschichte-studium.at\/izmf\/#website\",\"url\":\"https:\/\/geschichte-studium.at\/izmf\/\",\"name\":\"IZMF - Interdisziplin\u00e4res Zentrum f\u00fcr Mittelalter und Fr\u00fchneuzeit\",\"description\":\"\",\"publisher\":{\"@id\":\"https:\/\/geschichte-studium.at\/izmf\/#organization\"},\"potentialAction\":[{\"@type\":\"SearchAction\",\"target\":{\"@type\":\"EntryPoint\",\"urlTemplate\":\"https:\/\/geschichte-studium.at\/izmf\/?s={search_term_string}\"},\"query-input\":\"required name=search_term_string\"}],\"inLanguage\":\"de\"},{\"@type\":\"Organization\",\"@id\":\"https:\/\/geschichte-studium.at\/izmf\/#organization\",\"name\":\"IZMF - Interdisziplin\u00e4res Zentrum f\u00fcr Mittelalter und Fr\u00fchneuzeit\",\"url\":\"https:\/\/geschichte-studium.at\/izmf\/\",\"logo\":{\"@type\":\"ImageObject\",\"inLanguage\":\"de\",\"@id\":\"https:\/\/geschichte-studium.at\/izmf\/#\/schema\/logo\/image\/\",\"url\":\"https:\/\/izmf-salzburg.at\/wp-content\/uploads\/2020\/03\/LOGO_IZMF-1.png\",\"contentUrl\":\"https:\/\/izmf-salzburg.at\/wp-content\/uploads\/2020\/03\/LOGO_IZMF-1.png\",\"width\":2525,\"height\":1495,\"caption\":\"IZMF - Interdisziplin\u00e4res Zentrum f\u00fcr Mittelalter und Fr\u00fchneuzeit\"},\"image\":{\"@id\":\"https:\/\/geschichte-studium.at\/izmf\/#\/schema\/logo\/image\/\"},\"sameAs\":[\"https:\/\/www.instagram.com\/izmfunisalzburg\/\"]}]}<\/script>\n<!-- \/ Yoast SEO plugin. -->","yoast_head_json":{"title":"PhD students - IZMF - Interdisziplin\u00e4res Zentrum f\u00fcr Mittelalter und Fr\u00fchneuzeit","robots":{"index":"index","follow":"follow","max-snippet":"max-snippet:-1","max-image-preview":"max-image-preview:large","max-video-preview":"max-video-preview:-1"},"canonical":"https:\/\/geschichte-studium.at\/izmf\/en\/phd-students\/","og_locale":"de_DE","og_type":"article","og_title":"PhD students - IZMF - Interdisziplin\u00e4res Zentrum f\u00fcr Mittelalter und Fr\u00fchneuzeit","og_description":"[vc_row][vc_column][vc_column_text] Phd candidates Title Department Linda Beutel-Thurow Naming poetics of Middle High German epic. An analysis...","og_url":"https:\/\/geschichte-studium.at\/izmf\/en\/phd-students\/","og_site_name":"IZMF - Interdisziplin\u00e4res Zentrum f\u00fcr Mittelalter und Fr\u00fchneuzeit","article_modified_time":"2024-12-11T10:05:59+00:00","twitter_card":"summary_large_image","twitter_misc":{"Gesch\u00e4tzte Lesezeit":"3\u00a0Minuten"},"schema":{"@context":"https:\/\/schema.org","@graph":[{"@type":"WebPage","@id":"https:\/\/geschichte-studium.at\/izmf\/en\/phd-students\/","url":"https:\/\/geschichte-studium.at\/izmf\/en\/phd-students\/","name":"PhD students - IZMF - Interdisziplin\u00e4res Zentrum f\u00fcr Mittelalter und Fr\u00fchneuzeit","isPartOf":{"@id":"https:\/\/geschichte-studium.at\/izmf\/#website"},"datePublished":"2020-09-29T16:41:32+00:00","dateModified":"2024-12-11T10:05:59+00:00","breadcrumb":{"@id":"https:\/\/geschichte-studium.at\/izmf\/en\/phd-students\/#breadcrumb"},"inLanguage":"de","potentialAction":[{"@type":"ReadAction","target":["https:\/\/geschichte-studium.at\/izmf\/en\/phd-students\/"]}]},{"@type":"BreadcrumbList","@id":"https:\/\/geschichte-studium.at\/izmf\/en\/phd-students\/#breadcrumb","itemListElement":[{"@type":"ListItem","position":1,"name":"Startseite","item":"https:\/\/izmf-salzburg.at\/"},{"@type":"ListItem","position":2,"name":"PhD students"}]},{"@type":"WebSite","@id":"https:\/\/geschichte-studium.at\/izmf\/#website","url":"https:\/\/geschichte-studium.at\/izmf\/","name":"IZMF - Interdisziplin\u00e4res Zentrum f\u00fcr Mittelalter und Fr\u00fchneuzeit","description":"","publisher":{"@id":"https:\/\/geschichte-studium.at\/izmf\/#organization"},"potentialAction":[{"@type":"SearchAction","target":{"@type":"EntryPoint","urlTemplate":"https:\/\/geschichte-studium.at\/izmf\/?s={search_term_string}"},"query-input":"required name=search_term_string"}],"inLanguage":"de"},{"@type":"Organization","@id":"https:\/\/geschichte-studium.at\/izmf\/#organization","name":"IZMF - Interdisziplin\u00e4res Zentrum f\u00fcr Mittelalter und Fr\u00fchneuzeit","url":"https:\/\/geschichte-studium.at\/izmf\/","logo":{"@type":"ImageObject","inLanguage":"de","@id":"https:\/\/geschichte-studium.at\/izmf\/#\/schema\/logo\/image\/","url":"https:\/\/izmf-salzburg.at\/wp-content\/uploads\/2020\/03\/LOGO_IZMF-1.png","contentUrl":"https:\/\/izmf-salzburg.at\/wp-content\/uploads\/2020\/03\/LOGO_IZMF-1.png","width":2525,"height":1495,"caption":"IZMF - Interdisziplin\u00e4res Zentrum f\u00fcr Mittelalter und Fr\u00fchneuzeit"},"image":{"@id":"https:\/\/geschichte-studium.at\/izmf\/#\/schema\/logo\/image\/"},"sameAs":["https:\/\/www.instagram.com\/izmfunisalzburg\/"]}]}},"_links":{"self":[{"href":"https:\/\/geschichte-studium.at\/izmf\/wp-json\/wp\/v2\/pages\/5018"}],"collection":[{"href":"https:\/\/geschichte-studium.at\/izmf\/wp-json\/wp\/v2\/pages"}],"about":[{"href":"https:\/\/geschichte-studium.at\/izmf\/wp-json\/wp\/v2\/types\/page"}],"author":[{"embeddable":true,"href":"https:\/\/geschichte-studium.at\/izmf\/wp-json\/wp\/v2\/users\/3"}],"replies":[{"embeddable":true,"href":"https:\/\/geschichte-studium.at\/izmf\/wp-json\/wp\/v2\/comments?post=5018"}],"version-history":[{"count":23,"href":"https:\/\/geschichte-studium.at\/izmf\/wp-json\/wp\/v2\/pages\/5018\/revisions"}],"predecessor-version":[{"id":7057,"href":"https:\/\/geschichte-studium.at\/izmf\/wp-json\/wp\/v2\/pages\/5018\/revisions\/7057"}],"wp:attachment":[{"href":"https:\/\/geschichte-studium.at\/izmf\/wp-json\/wp\/v2\/media?parent=5018"}],"curies":[{"name":"wp","href":"https:\/\/api.w.org\/{rel}","templated":true}]}}