{"id":4826,"date":"2020-09-29T18:41:32","date_gmt":"2020-09-29T16:41:32","guid":{"rendered":"https:\/\/izmf.sbg.ac.at\/?page_id=4826"},"modified":"2025-03-11T10:44:32","modified_gmt":"2025-03-11T09:44:32","slug":"doktorandinnen","status":"publish","type":"page","link":"https:\/\/geschichte-studium.at\/izmf\/doktorandinnen\/","title":{"rendered":"Doktorand*inn*en"},"content":{"rendered":"<section class=\"wpb-content-wrapper\"><p>[vc_row][vc_column][vc_column_text]<\/p>\n<p>&lt;\/tr<\/p>\n<table class=\"contenttable\" summary=\"DSP BioM: \u00dcbersicht Dissertationsprojekte\u00a0\">\n<thead>\n<tr>\n<th class=\"even\">Doktorand\/in<\/th>\n<th class=\"even\">Titel<\/th>\n<th class=\"even\">Fachbereich<\/th>\n<\/tr>\n<\/thead>\n<tbody>\n<tr>\n<td class=\"even\"><a href=\"https:\/\/izmf-salzburg.at\/dissertationsprojekte\/#Linda-Beutel-Thurow\">Linda Beutel-Thurow<\/a><\/td>\n<td class=\"even\"><em>Benennungspoetiken mittelhochdeutscher Epik. Eine Analyse der Verwendung von Namen, Antonomasien und Epitheta in ausgew\u00e4hlten Texten des deutschsprachigen Mittelalters.<\/em><\/td>\n<td class=\"even\">Germanistik<\/td>\n<\/tr>\n<tr>\n<td class=\"even\" rowspan=\"1\"><a class=\"default\" tabindex=\"416\" title=\"Link zu interner Seite\" href=\"https:\/\/izmf-salzburg.at\/dissertationsprojekte\/#Walter-Brandstaetter\" target=\"_self\" rel=\"noopener noreferrer\">Walter Brandst\u00e4tter<\/a><\/td>\n<td class=\"even\" rowspan=\"1\"><em>Item ainen hochen cassten mit vier th\u00fcren\u2026<\/em>\u00a0Inventare als Quellen zur Rekonstruktion fr\u00fchneuzeitlicher Wohn-, Arbeits- und Lebensverh\u00e4ltnisse am Beispiel der Festung Hohensalzburg<\/td>\n<td class=\"even\" rowspan=\"1\">Geschichte<\/td>\n<\/tr>\n<tr>\n<td><a href=\"https:\/\/izmf-salzburg.at\/dissertationsprojekte\/#Flurina-Camenisch\">Flurina Camenisch<\/a><\/td>\n<td class=\"even\"><em>Kredite, Korrespondenz, Konflikte: Grenz\u00fcberschreitende Adelsbeziehungen und transregionale Verflechtungen im sp\u00e4tmittelalterlichen Graub\u00fcnden<\/em><\/td>\n<td class=\"even\">Geschichte<\/td>\n<\/tr>\n<tr>\n<td class=\"even\"><a href=\"https:\/\/izmf-salzburg.at\/dissertationsprojekte\/#Peter-Faerberboeck\">Peter F\u00e4rberb\u00f6ck<\/a><\/td>\n<td class=\"even\"><em>Hexerei und Magie in Digitalen Spielen<\/em><\/td>\n<td class=\"even\">Geschichte<\/td>\n<\/tr>\n<tr>\n<td class=\"even\" rowspan=\"1\"><a href=\"https:\/\/izmf-salzburg.at\/dissertationsprojekte\/#Veronika-Fuehrer\">Veronika F\u00fchrer<\/a><\/td>\n<td class=\"even\" rowspan=\"1\">Towards a (unified) standard of description for archaeological institutions with diverse holdings \u2013 Application and adaptation of Records in Contexts<\/td>\n<td class=\"even\" rowspan=\"1\">Altertumswissenschaften<\/td>\n<\/tr>\n<tr>\n<td class=\"even\" rowspan=\"1\"><a href=\"https:\/\/izmf-salzburg.at\/dissertationsprojekte\/#Eva-Maria-Kreuz\">Eva Maria Kreuz<\/a><\/td>\n<td class=\"even\" rowspan=\"1\">Areal K10 in der \u00c4u\u00dferen Vorstadt von \u00c4gina Kolonna<\/td>\n<td class=\"even\" rowspan=\"1\">Altertumswissenschaften<\/td>\n<\/tr>\n<tr>\n<td class=\"even\" rowspan=\"1\"><a href=\"https:\/\/izmf-salzburg.at\/dissertationsprojekte\/#Simon-Kuhn\">Simon Kuhn<\/a><\/td>\n<td class=\"even\" rowspan=\"1\"><i>Der kl\u00f6sterliche Fernbesitz von Spital am Pyhrn in der Wachau<\/i><\/td>\n<td class=\"even\" rowspan=\"1\">Geschichte<\/td>\n<\/tr>\n<tr>\n<td class=\"even\" rowspan=\"1\"><a class=\"default\" tabindex=\"412\" href=\"https:\/\/izmf-salzburg.at\/dissertationsprojekte\/#Florian-Mayr\">Florian Mayr<\/a><\/td>\n<td class=\"even\" rowspan=\"1\"><i>Die Tagesgebete der Adventzeit im Missale Romanum 1970<\/i><\/td>\n<td class=\"even\" rowspan=\"1\">Liturgiewissenschaft<\/td>\n<\/tr>\n<tr>\n<td class=\"even\" rowspan=\"1\"><a class=\"default\" tabindex=\"412\" title=\"Link zu interner Seite\" href=\"https:\/\/izmf-salzburg.at\/dissertationsprojekte\/#Mina-Miyamoto\" target=\"_self\" rel=\"noopener noreferrer\"> Mina Miyamoto <\/a><\/td>\n<td class=\"even\" rowspan=\"1\"><i>Kostbare Textilien als Vorh\u00e4nge in mittelalterlichen Handschriften<\/i><\/td>\n<td class=\"even\" rowspan=\"1\">Kunstgeschichte<\/td>\n<\/tr>\n<tr>\n<td class=\"even\" rowspan=\"1\"><a class=\"default\" tabindex=\"412\" title=\"Link zu interner Seite\" href=\"https:\/\/izmf-salzburg.at\/dissertationsprojekte\/#Marius-Mueller\" target=\"_self\" rel=\"noopener noreferrer\">Marius M\u00fcller<\/a><\/td>\n<td class=\"even\" rowspan=\"1\"><i>Maritime Netzwerke: Die franz\u00f6sische Ostindienkompanie zwischen Handelskontakten, Wissensgenerierung und interkultureller Diplomatie (1664\u20131788)<\/i><\/td>\n<td class=\"even\" rowspan=\"1\">Geschichte<\/td>\n<\/tr>\n<tr>\n<td class=\"even\" rowspan=\"1\"><a class=\"default\" tabindex=\"412\" href=\"https:\/\/izmf-salzburg.at\/dissertationsprojekte\/#Anna-Petutschnig\">Anna Petutschnig<\/a><\/td>\n<td class=\"even\" rowspan=\"1\"><i>Vorstellungen von Vaterschaft im sp\u00e4tmittelalterlichen Hochadel<\/i><\/td>\n<td class=\"even\" rowspan=\"1\">Mittlere Geschichte<\/td>\n<\/tr>\n<tr>\n<td class=\"even\" rowspan=\"1\"><a title=\"Melanie Salvenmoser\" href=\"https:\/\/izmf-salzburg.at\/dissertationsprojekte\/#Melanie-Salvenmoser\">Melanie Salvenmoser<\/a><\/td>\n<td class=\"even\" rowspan=\"1\"><em>Die Darstellung von Belagerungen in der \u201eSteirischen Reimchronik\u201c von Ottokar von der Gaal<\/em><\/td>\n<td class=\"even\" rowspan=\"1\">Germanistik<\/td>\n<\/tr>\n<tr>\n<td class=\"even\" rowspan=\"1\"><a title=\"Benjamin Maria Stockmaier\" href=\"https:\/\/izmf-salzburg.at\/dissertationsprojekte\/#Benjamin-Maria-Stockmaier\">Benjamin Maria Stockmaier<\/a><\/td>\n<td class=\"even\" rowspan=\"1\"><em>Basileis: K\u00f6nigmacher und K\u00f6nige. Untersuchungen zu den K\u00f6nigwerdungen im Hellenismus<\/em><\/td>\n<td class=\"even\" rowspan=\"1\">Altertumswissenschaften<\/td>\n<\/tr>\n<tr>\n<td class=\"even\" rowspan=\"1\"><a title=\"Anton Strobl\" href=\"https:\/\/izmf-salzburg.at\/dissertationsprojekte\/#Anton-Strobl\">Anton Strobl<\/a><\/td>\n<td class=\"even\" rowspan=\"1\"><em>Editionsprojekt zum Ruhmeswerk Kaiser Maximilians I. (Lateinische autobiographische Fragmente und Derivate)<\/em><\/td>\n<td class=\"even\" rowspan=\"1\">Geschichte<\/td>\n<\/tr>\n<tr>\n<td class=\"even\" rowspan=\"1\"><a class=\"default\" tabindex=\"416\" title=\"Link zu interner Seite\" href=\"https:\/\/izmf-salzburg.at\/dissertationsprojekte\/#Elisabeth-Tangerner\" target=\"_self\" rel=\"noopener noreferrer\">Elisabeth Tangerner<\/a><\/td>\n<td class=\"even\" rowspan=\"1\"><em>Sinn(es)gemeinschaft. Die Benediktinerabtei Lambach im Mittelalter aus der Perspektive der Sinnesgeschichte<\/em><\/td>\n<td class=\"even\" rowspan=\"1\">Geschichte<\/td>\n<\/tr>\n<tr>\n<td class=\"even\" rowspan=\"1\"><a class=\"default\" tabindex=\"416\" title=\"Link zu interner Seite\" href=\"https:\/\/izmf-salzburg.at\/dissertationsprojekte\/#Angelika-Umfahrer-Schatzmann\" target=\"_self\" rel=\"noopener noreferrer\">Angelika Umfahrer-Schatzmann<\/a><\/td>\n<td class=\"even\" rowspan=\"1\"><em>Der Goldschmied und sein Handwerk im Spiegel der deutschsprachigen Literatur des Mittelalters<\/em><\/td>\n<td class=\"even\" rowspan=\"1\">Germanistik<\/td>\n<\/tr>\n<tr>\n<td class=\"even\" rowspan=\"1\"><a class=\"default\" tabindex=\"416\" title=\"Link zu interner Seite\" href=\"https:\/\/izmf-salzburg.at\/dissertationsprojekte\/#Katrin-Unterberger\" target=\"_self\" rel=\"noopener noreferrer\">Katrin Unterberger<\/a><\/td>\n<td class=\"even\" rowspan=\"1\"><em>\u2018Diz was dem zw\u00eevelaere ein n\u00e2he g\u00eandiu swaere.\u2019 Die Ambiguit\u00e4tstoleranz in mittelalterlichen Texten<\/em><\/td>\n<td class=\"even\" rowspan=\"1\">Germanistik<\/td>\n<\/tr>\n<\/tbody>\n<\/table>\n<p><!--more--><!--more-->[\/vc_column_text][\/vc_column][\/vc_row][vc_row][vc_column][vc_column_text]<\/p>\n<table class=\"contenttable\" summary=\"DSP BioM: \u00dcbersicht Dissertationsprojekte\u00a0\">\n<thead>\n<tr>\n<th class=\"even\">Abgeschlossene Dissertationen<\/th>\n<th class=\"even\">Titel<\/th>\n<th class=\"even\">Fachbereich<\/th>\n<\/tr>\n<\/thead>\n<tbody>\n<tr>\n<td><a class=\"default\" tabindex=\"405\" title=\"Link zu interner Seite\" href=\"https:\/\/izmf-salzburg.at\/dissertationsprojekte\/#Barbara-Denicolo\" target=\"_self\" rel=\"noopener noreferrer\"> Barbara Denicol\u00f2 <\/a><\/td>\n<td><i>&#8222;Von Speis zu kochen&#8220;. Kochb\u00fccher und Rezeptsammlungen als Quellen f\u00fcr die Kulturgeschichte des Sp\u00e4tmittelalters und der Fr\u00fchen Neuzeit. Analyse &#8211; Vergleich.\u00a0 <\/i><\/td>\n<td>Geschichte<\/td>\n<\/tr>\n<tr>\n<td class=\"even\"><a class=\"default\" tabindex=\"406\" title=\"Link zu interner Seite\" href=\"https:\/\/izmf-salzburg.at\/dissertationsprojekte\/#Nora-Grundtner\" target=\"_self\" rel=\"noopener noreferrer\">Nora Grundtner<\/a><\/td>\n<td class=\"even\"><i>Tierische H\u00e4ute &#8211; Menschliche Tr\u00e4ger. Mensch-Tier-Analogien \u00fcber die materielle Sachkultur in der mittelhochdeutschen Literatur.\u00a0 <\/i><\/td>\n<td class=\"even\">Germanistik<\/td>\n<\/tr>\n<tr>\n<td class=\"even\"><a class=\"default\" tabindex=\"406\" title=\"Link zu interner Seite\" href=\"https:\/\/izmf-salzburg.at\/dissertationsprojekte\/#Livia-Heilingbrunner\" target=\"_self\" rel=\"noopener noreferrer\">Livia Heilingbrunner<\/a><\/td>\n<td class=\"even\"><i>Heterodoxe Impulse und Methoden aus der Arch\u00e4ometrie und Rechtsgeschichte f\u00fcr die Geschichtswissenschaft. Dargestellt am multidisziplin\u00e4ren Fallbeispiel der Templer (Arnau de Torroja)<\/i><\/td>\n<td class=\"even\">Geschichte<\/td>\n<\/tr>\n<tr>\n<td class=\"even\" rowspan=\"1\"><a class=\"default\" tabindex=\"408\" title=\"Link zu interner Seite\" href=\"https:\/\/izmf-salzburg.at\/dissertationsprojekte\/#David-Hobelleitner\" target=\"_self\" rel=\"noopener noreferrer\">David Hobelleitner <\/a><\/td>\n<td class=\"even\" rowspan=\"1\"><i>\u201eindubitanter efficitur sanctus.\u201c\u00a0Heilige P\u00e4pste in r\u00f6mischen Bildprogrammen des elften und zw\u00f6lften Jahrhunderts<\/i><\/td>\n<td class=\"even\" rowspan=\"1\">Kunstgeschichte<\/td>\n<\/tr>\n<tr>\n<td rowspan=\"1\"><a class=\"default\" tabindex=\"409\" title=\"Link zu interner Seite\" href=\"https:\/\/izmf-salzburg.at\/dissertationsprojekte\/#Ruth-Isser\" target=\"_self\" rel=\"noopener noreferrer\"> Ruth Isser <\/a><\/td>\n<td rowspan=\"1\"><em>Eleonore von Schottland zwischen Agency und Wissen. Eine F\u00fcrstin im Spiegel ihrer Zeit.<\/em><\/td>\n<td rowspan=\"1\">Geschichte<\/td>\n<\/tr>\n<tr>\n<td rowspan=\"1\"><a class=\"default\" tabindex=\"411\" title=\"Link zu interner Seite\" href=\"https:\/\/izmf-salzburg.at\/dissertationsprojekte\/#Klara-Lindnerova\" target=\"_self\" rel=\"noopener noreferrer\">Klara Lindnerova <\/a><\/td>\n<td rowspan=\"1\"><i> Jan van Eyck und die Antike <\/i><\/td>\n<td rowspan=\"1\">Kunstgeschichte<\/td>\n<\/tr>\n<tr>\n<td rowspan=\"1\"><a class=\"default\" tabindex=\"413\" title=\"Link zu interner Seite\" href=\"https:\/\/izmf-salzburg.at\/dissertationsprojekte\/#Tobias-Pamer\" target=\"_self\" rel=\"noopener noreferrer\"> Tobias Pamer <\/a><\/td>\n<td rowspan=\"1\"><em>Verwobene Bande, Adelsherrschaft und f\u00fcrstliche Gewalt.<\/em><br \/>\n<em>Die Netzwerke des Ritteradels im Spannungsfeld zwischen Region und Reich am Beispiel der Familie Starkenberg.<\/em><br \/>\n<em>13.\u201315. Jahrhundert<\/em><\/td>\n<td rowspan=\"1\">Geschichte<\/td>\n<\/tr>\n<tr>\n<td rowspan=\"1\"><a class=\"default\" tabindex=\"415\" title=\"Link zu interner Seite\" href=\"https:\/\/izmf-salzburg.at\/dissertationsprojekte\/#Julia-Schoen\" target=\"_self\" rel=\"noopener noreferrer\">Julia Sch\u00f6n<\/a><\/td>\n<td rowspan=\"1\"><i>Heiligkeit administrieren. Der Umgang des Stiftes Klosterneuburg und der Habsburger mit der Heiligsprechung des Babenbergers Leopold III.<\/i><\/td>\n<td rowspan=\"1\">IMAREAL\/ Geschichte<\/td>\n<\/tr>\n<tr>\n<td class=\"even\" rowspan=\"1\"><a class=\"default\" tabindex=\"416\" title=\"Link zu interner Seite\" href=\"https:\/\/izmf-salzburg.at\/dissertationsprojekte\/#Manuel-Schwembacher\" target=\"_self\" rel=\"noopener noreferrer\">Manuel Schwembacher <\/a><\/td>\n<td class=\"even\" rowspan=\"1\"><i>Horti praeclari. Spiegelungen und Evokationen Edens in ausgew\u00e4hlten literarischen Gartenr\u00e4umen des Mittelalters. <\/i><\/td>\n<td class=\"even\" rowspan=\"1\">Germanistik<\/td>\n<\/tr>\n<tr>\n<td rowspan=\"1\"><a class=\"default\" tabindex=\"417\" title=\"Link zu interner Seite\" href=\"https:\/\/izmf-salzburg.at\/dissertationsprojekte\/#Martin-Seidler\" target=\"_self\" rel=\"noopener noreferrer\"> Martin Seidler <\/a><\/td>\n<td rowspan=\"1\"><i>R\u00f6mische Liturgien in armenischen Ordensgemeinschaften. Zur Eucharistiefeier der Bartholomiten und Fratres Unitores: Darstellung der \u00e4ltesten Quellen und liturgiehistorische Einordnung <\/i><\/td>\n<td rowspan=\"1\">Liturgiewissenschaft<\/td>\n<\/tr>\n<\/tbody>\n<\/table>\n<p>[\/vc_column_text][\/vc_column][\/vc_row]<\/p>\n<\/section>","protected":false},"excerpt":{"rendered":"<p>[vc_row][vc_column][vc_column_text] &lt;\/tr Doktorand\/in Titel Fachbereich Linda Beutel-Thurow Benennungspoetiken mittelhochdeutscher Epik. Eine Analyse der Verwendung von Namen,&#8230;<\/p>\n","protected":false},"author":3,"featured_media":0,"parent":0,"menu_order":0,"comment_status":"closed","ping_status":"closed","template":"","meta":{"_bbp_topic_count":0,"_bbp_reply_count":0,"_bbp_total_topic_count":0,"_bbp_total_reply_count":0,"_bbp_voice_count":0,"_bbp_anonymous_reply_count":0,"_bbp_topic_count_hidden":0,"_bbp_reply_count_hidden":0,"_bbp_forum_subforum_count":0},"yoast_head":"<!-- This site is optimized with the Yoast SEO plugin v20.2.1 - https:\/\/yoast.com\/wordpress\/plugins\/seo\/ -->\n<title>Doktorand*inn*en - IZMF - Interdisziplin\u00e4res Zentrum f\u00fcr Mittelalter und Fr\u00fchneuzeit<\/title>\n<meta name=\"robots\" content=\"index, follow, max-snippet:-1, max-image-preview:large, max-video-preview:-1\" \/>\n<link rel=\"canonical\" href=\"https:\/\/geschichte-studium.at\/izmf\/doktorandinnen\/\" \/>\n<meta property=\"og:locale\" content=\"de_DE\" \/>\n<meta property=\"og:type\" content=\"article\" \/>\n<meta property=\"og:title\" content=\"Doktorand*inn*en - IZMF - Interdisziplin\u00e4res Zentrum f\u00fcr Mittelalter und Fr\u00fchneuzeit\" \/>\n<meta property=\"og:description\" content=\"[vc_row][vc_column][vc_column_text] &lt;\/tr Doktorand\/in Titel Fachbereich Linda Beutel-Thurow Benennungspoetiken mittelhochdeutscher Epik. Eine Analyse der Verwendung von Namen,...\" \/>\n<meta property=\"og:url\" content=\"https:\/\/geschichte-studium.at\/izmf\/doktorandinnen\/\" \/>\n<meta property=\"og:site_name\" content=\"IZMF - Interdisziplin\u00e4res Zentrum f\u00fcr Mittelalter und Fr\u00fchneuzeit\" \/>\n<meta property=\"article:modified_time\" content=\"2025-03-11T09:44:32+00:00\" \/>\n<meta name=\"twitter:card\" content=\"summary_large_image\" \/>\n<meta name=\"twitter:label1\" content=\"Gesch\u00e4tzte Lesezeit\" \/>\n\t<meta name=\"twitter:data1\" content=\"3\u00a0Minuten\" \/>\n<script type=\"application\/ld+json\" class=\"yoast-schema-graph\">{\"@context\":\"https:\/\/schema.org\",\"@graph\":[{\"@type\":\"WebPage\",\"@id\":\"https:\/\/geschichte-studium.at\/izmf\/doktorandinnen\/\",\"url\":\"https:\/\/geschichte-studium.at\/izmf\/doktorandinnen\/\",\"name\":\"Doktorand*inn*en - IZMF - Interdisziplin\u00e4res Zentrum f\u00fcr Mittelalter und Fr\u00fchneuzeit\",\"isPartOf\":{\"@id\":\"https:\/\/geschichte-studium.at\/izmf\/#website\"},\"datePublished\":\"2020-09-29T16:41:32+00:00\",\"dateModified\":\"2025-03-11T09:44:32+00:00\",\"breadcrumb\":{\"@id\":\"https:\/\/geschichte-studium.at\/izmf\/doktorandinnen\/#breadcrumb\"},\"inLanguage\":\"de\",\"potentialAction\":[{\"@type\":\"ReadAction\",\"target\":[\"https:\/\/geschichte-studium.at\/izmf\/doktorandinnen\/\"]}]},{\"@type\":\"BreadcrumbList\",\"@id\":\"https:\/\/geschichte-studium.at\/izmf\/doktorandinnen\/#breadcrumb\",\"itemListElement\":[{\"@type\":\"ListItem\",\"position\":1,\"name\":\"Startseite\",\"item\":\"https:\/\/izmf-salzburg.at\/\"},{\"@type\":\"ListItem\",\"position\":2,\"name\":\"Doktorand*inn*en\"}]},{\"@type\":\"WebSite\",\"@id\":\"https:\/\/geschichte-studium.at\/izmf\/#website\",\"url\":\"https:\/\/geschichte-studium.at\/izmf\/\",\"name\":\"IZMF - Interdisziplin\u00e4res Zentrum f\u00fcr Mittelalter und Fr\u00fchneuzeit\",\"description\":\"\",\"publisher\":{\"@id\":\"https:\/\/geschichte-studium.at\/izmf\/#organization\"},\"potentialAction\":[{\"@type\":\"SearchAction\",\"target\":{\"@type\":\"EntryPoint\",\"urlTemplate\":\"https:\/\/geschichte-studium.at\/izmf\/?s={search_term_string}\"},\"query-input\":\"required name=search_term_string\"}],\"inLanguage\":\"de\"},{\"@type\":\"Organization\",\"@id\":\"https:\/\/geschichte-studium.at\/izmf\/#organization\",\"name\":\"IZMF - Interdisziplin\u00e4res Zentrum f\u00fcr Mittelalter und Fr\u00fchneuzeit\",\"url\":\"https:\/\/geschichte-studium.at\/izmf\/\",\"logo\":{\"@type\":\"ImageObject\",\"inLanguage\":\"de\",\"@id\":\"https:\/\/geschichte-studium.at\/izmf\/#\/schema\/logo\/image\/\",\"url\":\"https:\/\/izmf-salzburg.at\/wp-content\/uploads\/2020\/03\/LOGO_IZMF-1.png\",\"contentUrl\":\"https:\/\/izmf-salzburg.at\/wp-content\/uploads\/2020\/03\/LOGO_IZMF-1.png\",\"width\":2525,\"height\":1495,\"caption\":\"IZMF - Interdisziplin\u00e4res Zentrum f\u00fcr Mittelalter und Fr\u00fchneuzeit\"},\"image\":{\"@id\":\"https:\/\/geschichte-studium.at\/izmf\/#\/schema\/logo\/image\/\"},\"sameAs\":[\"https:\/\/www.instagram.com\/izmfunisalzburg\/\"]}]}<\/script>\n<!-- \/ Yoast SEO plugin. -->","yoast_head_json":{"title":"Doktorand*inn*en - IZMF - Interdisziplin\u00e4res Zentrum f\u00fcr Mittelalter und Fr\u00fchneuzeit","robots":{"index":"index","follow":"follow","max-snippet":"max-snippet:-1","max-image-preview":"max-image-preview:large","max-video-preview":"max-video-preview:-1"},"canonical":"https:\/\/geschichte-studium.at\/izmf\/doktorandinnen\/","og_locale":"de_DE","og_type":"article","og_title":"Doktorand*inn*en - IZMF - Interdisziplin\u00e4res Zentrum f\u00fcr Mittelalter und Fr\u00fchneuzeit","og_description":"[vc_row][vc_column][vc_column_text] &lt;\/tr Doktorand\/in Titel Fachbereich Linda Beutel-Thurow Benennungspoetiken mittelhochdeutscher Epik. Eine Analyse der Verwendung von Namen,...","og_url":"https:\/\/geschichte-studium.at\/izmf\/doktorandinnen\/","og_site_name":"IZMF - Interdisziplin\u00e4res Zentrum f\u00fcr Mittelalter und Fr\u00fchneuzeit","article_modified_time":"2025-03-11T09:44:32+00:00","twitter_card":"summary_large_image","twitter_misc":{"Gesch\u00e4tzte Lesezeit":"3\u00a0Minuten"},"schema":{"@context":"https:\/\/schema.org","@graph":[{"@type":"WebPage","@id":"https:\/\/geschichte-studium.at\/izmf\/doktorandinnen\/","url":"https:\/\/geschichte-studium.at\/izmf\/doktorandinnen\/","name":"Doktorand*inn*en - IZMF - Interdisziplin\u00e4res Zentrum f\u00fcr Mittelalter und Fr\u00fchneuzeit","isPartOf":{"@id":"https:\/\/geschichte-studium.at\/izmf\/#website"},"datePublished":"2020-09-29T16:41:32+00:00","dateModified":"2025-03-11T09:44:32+00:00","breadcrumb":{"@id":"https:\/\/geschichte-studium.at\/izmf\/doktorandinnen\/#breadcrumb"},"inLanguage":"de","potentialAction":[{"@type":"ReadAction","target":["https:\/\/geschichte-studium.at\/izmf\/doktorandinnen\/"]}]},{"@type":"BreadcrumbList","@id":"https:\/\/geschichte-studium.at\/izmf\/doktorandinnen\/#breadcrumb","itemListElement":[{"@type":"ListItem","position":1,"name":"Startseite","item":"https:\/\/izmf-salzburg.at\/"},{"@type":"ListItem","position":2,"name":"Doktorand*inn*en"}]},{"@type":"WebSite","@id":"https:\/\/geschichte-studium.at\/izmf\/#website","url":"https:\/\/geschichte-studium.at\/izmf\/","name":"IZMF - Interdisziplin\u00e4res Zentrum f\u00fcr Mittelalter und Fr\u00fchneuzeit","description":"","publisher":{"@id":"https:\/\/geschichte-studium.at\/izmf\/#organization"},"potentialAction":[{"@type":"SearchAction","target":{"@type":"EntryPoint","urlTemplate":"https:\/\/geschichte-studium.at\/izmf\/?s={search_term_string}"},"query-input":"required name=search_term_string"}],"inLanguage":"de"},{"@type":"Organization","@id":"https:\/\/geschichte-studium.at\/izmf\/#organization","name":"IZMF - Interdisziplin\u00e4res Zentrum f\u00fcr Mittelalter und Fr\u00fchneuzeit","url":"https:\/\/geschichte-studium.at\/izmf\/","logo":{"@type":"ImageObject","inLanguage":"de","@id":"https:\/\/geschichte-studium.at\/izmf\/#\/schema\/logo\/image\/","url":"https:\/\/izmf-salzburg.at\/wp-content\/uploads\/2020\/03\/LOGO_IZMF-1.png","contentUrl":"https:\/\/izmf-salzburg.at\/wp-content\/uploads\/2020\/03\/LOGO_IZMF-1.png","width":2525,"height":1495,"caption":"IZMF - Interdisziplin\u00e4res Zentrum f\u00fcr Mittelalter und Fr\u00fchneuzeit"},"image":{"@id":"https:\/\/geschichte-studium.at\/izmf\/#\/schema\/logo\/image\/"},"sameAs":["https:\/\/www.instagram.com\/izmfunisalzburg\/"]}]}},"_links":{"self":[{"href":"https:\/\/geschichte-studium.at\/izmf\/wp-json\/wp\/v2\/pages\/4826"}],"collection":[{"href":"https:\/\/geschichte-studium.at\/izmf\/wp-json\/wp\/v2\/pages"}],"about":[{"href":"https:\/\/geschichte-studium.at\/izmf\/wp-json\/wp\/v2\/types\/page"}],"author":[{"embeddable":true,"href":"https:\/\/geschichte-studium.at\/izmf\/wp-json\/wp\/v2\/users\/3"}],"replies":[{"embeddable":true,"href":"https:\/\/geschichte-studium.at\/izmf\/wp-json\/wp\/v2\/comments?post=4826"}],"version-history":[{"count":48,"href":"https:\/\/geschichte-studium.at\/izmf\/wp-json\/wp\/v2\/pages\/4826\/revisions"}],"predecessor-version":[{"id":7179,"href":"https:\/\/geschichte-studium.at\/izmf\/wp-json\/wp\/v2\/pages\/4826\/revisions\/7179"}],"wp:attachment":[{"href":"https:\/\/geschichte-studium.at\/izmf\/wp-json\/wp\/v2\/media?parent=4826"}],"curies":[{"name":"wp","href":"https:\/\/api.w.org\/{rel}","templated":true}]}}