{"id":4823,"date":"2020-09-29T18:35:05","date_gmt":"2020-09-29T16:35:05","guid":{"rendered":"https:\/\/izmf.sbg.ac.at\/?page_id=4823"},"modified":"2021-06-21T10:41:04","modified_gmt":"2021-06-21T08:41:04","slug":"dsp-kolleg","status":"publish","type":"page","link":"https:\/\/geschichte-studium.at\/izmf\/dsp-kolleg\/","title":{"rendered":"DSP-Kolleg"},"content":{"rendered":"<section class=\"wpb-content-wrapper\"><p>[vc_row tlg_padding=&#8220;pt0 pb0&#8243;][vc_column][vc_column_text]<\/p>\n<p style=\"text-align: right;\"><span style=\"color: #999999;\">\u00a9 Michael Brauer.<\/span><\/p>\n<p>[\/vc_column_text][\/vc_column][\/vc_row][vc_row][vc_column]<div class=\"headings-title\"><div class=\"mb72 mb16 mb-xs-40 text-center\"><h5  class=\"widgettitle mb0\">Das DSP-Kolleg<\/h5><div  class=\"widgetsubtitle\">Interdisziplin\u00e4re Erforschung historischer Kulturen<\/div><\/div><\/div>[vc_column_text]<strong>Kooperierende Institutionen:<\/strong><\/p>\n<p>Die im Kolleg kooperierenden Institutionen sind das Interdisziplin\u00e4re Zentrum f\u00fcr Mittelalter und Fr\u00fchneuzeit (<a class=\"default\" tabindex=\"404\" title=\"Link zu interner Seite\" href=\"https:\/\/izmf-salzburg.at\/\" target=\"_self\" rel=\"noopener noreferrer\">IZMF<\/a>), das dem IZMF assoziierte Institut f\u00fcr Realienkunde des Mittelalters und der Fr\u00fchen Neuzeit der Universit\u00e4t Salzburg in Krems (<a class=\"extlink\" tabindex=\"405\" title=\"IMAREAL\" href=\"https:\/\/www.imareal.sbg.ac.at\/\" target=\"_blank\" rel=\"noopener noreferrer\">IMAREAL<\/a>) sowie die ebenfalls dem IZMF assoziierte Mittelhochdeutsche Begriffsdatenbank (<a class=\"default\" tabindex=\"406\" title=\"Link zu interner Seite\" href=\"https:\/\/www.plus.ac.at\/mittelhochdeutsche-begriffsdatenbank\/\" target=\"_self\" rel=\"noopener noreferrer\">MHDBDB<\/a>), das Zentrum f\u00fcr j\u00fcdische Kulturgeschichte (<a class=\"default\" tabindex=\"407\" title=\"Link zu interner Seite\" href=\"https:\/\/www.plus.ac.at\/zentrum-fuer-juedische-kulturgeschichte__trashed\/\" target=\"_self\" rel=\"noopener noreferrer\">ZJK<\/a>) sowie der Fachbereich Altertumswissenschaften (FB <a class=\"default\" tabindex=\"408\" title=\"Link zu interner Seite\" href=\"https:\/\/www.plus.ac.at\/altertumswissenschaften\/\" target=\"_self\" rel=\"noopener noreferrer\">AW<\/a>), dem das Corpus Scriptorum Ecclesiasticorum Latinorum (<a class=\"extlink\" tabindex=\"409\" title=\"CSEL\" href=\"http:\/\/csel.sbg.ac.at\/\" target=\"_blank\" rel=\"noopener noreferrer\">CSEL<\/a>) assoziiert ist. \u00dcber das IZMF kooperieren au\u00dferdem noch die Fachbereiche Germanistik, Geschichte, Kunst-Musik-Tanzwissenschaft sowie Praktische Theologie.<\/p>\n<p><strong> Beschreibung, Begr\u00fcndung, Alleinstellungsmerkmal <\/strong><\/p>\n<p>Als <strong>Alleinstellungsmerkmale <\/strong>des Kollegs sollen hervorgehoben werden:<\/p>\n<ul class=\"content-list\">\n<li>die <strong>breite interdisziplin\u00e4re Basis<\/strong>, die Geschichtswissenschaften, Philologie, Kunst\u00adwissenschaft, Arch\u00e4ologie und Theologie umfasst;<\/li>\n<li>mit klassischer und j\u00fcdischer Antike, christlichem und j\u00fcdischem Mittelalter sowie Fr\u00fcher Neuzeit die <strong>vergleichende Untersuchung von historischen Kulturen<\/strong>, die \u00fcblicherweise getrennt verhandelt werden;<\/li>\n<li>die Verbindung <strong>theoriegeleiteter Forschung<\/strong> mit der innovativen methodischen Erschlie\u00dfung <strong>unterschiedlicher prim\u00e4rer Quellenbest\u00e4nde<\/strong> (Sach-, Bild- und Schriftquellen) unter Einsatz der <strong>Digital Humanities<\/strong>;<\/li>\n<li>auf institutioneller Ebene eine Kooperation, die nicht nur fachbereichs-, sondern auch <strong>fakult\u00e4ts\u00fcbergreifend<\/strong> ausgerichtet ist und zudem auf eine verst\u00e4rkte <strong>Zusammenarbeit universit\u00e4rer Zentren<\/strong> abzielt.<\/li>\n<\/ul>\n<p>Allgemeiner <strong>Gegenstandsbereich<\/strong> des Kollegs sind historische Kulturen von der Antike bis in die Fr\u00fche Neuzeit. Es soll deren interdisziplin\u00e4rer wissenschaftlicher Erschlie\u00dfung dienen, wobei zwei grunds\u00e4tzliche Aspekte zentral sind: zum einen die Differenz historischer Kulturen zur Gegenwart, also Ph\u00e4nomene der <strong>historischen Alterit\u00e4t<\/strong> auf mehreren kulturellen Ebenen wie Politik und Gesellschaft, \u00c4sthetik, Medialit\u00e4t, Geschlechterverh\u00e4ltnisse, kollektive und subjektive Identit\u00e4ten, Ritualit\u00e4t und Performanz, historische \u201eWeisen der Welterzeugung\u201c (Nelson Goodman) wie Zeit, Raum, Erinnerung, Religion; zum anderen Ph\u00e4nomene der <strong>transhistorischen Wirkung<\/strong> historischer Kulturen auf die Gegenwart, die ebenso auf den genannten kulturellen Ebenen gegeben sind.<\/p>\n<p>Im Zentrum stehen dabei die klassische, vor allem r\u00f6mische Antike, die j\u00fcdische Antike, das christliche und das j\u00fcdische Mittelalter sowie die Fr\u00fchneuzeit mit ihren essentiellen Ph\u00e4nomenen des Aufbruchs, konkret der Horizonterweiterung \u00fcber Europa hinaus. Die Basis der wissenschaftlichen Analyse bilden dabei alle \u00dcberlieferungsbereiche, die uns zur Verf\u00fcgung stehen. Die genannten <strong>\u00dcber\u00adlieferungsbereiche<\/strong> sollen im Kolleg gerade in ihrem Zusammenhang in den Blick genommen werden, wie dies einer modernen kulturwissenschaftlich-interdisziplin\u00e4ren Praxis entspricht. Die beteiligten Institutionen \u00fcben diese Formen interdisziplin\u00e4rer Forschung seit langem, ja sie sind, namentlich IZMF und IMAREAL, gerade zu diesem Ziel eingerichtet worden.<\/p>\n<p><strong>Interdisziplinarit\u00e4t<\/strong> bedeutet zum einen, dass man sich der <strong>I<\/strong><strong>nterferenz der Gegen\u00adstands\u00adbereiche<\/strong> \u2013 etwa der historischen Prozesse, der literarischen und k\u00fcnstlerischen Produktion historischer Kulturformen \u2013 bewusst ist. Theoretisch und methodisch bedeutet Interdisziplinarit\u00e4t, dass es aber auch pro\u00adduktive <strong>Interferenzen in den wissenschaftlichen Arbeitsweisen<\/strong> gibt, dass man \u2013 einfach gesagt \u2013 voneinander lernen kann und wollen sollte.<\/p>\n<p>Kulturelle Interferenz ist aber auch von Interesse f\u00fcr die <strong>Neuprofilierung<\/strong> der genannten historischen Kulturen in synchroner wie diachroner Hinsicht. Dass etwa die klassische Antike nicht als geschlossene, von anderen Kulturen unbeeinflusste Gegebenheit zu betrachten ist, ist heute communis opinio, das gleiche gilt f\u00fcr das antike Judentum. Im Sinne dieses umfassenden Interferenzverst\u00e4ndnisses will sich das Kolleg auch der \u201eVorl\u00e4ufig\u00adkeit\u201c und \u201eKonstruiertheit\u201c einer strengen Epochenscheidung bewusst sein und historische Z\u00e4suren wie Kontinuit\u00e4ten in den Blick nehmen. Hier kann auf Vorarbeiten des IZMF und des IMAREAL zur\u00fcckgegriffen werden. (Vgl. den Band: Kontinuit\u00e4ten, Umbr\u00fcche, Z\u00e4suren. Die Konstruktion von Epochen in Mittelalter und fr\u00fcher Neuzeit in interdisziplin\u00e4rer Sichtung. Hg. von Thomas K\u00fchtreiber und Gabriele Schichta, Heidelberg: Winter, 2016 (Interdisziplin\u00e4re Beitr\u00e4ge zu Mittelalter und Fr\u00fcher Neuzeit 6), der auf eine gemeinsame Tagung des IZMF und des IMAREAL zur\u00fcckgeht.)<\/p>\n<p><strong> Forschungsprogramm(e), auf dem das Kolleg aufbaut bzw. in das es eingebettet ist <\/strong><\/p>\n<p>Das IZMF setzt sich seit einigen Jahren Forschungsschwerpunkte, die die Zentrumsarbeit b\u00fcndeln sollen. Der produktive Zugang, den die Auseinandersetzung mit <strong>Materialit\u00e4t und Medialit\u00e4t<\/strong> zu historischen Kulturen er\u00f6ffnet, bildet seit Bestehen einen Focus der interdisziplin\u00e4ren Forschung am IMAREAL. Der sogenannte \u201eMaterial Turn\u201c hat diesem Aspekt eine neue theoretische und gegenstandsbezogene Dynamik gegeben. Folgerichtig sollen Fragen zu historischer Materialit\u00e4t und ihrem kulturellen Aussagewert (u.a. in Hinblick auf Identit\u00e4t und Gender, \u00c4sthetik und soziale Kommunikation) einen zentralen Arbeitsbereich des Kollegs bilden und werden in einigen Dissertationsprojekten verfolgt.<\/p>\n<p>Einen weiteren Schwerpunkt bildet die moderne <strong>editionsphilologische Erschlie\u00dfung<\/strong> von textuellen, zumal literarischen Quellen. In diesem Bereich bringt das CSEL eine international h\u00f6chst anerkannte Expertise ein. Editionstheorie und Editionspraxis (die sich im Bereich der mittelalterlichen Volkssprachen von der Methodik der klassischen Philologie unterscheiden muss), Fragen der Handschriftenkultur und der medialen Kommunikation von Literatur bilden einen Schwerpunkt der Salzburger medi\u00e4vistischen Literaturwissenschaft. Auch in diesem Bereich sind Dissertationsprojekte angesiedelt. Die weiteren Dissertationsprojekte untersuchen <strong>Interferenzen historischer Kulturen<\/strong> unter den genannten Aspekten der Medialit\u00e4t, der Ritualit\u00e4t und der Textualit\u00e4t bzw. unter sprach\u00adgeschichtlichen Gesichtspunkten.<\/p>\n<p><strong>Digitale Forschungs-Tools<\/strong> spielen eine zunehmende Rolle in den historischen Wissenschaften. Auch hier bieten die beteiligten Institutionen, namentlich das IMAREAL und die MHDBD f\u00fcr das Kolleg eine hervorragende institutionelle und operative Basis. Den Kollegiat*innen kann \u00fcber die entsprechenden Arbeitsinstrumente (Bild- und Begriffsdatenbank) ein essentieller, durchaus auch kritischer Einblick in die und eine grundlegende Vertrautheit mit den Digital Humanities auf theoretischer, methodischer und forschungspraktischer Ebene gegeben werden.[\/vc_column_text][\/vc_column][\/vc_row]<\/p>\n<\/section>","protected":false},"excerpt":{"rendered":"<p>[vc_row tlg_padding=&#8220;pt0 pb0&#8243;][vc_column][vc_column_text] \u00a9 Michael Brauer. [\/vc_column_text][\/vc_column][\/vc_row][vc_row][vc_column][vc_column_text]Kooperierende Institutionen: Die im Kolleg kooperierenden Institutionen sind das Interdisziplin\u00e4re&#8230;<\/p>\n","protected":false},"author":3,"featured_media":4875,"parent":0,"menu_order":0,"comment_status":"closed","ping_status":"closed","template":"","meta":{"_bbp_topic_count":0,"_bbp_reply_count":0,"_bbp_total_topic_count":0,"_bbp_total_reply_count":0,"_bbp_voice_count":0,"_bbp_anonymous_reply_count":0,"_bbp_topic_count_hidden":0,"_bbp_reply_count_hidden":0,"_bbp_forum_subforum_count":0},"yoast_head":"<!-- This site is optimized with the Yoast SEO plugin v20.2.1 - https:\/\/yoast.com\/wordpress\/plugins\/seo\/ -->\n<title>DSP-Kolleg - IZMF - Interdisziplin\u00e4res Zentrum f\u00fcr Mittelalter und Fr\u00fchneuzeit<\/title>\n<meta name=\"robots\" content=\"index, follow, max-snippet:-1, max-image-preview:large, max-video-preview:-1\" \/>\n<link rel=\"canonical\" href=\"https:\/\/geschichte-studium.at\/izmf\/dsp-kolleg\/\" \/>\n<meta property=\"og:locale\" content=\"de_DE\" \/>\n<meta property=\"og:type\" content=\"article\" \/>\n<meta property=\"og:title\" content=\"DSP-Kolleg - IZMF - Interdisziplin\u00e4res Zentrum f\u00fcr Mittelalter und Fr\u00fchneuzeit\" \/>\n<meta property=\"og:description\" content=\"[vc_row tlg_padding=&#8220;pt0 pb0&#8243;][vc_column][vc_column_text] \u00a9 Michael Brauer. [\/vc_column_text][\/vc_column][\/vc_row][vc_row][vc_column][vc_column_text]Kooperierende Institutionen: Die im Kolleg kooperierenden Institutionen sind das Interdisziplin\u00e4re...\" \/>\n<meta property=\"og:url\" content=\"https:\/\/geschichte-studium.at\/izmf\/dsp-kolleg\/\" \/>\n<meta property=\"og:site_name\" content=\"IZMF - Interdisziplin\u00e4res Zentrum f\u00fcr Mittelalter und Fr\u00fchneuzeit\" \/>\n<meta property=\"article:modified_time\" content=\"2021-06-21T08:41:04+00:00\" \/>\n<meta property=\"og:image\" content=\"https:\/\/izmf-salzburg.at\/wp-content\/uploads\/2020\/09\/DSP-2020-WEB-7.jpg\" \/>\n\t<meta property=\"og:image:width\" content=\"1920\" \/>\n\t<meta property=\"og:image:height\" content=\"625\" \/>\n\t<meta property=\"og:image:type\" content=\"image\/jpeg\" \/>\n<meta name=\"twitter:card\" content=\"summary_large_image\" \/>\n<meta name=\"twitter:label1\" content=\"Gesch\u00e4tzte Lesezeit\" \/>\n\t<meta name=\"twitter:data1\" content=\"5\u00a0Minuten\" \/>\n<script type=\"application\/ld+json\" class=\"yoast-schema-graph\">{\"@context\":\"https:\/\/schema.org\",\"@graph\":[{\"@type\":\"WebPage\",\"@id\":\"https:\/\/geschichte-studium.at\/izmf\/dsp-kolleg\/\",\"url\":\"https:\/\/geschichte-studium.at\/izmf\/dsp-kolleg\/\",\"name\":\"DSP-Kolleg - IZMF - Interdisziplin\u00e4res Zentrum f\u00fcr Mittelalter und Fr\u00fchneuzeit\",\"isPartOf\":{\"@id\":\"https:\/\/geschichte-studium.at\/izmf\/#website\"},\"datePublished\":\"2020-09-29T16:35:05+00:00\",\"dateModified\":\"2021-06-21T08:41:04+00:00\",\"breadcrumb\":{\"@id\":\"https:\/\/geschichte-studium.at\/izmf\/dsp-kolleg\/#breadcrumb\"},\"inLanguage\":\"de\",\"potentialAction\":[{\"@type\":\"ReadAction\",\"target\":[\"https:\/\/geschichte-studium.at\/izmf\/dsp-kolleg\/\"]}]},{\"@type\":\"BreadcrumbList\",\"@id\":\"https:\/\/geschichte-studium.at\/izmf\/dsp-kolleg\/#breadcrumb\",\"itemListElement\":[{\"@type\":\"ListItem\",\"position\":1,\"name\":\"Startseite\",\"item\":\"https:\/\/izmf-salzburg.at\/\"},{\"@type\":\"ListItem\",\"position\":2,\"name\":\"DSP-Kolleg\"}]},{\"@type\":\"WebSite\",\"@id\":\"https:\/\/geschichte-studium.at\/izmf\/#website\",\"url\":\"https:\/\/geschichte-studium.at\/izmf\/\",\"name\":\"IZMF - Interdisziplin\u00e4res Zentrum f\u00fcr Mittelalter und Fr\u00fchneuzeit\",\"description\":\"\",\"publisher\":{\"@id\":\"https:\/\/geschichte-studium.at\/izmf\/#organization\"},\"potentialAction\":[{\"@type\":\"SearchAction\",\"target\":{\"@type\":\"EntryPoint\",\"urlTemplate\":\"https:\/\/geschichte-studium.at\/izmf\/?s={search_term_string}\"},\"query-input\":\"required name=search_term_string\"}],\"inLanguage\":\"de\"},{\"@type\":\"Organization\",\"@id\":\"https:\/\/geschichte-studium.at\/izmf\/#organization\",\"name\":\"IZMF - Interdisziplin\u00e4res Zentrum f\u00fcr Mittelalter und Fr\u00fchneuzeit\",\"url\":\"https:\/\/geschichte-studium.at\/izmf\/\",\"logo\":{\"@type\":\"ImageObject\",\"inLanguage\":\"de\",\"@id\":\"https:\/\/geschichte-studium.at\/izmf\/#\/schema\/logo\/image\/\",\"url\":\"https:\/\/izmf-salzburg.at\/wp-content\/uploads\/2020\/03\/LOGO_IZMF-1.png\",\"contentUrl\":\"https:\/\/izmf-salzburg.at\/wp-content\/uploads\/2020\/03\/LOGO_IZMF-1.png\",\"width\":2525,\"height\":1495,\"caption\":\"IZMF - Interdisziplin\u00e4res Zentrum f\u00fcr Mittelalter und Fr\u00fchneuzeit\"},\"image\":{\"@id\":\"https:\/\/geschichte-studium.at\/izmf\/#\/schema\/logo\/image\/\"},\"sameAs\":[\"https:\/\/www.instagram.com\/izmfunisalzburg\/\"]}]}<\/script>\n<!-- \/ Yoast SEO plugin. -->","yoast_head_json":{"title":"DSP-Kolleg - IZMF - Interdisziplin\u00e4res Zentrum f\u00fcr Mittelalter und Fr\u00fchneuzeit","robots":{"index":"index","follow":"follow","max-snippet":"max-snippet:-1","max-image-preview":"max-image-preview:large","max-video-preview":"max-video-preview:-1"},"canonical":"https:\/\/geschichte-studium.at\/izmf\/dsp-kolleg\/","og_locale":"de_DE","og_type":"article","og_title":"DSP-Kolleg - IZMF - Interdisziplin\u00e4res Zentrum f\u00fcr Mittelalter und Fr\u00fchneuzeit","og_description":"[vc_row tlg_padding=&#8220;pt0 pb0&#8243;][vc_column][vc_column_text] \u00a9 Michael Brauer. [\/vc_column_text][\/vc_column][\/vc_row][vc_row][vc_column][vc_column_text]Kooperierende Institutionen: Die im Kolleg kooperierenden Institutionen sind das Interdisziplin\u00e4re...","og_url":"https:\/\/geschichte-studium.at\/izmf\/dsp-kolleg\/","og_site_name":"IZMF - Interdisziplin\u00e4res Zentrum f\u00fcr Mittelalter und Fr\u00fchneuzeit","article_modified_time":"2021-06-21T08:41:04+00:00","og_image":[{"width":1920,"height":625,"url":"https:\/\/izmf-salzburg.at\/wp-content\/uploads\/2020\/09\/DSP-2020-WEB-7.jpg","type":"image\/jpeg"}],"twitter_card":"summary_large_image","twitter_misc":{"Gesch\u00e4tzte Lesezeit":"5\u00a0Minuten"},"schema":{"@context":"https:\/\/schema.org","@graph":[{"@type":"WebPage","@id":"https:\/\/geschichte-studium.at\/izmf\/dsp-kolleg\/","url":"https:\/\/geschichte-studium.at\/izmf\/dsp-kolleg\/","name":"DSP-Kolleg - IZMF - Interdisziplin\u00e4res Zentrum f\u00fcr Mittelalter und Fr\u00fchneuzeit","isPartOf":{"@id":"https:\/\/geschichte-studium.at\/izmf\/#website"},"datePublished":"2020-09-29T16:35:05+00:00","dateModified":"2021-06-21T08:41:04+00:00","breadcrumb":{"@id":"https:\/\/geschichte-studium.at\/izmf\/dsp-kolleg\/#breadcrumb"},"inLanguage":"de","potentialAction":[{"@type":"ReadAction","target":["https:\/\/geschichte-studium.at\/izmf\/dsp-kolleg\/"]}]},{"@type":"BreadcrumbList","@id":"https:\/\/geschichte-studium.at\/izmf\/dsp-kolleg\/#breadcrumb","itemListElement":[{"@type":"ListItem","position":1,"name":"Startseite","item":"https:\/\/izmf-salzburg.at\/"},{"@type":"ListItem","position":2,"name":"DSP-Kolleg"}]},{"@type":"WebSite","@id":"https:\/\/geschichte-studium.at\/izmf\/#website","url":"https:\/\/geschichte-studium.at\/izmf\/","name":"IZMF - Interdisziplin\u00e4res Zentrum f\u00fcr Mittelalter und Fr\u00fchneuzeit","description":"","publisher":{"@id":"https:\/\/geschichte-studium.at\/izmf\/#organization"},"potentialAction":[{"@type":"SearchAction","target":{"@type":"EntryPoint","urlTemplate":"https:\/\/geschichte-studium.at\/izmf\/?s={search_term_string}"},"query-input":"required name=search_term_string"}],"inLanguage":"de"},{"@type":"Organization","@id":"https:\/\/geschichte-studium.at\/izmf\/#organization","name":"IZMF - Interdisziplin\u00e4res Zentrum f\u00fcr Mittelalter und Fr\u00fchneuzeit","url":"https:\/\/geschichte-studium.at\/izmf\/","logo":{"@type":"ImageObject","inLanguage":"de","@id":"https:\/\/geschichte-studium.at\/izmf\/#\/schema\/logo\/image\/","url":"https:\/\/izmf-salzburg.at\/wp-content\/uploads\/2020\/03\/LOGO_IZMF-1.png","contentUrl":"https:\/\/izmf-salzburg.at\/wp-content\/uploads\/2020\/03\/LOGO_IZMF-1.png","width":2525,"height":1495,"caption":"IZMF - Interdisziplin\u00e4res Zentrum f\u00fcr Mittelalter und Fr\u00fchneuzeit"},"image":{"@id":"https:\/\/geschichte-studium.at\/izmf\/#\/schema\/logo\/image\/"},"sameAs":["https:\/\/www.instagram.com\/izmfunisalzburg\/"]}]}},"_links":{"self":[{"href":"https:\/\/geschichte-studium.at\/izmf\/wp-json\/wp\/v2\/pages\/4823"}],"collection":[{"href":"https:\/\/geschichte-studium.at\/izmf\/wp-json\/wp\/v2\/pages"}],"about":[{"href":"https:\/\/geschichte-studium.at\/izmf\/wp-json\/wp\/v2\/types\/page"}],"author":[{"embeddable":true,"href":"https:\/\/geschichte-studium.at\/izmf\/wp-json\/wp\/v2\/users\/3"}],"replies":[{"embeddable":true,"href":"https:\/\/geschichte-studium.at\/izmf\/wp-json\/wp\/v2\/comments?post=4823"}],"version-history":[{"count":16,"href":"https:\/\/geschichte-studium.at\/izmf\/wp-json\/wp\/v2\/pages\/4823\/revisions"}],"predecessor-version":[{"id":5468,"href":"https:\/\/geschichte-studium.at\/izmf\/wp-json\/wp\/v2\/pages\/4823\/revisions\/5468"}],"wp:featuredmedia":[{"embeddable":true,"href":"https:\/\/geschichte-studium.at\/izmf\/wp-json\/wp\/v2\/media\/4875"}],"wp:attachment":[{"href":"https:\/\/geschichte-studium.at\/izmf\/wp-json\/wp\/v2\/media?parent=4823"}],"curies":[{"name":"wp","href":"https:\/\/api.w.org\/{rel}","templated":true}]}}