{"id":4807,"date":"2020-09-29T18:23:11","date_gmt":"2020-09-29T16:23:11","guid":{"rendered":"https:\/\/izmf.sbg.ac.at\/?page_id=4807"},"modified":"2025-10-16T13:45:35","modified_gmt":"2025-10-16T11:45:35","slug":"studium","status":"publish","type":"page","link":"https:\/\/geschichte-studium.at\/izmf\/studium\/","title":{"rendered":"Studium"},"content":{"rendered":"<section class=\"wpb-content-wrapper\"><p>[vc_row][vc_column][vc_column_text]<\/p>\n<div id=\"c1062631\" class=\"csc-default\">\n<p>Im Rahmen des Interdisziplin\u00e4ren Zentrums f\u00fcr Mittelalter und Fr\u00fchneuzeit k\u00f6nnen Lehrveranstaltungen verschiedener Fachbereiche, die in Zusammenhang mit Mittelalter und Fr\u00fcher Neuzeit stehen, als Studienerg\u00e4nzung (24 ECTS) oder Studienschwerpunkt (36 ECTS)\u00a0absolviert werden.<\/p>\n<p>Ein vernetztes Lehrangebot der beteiligten Disziplinen soll den Studierenden ein differenziertes Gesamtbild dieser historischen Epoche vermitteln. Eine \u00dcbersicht \u00fcber die Lehrveranstaltungen des aktuellen Semesters finden Sie <a href=\"https:\/\/online.uni-salzburg.at\/plus_online\/ee\/ui\/ca2\/app\/desktop\/#\/slc.tm.cp\/student\/courses?$ctx=lang=&amp;$filter=courseFilterResourceId-eq=RUxFTUVOVDtWRVJTSU9OX0lEOjIyNTk7Tk9ERV9JRDoxMDg1NTU2&amp;$skip=0&amp;curriculumVersionId=2259&amp;objTermId=204&amp;orgId=1\">hier<\/a>.<\/p>\n<p>Zudem bieten die Mitwirkenden des IZMF in jedem Wintersemester eine <a class=\"default\" tabindex=\"404\" title=\"Link zu externer Seite\" href=\"https:\/\/izmf-salzburg.at\/2025\/07\/21\/ringvorlesung-des-izmf-wise-2025-2026\/\" target=\"_self\" rel=\"noopener noreferrer\">interdisziplin\u00e4re Ringvorlesung<\/a> mit einem f\u00e4cher\u00fcbergreifenden Thema an.<\/p>\n<p>Das <a class=\"default\" tabindex=\"405\" title=\"Link zu externer Seite\" href=\"https:\/\/izmf-salzburg.at\/nachwuchsnetzwerk-des-izmf\/\" target=\"_self\" rel=\"noopener noreferrer\">IZMF-Nachwuchsnetzwerk <\/a>bem\u00fcht sich um einen wissenschaftlichen Austausch zwischen unterschiedlichen Disziplinen, die sich mit dem Mittelalter und der fr\u00fchen Neuzeit auseinandersetzen.<\/p>\n<\/div>\n<p>[\/vc_column_text][\/vc_column][\/vc_row]<\/p>\n<\/section>","protected":false},"excerpt":{"rendered":"<p>[vc_row][vc_column][vc_column_text] Im Rahmen des Interdisziplin\u00e4ren Zentrums f\u00fcr Mittelalter und Fr\u00fchneuzeit k\u00f6nnen Lehrveranstaltungen verschiedener Fachbereiche, die in&#8230;<\/p>\n","protected":false},"author":3,"featured_media":0,"parent":0,"menu_order":0,"comment_status":"closed","ping_status":"closed","template":"","meta":{"_bbp_topic_count":0,"_bbp_reply_count":0,"_bbp_total_topic_count":0,"_bbp_total_reply_count":0,"_bbp_voice_count":0,"_bbp_anonymous_reply_count":0,"_bbp_topic_count_hidden":0,"_bbp_reply_count_hidden":0,"_bbp_forum_subforum_count":0},"yoast_head":"<!-- This site is optimized with the Yoast SEO plugin v20.2.1 - https:\/\/yoast.com\/wordpress\/plugins\/seo\/ -->\n<title>Studium - IZMF - Interdisziplin\u00e4res Zentrum f\u00fcr Mittelalter und Fr\u00fchneuzeit<\/title>\n<meta name=\"robots\" content=\"index, follow, max-snippet:-1, max-image-preview:large, max-video-preview:-1\" \/>\n<link rel=\"canonical\" href=\"https:\/\/geschichte-studium.at\/izmf\/studium\/\" \/>\n<meta property=\"og:locale\" content=\"de_DE\" \/>\n<meta property=\"og:type\" content=\"article\" \/>\n<meta property=\"og:title\" content=\"Studium - IZMF - Interdisziplin\u00e4res Zentrum f\u00fcr Mittelalter und Fr\u00fchneuzeit\" \/>\n<meta property=\"og:description\" content=\"[vc_row][vc_column][vc_column_text] Im Rahmen des Interdisziplin\u00e4ren Zentrums f\u00fcr Mittelalter und Fr\u00fchneuzeit k\u00f6nnen Lehrveranstaltungen verschiedener Fachbereiche, die in...\" \/>\n<meta property=\"og:url\" content=\"https:\/\/geschichte-studium.at\/izmf\/studium\/\" \/>\n<meta property=\"og:site_name\" content=\"IZMF - Interdisziplin\u00e4res Zentrum f\u00fcr Mittelalter und Fr\u00fchneuzeit\" \/>\n<meta property=\"article:modified_time\" content=\"2025-10-16T11:45:35+00:00\" \/>\n<meta name=\"twitter:card\" content=\"summary_large_image\" \/>\n<meta name=\"twitter:label1\" content=\"Gesch\u00e4tzte Lesezeit\" \/>\n\t<meta name=\"twitter:data1\" content=\"1\u00a0Minute\" \/>\n<script type=\"application\/ld+json\" class=\"yoast-schema-graph\">{\"@context\":\"https:\/\/schema.org\",\"@graph\":[{\"@type\":\"WebPage\",\"@id\":\"https:\/\/geschichte-studium.at\/izmf\/studium\/\",\"url\":\"https:\/\/geschichte-studium.at\/izmf\/studium\/\",\"name\":\"Studium - IZMF - Interdisziplin\u00e4res Zentrum f\u00fcr Mittelalter und Fr\u00fchneuzeit\",\"isPartOf\":{\"@id\":\"https:\/\/geschichte-studium.at\/izmf\/#website\"},\"datePublished\":\"2020-09-29T16:23:11+00:00\",\"dateModified\":\"2025-10-16T11:45:35+00:00\",\"breadcrumb\":{\"@id\":\"https:\/\/geschichte-studium.at\/izmf\/studium\/#breadcrumb\"},\"inLanguage\":\"de\",\"potentialAction\":[{\"@type\":\"ReadAction\",\"target\":[\"https:\/\/geschichte-studium.at\/izmf\/studium\/\"]}]},{\"@type\":\"BreadcrumbList\",\"@id\":\"https:\/\/geschichte-studium.at\/izmf\/studium\/#breadcrumb\",\"itemListElement\":[{\"@type\":\"ListItem\",\"position\":1,\"name\":\"Startseite\",\"item\":\"https:\/\/izmf-salzburg.at\/\"},{\"@type\":\"ListItem\",\"position\":2,\"name\":\"Studium\"}]},{\"@type\":\"WebSite\",\"@id\":\"https:\/\/geschichte-studium.at\/izmf\/#website\",\"url\":\"https:\/\/geschichte-studium.at\/izmf\/\",\"name\":\"IZMF - Interdisziplin\u00e4res Zentrum f\u00fcr Mittelalter und Fr\u00fchneuzeit\",\"description\":\"\",\"publisher\":{\"@id\":\"https:\/\/geschichte-studium.at\/izmf\/#organization\"},\"potentialAction\":[{\"@type\":\"SearchAction\",\"target\":{\"@type\":\"EntryPoint\",\"urlTemplate\":\"https:\/\/geschichte-studium.at\/izmf\/?s={search_term_string}\"},\"query-input\":\"required name=search_term_string\"}],\"inLanguage\":\"de\"},{\"@type\":\"Organization\",\"@id\":\"https:\/\/geschichte-studium.at\/izmf\/#organization\",\"name\":\"IZMF - Interdisziplin\u00e4res Zentrum f\u00fcr Mittelalter und Fr\u00fchneuzeit\",\"url\":\"https:\/\/geschichte-studium.at\/izmf\/\",\"logo\":{\"@type\":\"ImageObject\",\"inLanguage\":\"de\",\"@id\":\"https:\/\/geschichte-studium.at\/izmf\/#\/schema\/logo\/image\/\",\"url\":\"https:\/\/izmf-salzburg.at\/wp-content\/uploads\/2020\/03\/LOGO_IZMF-1.png\",\"contentUrl\":\"https:\/\/izmf-salzburg.at\/wp-content\/uploads\/2020\/03\/LOGO_IZMF-1.png\",\"width\":2525,\"height\":1495,\"caption\":\"IZMF - Interdisziplin\u00e4res Zentrum f\u00fcr Mittelalter und Fr\u00fchneuzeit\"},\"image\":{\"@id\":\"https:\/\/geschichte-studium.at\/izmf\/#\/schema\/logo\/image\/\"},\"sameAs\":[\"https:\/\/www.instagram.com\/izmfunisalzburg\/\"]}]}<\/script>\n<!-- \/ Yoast SEO plugin. -->","yoast_head_json":{"title":"Studium - IZMF - Interdisziplin\u00e4res Zentrum f\u00fcr Mittelalter und Fr\u00fchneuzeit","robots":{"index":"index","follow":"follow","max-snippet":"max-snippet:-1","max-image-preview":"max-image-preview:large","max-video-preview":"max-video-preview:-1"},"canonical":"https:\/\/geschichte-studium.at\/izmf\/studium\/","og_locale":"de_DE","og_type":"article","og_title":"Studium - IZMF - Interdisziplin\u00e4res Zentrum f\u00fcr Mittelalter und Fr\u00fchneuzeit","og_description":"[vc_row][vc_column][vc_column_text] Im Rahmen des Interdisziplin\u00e4ren Zentrums f\u00fcr Mittelalter und Fr\u00fchneuzeit k\u00f6nnen Lehrveranstaltungen verschiedener Fachbereiche, die in...","og_url":"https:\/\/geschichte-studium.at\/izmf\/studium\/","og_site_name":"IZMF - Interdisziplin\u00e4res Zentrum f\u00fcr Mittelalter und Fr\u00fchneuzeit","article_modified_time":"2025-10-16T11:45:35+00:00","twitter_card":"summary_large_image","twitter_misc":{"Gesch\u00e4tzte Lesezeit":"1\u00a0Minute"},"schema":{"@context":"https:\/\/schema.org","@graph":[{"@type":"WebPage","@id":"https:\/\/geschichte-studium.at\/izmf\/studium\/","url":"https:\/\/geschichte-studium.at\/izmf\/studium\/","name":"Studium - IZMF - Interdisziplin\u00e4res Zentrum f\u00fcr Mittelalter und Fr\u00fchneuzeit","isPartOf":{"@id":"https:\/\/geschichte-studium.at\/izmf\/#website"},"datePublished":"2020-09-29T16:23:11+00:00","dateModified":"2025-10-16T11:45:35+00:00","breadcrumb":{"@id":"https:\/\/geschichte-studium.at\/izmf\/studium\/#breadcrumb"},"inLanguage":"de","potentialAction":[{"@type":"ReadAction","target":["https:\/\/geschichte-studium.at\/izmf\/studium\/"]}]},{"@type":"BreadcrumbList","@id":"https:\/\/geschichte-studium.at\/izmf\/studium\/#breadcrumb","itemListElement":[{"@type":"ListItem","position":1,"name":"Startseite","item":"https:\/\/izmf-salzburg.at\/"},{"@type":"ListItem","position":2,"name":"Studium"}]},{"@type":"WebSite","@id":"https:\/\/geschichte-studium.at\/izmf\/#website","url":"https:\/\/geschichte-studium.at\/izmf\/","name":"IZMF - Interdisziplin\u00e4res Zentrum f\u00fcr Mittelalter und Fr\u00fchneuzeit","description":"","publisher":{"@id":"https:\/\/geschichte-studium.at\/izmf\/#organization"},"potentialAction":[{"@type":"SearchAction","target":{"@type":"EntryPoint","urlTemplate":"https:\/\/geschichte-studium.at\/izmf\/?s={search_term_string}"},"query-input":"required name=search_term_string"}],"inLanguage":"de"},{"@type":"Organization","@id":"https:\/\/geschichte-studium.at\/izmf\/#organization","name":"IZMF - Interdisziplin\u00e4res Zentrum f\u00fcr Mittelalter und Fr\u00fchneuzeit","url":"https:\/\/geschichte-studium.at\/izmf\/","logo":{"@type":"ImageObject","inLanguage":"de","@id":"https:\/\/geschichte-studium.at\/izmf\/#\/schema\/logo\/image\/","url":"https:\/\/izmf-salzburg.at\/wp-content\/uploads\/2020\/03\/LOGO_IZMF-1.png","contentUrl":"https:\/\/izmf-salzburg.at\/wp-content\/uploads\/2020\/03\/LOGO_IZMF-1.png","width":2525,"height":1495,"caption":"IZMF - Interdisziplin\u00e4res Zentrum f\u00fcr Mittelalter und Fr\u00fchneuzeit"},"image":{"@id":"https:\/\/geschichte-studium.at\/izmf\/#\/schema\/logo\/image\/"},"sameAs":["https:\/\/www.instagram.com\/izmfunisalzburg\/"]}]}},"_links":{"self":[{"href":"https:\/\/geschichte-studium.at\/izmf\/wp-json\/wp\/v2\/pages\/4807"}],"collection":[{"href":"https:\/\/geschichte-studium.at\/izmf\/wp-json\/wp\/v2\/pages"}],"about":[{"href":"https:\/\/geschichte-studium.at\/izmf\/wp-json\/wp\/v2\/types\/page"}],"author":[{"embeddable":true,"href":"https:\/\/geschichte-studium.at\/izmf\/wp-json\/wp\/v2\/users\/3"}],"replies":[{"embeddable":true,"href":"https:\/\/geschichte-studium.at\/izmf\/wp-json\/wp\/v2\/comments?post=4807"}],"version-history":[{"count":9,"href":"https:\/\/geschichte-studium.at\/izmf\/wp-json\/wp\/v2\/pages\/4807\/revisions"}],"predecessor-version":[{"id":7411,"href":"https:\/\/geschichte-studium.at\/izmf\/wp-json\/wp\/v2\/pages\/4807\/revisions\/7411"}],"wp:attachment":[{"href":"https:\/\/geschichte-studium.at\/izmf\/wp-json\/wp\/v2\/media?parent=4807"}],"curies":[{"name":"wp","href":"https:\/\/api.w.org\/{rel}","templated":true}]}}