{"id":4724,"date":"2020-09-29T16:01:40","date_gmt":"2020-09-29T14:01:40","guid":{"rendered":"https:\/\/izmf.sbg.ac.at\/?page_id=4724"},"modified":"2021-06-24T12:23:06","modified_gmt":"2021-06-24T10:23:06","slug":"publikationen-der-mhdbdb","status":"publish","type":"page","link":"https:\/\/geschichte-studium.at\/izmf\/publikationen-der-mhdbdb\/","title":{"rendered":"MHDBDB-Publikationen"},"content":{"rendered":"<section class=\"wpb-content-wrapper\"><p>[vc_row][vc_column]<div class=\"headings-title\"><div class=\"mb72 mb16 mb-xs-40 text-center\"><h5  class=\"widgettitle mb0\">Neidhart und die Neidhart-Lieder<\/h5><\/div><\/div>[vc_column_text]<\/p>\n<div id=\"c1170042\" class=\"csc-default\">\n<div id=\"c1048257\" class=\"csc-default\">\n<p><strong>Das bereits angek\u00fcndigte Handbuch \u00fcber den mittelalterlichen S\u00e4ngerpoeten Neidhart, herausgegeben im Verlag de Gruyter von Margarete Springeth und Franz Viktor Spechtler, unter Mitarbeit von Katharina Zeppezauer-Wachauer, wird voraussichtlich im Dezember 2017 erscheinen (ISBN: 978-3-11-033406-7).\u00a0<\/strong><\/p>\n<p>Neidhart gilt neben Walther von der Vogelweide als einer der originellsten, erfolgreichsten und wirkungsvollsten Lieder-Autoren des deutschsprachigen Mittelalters. Unter seinem Namen ist uns ein reichhaltiges lyrisches Oeuvre \u00fcberliefert. Das Handbuch bilanziert den aktuellen Stand der Forschung \u00fcber den Autor und sein Werk aus historischer, literaturwissenschaftlicher, linguistischer, musikwissenschaftlicher, rezeptions- und kunstgeschichtlicher Perspektive.<\/p>\n<p>Der Band enth\u00e4lt folgende Beitr\u00e4ge:<\/p>\n<ul class=\"content-list\">\n<li>Geleitwort (Dieter K\u00fchn, K\u00f6ln)<\/li>\n<li>Das Roemisch riche und der S\u00fcdostalpenraum zur Zeit Neidharts (Birgit Wiedl, St. P\u00f6lten)<\/li>\n<li>Neidhart: Ein Autor und seine Geschichte(n) (Ingrid Bennewitz, Bamberg)<\/li>\n<li>Neidhart: \u201aMinnesang\u2018 und \u201aAutobiografie\u2018 (Volker Mertens, Berlin)<\/li>\n<li>Die \u00dcberlieferung der Neidhart-Lieder (Ingrid Bennewitz)<\/li>\n<li>\u00dcberlieferung, Edition und Interpretation (Annette Hoppe, Aachen)<\/li>\n<li>Neidhart: Grundz\u00fcge der Forschung (Ursula Schulze, Berlin)<\/li>\n<li>Grundthemen der Lieder Neidharts (Ursula Schulze)<\/li>\n<li>Neidhart: Typologie der Lieder (Anna Kathrin Bleuler, Salzburg)<\/li>\n<li>Sprachwissenschaftliche Analysen der Neidhart-Lieder (Nine Miedema, Saarbr\u00fccken)<\/li>\n<li>Die T\u00f6ne der Neidhartlieder (Horst Brunner, W\u00fcrzburg)<\/li>\n<li>Die Melodie\u00fcberlieferung zu Neidhart, mit einer Konkordanz zur \u00dcberlieferung der Neidhart-Lieder (Marc Lewon, Basel)<\/li>\n<li>Moderne Einspielungen von Neidhart-Liedern (Martin Schubert, D\u00fcsseldorf)<\/li>\n<li>Neidhart im Kontext der mittelhochdeutschen und europ\u00e4ischen Liebeslyrik des 12. bis 15. Jahrhunderts (Claudia H\u00e4ndl, Genova)<\/li>\n<li>Literarische Neidhart-Rezeption im deutschsprachigen Raum (J\u00f6rn Bockmann, Flensburg)<\/li>\n<li>Moderne Neidhart-Rezeption: Dieter K\u00fchn (Sigrid Neureiter, Wien)<\/li>\n<li>Deutsche \u00dcbersetzungen der Lieder Neidharts (Anna Kathrin Bleuler)<\/li>\n<li>Der Dichter Neidhart in der anglofonen Forschung \u2013 ein Fremdling in der englischsprachigen Philologie? (Albrecht Classen, Tuscon\/Arizona)<\/li>\n<li>Die italienische Neidhart-Rezeption (Barbara Sasse Tateo, Bari)<\/li>\n<li>Das Schwankbuch Neithart Fuchs (Erhard J\u00f6st, Heilbronn)<\/li>\n<li>Die Neidhartspiele (Andrea Grafetst\u00e4tter, Boulogne-sur-Mer)<\/li>\n<li>Zur Neidhart-Ikonografie (Elisabeth Vavra, Krems)<\/li>\n<li>Epilog (Karin Garulli-Ebner, Arese\/ Mailand)<\/li>\n<li>Gesamtbibliografie zu Neidhart und Diskografie Neidhart in der Mittelhochdeutschen Begriffsdatenbank (MHDBDB). Sachregister (Daniel Schlager, Margarete Springeth, Katharina Zeppezauer-Wachauer)<\/li>\n<\/ul>\n<p>Das Handbuch ist dem Gedenken an Ulrich M\u00fcller gewidmet.<\/p>\n<\/div>\n<\/div>\n<p>[\/vc_column_text][\/vc_column][\/vc_row][vc_row css=&#8220;.vc_custom_1605092563605{background-color: #f0f0f0 !important;}&#8220;][vc_column]<div class=\"headings-title\"><div class=\"mb72 mb16 mb-xs-40 text-center\"><h5  class=\"widgettitle mb0\">Kochbuchforschung interdisziplin\u00e4r<\/h5><\/div><\/div>[vc_column_text]<\/p>\n<div id=\"c1091281\" class=\"csc-default\">\n<p><strong>Andrea Hofmeister-Winter (Hrsg.): Kochbuchforschung interdisziplin\u00e4r. Beitr\u00e4ge der kulinarhistorischen Fachtagungen in Melk 2015 und Seckau 2016. Unipress Verlag, 2017. (Grazer medi\u00e4vistische Schriften: Quellen und Studien. Band 1) (ISBN: 978-3-902666-53-6).<\/strong><\/p>\n<p>Darin vom MHDBDB-Team: Katharina Zeppezauer-Wachauer: \u201e\u00dbf w\u00ee\u0292en tuochen\u201c und \u201e\u00fbf ungewaschen secken\u201c. Vom Suchen und Finden arrangierter Tafeln und Antitafeln in der deutschsprachigen Literatur des Mittelalters mit Hilfe der MHDBDB, S. 195-216.<\/p>\n<p>Am Do., 23.11.2017, fand an der Univ. Graz eine Buchpr\u00e4sentation mit anschlie\u00dfender Kochvorf\u00fchrung und Verkostung von Rezepten aus dem Sammelband statt, zubereitet vom Team des Sparkling Science\u2010Projekts &#8222;Nahrhaftes Mittelalter. Historische Kulinarik und Di\u00e4tetik zwischen Orient und Okzident&#8220; und MitarbeiterInnen des Offenen Labors der Universit\u00e4t Graz.<\/p>\n<\/div>\n<p>[\/vc_column_text][\/vc_column][\/vc_row][vc_row][vc_column]<div class=\"headings-title\"><div class=\"mb72 mb16 mb-xs-40 text-center\"><h5  class=\"widgettitle mb0\">Vom finsteren zum bunten Mittelalter<\/h5><\/div><\/div>[vc_column_text]<\/p>\n<div id=\"c1091290\" class=\"csc-default\">\n<p><strong>Volker Gall\u00e9 \/ Nibelungenlied-Gesellschaft Worms (Hrsg.): Vom finsteren zum bunten Mittelalter. Wissenschaftliches Symposium der Nibelungenliedgesellschaft und der Stadt Worms vom 16. bis 18. Oktober 2015 im Wormser Kultur- und Tagungszentrum. Worms: Wormser Verlag 2017 (ISBN: 978-3-944380-54-4).<\/strong><\/p>\n<p>Darin vom MHDBDB-Team: Katharina Zeppezauer-Wachauer: Der Geschmack des Mittelalters. Semantisierte Nahrungswelten in der popul\u00e4rkulturellen Mittelalterrezeption, S. 171-193.<\/p>\n<\/div>\n<p>[\/vc_column_text][\/vc_column][\/vc_row]<\/p>\n<\/section>","protected":false},"excerpt":{"rendered":"<p>[vc_row][vc_column][vc_column_text] Das bereits angek\u00fcndigte Handbuch \u00fcber den mittelalterlichen S\u00e4ngerpoeten Neidhart, herausgegeben im Verlag de Gruyter von&#8230;<\/p>\n","protected":false},"author":3,"featured_media":0,"parent":0,"menu_order":0,"comment_status":"closed","ping_status":"closed","template":"","meta":{"_bbp_topic_count":0,"_bbp_reply_count":0,"_bbp_total_topic_count":0,"_bbp_total_reply_count":0,"_bbp_voice_count":0,"_bbp_anonymous_reply_count":0,"_bbp_topic_count_hidden":0,"_bbp_reply_count_hidden":0,"_bbp_forum_subforum_count":0},"yoast_head":"<!-- This site is optimized with the Yoast SEO plugin v20.2.1 - https:\/\/yoast.com\/wordpress\/plugins\/seo\/ -->\n<title>MHDBDB-Publikationen - IZMF - Interdisziplin\u00e4res Zentrum f\u00fcr Mittelalter und Fr\u00fchneuzeit<\/title>\n<meta name=\"robots\" content=\"index, follow, max-snippet:-1, max-image-preview:large, max-video-preview:-1\" \/>\n<link rel=\"canonical\" href=\"https:\/\/geschichte-studium.at\/izmf\/publikationen-der-mhdbdb\/\" \/>\n<meta property=\"og:locale\" content=\"de_DE\" \/>\n<meta property=\"og:type\" content=\"article\" \/>\n<meta property=\"og:title\" content=\"MHDBDB-Publikationen - IZMF - Interdisziplin\u00e4res Zentrum f\u00fcr Mittelalter und Fr\u00fchneuzeit\" \/>\n<meta property=\"og:description\" content=\"[vc_row][vc_column][vc_column_text] Das bereits angek\u00fcndigte Handbuch \u00fcber den mittelalterlichen S\u00e4ngerpoeten Neidhart, herausgegeben im Verlag de Gruyter von...\" \/>\n<meta property=\"og:url\" content=\"https:\/\/geschichte-studium.at\/izmf\/publikationen-der-mhdbdb\/\" \/>\n<meta property=\"og:site_name\" content=\"IZMF - Interdisziplin\u00e4res Zentrum f\u00fcr Mittelalter und Fr\u00fchneuzeit\" \/>\n<meta property=\"article:modified_time\" content=\"2021-06-24T10:23:06+00:00\" \/>\n<meta name=\"twitter:card\" content=\"summary_large_image\" \/>\n<meta name=\"twitter:label1\" content=\"Gesch\u00e4tzte Lesezeit\" \/>\n\t<meta name=\"twitter:data1\" content=\"3\u00a0Minuten\" \/>\n<script type=\"application\/ld+json\" class=\"yoast-schema-graph\">{\"@context\":\"https:\/\/schema.org\",\"@graph\":[{\"@type\":\"WebPage\",\"@id\":\"https:\/\/geschichte-studium.at\/izmf\/publikationen-der-mhdbdb\/\",\"url\":\"https:\/\/geschichte-studium.at\/izmf\/publikationen-der-mhdbdb\/\",\"name\":\"MHDBDB-Publikationen - IZMF - Interdisziplin\u00e4res Zentrum f\u00fcr Mittelalter und Fr\u00fchneuzeit\",\"isPartOf\":{\"@id\":\"https:\/\/geschichte-studium.at\/izmf\/#website\"},\"datePublished\":\"2020-09-29T14:01:40+00:00\",\"dateModified\":\"2021-06-24T10:23:06+00:00\",\"breadcrumb\":{\"@id\":\"https:\/\/geschichte-studium.at\/izmf\/publikationen-der-mhdbdb\/#breadcrumb\"},\"inLanguage\":\"de\",\"potentialAction\":[{\"@type\":\"ReadAction\",\"target\":[\"https:\/\/geschichte-studium.at\/izmf\/publikationen-der-mhdbdb\/\"]}]},{\"@type\":\"BreadcrumbList\",\"@id\":\"https:\/\/geschichte-studium.at\/izmf\/publikationen-der-mhdbdb\/#breadcrumb\",\"itemListElement\":[{\"@type\":\"ListItem\",\"position\":1,\"name\":\"Startseite\",\"item\":\"https:\/\/izmf-salzburg.at\/\"},{\"@type\":\"ListItem\",\"position\":2,\"name\":\"MHDBDB-Publikationen\"}]},{\"@type\":\"WebSite\",\"@id\":\"https:\/\/geschichte-studium.at\/izmf\/#website\",\"url\":\"https:\/\/geschichte-studium.at\/izmf\/\",\"name\":\"IZMF - Interdisziplin\u00e4res Zentrum f\u00fcr Mittelalter und Fr\u00fchneuzeit\",\"description\":\"\",\"publisher\":{\"@id\":\"https:\/\/geschichte-studium.at\/izmf\/#organization\"},\"potentialAction\":[{\"@type\":\"SearchAction\",\"target\":{\"@type\":\"EntryPoint\",\"urlTemplate\":\"https:\/\/geschichte-studium.at\/izmf\/?s={search_term_string}\"},\"query-input\":\"required name=search_term_string\"}],\"inLanguage\":\"de\"},{\"@type\":\"Organization\",\"@id\":\"https:\/\/geschichte-studium.at\/izmf\/#organization\",\"name\":\"IZMF - Interdisziplin\u00e4res Zentrum f\u00fcr Mittelalter und Fr\u00fchneuzeit\",\"url\":\"https:\/\/geschichte-studium.at\/izmf\/\",\"logo\":{\"@type\":\"ImageObject\",\"inLanguage\":\"de\",\"@id\":\"https:\/\/geschichte-studium.at\/izmf\/#\/schema\/logo\/image\/\",\"url\":\"https:\/\/izmf-salzburg.at\/wp-content\/uploads\/2020\/03\/LOGO_IZMF-1.png\",\"contentUrl\":\"https:\/\/izmf-salzburg.at\/wp-content\/uploads\/2020\/03\/LOGO_IZMF-1.png\",\"width\":2525,\"height\":1495,\"caption\":\"IZMF - Interdisziplin\u00e4res Zentrum f\u00fcr Mittelalter und Fr\u00fchneuzeit\"},\"image\":{\"@id\":\"https:\/\/geschichte-studium.at\/izmf\/#\/schema\/logo\/image\/\"},\"sameAs\":[\"https:\/\/www.instagram.com\/izmfunisalzburg\/\"]}]}<\/script>\n<!-- \/ Yoast SEO plugin. -->","yoast_head_json":{"title":"MHDBDB-Publikationen - IZMF - Interdisziplin\u00e4res Zentrum f\u00fcr Mittelalter und Fr\u00fchneuzeit","robots":{"index":"index","follow":"follow","max-snippet":"max-snippet:-1","max-image-preview":"max-image-preview:large","max-video-preview":"max-video-preview:-1"},"canonical":"https:\/\/geschichte-studium.at\/izmf\/publikationen-der-mhdbdb\/","og_locale":"de_DE","og_type":"article","og_title":"MHDBDB-Publikationen - IZMF - Interdisziplin\u00e4res Zentrum f\u00fcr Mittelalter und Fr\u00fchneuzeit","og_description":"[vc_row][vc_column][vc_column_text] Das bereits angek\u00fcndigte Handbuch \u00fcber den mittelalterlichen S\u00e4ngerpoeten Neidhart, herausgegeben im Verlag de Gruyter von...","og_url":"https:\/\/geschichte-studium.at\/izmf\/publikationen-der-mhdbdb\/","og_site_name":"IZMF - Interdisziplin\u00e4res Zentrum f\u00fcr Mittelalter und Fr\u00fchneuzeit","article_modified_time":"2021-06-24T10:23:06+00:00","twitter_card":"summary_large_image","twitter_misc":{"Gesch\u00e4tzte Lesezeit":"3\u00a0Minuten"},"schema":{"@context":"https:\/\/schema.org","@graph":[{"@type":"WebPage","@id":"https:\/\/geschichte-studium.at\/izmf\/publikationen-der-mhdbdb\/","url":"https:\/\/geschichte-studium.at\/izmf\/publikationen-der-mhdbdb\/","name":"MHDBDB-Publikationen - IZMF - Interdisziplin\u00e4res Zentrum f\u00fcr Mittelalter und Fr\u00fchneuzeit","isPartOf":{"@id":"https:\/\/geschichte-studium.at\/izmf\/#website"},"datePublished":"2020-09-29T14:01:40+00:00","dateModified":"2021-06-24T10:23:06+00:00","breadcrumb":{"@id":"https:\/\/geschichte-studium.at\/izmf\/publikationen-der-mhdbdb\/#breadcrumb"},"inLanguage":"de","potentialAction":[{"@type":"ReadAction","target":["https:\/\/geschichte-studium.at\/izmf\/publikationen-der-mhdbdb\/"]}]},{"@type":"BreadcrumbList","@id":"https:\/\/geschichte-studium.at\/izmf\/publikationen-der-mhdbdb\/#breadcrumb","itemListElement":[{"@type":"ListItem","position":1,"name":"Startseite","item":"https:\/\/izmf-salzburg.at\/"},{"@type":"ListItem","position":2,"name":"MHDBDB-Publikationen"}]},{"@type":"WebSite","@id":"https:\/\/geschichte-studium.at\/izmf\/#website","url":"https:\/\/geschichte-studium.at\/izmf\/","name":"IZMF - Interdisziplin\u00e4res Zentrum f\u00fcr Mittelalter und Fr\u00fchneuzeit","description":"","publisher":{"@id":"https:\/\/geschichte-studium.at\/izmf\/#organization"},"potentialAction":[{"@type":"SearchAction","target":{"@type":"EntryPoint","urlTemplate":"https:\/\/geschichte-studium.at\/izmf\/?s={search_term_string}"},"query-input":"required name=search_term_string"}],"inLanguage":"de"},{"@type":"Organization","@id":"https:\/\/geschichte-studium.at\/izmf\/#organization","name":"IZMF - Interdisziplin\u00e4res Zentrum f\u00fcr Mittelalter und Fr\u00fchneuzeit","url":"https:\/\/geschichte-studium.at\/izmf\/","logo":{"@type":"ImageObject","inLanguage":"de","@id":"https:\/\/geschichte-studium.at\/izmf\/#\/schema\/logo\/image\/","url":"https:\/\/izmf-salzburg.at\/wp-content\/uploads\/2020\/03\/LOGO_IZMF-1.png","contentUrl":"https:\/\/izmf-salzburg.at\/wp-content\/uploads\/2020\/03\/LOGO_IZMF-1.png","width":2525,"height":1495,"caption":"IZMF - Interdisziplin\u00e4res Zentrum f\u00fcr Mittelalter und Fr\u00fchneuzeit"},"image":{"@id":"https:\/\/geschichte-studium.at\/izmf\/#\/schema\/logo\/image\/"},"sameAs":["https:\/\/www.instagram.com\/izmfunisalzburg\/"]}]}},"_links":{"self":[{"href":"https:\/\/geschichte-studium.at\/izmf\/wp-json\/wp\/v2\/pages\/4724"}],"collection":[{"href":"https:\/\/geschichte-studium.at\/izmf\/wp-json\/wp\/v2\/pages"}],"about":[{"href":"https:\/\/geschichte-studium.at\/izmf\/wp-json\/wp\/v2\/types\/page"}],"author":[{"embeddable":true,"href":"https:\/\/geschichte-studium.at\/izmf\/wp-json\/wp\/v2\/users\/3"}],"replies":[{"embeddable":true,"href":"https:\/\/geschichte-studium.at\/izmf\/wp-json\/wp\/v2\/comments?post=4724"}],"version-history":[{"count":12,"href":"https:\/\/geschichte-studium.at\/izmf\/wp-json\/wp\/v2\/pages\/4724\/revisions"}],"predecessor-version":[{"id":5494,"href":"https:\/\/geschichte-studium.at\/izmf\/wp-json\/wp\/v2\/pages\/4724\/revisions\/5494"}],"wp:attachment":[{"href":"https:\/\/geschichte-studium.at\/izmf\/wp-json\/wp\/v2\/media?parent=4724"}],"curies":[{"name":"wp","href":"https:\/\/api.w.org\/{rel}","templated":true}]}}