{"id":4649,"date":"2020-09-29T14:58:17","date_gmt":"2020-09-29T12:58:17","guid":{"rendered":"https:\/\/izmf.sbg.ac.at\/?page_id=4649"},"modified":"2024-04-25T08:38:15","modified_gmt":"2024-04-25T06:38:15","slug":"projekte","status":"publish","type":"page","link":"https:\/\/geschichte-studium.at\/izmf\/projekte\/","title":{"rendered":"Projekte"},"content":{"rendered":"<section class=\"wpb-content-wrapper\"><p>[vc_row css=&#8220;.vc_custom_1605092209967{background-color: #f0f0f0 !important;}&#8220;][vc_column]<div class=\"headings-title\"><div class=\"mb72 mb16 mb-xs-40 text-center\"><h5  class=\"widgettitle mb0\">Laufende Projekte am IZMF<\/h5><\/div><\/div>[vc_column_text]<\/p>\n<div id=\"c1047253\" class=\"csc-default\" style=\"text-align: center;\">\n<ul class=\"content-list\">\n<li><a href=\"https:\/\/izmf-salzburg.at\/dh-projekte-am-izmf-imareal\/\">Laufende DH-Projekte des IZMF<\/a><\/li>\n<\/ul>\n<\/div>\n<div id=\"c1047253\" class=\"csc-default\" style=\"text-align: center;\">\n<ul class=\"content-list\">\n<li><a tabindex=\"404\" title=\"Verweis zu externer Seite: IMAREAL\" href=\"https:\/\/www.imareal.sbg.ac.at\/imareal-projekte\/\" target=\"_blank\" rel=\"noopener noreferrer\">Laufende Projekte des IMAREAL<\/a><\/li>\n<\/ul>\n<\/div>\n<div id=\"c1047258\" class=\"csc-default\">\n<ul class=\"content-list\">\n<li style=\"text-align: center;\"><a tabindex=\"405\" title=\"Verweis zu externer Seite: MHDBDB\" href=\"http:\/\/mhdbdb.sbg.ac.at\/\" target=\"_blank\" rel=\"noopener noreferrer\">Laufende Projekte der MHDBDB<\/a><\/li>\n<\/ul>\n<\/div>\n<p>[\/vc_column_text][\/vc_column][\/vc_row][vc_row][vc_column]<div class=\"headings-title\"><div class=\"mb72 mb16 mb-xs-40 text-center\"><h5  class=\"widgettitle mb0\">Abgeschlossene Projekte am IZMF<\/h5><\/div><\/div>[vc_column_text]<\/p>\n<p style=\"text-align: center;\"><a tabindex=\"406\" title=\"Verweis zu externer Seite: ALIENA\" href=\"http:\/\/aliena.sbg.ac.at\/start\/start0.html\" target=\"_blank\" rel=\"noopener noreferrer\">ALIENA &#8211; Alte Literatur im Erlebnisraum neu \u00e4sthetisiert<\/a><\/p>\n<p>[\/vc_column_text][\/vc_column][\/vc_row][vc_row css=&#8220;.vc_custom_1605092189617{background-color: #f0f0f0 !important;}&#8220;][vc_column]<div class=\"headings-title\"><div class=\"mb72 mb16 mb-xs-40 text-center\"><h5  class=\"widgettitle mb0\">Laufende Qualifikationsarbeiten<\/h5><\/div><\/div>[vc_column_text]<\/p>\n<p style=\"text-align: center;\">Laufende Qualifikationsarbeiten am IZMF erfolgen im Rahmen der DSP <a href=\"https:\/\/izmf-salzburg.at\/dsp-kolleg\/\"><strong>Interdisziplin\u00e4re Erforschung historischer Kulturen<\/strong>.<\/a><\/p>\n<p>[\/vc_column_text][\/vc_column][\/vc_row][vc_row][vc_column]<div class=\"headings-title\"><div class=\"mb72 mb16 mb-xs-40 text-center\"><h5  class=\"widgettitle mb0\">Abgeschlossene Qualifikationsarbeiten am IZMF<\/h5><\/div><\/div>[vc_column_text]<\/p>\n<div id=\"c1051926\" class=\"csc-default\">\n<ul>\n<li style=\"text-align: center;\"><a href=\"https:\/\/www.plus.ac.at\/geschichte\/der-fachbereich\/personen\/gruber-elisabeth\/\">Habilitationsprojekte von Dr. Elisabeth Gruber<\/a><\/li>\n<li style=\"text-align: center;\"><a href=\"https:\/\/elibrary.narr.digital\/book\/99.125005\/9783772055416\">Habilitationsprojekt von Dr. Anna Kathrin Bleuler<\/a><\/li>\n<li style=\"text-align: center;\"><a href=\"https:\/\/www.plus.ac.at\/germanistik\/der-fachbereich\/mitarbeiterinnen\/dorninger-maria\/\">Habilitationsprojekt von Dr. Maria Dorninger<\/a><\/li>\n<li style=\"text-align: center;\"><a href=\"https:\/\/www.plus.ac.at\/geschichte\/der-fachbereich\/personen\/brauer-michael\/\">Habilitationsprojekt von Dr. Michael Brauer<\/a><\/li>\n<li style=\"text-align: center;\"><a tabindex=\"407\" title=\"Verweis zu externer Seite: Diss. Nicka\" href=\"https:\/\/www.imareal.sbg.ac.at\/projekte\/moebel-auf-visuellen-medien-des-mittelalters\/\" target=\"_blank\" rel=\"noopener noreferrer\">Dissertationsprojekt von Mag. Isabella Nicka<\/a><\/li>\n<li style=\"text-align: center;\"><a tabindex=\"408\" title=\"Link zu externer Seite: Diss. von Wachauer\" href=\"https:\/\/izmf-salzburg.at\/dissertationsprojekt-katharina-zeppezauer-wachauer\/\">Dissertationsprojekt von Mag. Katharina Zeppezauer-Wachauer, MA<\/a><\/li>\n<li style=\"text-align: center;\"><a href=\"https:\/\/www.plus.ac.at\/germanistik\/der-fachbereich\/mitarbeiterinnen\/feichtenschlager-martina\/\">Dissertationsprojekt von Martina Feichtenschlager, MA<\/a><\/li>\n<\/ul>\n<\/div>\n<p>[\/vc_column_text][\/vc_column][\/vc_row]<\/p>\n<\/section>","protected":false},"excerpt":{"rendered":"<p>[vc_row css=&#8220;.vc_custom_1605092209967{background-color: #f0f0f0 !important;}&#8220;][vc_column][vc_column_text] Laufende DH-Projekte des IZMF Laufende Projekte des IMAREAL Laufende Projekte der MHDBDB&#8230;<\/p>\n","protected":false},"author":3,"featured_media":0,"parent":0,"menu_order":0,"comment_status":"closed","ping_status":"closed","template":"","meta":{"_bbp_topic_count":0,"_bbp_reply_count":0,"_bbp_total_topic_count":0,"_bbp_total_reply_count":0,"_bbp_voice_count":0,"_bbp_anonymous_reply_count":0,"_bbp_topic_count_hidden":0,"_bbp_reply_count_hidden":0,"_bbp_forum_subforum_count":0},"yoast_head":"<!-- This site is optimized with the Yoast SEO plugin v20.2.1 - https:\/\/yoast.com\/wordpress\/plugins\/seo\/ -->\n<title>Projekte - IZMF - Interdisziplin\u00e4res Zentrum f\u00fcr Mittelalter und Fr\u00fchneuzeit<\/title>\n<meta name=\"robots\" content=\"index, follow, max-snippet:-1, max-image-preview:large, max-video-preview:-1\" \/>\n<link rel=\"canonical\" href=\"https:\/\/geschichte-studium.at\/izmf\/projekte\/\" \/>\n<meta property=\"og:locale\" content=\"de_DE\" \/>\n<meta property=\"og:type\" content=\"article\" \/>\n<meta property=\"og:title\" content=\"Projekte - IZMF - Interdisziplin\u00e4res Zentrum f\u00fcr Mittelalter und Fr\u00fchneuzeit\" \/>\n<meta property=\"og:description\" content=\"[vc_row css=&#8220;.vc_custom_1605092209967{background-color: #f0f0f0 !important;}&#8220;][vc_column][vc_column_text] Laufende DH-Projekte des IZMF Laufende Projekte des IMAREAL Laufende Projekte der MHDBDB...\" \/>\n<meta property=\"og:url\" content=\"https:\/\/geschichte-studium.at\/izmf\/projekte\/\" \/>\n<meta property=\"og:site_name\" content=\"IZMF - Interdisziplin\u00e4res Zentrum f\u00fcr Mittelalter und Fr\u00fchneuzeit\" \/>\n<meta property=\"article:modified_time\" content=\"2024-04-25T06:38:15+00:00\" \/>\n<meta name=\"twitter:card\" content=\"summary_large_image\" \/>\n<meta name=\"twitter:label1\" content=\"Gesch\u00e4tzte Lesezeit\" \/>\n\t<meta name=\"twitter:data1\" content=\"1\u00a0Minute\" \/>\n<script type=\"application\/ld+json\" class=\"yoast-schema-graph\">{\"@context\":\"https:\/\/schema.org\",\"@graph\":[{\"@type\":\"WebPage\",\"@id\":\"https:\/\/geschichte-studium.at\/izmf\/projekte\/\",\"url\":\"https:\/\/geschichte-studium.at\/izmf\/projekte\/\",\"name\":\"Projekte - IZMF - Interdisziplin\u00e4res Zentrum f\u00fcr Mittelalter und Fr\u00fchneuzeit\",\"isPartOf\":{\"@id\":\"https:\/\/geschichte-studium.at\/izmf\/#website\"},\"datePublished\":\"2020-09-29T12:58:17+00:00\",\"dateModified\":\"2024-04-25T06:38:15+00:00\",\"breadcrumb\":{\"@id\":\"https:\/\/geschichte-studium.at\/izmf\/projekte\/#breadcrumb\"},\"inLanguage\":\"de\",\"potentialAction\":[{\"@type\":\"ReadAction\",\"target\":[\"https:\/\/geschichte-studium.at\/izmf\/projekte\/\"]}]},{\"@type\":\"BreadcrumbList\",\"@id\":\"https:\/\/geschichte-studium.at\/izmf\/projekte\/#breadcrumb\",\"itemListElement\":[{\"@type\":\"ListItem\",\"position\":1,\"name\":\"Startseite\",\"item\":\"https:\/\/izmf-salzburg.at\/\"},{\"@type\":\"ListItem\",\"position\":2,\"name\":\"Projekte\"}]},{\"@type\":\"WebSite\",\"@id\":\"https:\/\/geschichte-studium.at\/izmf\/#website\",\"url\":\"https:\/\/geschichte-studium.at\/izmf\/\",\"name\":\"IZMF - Interdisziplin\u00e4res Zentrum f\u00fcr Mittelalter und Fr\u00fchneuzeit\",\"description\":\"\",\"publisher\":{\"@id\":\"https:\/\/geschichte-studium.at\/izmf\/#organization\"},\"potentialAction\":[{\"@type\":\"SearchAction\",\"target\":{\"@type\":\"EntryPoint\",\"urlTemplate\":\"https:\/\/geschichte-studium.at\/izmf\/?s={search_term_string}\"},\"query-input\":\"required name=search_term_string\"}],\"inLanguage\":\"de\"},{\"@type\":\"Organization\",\"@id\":\"https:\/\/geschichte-studium.at\/izmf\/#organization\",\"name\":\"IZMF - Interdisziplin\u00e4res Zentrum f\u00fcr Mittelalter und Fr\u00fchneuzeit\",\"url\":\"https:\/\/geschichte-studium.at\/izmf\/\",\"logo\":{\"@type\":\"ImageObject\",\"inLanguage\":\"de\",\"@id\":\"https:\/\/geschichte-studium.at\/izmf\/#\/schema\/logo\/image\/\",\"url\":\"https:\/\/izmf-salzburg.at\/wp-content\/uploads\/2020\/03\/LOGO_IZMF-1.png\",\"contentUrl\":\"https:\/\/izmf-salzburg.at\/wp-content\/uploads\/2020\/03\/LOGO_IZMF-1.png\",\"width\":2525,\"height\":1495,\"caption\":\"IZMF - Interdisziplin\u00e4res Zentrum f\u00fcr Mittelalter und Fr\u00fchneuzeit\"},\"image\":{\"@id\":\"https:\/\/geschichte-studium.at\/izmf\/#\/schema\/logo\/image\/\"},\"sameAs\":[\"https:\/\/www.instagram.com\/izmfunisalzburg\/\"]}]}<\/script>\n<!-- \/ Yoast SEO plugin. -->","yoast_head_json":{"title":"Projekte - IZMF - Interdisziplin\u00e4res Zentrum f\u00fcr Mittelalter und Fr\u00fchneuzeit","robots":{"index":"index","follow":"follow","max-snippet":"max-snippet:-1","max-image-preview":"max-image-preview:large","max-video-preview":"max-video-preview:-1"},"canonical":"https:\/\/geschichte-studium.at\/izmf\/projekte\/","og_locale":"de_DE","og_type":"article","og_title":"Projekte - IZMF - Interdisziplin\u00e4res Zentrum f\u00fcr Mittelalter und Fr\u00fchneuzeit","og_description":"[vc_row css=&#8220;.vc_custom_1605092209967{background-color: #f0f0f0 !important;}&#8220;][vc_column][vc_column_text] Laufende DH-Projekte des IZMF Laufende Projekte des IMAREAL Laufende Projekte der MHDBDB...","og_url":"https:\/\/geschichte-studium.at\/izmf\/projekte\/","og_site_name":"IZMF - Interdisziplin\u00e4res Zentrum f\u00fcr Mittelalter und Fr\u00fchneuzeit","article_modified_time":"2024-04-25T06:38:15+00:00","twitter_card":"summary_large_image","twitter_misc":{"Gesch\u00e4tzte Lesezeit":"1\u00a0Minute"},"schema":{"@context":"https:\/\/schema.org","@graph":[{"@type":"WebPage","@id":"https:\/\/geschichte-studium.at\/izmf\/projekte\/","url":"https:\/\/geschichte-studium.at\/izmf\/projekte\/","name":"Projekte - IZMF - Interdisziplin\u00e4res Zentrum f\u00fcr Mittelalter und Fr\u00fchneuzeit","isPartOf":{"@id":"https:\/\/geschichte-studium.at\/izmf\/#website"},"datePublished":"2020-09-29T12:58:17+00:00","dateModified":"2024-04-25T06:38:15+00:00","breadcrumb":{"@id":"https:\/\/geschichte-studium.at\/izmf\/projekte\/#breadcrumb"},"inLanguage":"de","potentialAction":[{"@type":"ReadAction","target":["https:\/\/geschichte-studium.at\/izmf\/projekte\/"]}]},{"@type":"BreadcrumbList","@id":"https:\/\/geschichte-studium.at\/izmf\/projekte\/#breadcrumb","itemListElement":[{"@type":"ListItem","position":1,"name":"Startseite","item":"https:\/\/izmf-salzburg.at\/"},{"@type":"ListItem","position":2,"name":"Projekte"}]},{"@type":"WebSite","@id":"https:\/\/geschichte-studium.at\/izmf\/#website","url":"https:\/\/geschichte-studium.at\/izmf\/","name":"IZMF - Interdisziplin\u00e4res Zentrum f\u00fcr Mittelalter und Fr\u00fchneuzeit","description":"","publisher":{"@id":"https:\/\/geschichte-studium.at\/izmf\/#organization"},"potentialAction":[{"@type":"SearchAction","target":{"@type":"EntryPoint","urlTemplate":"https:\/\/geschichte-studium.at\/izmf\/?s={search_term_string}"},"query-input":"required name=search_term_string"}],"inLanguage":"de"},{"@type":"Organization","@id":"https:\/\/geschichte-studium.at\/izmf\/#organization","name":"IZMF - Interdisziplin\u00e4res Zentrum f\u00fcr Mittelalter und Fr\u00fchneuzeit","url":"https:\/\/geschichte-studium.at\/izmf\/","logo":{"@type":"ImageObject","inLanguage":"de","@id":"https:\/\/geschichte-studium.at\/izmf\/#\/schema\/logo\/image\/","url":"https:\/\/izmf-salzburg.at\/wp-content\/uploads\/2020\/03\/LOGO_IZMF-1.png","contentUrl":"https:\/\/izmf-salzburg.at\/wp-content\/uploads\/2020\/03\/LOGO_IZMF-1.png","width":2525,"height":1495,"caption":"IZMF - Interdisziplin\u00e4res Zentrum f\u00fcr Mittelalter und Fr\u00fchneuzeit"},"image":{"@id":"https:\/\/geschichte-studium.at\/izmf\/#\/schema\/logo\/image\/"},"sameAs":["https:\/\/www.instagram.com\/izmfunisalzburg\/"]}]}},"_links":{"self":[{"href":"https:\/\/geschichte-studium.at\/izmf\/wp-json\/wp\/v2\/pages\/4649"}],"collection":[{"href":"https:\/\/geschichte-studium.at\/izmf\/wp-json\/wp\/v2\/pages"}],"about":[{"href":"https:\/\/geschichte-studium.at\/izmf\/wp-json\/wp\/v2\/types\/page"}],"author":[{"embeddable":true,"href":"https:\/\/geschichte-studium.at\/izmf\/wp-json\/wp\/v2\/users\/3"}],"replies":[{"embeddable":true,"href":"https:\/\/geschichte-studium.at\/izmf\/wp-json\/wp\/v2\/comments?post=4649"}],"version-history":[{"count":16,"href":"https:\/\/geschichte-studium.at\/izmf\/wp-json\/wp\/v2\/pages\/4649\/revisions"}],"predecessor-version":[{"id":6699,"href":"https:\/\/geschichte-studium.at\/izmf\/wp-json\/wp\/v2\/pages\/4649\/revisions\/6699"}],"wp:attachment":[{"href":"https:\/\/geschichte-studium.at\/izmf\/wp-json\/wp\/v2\/media?parent=4649"}],"curies":[{"name":"wp","href":"https:\/\/api.w.org\/{rel}","templated":true}]}}