{"id":4642,"date":"2020-09-29T13:59:22","date_gmt":"2020-09-29T11:59:22","guid":{"rendered":"https:\/\/izmf.sbg.ac.at\/?page_id=4642"},"modified":"2021-06-24T11:55:55","modified_gmt":"2021-06-24T09:55:55","slug":"dh-veranstaltungen-am-izmf","status":"publish","type":"page","link":"https:\/\/geschichte-studium.at\/izmf\/dh-veranstaltungen-am-izmf\/","title":{"rendered":"DH-Veranstaltungen"},"content":{"rendered":"<section class=\"wpb-content-wrapper\"><p>[vc_row][vc_column][vc_column_text]<\/p>\n<div id=\"c1170040\" class=\"csc-default\">\n<div id=\"c1170062\" class=\"csc-default\">\n<p>Das IZMF unterst\u00fctzt die gezielte Ausrichtung von Workshops, Konferenzen, Fortbildungsveranstaltungen etc. zum Thema &#8222;Digital Humanities als Methodenfeld f\u00fcr die Medi\u00e4vistik&#8220;.<\/p>\n<p>Wir sind au\u00dferdem bem\u00fcht, auf entsprechende Angebote an verwandten Institutionen hinzuweisen, sofern wir rechtzeitig davon erfahren.<\/p>\n<\/div>\n<\/div>\n<p>[\/vc_column_text]<div class=\"tlg-spacer\" data-height=\"30\" data-height-tablet=\"15\" data-height-mobile=\"7\" style=\"clear:both;display:block;height:30px;\"><\/div>[\/vc_column][\/vc_row][vc_row][vc_column]<div class=\"headings-title\"><div class=\"mb72 mb16 mb-xs-40 text-center\"><h5  class=\"widgettitle mb0\">WORKSHOP: Transkribieren, Annotieren, Modellieren. Perspektiven der Bearbeitung historischer Quellen mit DH Methoden<\/h5><\/div><\/div>[vc_column_text]<\/p>\n<div class=\"indent\">\n<div id=\"c1170066\" class=\"csc-default\">\n<p>Vom 27.\u201328. November 2020 findet an der Universit\u00e4t Salzburg ein Digital Humanities Workshop statt. Ziel ist es, fortgeschrittene Studierende und Nachwuchswissenschaftler*innen mit den Methoden der DH vertraut zu machen und zu einer \u00f6sterreichweiten Vernetzung im Bereich der DH beizutragen. Die Teilnehmenden werden insbesondere mit den M\u00f6glichkeiten vertraut gemacht, die die digital gest\u00fctzte Transkription und Annotation von handschriftlichen Quellen \u00fcber Transkribus bietet. Transkribus ist eine Plattform zur Texterkennung, Layoutanalyse und Strukturerkennung von historischen Dokumenten. Da in den Curricula wenig Zeit f\u00fcr die konkrete Arbeit an handschriftlichen Quellen bleibt, richtet sich dieser Workshop als zweit\u00e4giges Format an Studierende im fortgeschrittenen Stadium bzw. Nachwuchswissenschaftler*innen, die sich intensivere Kenntnisse in der Bearbeitung handschriftlicher Quellen aneignen m\u00f6chten. In mehreren Einheiten geben Expert*innen f\u00fcr historische Quellenbearbeitung und f\u00fcr DH Einf\u00fchrungen zur Transkription und Annotation von Quellen sowie zum Einsatz von Datenbanken am Beispiel eines Korpus von Burginventaren des 15.\u201316. Jahrhunderts. Im Rahmen des Workshops findet zudem ein Intensivkurs zur Pal\u00e4ographie des 15. bis beginnenden 20. Jahrhunderts statt.<\/p>\n<p>Anmeldungen erfolgen \u00fcber ein kurzes Motivationsschreiben zum Interesse am Workshop, Angabe von Vorkenntnissen und derzeitigem Stand des Studiums. F\u00fcr Teilnehmende, die eine Unterkunft in Salzburg bzw. eine Reisekostenunterst\u00fctzung ben\u00f6tigen, stehen begrenzt finanzielle Unterst\u00fctzungsm\u00f6glichkeiten zur Verf\u00fcgung. Bitte f\u00fchren Sie ggf. den Bedarf an finanzieller Unterst\u00fctzung an und begr\u00fcnden diesen kurz. Bitte f\u00fcgen Sie in diesem Fall einen CV an.<br \/>\n<strong>Anmeldefrist: 30. Juni 2020<br \/>\n<\/strong><br \/>\nDie Veranstaltung ist ausgebucht, Informationen bei: silke.dopsch@sbg.ac.at<\/p>\n<\/div>\n<\/div>\n<p>[\/vc_column_text][\/vc_column][\/vc_row][vc_row css=&#8220;.vc_custom_1605095108362{background-color: #f0f0f0 !important;}&#8220;][vc_column]<div class=\"headings-title\"><div class=\"mb72 mb16 mb-xs-40 text-center\"><h5  class=\"widgettitle mb0\">VIRTUELLER KONFERENZTAG: DHA go!es digital Day<\/h5><\/div><\/div>[vc_column_text]<\/p>\n<div id=\"c1170077\" class=\"csc-default\">\n<p>Als digitale Auftaktveranstaltung zur aufgrund der Covid-19-Krise verschobenen <i>Digital Humanities Austria Conference 2020<\/i> (<a class=\"extlink\" tabindex=\"404\" title=\"Link zu externer Seite\" href=\"https:\/\/dha2020.acdh.oeaw.ac.at\/\" target=\"_blank\" rel=\"noopener noreferrer\">DHA2020<\/a>) findet am <strong>25. September 2020<\/strong> der <i>DHA go!es digital Day<\/i> statt, bei dem die von der \u00d6AW im Rahmen des\u00a0<i>go!digital next generation<\/i>-Programms gef\u00f6rderten Projekte ihre aktuellen Fortschritte vorstellen werden.<\/p>\n<p>Eines der pr\u00e4sentierten Projekte ist das IZMF-Projekt <i>Ontology of Narrativs of the Middle Ages<\/i> (<a class=\"extlink\" tabindex=\"405\" title=\"Link zu externer Seite\" href=\"http:\/\/onama.sbg.ac.at\/\" target=\"_blank\" rel=\"noopener noreferrer\">ONAMA<\/a>).<\/p>\n<p>Eingerahmt werden diese Pr\u00e4sentationen von einer Keynote und einem Roundtable mit Vertreter*innen aller beim \u00f6sterreichischen Infrastrukturkonsortium <a class=\"extlink\" tabindex=\"406\" title=\"Link zu externer Seite\" href=\"https:\/\/digital-humanities.at\/en\/dha\/clariah-at\" target=\"_blank\" rel=\"noopener noreferrer\">CLARIAH-AT<\/a> beteiligten Universit\u00e4ten unter dem Arbeitstitel &#8222;Digitale Transformation der \u00f6sterreichischen Geisteswissenschaften \u2013 jetzt noch schneller?&#8220;.<\/p>\n<p>Kontakt: <a class=\"defaultmail\" tabindex=\"407\" title=\"Link zu einer Email-Adresse\" href=\"https:\/\/www.uni-salzburg.at\/index.php?id=64505\">Katharina Zeppezauer-Wachauer<\/a><\/p>\n<\/div>\n<p>[\/vc_column_text][\/vc_column][\/vc_row][vc_row][vc_column]<div class=\"headings-title\"><div class=\"mb72 mb16 mb-xs-40 text-center\"><h5  class=\"widgettitle mb0\">ditact IT Sommeruni: Doing Digital Humanities<\/h5><\/div><\/div>[vc_column_text]<\/p>\n<div id=\"c1170138\" class=\"csc-default\">\n<p><i>ditact_womens IT summer studies<\/i> der Universit\u00e4t Salzburg, 01.09.-12.09.2020<\/p>\n<p>Lina M. Zangerl (<a class=\"default\" tabindex=\"408\" title=\"Link zu interner Seite\" href=\"https:\/\/www.uni-salzburg.at\/index.php?id=72\" target=\"_self\" rel=\"noopener noreferrer\">Literaturarchiv<\/a>) und Katharina Zeppezauer-Wachauer (<a class=\"default\" tabindex=\"409\" title=\"Link zu interner Seite\" href=\"https:\/\/www.uni-salzburg.at\/index.php?id=75\" target=\"_self\" rel=\"noopener noreferrer\">MHDBDB<\/a>|IZMF) geben am 07.09.2020 den halbt\u00e4gigen Online-Einf\u00fchrungskurs <a class=\"extlink\" tabindex=\"410\" title=\"Link zu externer Seite\" href=\"https:\/\/ditact.ac.at\/course\/1994-kurs-online-doing-digital-humanities\" target=\"_blank\" rel=\"noopener noreferrer\">&#8222;Doing Digital Humanities&#8220;<\/a>. Wir m\u00f6chten aber auch auf zahlreiche andere empfehlenswerte Kurse der <i>ditact Sommeruni<\/i> verweisen, etwa IT-Grundlagenkurse zu Java, PHP, MySQL.<\/p>\n<p><strong>Anmeldung:<\/strong> bis 12.07.2020, danach Restpl\u00e4tze<br \/>\n<strong>Kurskosten:<\/strong> \u20ac 25 &#8211; \u20ac 65 je nach Kursl\u00e4nge (Doing Digital Humanities: \u20ac 25)<br \/>\n<strong>Programm:<\/strong> <a class=\"extlink\" tabindex=\"411\" title=\"Link zu externer Seite\" href=\"https:\/\/ditact.ac.at\/event\/ditact-2020\/course\" target=\"_blank\" rel=\"noopener noreferrer\">https:\/\/ditact.ac.at\/event\/ditact-2020\/course\u00a0 <\/a><\/p>\n<\/div>\n<p>[\/vc_column_text][\/vc_column][\/vc_row][vc_row css=&#8220;.vc_custom_1605007446533{background-color: #f0f0f0 !important;}&#8220;][vc_column]<div class=\"headings-title\"><div class=\"mb72 mb16 mb-xs-40 text-center\"><h5  class=\"widgettitle mb0\">WORKSHOP: FileMaker Pro Advanced 17<\/h5><\/div><\/div>[vc_column_text]<\/p>\n<div id=\"c1170064\" class=\"csc-default\">\n<p>Am 16. Juli 2020 findet an der Universit\u00e4t Salzburg ein FileMaker-Workshop statt. Ziel ist es, Forschende an der Universit\u00e4t Salzburg mit dem Datenbankprogramm FileMaker Pro Advanced 17 vertraut zu machen. Dabei sollen vor allem Kenntnisse und F\u00e4higkeiten f\u00fcr Recherchen in Archiven und f\u00fcr das Arbeiten mit gro\u00dfen Daten- und Informationsmengen mit Hilfe der Software erworben werden. In diesem Zusammenhang werden die Teilnehmenden unter der Leitung von Ing. Dr.phil. Alexander Ringerthaler mit den M\u00f6glichkeiten vertraut gemacht, Daten in Datenbanken zu verwalten und eigene Datenbankanwendungen zu generieren. Aufgebaut ist das Seminar als interaktiver Workshop mit praktischen \u00dcbungen. Spezielle Anliegen und W\u00fcnsche k\u00f6nnen dabei dem Referenten kommuniziert werden, wodurch der Kursinhalt individuell auf die Teilnehmenden abgestimmt ist.<\/p>\n<p>Aufgrund der aktuellen Sicherheitsbestimmungen, ist die Teilnehmer*innenanzahl auf acht Personen beschr\u00e4nkt. Anmeldungen erfolgen bis zum <strong>13. Juli 2020<\/strong> per Mail an: <a class=\"defaultmail\" tabindex=\"414\" title=\"Link zu einer Email-Adresse\">ruth.isser(at)sbg.ac.at<\/a>. Voraussetzung f\u00fcr die Teilnahme ist die Mitnahme eines eigenen Laptops samt vorinstalliertem FileMaker-Programm (ggf. Testversion). Vorkenntnisse im Programm sind nicht notwendig. Die ausgew\u00e4hlten Teilnehmenden werden bis zum 15. Juli 2020 benachrichtigt.<\/p>\n<p><strong>Organisation:<\/strong> Univ. Prof.in MMag.a Dr.in Christina Antenhofer, MMag.a Ruth Isser<\/p>\n<p><strong>Termin und Ort:<\/strong> 16. Juli 2020, 10.30 \u2013 14.30 Uhr; Universit\u00e4t Salzburg-Fachbereich Geschichte, Rudolfskai 42, Raum 383<\/p>\n<\/div>\n<p>[\/vc_column_text][\/vc_column][\/vc_row]<\/p>\n<\/section>","protected":false},"excerpt":{"rendered":"<p>[vc_row][vc_column][vc_column_text] Das IZMF unterst\u00fctzt die gezielte Ausrichtung von Workshops, Konferenzen, Fortbildungsveranstaltungen etc. zum Thema &#8222;Digital Humanities&#8230;<\/p>\n","protected":false},"author":3,"featured_media":0,"parent":0,"menu_order":0,"comment_status":"closed","ping_status":"closed","template":"","meta":{"_bbp_topic_count":0,"_bbp_reply_count":0,"_bbp_total_topic_count":0,"_bbp_total_reply_count":0,"_bbp_voice_count":0,"_bbp_anonymous_reply_count":0,"_bbp_topic_count_hidden":0,"_bbp_reply_count_hidden":0,"_bbp_forum_subforum_count":0},"yoast_head":"<!-- This site is optimized with the Yoast SEO plugin v20.2.1 - https:\/\/yoast.com\/wordpress\/plugins\/seo\/ -->\n<title>DH-Veranstaltungen - IZMF - Interdisziplin\u00e4res Zentrum f\u00fcr Mittelalter und Fr\u00fchneuzeit<\/title>\n<meta name=\"robots\" content=\"index, follow, max-snippet:-1, max-image-preview:large, max-video-preview:-1\" \/>\n<link rel=\"canonical\" href=\"https:\/\/geschichte-studium.at\/izmf\/dh-veranstaltungen-am-izmf\/\" \/>\n<meta property=\"og:locale\" content=\"de_DE\" \/>\n<meta property=\"og:type\" content=\"article\" \/>\n<meta property=\"og:title\" content=\"DH-Veranstaltungen - IZMF - Interdisziplin\u00e4res Zentrum f\u00fcr Mittelalter und Fr\u00fchneuzeit\" \/>\n<meta property=\"og:description\" content=\"[vc_row][vc_column][vc_column_text] Das IZMF unterst\u00fctzt die gezielte Ausrichtung von Workshops, Konferenzen, Fortbildungsveranstaltungen etc. zum Thema &#8222;Digital Humanities...\" \/>\n<meta property=\"og:url\" content=\"https:\/\/geschichte-studium.at\/izmf\/dh-veranstaltungen-am-izmf\/\" \/>\n<meta property=\"og:site_name\" content=\"IZMF - Interdisziplin\u00e4res Zentrum f\u00fcr Mittelalter und Fr\u00fchneuzeit\" \/>\n<meta property=\"article:modified_time\" content=\"2021-06-24T09:55:55+00:00\" \/>\n<meta name=\"twitter:card\" content=\"summary_large_image\" \/>\n<meta name=\"twitter:label1\" content=\"Gesch\u00e4tzte Lesezeit\" \/>\n\t<meta name=\"twitter:data1\" content=\"3\u00a0Minuten\" \/>\n<script type=\"application\/ld+json\" class=\"yoast-schema-graph\">{\"@context\":\"https:\/\/schema.org\",\"@graph\":[{\"@type\":\"WebPage\",\"@id\":\"https:\/\/geschichte-studium.at\/izmf\/dh-veranstaltungen-am-izmf\/\",\"url\":\"https:\/\/geschichte-studium.at\/izmf\/dh-veranstaltungen-am-izmf\/\",\"name\":\"DH-Veranstaltungen - IZMF - Interdisziplin\u00e4res Zentrum f\u00fcr Mittelalter und Fr\u00fchneuzeit\",\"isPartOf\":{\"@id\":\"https:\/\/geschichte-studium.at\/izmf\/#website\"},\"datePublished\":\"2020-09-29T11:59:22+00:00\",\"dateModified\":\"2021-06-24T09:55:55+00:00\",\"breadcrumb\":{\"@id\":\"https:\/\/geschichte-studium.at\/izmf\/dh-veranstaltungen-am-izmf\/#breadcrumb\"},\"inLanguage\":\"de\",\"potentialAction\":[{\"@type\":\"ReadAction\",\"target\":[\"https:\/\/geschichte-studium.at\/izmf\/dh-veranstaltungen-am-izmf\/\"]}]},{\"@type\":\"BreadcrumbList\",\"@id\":\"https:\/\/geschichte-studium.at\/izmf\/dh-veranstaltungen-am-izmf\/#breadcrumb\",\"itemListElement\":[{\"@type\":\"ListItem\",\"position\":1,\"name\":\"Startseite\",\"item\":\"https:\/\/izmf-salzburg.at\/\"},{\"@type\":\"ListItem\",\"position\":2,\"name\":\"DH-Veranstaltungen\"}]},{\"@type\":\"WebSite\",\"@id\":\"https:\/\/geschichte-studium.at\/izmf\/#website\",\"url\":\"https:\/\/geschichte-studium.at\/izmf\/\",\"name\":\"IZMF - Interdisziplin\u00e4res Zentrum f\u00fcr Mittelalter und Fr\u00fchneuzeit\",\"description\":\"\",\"publisher\":{\"@id\":\"https:\/\/geschichte-studium.at\/izmf\/#organization\"},\"potentialAction\":[{\"@type\":\"SearchAction\",\"target\":{\"@type\":\"EntryPoint\",\"urlTemplate\":\"https:\/\/geschichte-studium.at\/izmf\/?s={search_term_string}\"},\"query-input\":\"required name=search_term_string\"}],\"inLanguage\":\"de\"},{\"@type\":\"Organization\",\"@id\":\"https:\/\/geschichte-studium.at\/izmf\/#organization\",\"name\":\"IZMF - Interdisziplin\u00e4res Zentrum f\u00fcr Mittelalter und Fr\u00fchneuzeit\",\"url\":\"https:\/\/geschichte-studium.at\/izmf\/\",\"logo\":{\"@type\":\"ImageObject\",\"inLanguage\":\"de\",\"@id\":\"https:\/\/geschichte-studium.at\/izmf\/#\/schema\/logo\/image\/\",\"url\":\"https:\/\/izmf-salzburg.at\/wp-content\/uploads\/2020\/03\/LOGO_IZMF-1.png\",\"contentUrl\":\"https:\/\/izmf-salzburg.at\/wp-content\/uploads\/2020\/03\/LOGO_IZMF-1.png\",\"width\":2525,\"height\":1495,\"caption\":\"IZMF - Interdisziplin\u00e4res Zentrum f\u00fcr Mittelalter und Fr\u00fchneuzeit\"},\"image\":{\"@id\":\"https:\/\/geschichte-studium.at\/izmf\/#\/schema\/logo\/image\/\"},\"sameAs\":[\"https:\/\/www.instagram.com\/izmfunisalzburg\/\"]}]}<\/script>\n<!-- \/ Yoast SEO plugin. -->","yoast_head_json":{"title":"DH-Veranstaltungen - IZMF - Interdisziplin\u00e4res Zentrum f\u00fcr Mittelalter und Fr\u00fchneuzeit","robots":{"index":"index","follow":"follow","max-snippet":"max-snippet:-1","max-image-preview":"max-image-preview:large","max-video-preview":"max-video-preview:-1"},"canonical":"https:\/\/geschichte-studium.at\/izmf\/dh-veranstaltungen-am-izmf\/","og_locale":"de_DE","og_type":"article","og_title":"DH-Veranstaltungen - IZMF - Interdisziplin\u00e4res Zentrum f\u00fcr Mittelalter und Fr\u00fchneuzeit","og_description":"[vc_row][vc_column][vc_column_text] Das IZMF unterst\u00fctzt die gezielte Ausrichtung von Workshops, Konferenzen, Fortbildungsveranstaltungen etc. zum Thema &#8222;Digital Humanities...","og_url":"https:\/\/geschichte-studium.at\/izmf\/dh-veranstaltungen-am-izmf\/","og_site_name":"IZMF - Interdisziplin\u00e4res Zentrum f\u00fcr Mittelalter und Fr\u00fchneuzeit","article_modified_time":"2021-06-24T09:55:55+00:00","twitter_card":"summary_large_image","twitter_misc":{"Gesch\u00e4tzte Lesezeit":"3\u00a0Minuten"},"schema":{"@context":"https:\/\/schema.org","@graph":[{"@type":"WebPage","@id":"https:\/\/geschichte-studium.at\/izmf\/dh-veranstaltungen-am-izmf\/","url":"https:\/\/geschichte-studium.at\/izmf\/dh-veranstaltungen-am-izmf\/","name":"DH-Veranstaltungen - IZMF - Interdisziplin\u00e4res Zentrum f\u00fcr Mittelalter und Fr\u00fchneuzeit","isPartOf":{"@id":"https:\/\/geschichte-studium.at\/izmf\/#website"},"datePublished":"2020-09-29T11:59:22+00:00","dateModified":"2021-06-24T09:55:55+00:00","breadcrumb":{"@id":"https:\/\/geschichte-studium.at\/izmf\/dh-veranstaltungen-am-izmf\/#breadcrumb"},"inLanguage":"de","potentialAction":[{"@type":"ReadAction","target":["https:\/\/geschichte-studium.at\/izmf\/dh-veranstaltungen-am-izmf\/"]}]},{"@type":"BreadcrumbList","@id":"https:\/\/geschichte-studium.at\/izmf\/dh-veranstaltungen-am-izmf\/#breadcrumb","itemListElement":[{"@type":"ListItem","position":1,"name":"Startseite","item":"https:\/\/izmf-salzburg.at\/"},{"@type":"ListItem","position":2,"name":"DH-Veranstaltungen"}]},{"@type":"WebSite","@id":"https:\/\/geschichte-studium.at\/izmf\/#website","url":"https:\/\/geschichte-studium.at\/izmf\/","name":"IZMF - Interdisziplin\u00e4res Zentrum f\u00fcr Mittelalter und Fr\u00fchneuzeit","description":"","publisher":{"@id":"https:\/\/geschichte-studium.at\/izmf\/#organization"},"potentialAction":[{"@type":"SearchAction","target":{"@type":"EntryPoint","urlTemplate":"https:\/\/geschichte-studium.at\/izmf\/?s={search_term_string}"},"query-input":"required name=search_term_string"}],"inLanguage":"de"},{"@type":"Organization","@id":"https:\/\/geschichte-studium.at\/izmf\/#organization","name":"IZMF - Interdisziplin\u00e4res Zentrum f\u00fcr Mittelalter und Fr\u00fchneuzeit","url":"https:\/\/geschichte-studium.at\/izmf\/","logo":{"@type":"ImageObject","inLanguage":"de","@id":"https:\/\/geschichte-studium.at\/izmf\/#\/schema\/logo\/image\/","url":"https:\/\/izmf-salzburg.at\/wp-content\/uploads\/2020\/03\/LOGO_IZMF-1.png","contentUrl":"https:\/\/izmf-salzburg.at\/wp-content\/uploads\/2020\/03\/LOGO_IZMF-1.png","width":2525,"height":1495,"caption":"IZMF - Interdisziplin\u00e4res Zentrum f\u00fcr Mittelalter und Fr\u00fchneuzeit"},"image":{"@id":"https:\/\/geschichte-studium.at\/izmf\/#\/schema\/logo\/image\/"},"sameAs":["https:\/\/www.instagram.com\/izmfunisalzburg\/"]}]}},"_links":{"self":[{"href":"https:\/\/geschichte-studium.at\/izmf\/wp-json\/wp\/v2\/pages\/4642"}],"collection":[{"href":"https:\/\/geschichte-studium.at\/izmf\/wp-json\/wp\/v2\/pages"}],"about":[{"href":"https:\/\/geschichte-studium.at\/izmf\/wp-json\/wp\/v2\/types\/page"}],"author":[{"embeddable":true,"href":"https:\/\/geschichte-studium.at\/izmf\/wp-json\/wp\/v2\/users\/3"}],"replies":[{"embeddable":true,"href":"https:\/\/geschichte-studium.at\/izmf\/wp-json\/wp\/v2\/comments?post=4642"}],"version-history":[{"count":11,"href":"https:\/\/geschichte-studium.at\/izmf\/wp-json\/wp\/v2\/pages\/4642\/revisions"}],"predecessor-version":[{"id":5481,"href":"https:\/\/geschichte-studium.at\/izmf\/wp-json\/wp\/v2\/pages\/4642\/revisions\/5481"}],"wp:attachment":[{"href":"https:\/\/geschichte-studium.at\/izmf\/wp-json\/wp\/v2\/media?parent=4642"}],"curies":[{"name":"wp","href":"https:\/\/api.w.org\/{rel}","templated":true}]}}