{"id":4632,"date":"2020-09-29T13:29:01","date_gmt":"2020-09-29T11:29:01","guid":{"rendered":"https:\/\/izmf.sbg.ac.at\/?page_id=4632"},"modified":"2025-12-18T13:52:28","modified_gmt":"2025-12-18T12:52:28","slug":"personen-netzwerke","status":"publish","type":"page","link":"https:\/\/geschichte-studium.at\/izmf\/personen-netzwerke\/","title":{"rendered":"DH AG"},"content":{"rendered":"<section class=\"wpb-content-wrapper\"><p>[vc_row][vc_column][vc_column_text]<\/p>\n<div id=\"c1170040\" class=\"csc-default\">\n<p>Kooperation und Interdisziplinarit\u00e4t sind wichtige Schlagworte f\u00fcr das IZMF. Digital Humanities bringen Wissenschaftler*innen zusammen, umfassen einschl\u00e4gige Ressourcen und Forschungsprojekte und stehen im Austausch mit den verantwortlichen Forschungseinrichtungen und Initiativen zu Forschungsdatenmanagement und -infrastrukturen.<\/p>\n<p>In diesem Sinne wollen wir im Folgenden auf Funktionen, Kooperationen und institutionelle Netzwerke der am DH-Schwerpunkt beteiligten Personen und Projekte aufmerksam machen.<\/p>\n<\/div>\n<p>[\/vc_column_text][\/vc_column][\/vc_row][vc_row][vc_column]<section style=\"background-color:#115740;\" id=\"single-69d4d6eab725d\" class=\"header-single vertical-flex m0 image-bg  scrolled-no-hide parallax pt64 pb64\" style=\"\"><div  class=\"container vertical-flex-column item-content \"><div class=\"row\"><div class=\"standard-slide col-md-10 col-md-offset-1 col-sm-12 text-center\"><h1 class=\"heading-title-exbold\">Personen in alphabetischer Reihenfolge<\/h1><div class=\"heading-content\"><\/div>\n                <\/div><\/div><\/div><script type=\"text\/javascript\">jQuery(document).ready(function(){jQuery('head').append('<style type=\"text\/css\" id=\"tlg-custom-css-single-69d4d6eab725d\">#single-69d4d6eab725d .background-content{transition:none;-webkit-transition:none;-moz-transition:none; background-repeat: no-repeat!important;background-size: auto!important;background-position: top center!important; }@media ( max-width: 600px ) {#single-69d4d6eab725d .background-content{ opacity:0.2; background-size: auto!important; } }#single-69d4d6eab725d h1{text-shadow:none;color:#ffffff!important;}<\/style>');});<\/script><\/section>[\/vc_column][\/vc_row][vc_row css=&#8220;.vc_custom_1605006034758{background-color: #f0f0f0 !important;}&#8220;][vc_column]<div class=\"headings-title\"><div class=\"mb72 mb16 mb-xs-40 text-center\"><h5  class=\"widgettitle mb0\">Univ.Prof.<sup>in<\/sup> MMag.<sup>a<\/sup> Dr.<sup>in<\/sup> ANTENHOFER, Christina<\/h5><\/div><\/div>[vc_column_text]<\/p>\n<div id=\"c1170042\" class=\"csc-default\">\n<ul class=\"content-list\">\n<li><a href=\"https:\/\/www.plus.ac.at\/geschichte\/der-fachbereich\/personen\/antenhofer-christina\/\"><strong>Kontakt<\/strong><\/a><\/li>\n<li><strong>Funktionen:<\/strong> Professorin am FB Geschichte, Leiterin des IZMF<\/li>\n<li><strong>DH-Institutionen &amp; Netzwerke:<\/strong> <i>Inventories Network<\/i> (FB Geschichte, Univ. Salzburg)<\/li>\n<li><strong>DH-Kernkompetenzen:<\/strong> Digitale Edition, Datenbanken (FileMaker)<\/li>\n<li><a href=\"https:\/\/uni-salzburg.elsevierpure.com\/de\/persons\/christina-antenhofer-4\" target=\"_blank\" rel=\"noopener\"><strong>Forschungsaktivit\u00e4ten<\/strong><\/a><\/li>\n<\/ul>\n<\/div>\n<p>[\/vc_column_text][\/vc_column][\/vc_row][vc_row][vc_column]<div class=\"headings-title\"><div class=\"mb72 mb16 mb-xs-40 text-center\"><h5  class=\"widgettitle mb0\">Mag.<sup>a<\/sup> Dr.<sup>in<\/sup> D\u00d6RING, Karoline Dominika<\/h5><\/div><\/div>[vc_column_text]<\/p>\n<div id=\"c1170134\" class=\"csc-default\">\n<div class=\"indent\">\n<ul class=\"content-list\">\n<li><a href=\"https:\/\/www.plus.ac.at\/geschichte\/der-fachbereich\/personen\/doring_karoline_dominika\/\"><strong>Kontakt<\/strong><\/a><\/li>\n<li><strong>Funktionen<\/strong>: Koordinatorin f\u00fcr DH-Aktivit\u00e4ten des IZMF<\/li>\n<li><strong>DH-Institutionen und Netzwerke: <\/strong>Wissenschaftsblog <a href=\"https:\/\/mittelalter.hypotheses.org\/\">\u201eMittelalter. Interdisziplin\u00e4re Forschung und Rezeptionsgeschichte\u201c<\/a>; Netzwerk <a href=\"https:\/\/offenesmittelalter.org\/\">\u201eOffenes Mittelalter\u201c<\/a>; <a href=\"https:\/\/clariah.at\/de\/\">CLARIAH-AT<\/a><\/li>\n<li><strong>DH-Kernkompetenzen: <\/strong>Wissenschaftsbloggen, Wissenschaftskommunikation, Vernetzung<\/li>\n<li><a href=\"https:\/\/uni-salzburg.elsevierpure.com\/de\/persons\/karoline-dominika-d%C3%B6ring\" target=\"_blank\" rel=\"noopener\"><strong>Forschungsaktivit\u00e4ten<\/strong><\/a><\/li>\n<\/ul>\n<\/div>\n<\/div>\n<p>[\/vc_column_text][\/vc_column][\/vc_row][vc_row css=&#8220;.vc_custom_1605005811222{background-color: #f0f0f0 !important;}&#8220;][vc_column]<div class=\"headings-title\"><div class=\"mb72 mb16 mb-xs-40 text-center\"><h5  class=\"widgettitle mb0\">F\u00c4RBERB\u00d6CK, Peter, Bakk. techn. MA<\/h5><\/div><\/div>[vc_column_text]<\/p>\n<div class=\"indent\">\n<ul class=\"content-list\">\n<li><a href=\"https:\/\/www.imareal.sbg.ac.at\/team\/peter-faerberboeck\/\"><strong>Kontakt<\/strong><\/a><\/li>\n<li><strong>Funktionen: <\/strong>Senior Scientist am <a class=\"extlink\" tabindex=\"422\" title=\"Link zu externer Seite\" href=\"https:\/\/www.imareal.sbg.ac.at\/\" target=\"_blank\" rel=\"noopener noreferrer\">IMAREAL<\/a>\/FB Geschichte, Koordinatorin der AG DH am IZMF, Projektmitarbeiter im Infrastrukturprojekt DHinfra, IT-Betreuer f\u00fcr Digital Humanities am IMAREAL<\/li>\n<li><strong>DH-Institutionen &amp; Netzwerke:<\/strong> Mitglied der AG Spiele an der DHd, Mitglied der AG Angewandte generative KI an der DHd, Mitglied der AG Tools &amp; Methods bei CLARIAH-AT, Netzwerk Offenes Mittelalter<\/li>\n<li><strong>DH-Kernkompetenzen:<\/strong> Generative KI, Datenmodellierung mit Graphentechnologien, DH-Methoden der Game Studies<\/li>\n<li><a href=\"https:\/\/uni-salzburg.elsevierpure.com\/de\/persons\/peter-f%C3%A4rberb%C3%B6ck\" target=\"_blank\" rel=\"noopener\"><strong>Forschungsaktivit\u00e4ten<\/strong><\/a><\/li>\n<\/ul>\n<\/div>\n<p>[\/vc_column_text][\/vc_column][\/vc_row][vc_row css=&#8220;.vc_custom_1751270318028{background-color: #ffffff !important;}&#8220;][vc_column]<div class=\"headings-title\"><div class=\"mb72 mb16 mb-xs-40 text-center\"><h5  class=\"widgettitle mb0\">Mag.<sup>a<\/sup> Dr.<sup>in<\/sup> NICKA, Isabella<\/h5><\/div><\/div>[vc_column_text]<\/p>\n<div class=\"indent\">\n<ul class=\"content-list\">\n<li><a href=\"https:\/\/www.imareal.sbg.ac.at\/team\/isabella-nicka\/\"><strong>Kontakt<\/strong><\/a><\/li>\n<li><strong>Funktionen: <\/strong>Senior Scientist am <a class=\"extlink\" tabindex=\"422\" title=\"Link zu externer Seite\" href=\"https:\/\/www.imareal.sbg.ac.at\/\" target=\"_blank\" rel=\"noopener noreferrer\">IMAREAL<\/a>\/FB Kunst-, Musik- und Tanzwissenschaft, Geschichte, Ko-Projektleitung <a class=\"extlink\" tabindex=\"423\" title=\"Link zu externer Seite\" href=\"https:\/\/www.imareal.sbg.ac.at\/projekte\/realonline\/\" target=\"_blank\" rel=\"noopener noreferrer\">REALonline<\/a>, Ko-Projektleitung <a class=\"extlink\" tabindex=\"424\" title=\"Link zu externer Seite\" href=\"http:\/\/onama.sbg.ac.at\" target=\"_blank\" rel=\"noopener noreferrer\">ONAMA<\/a><\/li>\n<li><strong>DH-Institutionen &amp; Netzwerke:<\/strong> AK Digitale Kunstgeschichte,\u00a0\u00a0DArtHist Austria, AG Digitale Medi\u00e4vistik,\u00a0AG Graphentechnologien<\/li>\n<li><strong>DH-Kernkompetenzen:<\/strong> Datenmodellierung und -visualisierung mit Graphentechnologien | Bildannotation | Analyse der visuellen Medien des Mittelalters als Motiv-Netzwerke<\/li>\n<li><a href=\"https:\/\/uni-salzburg.elsevierpure.com\/de\/persons\/isabella-nicka-4\" target=\"_blank\" rel=\"noopener\"><strong>Forschungsaktivit\u00e4ten<\/strong><\/a><\/li>\n<\/ul>\n<\/div>\n<p>[\/vc_column_text][\/vc_column][\/vc_row][vc_row css=&#8220;.vc_custom_1751270334324{background-color: #f0f0f0 !important;}&#8220;][vc_column]<div class=\"headings-title\"><div class=\"mb72 mb16 mb-xs-40 text-center\"><h5  class=\"widgettitle mb0\">Assoz.-Prof. Dr.-Ing. Sch\u00e4ler, Martin<\/h5><\/div><\/div>[vc_column_text]<\/p>\n<ul>\n<li><a href=\"https:\/\/dbresearch.uni-salzburg.at\/people\/schaeler\" target=\"_blank\" rel=\"noopener\"><strong>Kontakt<\/strong><\/a><\/li>\n<li><strong>Funktionen:<\/strong> Assoz. Prof. am Fachbereich Informatik<\/li>\n<li><strong>DH-Institutionen und Netzwerke:<\/strong> <a href=\"https:\/\/eur05.safelinks.protection.outlook.com\/?url=https%3A%2F%2Fwww.dhinfra.at%2F&amp;data=05%7C02%7Ccornelia.herner%40plus.ac.at%7Ca45d7324228a4624b30108de3d55fd78%7C158a941a576e4e87993db2eab8526e50%7C1%7C0%7C639015636686226404%7CUnknown%7CTWFpbGZsb3d8eyJFbXB0eU1hcGkiOnRydWUsIlYiOiIwLjAuMDAwMCIsIlAiOiJXaW4zMiIsIkFOIjoiTWFpbCIsIldUIjoyfQ%3D%3D%7C0%7C%7C%7C&amp;sdata=x8Tbz8Z8p6ziRs8ydyMFrtZZsqIru6eZgTYd1%2F76F9I%3D&amp;reserved=0\">DHInfra Link<\/a>, Database Research Cluster (<a href=\"https:\/\/forschungsinfrastruktur.bmfwf.gv.at\/de\/fi\/database-research-cluster_3914\">https:\/\/forschungsinfrastruktur.bmfwf.gv.at\/de\/fi\/database-research-cluster_3914<\/a> und <u><a id=\"OWAb40a24ee-b7bb-ac39-24c7-ca703e6be6ca\" class=\"OWAAutoLink\" title=\"https:\/\/eur05.safelinks.protection.outlook.com\/?url=https%3A%2F%2Fdbresearch.uni-salzburg.at%2Fcore-facility%2F&amp;data=05%7C02%7Ccornelia.herner%40plus.ac.at%7Ca45d7324228a4624b30108de3d55fd78%7C158a941a576e4e87993db2eab8526e50%7C1%7C0%7C639015636686261018%7CUnknown%7CTWFpbGZsb3d8eyJFbXB0eU1hcGkiOnRydWUsIlYiOiIwLjAuMDAwMCIsIlAiOiJXaW4zMiIsIkFOIjoiTWFpbCIsIldUIjoyfQ%3D%3D%7C0%7C%7C%7C&amp;sdata=ESN5jZtjZDKKqHt6a%2BYlrqwyNjvmCjsGu%2FwttjKgVzg%3D&amp;reserved=0\" contenteditable=\"false\" href=\"https:\/\/eur05.safelinks.protection.outlook.com\/?url=https%3A%2F%2Fdbresearch.uni-salzburg.at%2Fcore-facility%2F&amp;data=05%7C02%7Ccornelia.herner%40plus.ac.at%7Ca45d7324228a4624b30108de3d55fd78%7C158a941a576e4e87993db2eab8526e50%7C1%7C0%7C639015636686261018%7CUnknown%7CTWFpbGZsb3d8eyJFbXB0eU1hcGkiOnRydWUsIlYiOiIwLjAuMDAwMCIsIlAiOiJXaW4zMiIsIkFOIjoiTWFpbCIsIldUIjoyfQ%3D%3D%7C0%7C%7C%7C&amp;sdata=ESN5jZtjZDKKqHt6a%2BYlrqwyNjvmCjsGu%2FwttjKgVzg%3D&amp;reserved=0\">https:\/\/dbresearch.uni-salzburg.at\/core-facility\/<\/a>)<\/u><\/li>\n<li><strong>DH-Kernkompetenzen: <\/strong>Datenmodellierung, Datenbankoptimierung, Rechen- &amp; Speicherinfrastruktur<\/li>\n<li><a href=\"https:\/\/uni-salzburg.elsevierpure.com\/de\/persons\/martin-sch%C3%A4ler\" target=\"_blank\" rel=\"noopener\"><strong>Forschungsaktivit\u00e4ten<\/strong><\/a><\/li>\n<\/ul>\n<p>[\/vc_column_text][\/vc_column][\/vc_row][vc_row css=&#8220;.vc_custom_1751270364484{background-color: #ffffff !important;}&#8220;][vc_column]<div class=\"headings-title\"><div class=\"mb72 mb16 mb-xs-40 text-center\"><h5  class=\"widgettitle mb0\">Dr. van Beek, Alan, MA<\/h5><\/div><\/div>[vc_column_text]<\/p>\n<div class=\"indent\">\n<ul class=\"content-list\">\n<li><a href=\"mailto:alan.van-beek@plus.ac.at\"><strong>Kontakt<\/strong><\/a><\/li>\n<li><strong>Funktionen:\u00a0<\/strong>Senior Scientist am Fachbereich Germanistik \/ MHDBDB<\/li>\n<li><strong>DH-Institutionen &amp; Netzwerke:<\/strong> Arbeitskreis Geisteswissenschaft und Digitale Spiele, Hochschulforum Digitalisierung, DFG-Netzwerk Offenes Mittelalter<\/li>\n<li><strong>DH-Kernkompetenzen:<\/strong> Digital und Data Literacy, Computational Literary Studies, Forschungsdatenmanagement, Wissenschaftskommunikation<\/li>\n<li><a href=\"https:\/\/uni-salzburg.elsevierpure.com\/de\/persons\/alan-van-beek\" target=\"_blank\" rel=\"noopener\"><strong>Forschungsaktivit\u00e4ten<\/strong><\/a><\/li>\n<\/ul>\n<\/div>\n<p>[\/vc_column_text][\/vc_column][\/vc_row][vc_row css=&#8220;.vc_custom_1751270376468{background-color: #f0f0f0 !important;}&#8220;][vc_column]<div class=\"headings-title\"><div class=\"mb72 mb16 mb-xs-40 text-center\"><h5  class=\"widgettitle mb0\">Zangerl, Lina Maria, MA<\/h5><\/div><\/div>[vc_column_text]<\/p>\n<ul>\n<li style=\"list-style-type: none;\">\n<ul>\n<li><a href=\"https:\/\/www.plus.ac.at\/literaturarchiv-salzburg\/das-literaturarchiv\/team\/\" target=\"_blank\" rel=\"noopener\"><strong>Kontakt<\/strong><\/a><\/li>\n<li><strong>Funktionen: <\/strong>Senior Scientist am Stefan Zweig Haus | Literaturarchiv Salzburg, Leitung des DH-Projekts <a title=\"https:\/\/eur05.safelinks.protection.outlook.com\/?url=http%3A%2F%2Fwww.stefanzweig.digital%2F&amp;data=05%7C02%7Ccornelia.herner%40plus.ac.at%7Cd0445ddfaed94523f23508de3bc2334c%7C158a941a576e4e87993db2eab8526e50%7C1%7C0%7C639013902436223366%7CUnknown%7CTWFpbGZsb3d8eyJFbXB0eU1hcGkiOnRydWUsIlYiOiIwLjAuMDAwMCIsIlAiOiJXaW4zMiIsIkFOIjoiTWFpbCIsIldUIjoyfQ%3D%3D%7C0%7C%7C%7C&amp;sdata=h7QeEWQ7XwmPUXdkcWihzrJDA1xZ16CMI9b8ralSeRA%3D&amp;reserved=0\" contenteditable=\"false\" href=\"https:\/\/eur05.safelinks.protection.outlook.com\/?url=http%3A%2F%2Fwww.stefanzweig.digital%2F&amp;data=05%7C02%7Ccornelia.herner%40plus.ac.at%7Cd0445ddfaed94523f23508de3bc2334c%7C158a941a576e4e87993db2eab8526e50%7C1%7C0%7C639013902436223366%7CUnknown%7CTWFpbGZsb3d8eyJFbXB0eU1hcGkiOnRydWUsIlYiOiIwLjAuMDAwMCIsIlAiOiJXaW4zMiIsIkFOIjoiTWFpbCIsIldUIjoyfQ%3D%3D%7C0%7C%7C%7C&amp;sdata=h7QeEWQ7XwmPUXdkcWihzrJDA1xZ16CMI9b8ralSeRA%3D&amp;reserved=0\">www.stefanzweig.digital<\/a><\/li>\n<li><strong>DH-Institutionen und Netzwerke:<\/strong> Mitglied im\u00a0<em>Kompetenznetzwerk Digitale Edition\u00a0<\/em>(<a href=\"https:\/\/www.digitale-edition.at\/\">KONDE<\/a>), <a href=\"https:\/\/clariah.at\/de\/\">CLARIAH-AT<\/a><\/li>\n<li><strong>DH-Kernkompetenzen:\u00a0<\/strong>Virtuelle Nachlassrekonstruktion, Datenmanagement, Schnittstelle DH und GLAM-Institutionen<\/li>\n<li><a href=\"https:\/\/uni-salzburg.elsevierpure.com\/de\/persons\/lina-maria-zangerl-4\" target=\"_blank\" rel=\"noopener\"><strong>Forschungsaktivit\u00e4ten<\/strong><\/a><\/li>\n<\/ul>\n<\/li>\n<\/ul>\n<p>[\/vc_column_text][\/vc_column][\/vc_row][vc_row css=&#8220;.vc_custom_1751270388644{background-color: #ffffff !important;}&#8220;][vc_column]<div class=\"headings-title\"><div class=\"mb72 mb16 mb-xs-40 text-center\"><h5  class=\"widgettitle mb0\">Mag.<sup>a<\/sup> Dr.<sup>in<\/sup> ZEPPEZAUER-WACHAUER, Katharina, MA<\/h5><\/div><\/div>[vc_column_text]<\/p>\n<div class=\"indent\">\n<ul class=\"content-list\">\n<li><a href=\"https:\/\/www.plus.ac.at\/mittelhochdeutsche-begriffsdatenbank\/team\/\" target=\"_blank\" rel=\"noopener\"><strong>Kontakt<\/strong><\/a><\/li>\n<li><strong>Funktionen:<\/strong> Koordinatorin der <a class=\"default\" tabindex=\"432\" title=\"Link zu interner Seite\" href=\"https:\/\/www.plus.ac.at\/mittelhochdeutsche-begriffsdatenbank\/\" target=\"_blank\" rel=\"noopener noreferrer\">MHDBDB<\/a>, Senior Scientist am FB Germanistik, Vertreterin der Univ. Salzburg beim Infrastrukturkonsortium <a class=\"extlink\" tabindex=\"433\" title=\"Link zu externer Seite\" href=\"https:\/\/digital-humanities.at\/en\/dha\/clariah-at\" target=\"_blank\" rel=\"noopener noreferrer\">CLARIAH-AT<\/a>, Koordinatorin des Projektes <a class=\"extlink\" tabindex=\"434\" title=\"Link zu externer Seite\" href=\"http:\/\/onama.sbg.ac.at\/\" target=\"_blank\" rel=\"noopener noreferrer\">ONAMA<\/a>, Koordinatorin der <i>AG DH am IZMF<\/i>, Mitglied im Entwicklungsteam von <a class=\"extlink\" tabindex=\"435\" title=\"Link zu externer Seite\" href=\"https:\/\/dhplus.sbg.ac.at\/\" target=\"_blank\" rel=\"noopener noreferrer\">dhPLUS<\/a> (DH-Repository der Univ. Salzburg)<\/li>\n<li><strong>DH-Institutionen und Netzwerke:<\/strong> Mitglied bei <i>Digital Humanities Austria<\/i> (<a class=\"extlink\" tabindex=\"436\" title=\"Link zu externer Seite\" href=\"https:\/\/digital-humanities.at\/de\" target=\"_blank\" rel=\"noopener noreferrer\">DHA<\/a>), Mitglied im Steering Board von <a class=\"extlink\" tabindex=\"437\" title=\"Link zu externer Seite\" href=\"https:\/\/digital-humanities.at\/en\/dha\/clariah-at\" target=\"_blank\" rel=\"noopener noreferrer\">CLARIAH-AT<\/a>, Mitglied im <i>Kompetenznetzwerk Digitale Edition<\/i> (<a class=\"extlink\" tabindex=\"438\" title=\"Link zu externer Seite\" href=\"http:\/\/www.digitale-edition.at\/\" target=\"_blank\" rel=\"noopener noreferrer\">KONDE<\/a>)<\/li>\n<li><strong>DH-Kernkompetenzen: <\/strong>Semantische Textannotation (TEI und Stand-off-Markup, Ontologien), Linked Open Data-Strategien<\/li>\n<li><a href=\"https:\/\/uni-salzburg.elsevierpure.com\/de\/persons\/katharina-zeppezauer-wachauer-4\" target=\"_blank\" rel=\"noopener\"><strong>Forschungsaktivit\u00e4ten<\/strong><\/a><\/li>\n<\/ul>\n<\/div>\n<p>[\/vc_column_text][\/vc_column][\/vc_row]<\/p>\n<\/section>","protected":false},"excerpt":{"rendered":"<p>[vc_row][vc_column][vc_column_text] Kooperation und Interdisziplinarit\u00e4t sind wichtige Schlagworte f\u00fcr das IZMF. Digital Humanities bringen Wissenschaftler*innen zusammen, umfassen&#8230;<\/p>\n","protected":false},"author":3,"featured_media":0,"parent":0,"menu_order":0,"comment_status":"closed","ping_status":"closed","template":"","meta":{"_bbp_topic_count":0,"_bbp_reply_count":0,"_bbp_total_topic_count":0,"_bbp_total_reply_count":0,"_bbp_voice_count":0,"_bbp_anonymous_reply_count":0,"_bbp_topic_count_hidden":0,"_bbp_reply_count_hidden":0,"_bbp_forum_subforum_count":0},"yoast_head":"<!-- This site is optimized with the Yoast SEO plugin v20.2.1 - https:\/\/yoast.com\/wordpress\/plugins\/seo\/ -->\n<title>DH AG - IZMF - Interdisziplin\u00e4res Zentrum f\u00fcr Mittelalter und Fr\u00fchneuzeit<\/title>\n<meta name=\"robots\" content=\"index, follow, max-snippet:-1, max-image-preview:large, max-video-preview:-1\" \/>\n<link rel=\"canonical\" href=\"https:\/\/geschichte-studium.at\/izmf\/personen-netzwerke\/\" \/>\n<meta property=\"og:locale\" content=\"de_DE\" \/>\n<meta property=\"og:type\" content=\"article\" \/>\n<meta property=\"og:title\" content=\"DH AG - IZMF - Interdisziplin\u00e4res Zentrum f\u00fcr Mittelalter und Fr\u00fchneuzeit\" \/>\n<meta property=\"og:description\" content=\"[vc_row][vc_column][vc_column_text] Kooperation und Interdisziplinarit\u00e4t sind wichtige Schlagworte f\u00fcr das IZMF. Digital Humanities bringen Wissenschaftler*innen zusammen, umfassen...\" \/>\n<meta property=\"og:url\" content=\"https:\/\/geschichte-studium.at\/izmf\/personen-netzwerke\/\" \/>\n<meta property=\"og:site_name\" content=\"IZMF - Interdisziplin\u00e4res Zentrum f\u00fcr Mittelalter und Fr\u00fchneuzeit\" \/>\n<meta property=\"article:modified_time\" content=\"2025-12-18T12:52:28+00:00\" \/>\n<meta name=\"twitter:card\" content=\"summary_large_image\" \/>\n<meta name=\"twitter:label1\" content=\"Gesch\u00e4tzte Lesezeit\" \/>\n\t<meta name=\"twitter:data1\" content=\"3\u00a0Minuten\" \/>\n<script type=\"application\/ld+json\" class=\"yoast-schema-graph\">{\"@context\":\"https:\/\/schema.org\",\"@graph\":[{\"@type\":\"WebPage\",\"@id\":\"https:\/\/geschichte-studium.at\/izmf\/personen-netzwerke\/\",\"url\":\"https:\/\/geschichte-studium.at\/izmf\/personen-netzwerke\/\",\"name\":\"DH AG - IZMF - Interdisziplin\u00e4res Zentrum f\u00fcr Mittelalter und Fr\u00fchneuzeit\",\"isPartOf\":{\"@id\":\"https:\/\/geschichte-studium.at\/izmf\/#website\"},\"datePublished\":\"2020-09-29T11:29:01+00:00\",\"dateModified\":\"2025-12-18T12:52:28+00:00\",\"breadcrumb\":{\"@id\":\"https:\/\/geschichte-studium.at\/izmf\/personen-netzwerke\/#breadcrumb\"},\"inLanguage\":\"de\",\"potentialAction\":[{\"@type\":\"ReadAction\",\"target\":[\"https:\/\/geschichte-studium.at\/izmf\/personen-netzwerke\/\"]}]},{\"@type\":\"BreadcrumbList\",\"@id\":\"https:\/\/geschichte-studium.at\/izmf\/personen-netzwerke\/#breadcrumb\",\"itemListElement\":[{\"@type\":\"ListItem\",\"position\":1,\"name\":\"Startseite\",\"item\":\"https:\/\/izmf-salzburg.at\/\"},{\"@type\":\"ListItem\",\"position\":2,\"name\":\"DH AG\"}]},{\"@type\":\"WebSite\",\"@id\":\"https:\/\/geschichte-studium.at\/izmf\/#website\",\"url\":\"https:\/\/geschichte-studium.at\/izmf\/\",\"name\":\"IZMF - Interdisziplin\u00e4res Zentrum f\u00fcr Mittelalter und Fr\u00fchneuzeit\",\"description\":\"\",\"publisher\":{\"@id\":\"https:\/\/geschichte-studium.at\/izmf\/#organization\"},\"potentialAction\":[{\"@type\":\"SearchAction\",\"target\":{\"@type\":\"EntryPoint\",\"urlTemplate\":\"https:\/\/geschichte-studium.at\/izmf\/?s={search_term_string}\"},\"query-input\":\"required name=search_term_string\"}],\"inLanguage\":\"de\"},{\"@type\":\"Organization\",\"@id\":\"https:\/\/geschichte-studium.at\/izmf\/#organization\",\"name\":\"IZMF - Interdisziplin\u00e4res Zentrum f\u00fcr Mittelalter und Fr\u00fchneuzeit\",\"url\":\"https:\/\/geschichte-studium.at\/izmf\/\",\"logo\":{\"@type\":\"ImageObject\",\"inLanguage\":\"de\",\"@id\":\"https:\/\/geschichte-studium.at\/izmf\/#\/schema\/logo\/image\/\",\"url\":\"https:\/\/izmf-salzburg.at\/wp-content\/uploads\/2020\/03\/LOGO_IZMF-1.png\",\"contentUrl\":\"https:\/\/izmf-salzburg.at\/wp-content\/uploads\/2020\/03\/LOGO_IZMF-1.png\",\"width\":2525,\"height\":1495,\"caption\":\"IZMF - Interdisziplin\u00e4res Zentrum f\u00fcr Mittelalter und Fr\u00fchneuzeit\"},\"image\":{\"@id\":\"https:\/\/geschichte-studium.at\/izmf\/#\/schema\/logo\/image\/\"},\"sameAs\":[\"https:\/\/www.instagram.com\/izmfunisalzburg\/\"]}]}<\/script>\n<!-- \/ Yoast SEO plugin. -->","yoast_head_json":{"title":"DH AG - IZMF - Interdisziplin\u00e4res Zentrum f\u00fcr Mittelalter und Fr\u00fchneuzeit","robots":{"index":"index","follow":"follow","max-snippet":"max-snippet:-1","max-image-preview":"max-image-preview:large","max-video-preview":"max-video-preview:-1"},"canonical":"https:\/\/geschichte-studium.at\/izmf\/personen-netzwerke\/","og_locale":"de_DE","og_type":"article","og_title":"DH AG - IZMF - Interdisziplin\u00e4res Zentrum f\u00fcr Mittelalter und Fr\u00fchneuzeit","og_description":"[vc_row][vc_column][vc_column_text] Kooperation und Interdisziplinarit\u00e4t sind wichtige Schlagworte f\u00fcr das IZMF. Digital Humanities bringen Wissenschaftler*innen zusammen, umfassen...","og_url":"https:\/\/geschichte-studium.at\/izmf\/personen-netzwerke\/","og_site_name":"IZMF - Interdisziplin\u00e4res Zentrum f\u00fcr Mittelalter und Fr\u00fchneuzeit","article_modified_time":"2025-12-18T12:52:28+00:00","twitter_card":"summary_large_image","twitter_misc":{"Gesch\u00e4tzte Lesezeit":"3\u00a0Minuten"},"schema":{"@context":"https:\/\/schema.org","@graph":[{"@type":"WebPage","@id":"https:\/\/geschichte-studium.at\/izmf\/personen-netzwerke\/","url":"https:\/\/geschichte-studium.at\/izmf\/personen-netzwerke\/","name":"DH AG - IZMF - Interdisziplin\u00e4res Zentrum f\u00fcr Mittelalter und Fr\u00fchneuzeit","isPartOf":{"@id":"https:\/\/geschichte-studium.at\/izmf\/#website"},"datePublished":"2020-09-29T11:29:01+00:00","dateModified":"2025-12-18T12:52:28+00:00","breadcrumb":{"@id":"https:\/\/geschichte-studium.at\/izmf\/personen-netzwerke\/#breadcrumb"},"inLanguage":"de","potentialAction":[{"@type":"ReadAction","target":["https:\/\/geschichte-studium.at\/izmf\/personen-netzwerke\/"]}]},{"@type":"BreadcrumbList","@id":"https:\/\/geschichte-studium.at\/izmf\/personen-netzwerke\/#breadcrumb","itemListElement":[{"@type":"ListItem","position":1,"name":"Startseite","item":"https:\/\/izmf-salzburg.at\/"},{"@type":"ListItem","position":2,"name":"DH AG"}]},{"@type":"WebSite","@id":"https:\/\/geschichte-studium.at\/izmf\/#website","url":"https:\/\/geschichte-studium.at\/izmf\/","name":"IZMF - Interdisziplin\u00e4res Zentrum f\u00fcr Mittelalter und Fr\u00fchneuzeit","description":"","publisher":{"@id":"https:\/\/geschichte-studium.at\/izmf\/#organization"},"potentialAction":[{"@type":"SearchAction","target":{"@type":"EntryPoint","urlTemplate":"https:\/\/geschichte-studium.at\/izmf\/?s={search_term_string}"},"query-input":"required name=search_term_string"}],"inLanguage":"de"},{"@type":"Organization","@id":"https:\/\/geschichte-studium.at\/izmf\/#organization","name":"IZMF - Interdisziplin\u00e4res Zentrum f\u00fcr Mittelalter und Fr\u00fchneuzeit","url":"https:\/\/geschichte-studium.at\/izmf\/","logo":{"@type":"ImageObject","inLanguage":"de","@id":"https:\/\/geschichte-studium.at\/izmf\/#\/schema\/logo\/image\/","url":"https:\/\/izmf-salzburg.at\/wp-content\/uploads\/2020\/03\/LOGO_IZMF-1.png","contentUrl":"https:\/\/izmf-salzburg.at\/wp-content\/uploads\/2020\/03\/LOGO_IZMF-1.png","width":2525,"height":1495,"caption":"IZMF - Interdisziplin\u00e4res Zentrum f\u00fcr Mittelalter und Fr\u00fchneuzeit"},"image":{"@id":"https:\/\/geschichte-studium.at\/izmf\/#\/schema\/logo\/image\/"},"sameAs":["https:\/\/www.instagram.com\/izmfunisalzburg\/"]}]}},"_links":{"self":[{"href":"https:\/\/geschichte-studium.at\/izmf\/wp-json\/wp\/v2\/pages\/4632"}],"collection":[{"href":"https:\/\/geschichte-studium.at\/izmf\/wp-json\/wp\/v2\/pages"}],"about":[{"href":"https:\/\/geschichte-studium.at\/izmf\/wp-json\/wp\/v2\/types\/page"}],"author":[{"embeddable":true,"href":"https:\/\/geschichte-studium.at\/izmf\/wp-json\/wp\/v2\/users\/3"}],"replies":[{"embeddable":true,"href":"https:\/\/geschichte-studium.at\/izmf\/wp-json\/wp\/v2\/comments?post=4632"}],"version-history":[{"count":32,"href":"https:\/\/geschichte-studium.at\/izmf\/wp-json\/wp\/v2\/pages\/4632\/revisions"}],"predecessor-version":[{"id":7480,"href":"https:\/\/geschichte-studium.at\/izmf\/wp-json\/wp\/v2\/pages\/4632\/revisions\/7480"}],"wp:attachment":[{"href":"https:\/\/geschichte-studium.at\/izmf\/wp-json\/wp\/v2\/media?parent=4632"}],"curies":[{"name":"wp","href":"https:\/\/api.w.org\/{rel}","templated":true}]}}