{"id":4205,"date":"2020-09-04T10:45:43","date_gmt":"2020-09-04T08:45:43","guid":{"rendered":"https:\/\/izmf.sbg.ac.at\/?page_id=4205"},"modified":"2024-01-31T09:09:23","modified_gmt":"2024-01-31T08:09:23","slug":"ueber-uns","status":"publish","type":"page","link":"https:\/\/geschichte-studium.at\/izmf\/ueber-uns\/","title":{"rendered":"\u00dcber uns"},"content":{"rendered":"<section class=\"wpb-content-wrapper\"><p>[vc_row][vc_column][vc_column_text]Das\u00a0<strong>IZMF<\/strong> ist das <strong>Zentrum f\u00fcr interdisziplin\u00e4re Forschung und Lehre zu Mittelalter und Fr\u00fchneuzeit<\/strong>\u00a0an der Universit\u00e4t Salzburg. Es ist als interfakult\u00e4re Einrichtung konzipiert, mit der Aufgabe, s\u00e4mtliche auf das Mittelalter bezogene Aktivit\u00e4ten in Forschung und Lehre zu vernetzen und dadurch m\u00f6glichst hohe Synergie- und Innovations-Effekte zu erzielen.<\/p>\n<p><strong>Vergleichbare Institutionen<\/strong>\u00a0wurden in den letzten Jahrzehnten\u00a0<strong>in den USA, Gro\u00dfbritannien, Frankreich und Deutschland<\/strong>\u00a0eingerichtet. Kernziel all dieser Mittelalter-Zentren ist das Bem\u00fchen, das Mittelalter als komplexen Forschungsgegenstand mit all seinen historischen und kulturhistorischen Ph\u00e4nomenen durch die Kooperation verschiedener medi\u00e4vistischer Disziplinen in Forschung und Lehre aufzuarbeiten.<\/p>\n<p>Seit 1. 11. 2012 besteht\u00a0unter dem Dach der Universit\u00e4t\u00a0eine institutionelle Partnerschaft Salzburg\u00a0mit dem\u00a0<strong>Institut f\u00fcr Realienkunde des Mittelalters und der fr\u00fchen Neuzeit<\/strong>\u00a0<strong>(<\/strong><strong><a class=\"extlink\" tabindex=\"402\" title=\"Link zu externer Seite\" href=\"http:\/\/www.imareal.sbg.ac.at\/\" target=\"_blank\" rel=\"noopener noreferrer\">IMAREAL<\/a>) in Krems<\/strong>.\u00a0Das IZMF kooperiert ferner mit<strong>\u00a0verwandten Institutionen<\/strong>\u00a0und wissenschaftlichen Gesellschaften im In- und Ausland. 2016 wurde die<strong>\u00a0&#8222;Mittelhochdeutsche Begriffsdatenbank&#8220; (<a class=\"default\" tabindex=\"404\" title=\"Link zu externer Seite\" href=\"https:\/\/www.plus.ac.at\/mittelhochdeutsche-begriffsdatenbank\/\" target=\"_self\" rel=\"noopener noreferrer\">MHDBDB<\/a>)<\/strong>\u00a0in das IZMF eingegliedert und bildet gemeinsam mit den digitalen Quellenerschlie\u00dfungsprojekten am IMAREAL einen Schwerpunkt der Digital Humanities an der Universit\u00e4t Salzburg. Durch spezifische\u00a0<a href=\"https:\/\/izmf-salzburg.at\/themenschwerpunkt\/\"><strong>Forschungsschwerpunkte\u00a0<\/strong><\/a>werden eigene Akzente in der interdisziplin\u00e4ren Zusammenarbeit gesetzt, deren Ergebnisse auch in das Lehrangebot einflie\u00dfen.<\/p>\n<p>Ein\u00a0<a href=\"https:\/\/izmf-salzburg.at\/kursuebersicht\"><strong>vernetztes Lehrangebot<\/strong><\/a>\u00a0der medi\u00e4vistischen Teildisziplinen soll den Studierenden ein differenziertes Gesamtbild dieser historischen Epoche vermitteln. Das IZMF koordiniert die modularisierte Studienerg\u00e4nzung bzw. den Studienschwerpunkt<strong>\u00a0<a class=\"default\" tabindex=\"406\" title=\"Link zu interner Seite\" href=\"https:\/\/izmf-salzburg.at\/studium\/\" target=\"_blank\" rel=\"noopener noreferrer\">&#8222;Interdisziplin\u00e4re Studien zu Mittelalter und Fr\u00fchneuzeit&#8220;<\/a><\/strong>,\u00a0die im Rahmen der Bachelor- und\u00a0Masterstudien\u00a0absolviert werden k\u00f6nnen. Jedes Wintersemester wird eine\u00a0<a href=\"https:\/\/izmf-salzburg.at\/ringvorlesung\/\"><strong>Ringvorlesung\u00a0<\/strong><\/a>mit einem f\u00e4cher\u00fcbergreifenden Thema angeboten.<\/p>\n<p>Die vom IZMF intendierte mehrdimensionale Auseinandersetzung mit der eigenen (macht)politischen und kulturellen Vergangenheit bildet nicht zuletzt eine unabdingbare Voraussetzung f\u00fcr ein Verstehen der Hintergr\u00fcnde und Entstehungszusammenh\u00e4nge der Gegenwart und die erfolgversprechende Konzeption von Ideen und L\u00f6sungen f\u00fcr die Zukunft.[\/vc_column_text][\/vc_column][\/vc_row]<\/p>\n<\/section>","protected":false},"excerpt":{"rendered":"<p>[vc_row][vc_column][vc_column_text]Das\u00a0IZMF ist das Zentrum f\u00fcr interdisziplin\u00e4re Forschung und Lehre zu Mittelalter und Fr\u00fchneuzeit\u00a0an der Universit\u00e4t Salzburg&#8230;.<\/p>\n","protected":false},"author":1,"featured_media":4263,"parent":0,"menu_order":0,"comment_status":"closed","ping_status":"closed","template":"","meta":{"_bbp_topic_count":0,"_bbp_reply_count":0,"_bbp_total_topic_count":0,"_bbp_total_reply_count":0,"_bbp_voice_count":0,"_bbp_anonymous_reply_count":0,"_bbp_topic_count_hidden":0,"_bbp_reply_count_hidden":0,"_bbp_forum_subforum_count":0},"yoast_head":"<!-- This site is optimized with the Yoast SEO plugin v20.2.1 - https:\/\/yoast.com\/wordpress\/plugins\/seo\/ -->\n<title>\u00dcber uns - IZMF - Interdisziplin\u00e4res Zentrum f\u00fcr Mittelalter und Fr\u00fchneuzeit<\/title>\n<meta name=\"robots\" content=\"index, follow, max-snippet:-1, max-image-preview:large, max-video-preview:-1\" \/>\n<link rel=\"canonical\" href=\"https:\/\/geschichte-studium.at\/izmf\/ueber-uns\/\" \/>\n<meta property=\"og:locale\" content=\"de_DE\" \/>\n<meta property=\"og:type\" content=\"article\" \/>\n<meta property=\"og:title\" content=\"\u00dcber uns - IZMF - Interdisziplin\u00e4res Zentrum f\u00fcr Mittelalter und Fr\u00fchneuzeit\" \/>\n<meta property=\"og:description\" content=\"[vc_row][vc_column][vc_column_text]Das\u00a0IZMF ist das Zentrum f\u00fcr interdisziplin\u00e4re Forschung und Lehre zu Mittelalter und Fr\u00fchneuzeit\u00a0an der Universit\u00e4t Salzburg....\" \/>\n<meta property=\"og:url\" content=\"https:\/\/geschichte-studium.at\/izmf\/ueber-uns\/\" \/>\n<meta property=\"og:site_name\" content=\"IZMF - Interdisziplin\u00e4res Zentrum f\u00fcr Mittelalter und Fr\u00fchneuzeit\" \/>\n<meta property=\"article:modified_time\" content=\"2024-01-31T08:09:23+00:00\" \/>\n<meta property=\"og:image\" content=\"https:\/\/izmf-salzburg.at\/wp-content\/uploads\/2020\/09\/Logo-Zentrum-Mittelalter-und-Fruehneuzeit.png\" \/>\n\t<meta property=\"og:image:width\" content=\"5669\" \/>\n\t<meta property=\"og:image:height\" content=\"1417\" \/>\n\t<meta property=\"og:image:type\" content=\"image\/png\" \/>\n<meta name=\"twitter:card\" content=\"summary_large_image\" \/>\n<meta name=\"twitter:label1\" content=\"Gesch\u00e4tzte Lesezeit\" \/>\n\t<meta name=\"twitter:data1\" content=\"2\u00a0Minuten\" \/>\n<script type=\"application\/ld+json\" class=\"yoast-schema-graph\">{\"@context\":\"https:\/\/schema.org\",\"@graph\":[{\"@type\":\"WebPage\",\"@id\":\"https:\/\/geschichte-studium.at\/izmf\/ueber-uns\/\",\"url\":\"https:\/\/geschichte-studium.at\/izmf\/ueber-uns\/\",\"name\":\"\u00dcber uns - IZMF - Interdisziplin\u00e4res Zentrum f\u00fcr Mittelalter und Fr\u00fchneuzeit\",\"isPartOf\":{\"@id\":\"https:\/\/geschichte-studium.at\/izmf\/#website\"},\"datePublished\":\"2020-09-04T08:45:43+00:00\",\"dateModified\":\"2024-01-31T08:09:23+00:00\",\"breadcrumb\":{\"@id\":\"https:\/\/geschichte-studium.at\/izmf\/ueber-uns\/#breadcrumb\"},\"inLanguage\":\"de\",\"potentialAction\":[{\"@type\":\"ReadAction\",\"target\":[\"https:\/\/geschichte-studium.at\/izmf\/ueber-uns\/\"]}]},{\"@type\":\"BreadcrumbList\",\"@id\":\"https:\/\/geschichte-studium.at\/izmf\/ueber-uns\/#breadcrumb\",\"itemListElement\":[{\"@type\":\"ListItem\",\"position\":1,\"name\":\"Startseite\",\"item\":\"https:\/\/izmf-salzburg.at\/\"},{\"@type\":\"ListItem\",\"position\":2,\"name\":\"\u00dcber uns\"}]},{\"@type\":\"WebSite\",\"@id\":\"https:\/\/geschichte-studium.at\/izmf\/#website\",\"url\":\"https:\/\/geschichte-studium.at\/izmf\/\",\"name\":\"IZMF - Interdisziplin\u00e4res Zentrum f\u00fcr Mittelalter und Fr\u00fchneuzeit\",\"description\":\"\",\"publisher\":{\"@id\":\"https:\/\/geschichte-studium.at\/izmf\/#organization\"},\"potentialAction\":[{\"@type\":\"SearchAction\",\"target\":{\"@type\":\"EntryPoint\",\"urlTemplate\":\"https:\/\/geschichte-studium.at\/izmf\/?s={search_term_string}\"},\"query-input\":\"required name=search_term_string\"}],\"inLanguage\":\"de\"},{\"@type\":\"Organization\",\"@id\":\"https:\/\/geschichte-studium.at\/izmf\/#organization\",\"name\":\"IZMF - Interdisziplin\u00e4res Zentrum f\u00fcr Mittelalter und Fr\u00fchneuzeit\",\"url\":\"https:\/\/geschichte-studium.at\/izmf\/\",\"logo\":{\"@type\":\"ImageObject\",\"inLanguage\":\"de\",\"@id\":\"https:\/\/geschichte-studium.at\/izmf\/#\/schema\/logo\/image\/\",\"url\":\"https:\/\/izmf-salzburg.at\/wp-content\/uploads\/2020\/03\/LOGO_IZMF-1.png\",\"contentUrl\":\"https:\/\/izmf-salzburg.at\/wp-content\/uploads\/2020\/03\/LOGO_IZMF-1.png\",\"width\":2525,\"height\":1495,\"caption\":\"IZMF - Interdisziplin\u00e4res Zentrum f\u00fcr Mittelalter und Fr\u00fchneuzeit\"},\"image\":{\"@id\":\"https:\/\/geschichte-studium.at\/izmf\/#\/schema\/logo\/image\/\"},\"sameAs\":[\"https:\/\/www.instagram.com\/izmfunisalzburg\/\"]}]}<\/script>\n<!-- \/ Yoast SEO plugin. -->","yoast_head_json":{"title":"\u00dcber uns - IZMF - Interdisziplin\u00e4res Zentrum f\u00fcr Mittelalter und Fr\u00fchneuzeit","robots":{"index":"index","follow":"follow","max-snippet":"max-snippet:-1","max-image-preview":"max-image-preview:large","max-video-preview":"max-video-preview:-1"},"canonical":"https:\/\/geschichte-studium.at\/izmf\/ueber-uns\/","og_locale":"de_DE","og_type":"article","og_title":"\u00dcber uns - IZMF - Interdisziplin\u00e4res Zentrum f\u00fcr Mittelalter und Fr\u00fchneuzeit","og_description":"[vc_row][vc_column][vc_column_text]Das\u00a0IZMF ist das Zentrum f\u00fcr interdisziplin\u00e4re Forschung und Lehre zu Mittelalter und Fr\u00fchneuzeit\u00a0an der Universit\u00e4t Salzburg....","og_url":"https:\/\/geschichte-studium.at\/izmf\/ueber-uns\/","og_site_name":"IZMF - Interdisziplin\u00e4res Zentrum f\u00fcr Mittelalter und Fr\u00fchneuzeit","article_modified_time":"2024-01-31T08:09:23+00:00","og_image":[{"width":5669,"height":1417,"url":"https:\/\/izmf-salzburg.at\/wp-content\/uploads\/2020\/09\/Logo-Zentrum-Mittelalter-und-Fruehneuzeit.png","type":"image\/png"}],"twitter_card":"summary_large_image","twitter_misc":{"Gesch\u00e4tzte Lesezeit":"2\u00a0Minuten"},"schema":{"@context":"https:\/\/schema.org","@graph":[{"@type":"WebPage","@id":"https:\/\/geschichte-studium.at\/izmf\/ueber-uns\/","url":"https:\/\/geschichte-studium.at\/izmf\/ueber-uns\/","name":"\u00dcber uns - IZMF - Interdisziplin\u00e4res Zentrum f\u00fcr Mittelalter und Fr\u00fchneuzeit","isPartOf":{"@id":"https:\/\/geschichte-studium.at\/izmf\/#website"},"datePublished":"2020-09-04T08:45:43+00:00","dateModified":"2024-01-31T08:09:23+00:00","breadcrumb":{"@id":"https:\/\/geschichte-studium.at\/izmf\/ueber-uns\/#breadcrumb"},"inLanguage":"de","potentialAction":[{"@type":"ReadAction","target":["https:\/\/geschichte-studium.at\/izmf\/ueber-uns\/"]}]},{"@type":"BreadcrumbList","@id":"https:\/\/geschichte-studium.at\/izmf\/ueber-uns\/#breadcrumb","itemListElement":[{"@type":"ListItem","position":1,"name":"Startseite","item":"https:\/\/izmf-salzburg.at\/"},{"@type":"ListItem","position":2,"name":"\u00dcber uns"}]},{"@type":"WebSite","@id":"https:\/\/geschichte-studium.at\/izmf\/#website","url":"https:\/\/geschichte-studium.at\/izmf\/","name":"IZMF - Interdisziplin\u00e4res Zentrum f\u00fcr Mittelalter und Fr\u00fchneuzeit","description":"","publisher":{"@id":"https:\/\/geschichte-studium.at\/izmf\/#organization"},"potentialAction":[{"@type":"SearchAction","target":{"@type":"EntryPoint","urlTemplate":"https:\/\/geschichte-studium.at\/izmf\/?s={search_term_string}"},"query-input":"required name=search_term_string"}],"inLanguage":"de"},{"@type":"Organization","@id":"https:\/\/geschichte-studium.at\/izmf\/#organization","name":"IZMF - Interdisziplin\u00e4res Zentrum f\u00fcr Mittelalter und Fr\u00fchneuzeit","url":"https:\/\/geschichte-studium.at\/izmf\/","logo":{"@type":"ImageObject","inLanguage":"de","@id":"https:\/\/geschichte-studium.at\/izmf\/#\/schema\/logo\/image\/","url":"https:\/\/izmf-salzburg.at\/wp-content\/uploads\/2020\/03\/LOGO_IZMF-1.png","contentUrl":"https:\/\/izmf-salzburg.at\/wp-content\/uploads\/2020\/03\/LOGO_IZMF-1.png","width":2525,"height":1495,"caption":"IZMF - Interdisziplin\u00e4res Zentrum f\u00fcr Mittelalter und Fr\u00fchneuzeit"},"image":{"@id":"https:\/\/geschichte-studium.at\/izmf\/#\/schema\/logo\/image\/"},"sameAs":["https:\/\/www.instagram.com\/izmfunisalzburg\/"]}]}},"_links":{"self":[{"href":"https:\/\/geschichte-studium.at\/izmf\/wp-json\/wp\/v2\/pages\/4205"}],"collection":[{"href":"https:\/\/geschichte-studium.at\/izmf\/wp-json\/wp\/v2\/pages"}],"about":[{"href":"https:\/\/geschichte-studium.at\/izmf\/wp-json\/wp\/v2\/types\/page"}],"author":[{"embeddable":true,"href":"https:\/\/geschichte-studium.at\/izmf\/wp-json\/wp\/v2\/users\/1"}],"replies":[{"embeddable":true,"href":"https:\/\/geschichte-studium.at\/izmf\/wp-json\/wp\/v2\/comments?post=4205"}],"version-history":[{"count":14,"href":"https:\/\/geschichte-studium.at\/izmf\/wp-json\/wp\/v2\/pages\/4205\/revisions"}],"predecessor-version":[{"id":6201,"href":"https:\/\/geschichte-studium.at\/izmf\/wp-json\/wp\/v2\/pages\/4205\/revisions\/6201"}],"wp:featuredmedia":[{"embeddable":true,"href":"https:\/\/geschichte-studium.at\/izmf\/wp-json\/wp\/v2\/media\/4263"}],"wp:attachment":[{"href":"https:\/\/geschichte-studium.at\/izmf\/wp-json\/wp\/v2\/media?parent=4205"}],"curies":[{"name":"wp","href":"https:\/\/api.w.org\/{rel}","templated":true}]}}