{"id":2,"date":"2020-01-29T11:18:45","date_gmt":"2020-01-29T10:18:45","guid":{"rendered":"http:\/\/izmf.sbg.ac.at\/?page_id=2"},"modified":"2025-10-23T14:08:00","modified_gmt":"2025-10-23T12:08:00","slug":"studienergaenzung","status":"publish","type":"page","link":"https:\/\/geschichte-studium.at\/izmf\/studienergaenzung\/","title":{"rendered":"Studienerg\u00e4nzung"},"content":{"rendered":"<section class=\"wpb-content-wrapper\"><p>[vc_row css=&#8220;.vc_custom_1596540361544{margin-bottom: -20px !important;border-bottom-width: -20px !important;}&#8220;][vc_column][vc_column_text css=&#8220;.vc_custom_1761221270307{margin-bottom: -50px !important;border-bottom-width: -50px !important;padding-bottom: -50px !important;}&#8220;]<\/p>\n<h1>Studienerg\u00e4nzung<\/h1>\n<table>\n<tbody>\n<tr>\n<th>Erfordernisse<\/th>\n<td>24 ECTS \/ 36 ECTS<\/td>\n<\/tr>\n<tr>\n<th>Kontakt<\/th>\n<td><a href=\"https:\/\/izmf-salzburg.at\/kontakt\/\">IZMF<\/a><\/td>\n<\/tr>\n<tr>\n<th>LV-Angebot<\/th>\n<td><i class=\"fa fa-external-link\" aria-hidden=\"true\"><\/i><a title=\"Link PLUSonline\" href=\"https:\/\/online.uni-salzburg.at\/plus_online\/ee\/ui\/ca2\/app\/desktop\/#\/slc.tm.cp\/student\/courses?$ctx=lang=&amp;$filter=courseFilterResourceId-eq=RUxFTUVOVDtWRVJTSU9OX0lEOjIyNTk7Tk9ERV9JRDoxMDg1NTU2&amp;$skip=0&amp;curriculumVersionId=2259&amp;objTermId=204&amp;orgId=1\" target=\"_blank\" rel=\"nofollow noopener\">Wintersemester 2025 \/ Sommersemester 2026 (PLUSonline)<\/a><\/td>\n<\/tr>\n<tr>\n<th>Details<\/th>\n<td><a title=\"\" href=\"https:\/\/www.plus.ac.at\/wp-content\/uploads\/mitteilungsblatt\/mb2023-0713-studienerg-mittelalter.pdf\" target=\"_blank\" rel=\"noopener\">Mitteilungsblatt vom 13. Juli 2023, Nummer 149<\/a><\/td>\n<\/tr>\n<tr>\n<th>Allgemeines<\/th>\n<td><a class=\"extlink\" tabindex=\"406\" title=\"Link zu externer Seite\" href=\"https:\/\/www.plus.ac.at\/zfl-flexibles-lernen\/service-fuer-studierende\/studienergaenzungen\/\" target=\"_blank\" rel=\"noopener noreferrer\">Allgemeine Informationen zu den Studienerg\u00e4nzungen<\/a><\/td>\n<\/tr>\n<\/tbody>\n<\/table>\n<p>[\/vc_column_text][\/vc_column][\/vc_row][vc_row][vc_column css=&#8220;.vc_custom_1596540567432{margin-bottom: -50px !important;border-bottom-width: -50px !important;padding-bottom: -50px !important;}&#8220;][vc_column_text]<strong>FOKUS<br \/>\n<\/strong><\/p>\n<p>Die Studienerg\u00e4nzung und der Studienschwerpunkt vermitteln den Studierenden wissenschaftlich fundierte und anwendungsorientierte Kenntnisse \u00fcber die interdisziplin\u00e4re Mittelalter- und Fr\u00fchneuzeitforschung und f\u00fchren sie in die Ans\u00e4tze der Digital Humanities ein. Ihr Gegenstandsbereich umfasst mittelalterliche und fr\u00fchneuzeitliche Geschichte, Kultur, Kunst, Literatur und Sprache sowie deren Faszination und ungebrochene Wirkungsgeschichte bis in die Gegenwart (sei es in Form von Kunstsch\u00e4tzen, literarischen Werken, Denkformen, historischen Stoffen oder in Form von Baudenkm\u00e4lern wie Burgen). Digitale Ans\u00e4tze und der Umgang mit Daten, Tools und Best Practices aus den Digital Humanities sind Teil der Studienerg\u00e4nzung. Sie bieten eine zeitgem\u00e4\u00dfe Ausbildung, die sich in universit\u00e4rer und au\u00dferuniversit\u00e4rer Forschung, in Archiven, Bibliotheken und Museen beruflich fruchtbar anwenden l\u00e4sst.<\/p>\n<p>Sie finden das aktuelle Lehrangebot f\u00fcr die Studienerg\u00e4nzung &#8222;Interdisziplin\u00e4re Studien zu Mittelalter und Fr\u00fchneuzeit&#8220; <a href=\"https:\/\/online.uni-salzburg.at\/plus_online\/pl\/ui\/%24ctx\/wbstpcs.showSpoTree?pStStudiumNr=&amp;pSJNr=1802&amp;pStpStpNr=2146&amp;pStartSemester=\">hier<\/a> oder auf unserer Website unter <a title=\"Link PLUSonline\" href=\"https:\/\/online.uni-salzburg.at\/plus_online\/ee\/ui\/ca2\/app\/desktop\/#\/slc.tm.cp\/student\/courses?$ctx=lang=&amp;$filter=courseFilterResourceId-eq=RUxFTUVOVDtWRVJTSU9OX0lEOjIyNTk7Tk9ERV9JRDoxMDg1NTU2&amp;$skip=0&amp;curriculumVersionId=2259&amp;objTermId=204&amp;orgId=1\" target=\"_blank\" rel=\"nofollow noopener\">Wintersemester 2025 \/ Sommersemester 2026 (PLUSonline)<\/a>.<\/p>\n<p><strong>GEGENSTANDSBEREICH, BILDUNGSZIELE UND ANWENDUNGSORIENTIERTE KOMPETENZEN<\/strong><\/p>\n<p>Den Gegenstandsbereich bilden Geschichte, Kultur, Religion, Philosophie, Sprachen, Literaturen und K\u00fcnste des Mittelalters und der Fr\u00fchen Neuzeit. Theoretisch und methodisch sollen Prozesse des interkulturellen Transfers, interliterarische, interlinguistische und sprachgeschichtliche Ph\u00e4no-mene (z.B. zwischen Latein und den Volkssprachen, in der Entwicklung der volkssprachlichen Literaturen), mediale und materiale Bedingungen mittelalterlicher und fr\u00fchneuzeitlicher Kunst- und Kulturproduktion (z.B. Wechselwirkungen zwischen Text und Bild, Handschriften als multimediale Arte-fakte, mediengeschichtliche \u201eRevolutionen\u201c wie die des \u00dcbergangs von der Handschrift zum Druck), Ph\u00e4nomenalit\u00e4t, Funktionalit\u00e4t und Semiotik von Kunstwerken (von Gem\u00e4lden, Skulpturen bis hin zu Burgen oder Kathedralen), aber auch soziopolitische und -kulturelle Praktiken und Interaktionsformen (z.B. Rituale, Ritualit\u00e4t) im Zentrum stehen. Methodisch und theoretisch werden vor allem komparatistische, inter- und transdisziplin\u00e4re Ans\u00e4tze fruchtbar gemacht; ein besonderer Schwerpunkt liegt auf den Ans\u00e4tzen aus den Digital Humanities.<\/p>\n<p>Die Basis einer kompetenten, wissenschaftlich orientierten Auseinandersetzung wird in einf\u00fchrenden Lehrveranstaltungen zu Geschichte und Kultur, zu den Digital Humanities, zu spezifischen Arbeitsmethoden der historischen, philologischen und kunstwissenschaftlichen Disziplinen der Medi\u00e4vistik und Fr\u00fchneuzeitforschung (Quellenkunde und Quellenkritik, Handschriftenkunde, Ikonographie) sowie zu Sprachen und Sprachstufen in Mittelalter und Fr\u00fcher Neuzeit gelegt.<\/p>\n<p>Die Studienerg\u00e4nzung und der Studienschwerpunkt vermitteln den Studierenden Kompetenzen, darunter aktuelle Arbeitstechniken aus den Digital Humanties, die sie im Bereich universit\u00e4rer und au\u00dferuniversit\u00e4rer Forschungsinstitutionen, der Archiv-, Bibliotheks- und Museumslandschaft sowie in anderen Branchen der Kulturvermittlung (Verlags- und Medienbereich) beruflich fruchtbar machen und zukunftssicher anwenden k\u00f6nnen.[\/vc_column_text]<div class=\"headings-title\"><div class=\"mb72 mb16 mb-xs-40 text-center\"><h5  class=\"widgettitle mb0\">Aufbau & Erfordernisse<\/h5><\/div><\/div>[vc_tta_tabs][vc_tta_section title=&#8220;Basismodul (mind. 12 ECTS)&#8220; tab_id=&#8220;1596537950916-cd850b7d-4041&#8243;][vc_column_text]<\/p>\n<table class=\"contenttable\" style=\"height: 33px;\" summary=\"Basismodul (mind. 12 ECTS)\" width=\"577\">\n<tbody>\n<tr>\n<td>\n<h5>Ringvorlesung des IZMF**<\/h5>\n<\/td>\n<td>\n<h5>3\u00a0 ECTS<\/h5>\n<\/td>\n<\/tr>\n<\/tbody>\n<\/table>\n<table class=\"contenttable\" summary=\"Basismodul (mind. 12 ECTS)\">\n<tbody>\n<tr>\n<td>\n<h5>Lehrveranstaltungen aus dem Themenbereich<br \/>\nInterdisziplin\u00e4re Mittelalter- und Fr\u00fchneuzeitforschung<\/h5>\n<\/td>\n<td>\n<h5>3 ECTS<\/h5>\n<\/td>\n<\/tr>\n<\/tbody>\n<\/table>\n<table class=\"contenttable\" summary=\"Basismodul (mind. 12 ECTS)\">\n<tbody>\n<tr>\n<td>\n<h5>Lehrveranstaltungen aus dem Themenbereich Digital Humanities<\/h5>\n<\/td>\n<td>\n<h5>6 ECTS<\/h5>\n<\/td>\n<\/tr>\n<\/tbody>\n<\/table>\n<p>F\u00fcr alle gew\u00e4hlten gilt: Lehrveranstaltungen der eigenen Studienrichtung d\u00fcrfen nur dann gew\u00e4hlt werden, wenn sie nicht Teil der Pflicht- bzw. Wahlf\u00e4cher \/ Pflicht- bzw. Wahlmodule sind. In Ausnahmef\u00e4llen k\u00f6nnen auch Kurse anderer Universit\u00e4ten angerechnet werden, mindestens die H\u00e4lfte aller Lehrveranstaltungen pro Modul m\u00fcssen an der Universit\u00e4t Salzburg absolviert werden.<\/p>\n<p>** <sup>Die Ringvorlesung des IZMF findet einmal pro Studienjahr statt. Da es sich bei den IZMF-Ringvorlesungen um unterschiedliche Lehrveranstaltungen handelt, die sich jedes Studienjahr durch Themen und Inhalte von-einander unterscheiden, k\u00f6nnen diese auch mehrfach absolviert werden. Studierende, die die IZMF-Ring-vorlesung bereits f\u00fcr die Pflicht- bzw. Wahlpflichtf\u00e4cher ihres Studiums absolvieren, m\u00fcssen f\u00fcr das Basismo-dul der Studienerg\u00e4nzung eine weitere IZMF-Ringvorlesung (zu einem anderen Thema) absolvieren.<\/sup><\/p>\n<div><\/div>\n<p>[\/vc_column_text][\/vc_tta_section][vc_tta_section title=&#8220;Aufbaumodul (mind. 12 ECTS)&#8220; tab_id=&#8220;1596537950917-bc224352-d7df&#8220;][vc_column_text]<\/p>\n<table class=\"contenttable\" summary=\"Basismodul (mind. 12 ECTS)\">\n<tbody>\n<tr>\n<td>\n<h5>Lehrveranstaltungen aus dem Themenbereich Interdisziplin\u00e4re<br \/>\nMittelalter- und Fr\u00fchneuzeitforschung<\/h5>\n<\/td>\n<td>\n<h5>9 ECTS<\/h5>\n<\/td>\n<\/tr>\n<\/tbody>\n<\/table>\n<table class=\"contenttable\" summary=\"Basismodul (mind. 12 ECTS)\">\n<tbody>\n<tr>\n<td>\n<h5>Lehrveranstaltungen aus dem Themenbereich Digital Humanities<\/h5>\n<\/td>\n<td>\n<h5>3 ECTS<\/h5>\n<\/td>\n<\/tr>\n<\/tbody>\n<\/table>\n<p>F\u00fcr alle gew\u00e4hlten Lehrveranstaltungen gilt: Lehrveranstaltungen der eigenen Studienrichtung d\u00fcrfen nur dann gew\u00e4hlt werden, wenn sie nicht Teil der Pflicht- bzw. Wahlf\u00e4cher \/ Pflicht- bzw. Wahlmodule sind. In Ausnahmef\u00e4llen k\u00f6nnen auch Kurse anderer Universit\u00e4ten angerechnet werden, mindestens die H\u00e4lfte aller Lehrveranstaltungen pro Modul m\u00fcssen an der Universit\u00e4t Salzburg absolviert werden.<\/p>\n<div><\/div>\n<p>[\/vc_column_text][\/vc_tta_section][vc_tta_section title=&#8220;Schwerpunktmodul (12 ECTS)&#8220; tab_id=&#8220;1596538064631-eea9b629-2f26&#8243;][vc_column_text]<\/p>\n<table class=\"contenttable\" summary=\"Basismodul (mind. 12 ECTS)\">\n<tbody>\n<tr>\n<td>\n<h5>F\u00fcr das Schwerpunktmodul sind weitere Lehrveranstaltungen im Gesamtausma\u00df von 12 ECTS-Punkten aus dem LV-Angebot des Schwerpunktmoduls zu absolvieren*<\/h5>\n<\/td>\n<td>\n<h5>12 ECTS<\/h5>\n<\/td>\n<\/tr>\n<\/tbody>\n<\/table>\n<p>* Lehrveranstaltungen der eigenen Studienrichtung d\u00fcrfen nur dann gew\u00e4hlt werden, wenn sie nicht Teil der Pflicht- bzw. Wahlf\u00e4cher \/ Pflicht- bzw. Wahlmodule sind. In Ausnahmef\u00e4llen k\u00f6nnen auch Kurse anderer Universit\u00e4ten angerechnet werden, mindestens die H\u00e4lfte aller Lehrveranstaltungen pro Modul m\u00fcssen an der Universit\u00e4t Salzburg absolviert werden.<\/p>\n<div><\/div>\n<p>[\/vc_column_text][\/vc_tta_section][\/vc_tta_tabs][\/vc_column][\/vc_row][vc_row][vc_column]<div class=\"headings-title\"><div class=\"mb72 mb16 mb-xs-40 text-center\"><h5  class=\"widgettitle mb0\">ANMELDUNG \/ ANTRAG ZERTIFIKAT \/ EINREICHUNG DER ZEUGNISSE<\/h5><\/div><\/div>[vc_column_text]<\/p>\n<table>\n<tbody>\n<tr>\n<td>\n<p>Die Anmeldung zu den einzelnen Lehrveranstaltungen erfolgt \u00fcber PLUSonline.<\/p>\n<p><strong>Hinweis!<\/strong>\u00a0Bei Lehrveranstaltungen, die Sie f\u00fcr die Studienerg\u00e4nzung absolvieren, w\u00e4hlen Sie bei der LV-Anmeldung in PLUSonline (falls Auswahloption vorhanden) \u201eFreie Anmeldung\u201c aus:<\/p>\n<p><img decoding=\"async\" loading=\"lazy\" src=\"https:\/\/www.plus.ac.at\/wp-content\/uploads\/2022\/11\/Freie-Anmeldung.jpg\" alt=\"Ansicht aus PLUSonline, Freie Anmeldung\" width=\"717\" height=\"445\" \/><\/p>\n<p>Nach positiver Absolvierung der oben angef\u00fchrten Lehrveranstaltungen k\u00f6nnen folgende Zertifikate beantragt werden:<\/p>\n<ul>\n<li><strong>Basismodul \u201eInterdisziplin\u00e4re Mittelalter- und Fr\u00fchneuzeitstudien mit Schwerpunkt Digital Humanities\u201c<\/strong>. Dieses wird nach positiver Absolvierung des Basismoduls im Ausma\u00df von 12 ECTS-Punkten ausgestellt.<\/li>\n<li><strong>Studienerg\u00e4nzung \u201eInterdisziplin\u00e4re Mittelalter- und Fr\u00fchneuzeitstudien mit Schwerpunkt Digital Humanities\u201c<\/strong>. Dieses wird nach positiver Absolvierung des Basis- und Aufbaumoduls im Gesamtausma\u00df von 24 ETCS-Punkten ausgestellt.<\/li>\n<li><strong>Studienschwerpunkt \u201eInterdisziplin\u00e4re Mittelalter- und Fr\u00fchneuzeitstudien mit Schwerpunkt Digital Humanities\u201c<\/strong>. Dieses wird nach positiver Absolvierung des Basis-, Aufbau- und Schwerpunktmoduls im Gesamtausma\u00df von 36 ETCS-Punkten ausgestellt.<\/li>\n<\/ul>\n<p><strong>ACHTUNG:<\/strong>\u00a0Zertifikate entsprechend der Verordnung des Vizerektors f\u00fcr Lehre \u00fcber die Studienerg\u00e4nzung und den Studienschwerpunkt \u201eInterdisziplin\u00e4re Studien Mittelalter und Fr\u00fcher Neuzeit\u201c,\u00a0<a title=\"Link Mitteilungsblatt\" href=\"https:\/\/www.plus.ac.at\/wp-content\/uploads\/mitteilungsblatt\/PDBNzENhIbOKMgyD_0dWWtRctzeM9EjGh.pdf\" target=\"_blank\" rel=\"noopener\">Mitteilungsblatt Nummer 150 vom 30. September 2014<\/a>, k\u00f6nnen noch bis\u00a0<strong>30.09.2024<\/strong>\u00a0ausgestellt werden.<\/p>\n<p>Sobald Sie die erforderlichen Lehrveranstaltungen abgeschlossen haben, reichen Sie den\u00a0<strong>ausgef\u00fcllten Pr\u00fcfungspass<\/strong>\u00a0sowie die\u00a0<strong>entsprechenden Zeugnisse\u00a0<\/strong>beim Interdisziplin\u00e4ren Zentrum f\u00fcr Mittelalter und Fr\u00fchneuzeit izmf@sbg.ac.at ein. Nach \u00dcberpr\u00fcfung der Unterlagen wird im Auftrag des VR Lehre und Studium das Zertifikat am ZFL-Flexibles Lernen ausgestellt.<\/p>\n<p><strong>ACHTUNG:\u00a0<\/strong>Eine Ausweisung von Studienerg\u00e4nzungen und -schwerpunkten in Bachelor-, Master- oder Diplompr\u00fcfungszeugnis ist m\u00f6glich (Benennung der freien Wahlf\u00e4cher). Bestimmungen dazu finden Sie in Ihrem Curriculum bzw. sollte im Vorfeld unbedingt das Einvernehmen mit dem\/der\u00a0<a class=\"extlink\" tabindex=\"410\" title=\"Link zu externer Seite\" href=\"https:\/\/bit.ly\/2ywMmQc\" target=\"_blank\" rel=\"noopener noreferrer\">Curricularkommissionsvorsitzenden<\/a>\u00a0der eigenen Studienrichtung hergestellt werden.<\/p>\n<p><strong>Kontakt<\/strong><br \/>\n<a href=\"https:\/\/www.plus.ac.at\/geschichte\/der-fachbereich\/personen\/antenhofer-christina\/\">Univ. Prof.<sup>in<\/sup> MMag.<sup>a<\/sup> Dr.<sup>in<\/sup> Christina Antenhofer<\/a><br \/>\nFB Geschichte<\/td>\n<\/tr>\n<tr>\n<td><a title=\"Pr\u00fcfungspass Basismodul IZMF (12 ECTS)\" href=\"https:\/\/www.plus.ac.at\/wp-content\/uploads\/2023\/07\/Pruefungspass-Basismodul.xls\" target=\"_blank\" rel=\"noopener\">Pr\u00fcfungspass Basismodul IZMF (12 ECTS)<\/a><\/td>\n<\/tr>\n<tr>\n<td><a title=\"Pr\u00fcfungspass Studienerg\u00e4nzung IZMF (24 ECTS)\" href=\"https:\/\/www.plus.ac.at\/wp-content\/uploads\/2023\/07\/Pruefungspass-Studienergaenzung-1.xls\" target=\"_blank\" rel=\"noopener\">Pr\u00fcfungspass Studienerg\u00e4nzung IZMF (24 ECTS)<\/a><\/td>\n<\/tr>\n<tr>\n<td><a title=\"Pr\u00fcfungspass Studienschwerpunkt IZMF (36 ECTS)\" href=\"https:\/\/www.plus.ac.at\/wp-content\/uploads\/2023\/07\/Pruefungspass-Studienschwerpunkt-1.xls\" target=\"_blank\" rel=\"noopener\">Pr\u00fcfungspass Studienschwerpunkt IZMF (36 ECTS)<\/a><\/td>\n<\/tr>\n<\/tbody>\n<\/table>\n<p>[\/vc_column_text][\/vc_column][\/vc_row]<\/p>\n<\/section>","protected":false},"excerpt":{"rendered":"<p>[vc_row css=&#8220;.vc_custom_1596540361544{margin-bottom: -20px !important;border-bottom-width: -20px !important;}&#8220;][vc_column][vc_column_text css=&#8220;.vc_custom_1761221270307{margin-bottom: -50px !important;border-bottom-width: -50px !important;padding-bottom: -50px !important;}&#8220;] Studienerg\u00e4nzung Erfordernisse 24&#8230;<\/p>\n","protected":false},"author":1,"featured_media":0,"parent":0,"menu_order":0,"comment_status":"closed","ping_status":"open","template":"","meta":{"_bbp_topic_count":0,"_bbp_reply_count":0,"_bbp_total_topic_count":0,"_bbp_total_reply_count":0,"_bbp_voice_count":0,"_bbp_anonymous_reply_count":0,"_bbp_topic_count_hidden":0,"_bbp_reply_count_hidden":0,"_bbp_forum_subforum_count":0},"yoast_head":"<!-- This site is optimized with the Yoast SEO plugin v20.2.1 - https:\/\/yoast.com\/wordpress\/plugins\/seo\/ -->\n<title>IZMF - Studienerg\u00e4nzung - ECTS, Kurse, Anmeldung<\/title>\n<meta name=\"description\" content=\"Alle Informationen rund um die Studienerg\u00e4nzung und dem Studienschwerpunkt \u201eInterdisziplin\u00e4re Studien zu Mittelalter und Fr\u00fchneuzeit\u201c .\" \/>\n<meta name=\"robots\" content=\"index, follow, max-snippet:-1, max-image-preview:large, max-video-preview:-1\" \/>\n<link rel=\"canonical\" href=\"https:\/\/geschichte-studium.at\/izmf\/studienergaenzung\/\" \/>\n<meta property=\"og:locale\" content=\"de_DE\" \/>\n<meta property=\"og:type\" content=\"article\" \/>\n<meta property=\"og:title\" content=\"IZMF - Studienerg\u00e4nzung - ECTS, Kurse, Anmeldung\" \/>\n<meta property=\"og:description\" content=\"Alle Informationen rund um die Studienerg\u00e4nzung und dem Studienschwerpunkt \u201eInterdisziplin\u00e4re Studien zu Mittelalter und Fr\u00fchneuzeit\u201c .\" \/>\n<meta property=\"og:url\" content=\"https:\/\/geschichte-studium.at\/izmf\/studienergaenzung\/\" \/>\n<meta property=\"og:site_name\" content=\"IZMF - Interdisziplin\u00e4res Zentrum f\u00fcr Mittelalter und Fr\u00fchneuzeit\" \/>\n<meta property=\"article:modified_time\" content=\"2025-10-23T12:08:00+00:00\" \/>\n<meta property=\"og:image\" content=\"https:\/\/www.plus.ac.at\/wp-content\/uploads\/2022\/11\/Freie-Anmeldung.jpg\" \/>\n<meta name=\"twitter:card\" content=\"summary_large_image\" \/>\n<meta name=\"twitter:label1\" content=\"Gesch\u00e4tzte Lesezeit\" \/>\n\t<meta name=\"twitter:data1\" content=\"6\u00a0Minuten\" \/>\n<script type=\"application\/ld+json\" class=\"yoast-schema-graph\">{\"@context\":\"https:\/\/schema.org\",\"@graph\":[{\"@type\":\"WebPage\",\"@id\":\"https:\/\/geschichte-studium.at\/izmf\/studienergaenzung\/\",\"url\":\"https:\/\/geschichte-studium.at\/izmf\/studienergaenzung\/\",\"name\":\"IZMF - Studienerg\u00e4nzung - ECTS, Kurse, Anmeldung\",\"isPartOf\":{\"@id\":\"https:\/\/geschichte-studium.at\/izmf\/#website\"},\"datePublished\":\"2020-01-29T10:18:45+00:00\",\"dateModified\":\"2025-10-23T12:08:00+00:00\",\"description\":\"Alle Informationen rund um die Studienerg\u00e4nzung und dem Studienschwerpunkt \u201eInterdisziplin\u00e4re Studien zu Mittelalter und Fr\u00fchneuzeit\u201c .\",\"breadcrumb\":{\"@id\":\"https:\/\/geschichte-studium.at\/izmf\/studienergaenzung\/#breadcrumb\"},\"inLanguage\":\"de\",\"potentialAction\":[{\"@type\":\"ReadAction\",\"target\":[\"https:\/\/geschichte-studium.at\/izmf\/studienergaenzung\/\"]}]},{\"@type\":\"BreadcrumbList\",\"@id\":\"https:\/\/geschichte-studium.at\/izmf\/studienergaenzung\/#breadcrumb\",\"itemListElement\":[{\"@type\":\"ListItem\",\"position\":1,\"name\":\"Startseite\",\"item\":\"https:\/\/izmf-salzburg.at\/\"},{\"@type\":\"ListItem\",\"position\":2,\"name\":\"Studienerg\u00e4nzung\"}]},{\"@type\":\"WebSite\",\"@id\":\"https:\/\/geschichte-studium.at\/izmf\/#website\",\"url\":\"https:\/\/geschichte-studium.at\/izmf\/\",\"name\":\"IZMF - Interdisziplin\u00e4res Zentrum f\u00fcr Mittelalter und Fr\u00fchneuzeit\",\"description\":\"\",\"publisher\":{\"@id\":\"https:\/\/geschichte-studium.at\/izmf\/#organization\"},\"potentialAction\":[{\"@type\":\"SearchAction\",\"target\":{\"@type\":\"EntryPoint\",\"urlTemplate\":\"https:\/\/geschichte-studium.at\/izmf\/?s={search_term_string}\"},\"query-input\":\"required name=search_term_string\"}],\"inLanguage\":\"de\"},{\"@type\":\"Organization\",\"@id\":\"https:\/\/geschichte-studium.at\/izmf\/#organization\",\"name\":\"IZMF - Interdisziplin\u00e4res Zentrum f\u00fcr Mittelalter und Fr\u00fchneuzeit\",\"url\":\"https:\/\/geschichte-studium.at\/izmf\/\",\"logo\":{\"@type\":\"ImageObject\",\"inLanguage\":\"de\",\"@id\":\"https:\/\/geschichte-studium.at\/izmf\/#\/schema\/logo\/image\/\",\"url\":\"https:\/\/izmf-salzburg.at\/wp-content\/uploads\/2020\/03\/LOGO_IZMF-1.png\",\"contentUrl\":\"https:\/\/izmf-salzburg.at\/wp-content\/uploads\/2020\/03\/LOGO_IZMF-1.png\",\"width\":2525,\"height\":1495,\"caption\":\"IZMF - Interdisziplin\u00e4res Zentrum f\u00fcr Mittelalter und Fr\u00fchneuzeit\"},\"image\":{\"@id\":\"https:\/\/geschichte-studium.at\/izmf\/#\/schema\/logo\/image\/\"},\"sameAs\":[\"https:\/\/www.instagram.com\/izmfunisalzburg\/\"]}]}<\/script>\n<!-- \/ Yoast SEO plugin. -->","yoast_head_json":{"title":"IZMF - Studienerg\u00e4nzung - ECTS, Kurse, Anmeldung","description":"Alle Informationen rund um die Studienerg\u00e4nzung und dem Studienschwerpunkt \u201eInterdisziplin\u00e4re Studien zu Mittelalter und Fr\u00fchneuzeit\u201c .","robots":{"index":"index","follow":"follow","max-snippet":"max-snippet:-1","max-image-preview":"max-image-preview:large","max-video-preview":"max-video-preview:-1"},"canonical":"https:\/\/geschichte-studium.at\/izmf\/studienergaenzung\/","og_locale":"de_DE","og_type":"article","og_title":"IZMF - Studienerg\u00e4nzung - ECTS, Kurse, Anmeldung","og_description":"Alle Informationen rund um die Studienerg\u00e4nzung und dem Studienschwerpunkt \u201eInterdisziplin\u00e4re Studien zu Mittelalter und Fr\u00fchneuzeit\u201c .","og_url":"https:\/\/geschichte-studium.at\/izmf\/studienergaenzung\/","og_site_name":"IZMF - Interdisziplin\u00e4res Zentrum f\u00fcr Mittelalter und Fr\u00fchneuzeit","article_modified_time":"2025-10-23T12:08:00+00:00","og_image":[{"url":"https:\/\/www.plus.ac.at\/wp-content\/uploads\/2022\/11\/Freie-Anmeldung.jpg"}],"twitter_card":"summary_large_image","twitter_misc":{"Gesch\u00e4tzte Lesezeit":"6\u00a0Minuten"},"schema":{"@context":"https:\/\/schema.org","@graph":[{"@type":"WebPage","@id":"https:\/\/geschichte-studium.at\/izmf\/studienergaenzung\/","url":"https:\/\/geschichte-studium.at\/izmf\/studienergaenzung\/","name":"IZMF - Studienerg\u00e4nzung - ECTS, Kurse, Anmeldung","isPartOf":{"@id":"https:\/\/geschichte-studium.at\/izmf\/#website"},"datePublished":"2020-01-29T10:18:45+00:00","dateModified":"2025-10-23T12:08:00+00:00","description":"Alle Informationen rund um die Studienerg\u00e4nzung und dem Studienschwerpunkt \u201eInterdisziplin\u00e4re Studien zu Mittelalter und Fr\u00fchneuzeit\u201c .","breadcrumb":{"@id":"https:\/\/geschichte-studium.at\/izmf\/studienergaenzung\/#breadcrumb"},"inLanguage":"de","potentialAction":[{"@type":"ReadAction","target":["https:\/\/geschichte-studium.at\/izmf\/studienergaenzung\/"]}]},{"@type":"BreadcrumbList","@id":"https:\/\/geschichte-studium.at\/izmf\/studienergaenzung\/#breadcrumb","itemListElement":[{"@type":"ListItem","position":1,"name":"Startseite","item":"https:\/\/izmf-salzburg.at\/"},{"@type":"ListItem","position":2,"name":"Studienerg\u00e4nzung"}]},{"@type":"WebSite","@id":"https:\/\/geschichte-studium.at\/izmf\/#website","url":"https:\/\/geschichte-studium.at\/izmf\/","name":"IZMF - Interdisziplin\u00e4res Zentrum f\u00fcr Mittelalter und Fr\u00fchneuzeit","description":"","publisher":{"@id":"https:\/\/geschichte-studium.at\/izmf\/#organization"},"potentialAction":[{"@type":"SearchAction","target":{"@type":"EntryPoint","urlTemplate":"https:\/\/geschichte-studium.at\/izmf\/?s={search_term_string}"},"query-input":"required name=search_term_string"}],"inLanguage":"de"},{"@type":"Organization","@id":"https:\/\/geschichte-studium.at\/izmf\/#organization","name":"IZMF - Interdisziplin\u00e4res Zentrum f\u00fcr Mittelalter und Fr\u00fchneuzeit","url":"https:\/\/geschichte-studium.at\/izmf\/","logo":{"@type":"ImageObject","inLanguage":"de","@id":"https:\/\/geschichte-studium.at\/izmf\/#\/schema\/logo\/image\/","url":"https:\/\/izmf-salzburg.at\/wp-content\/uploads\/2020\/03\/LOGO_IZMF-1.png","contentUrl":"https:\/\/izmf-salzburg.at\/wp-content\/uploads\/2020\/03\/LOGO_IZMF-1.png","width":2525,"height":1495,"caption":"IZMF - Interdisziplin\u00e4res Zentrum f\u00fcr Mittelalter und Fr\u00fchneuzeit"},"image":{"@id":"https:\/\/geschichte-studium.at\/izmf\/#\/schema\/logo\/image\/"},"sameAs":["https:\/\/www.instagram.com\/izmfunisalzburg\/"]}]}},"_links":{"self":[{"href":"https:\/\/geschichte-studium.at\/izmf\/wp-json\/wp\/v2\/pages\/2"}],"collection":[{"href":"https:\/\/geschichte-studium.at\/izmf\/wp-json\/wp\/v2\/pages"}],"about":[{"href":"https:\/\/geschichte-studium.at\/izmf\/wp-json\/wp\/v2\/types\/page"}],"author":[{"embeddable":true,"href":"https:\/\/geschichte-studium.at\/izmf\/wp-json\/wp\/v2\/users\/1"}],"replies":[{"embeddable":true,"href":"https:\/\/geschichte-studium.at\/izmf\/wp-json\/wp\/v2\/comments?post=2"}],"version-history":[{"count":69,"href":"https:\/\/geschichte-studium.at\/izmf\/wp-json\/wp\/v2\/pages\/2\/revisions"}],"predecessor-version":[{"id":7430,"href":"https:\/\/geschichte-studium.at\/izmf\/wp-json\/wp\/v2\/pages\/2\/revisions\/7430"}],"wp:attachment":[{"href":"https:\/\/geschichte-studium.at\/izmf\/wp-json\/wp\/v2\/media?parent=2"}],"curies":[{"name":"wp","href":"https:\/\/api.w.org\/{rel}","templated":true}]}}